{"id":10164,"date":"2023-12-05T16:01:08","date_gmt":"2023-12-05T08:01:08","guid":{"rendered":"https:\/\/asiandavinci.com\/servico-de-fornecimento-de-produtos\/"},"modified":"2024-08-24T16:19:59","modified_gmt":"2024-08-24T08:19:59","slug":"servico-de-fornecimento-de-produtos","status":"publish","type":"page","link":"https:\/\/asiandavinci.com\/pt-br\/servico-de-fornecimento-de-produtos\/","title":{"rendered":"Servi\u00e7o de fornecimento de produtos"},"content":{"rendered":"\n<div style=\"height:38px\" aria-hidden=\"true\" class=\"wp-block-spacer\"><\/div>\n\n<h5 class=\"wp-block-heading has-text-align-center\">AsianDavinci auxilia voc\u00ea com servi\u00e7os espec\u00edficos de fornecimento de produtos na China<\/h5>\n\n<div style=\"height:20px\" aria-hidden=\"true\" class=\"wp-block-spacer\"><\/div>\n\n<div class=\"wp-block-columns is-layout-flex wp-container-core-columns-is-layout-b99702a1 wp-block-columns-is-layout-flex\" style=\"padding-top:0px;padding-bottom:0px\">\n<div class=\"wp-block-column is-layout-flow wp-block-column-is-layout-flow\">\n<figure class=\"wp-block-image aligncenter size-full\"><img decoding=\"async\" width=\"150\" height=\"150\" src=\"https:\/\/asiandavinci.com\/wp-content\/uploads\/2023\/12\/1-4.jpg\" alt=\"\" class=\"wp-image-866\" srcset=\"https:\/\/d12ipdv30ux650.cloudfront.net\/wp-content\/uploads\/2023\/12\/1-4.jpg 150w, https:\/\/d12ipdv30ux650.cloudfront.net\/wp-content\/uploads\/2023\/12\/1-4-100x100.jpg 100w\" sizes=\"(max-width: 150px) 100vw, 150px\" \/><\/figure>\n<\/div>\n\n\n\n<div class=\"wp-block-column is-layout-flow wp-block-column-is-layout-flow\">\n<figure class=\"wp-block-image aligncenter size-full\"><img decoding=\"async\" width=\"150\" height=\"150\" src=\"https:\/\/asiandavinci.com\/wp-content\/uploads\/2023\/12\/2-5.jpg\" alt=\"\" class=\"wp-image-867\" srcset=\"https:\/\/d12ipdv30ux650.cloudfront.net\/wp-content\/uploads\/2023\/12\/2-5.jpg 150w, https:\/\/d12ipdv30ux650.cloudfront.net\/wp-content\/uploads\/2023\/12\/2-5-100x100.jpg 100w\" sizes=\"(max-width: 150px) 100vw, 150px\" \/><\/figure>\n<\/div>\n\n\n\n<div class=\"wp-block-column is-layout-flow wp-block-column-is-layout-flow\">\n<figure class=\"wp-block-image aligncenter size-full is-resized\"><img decoding=\"async\" width=\"150\" height=\"150\" src=\"https:\/\/asiandavinci.com\/wp-content\/uploads\/2023\/12\/3-4.jpg\" alt=\"\" class=\"wp-image-868\" style=\"width:150px;height:auto\" srcset=\"https:\/\/d12ipdv30ux650.cloudfront.net\/wp-content\/uploads\/2023\/12\/3-4.jpg 150w, https:\/\/d12ipdv30ux650.cloudfront.net\/wp-content\/uploads\/2023\/12\/3-4-100x100.jpg 100w\" sizes=\"(max-width: 150px) 100vw, 150px\" \/><\/figure>\n<\/div>\n<\/div>\n\n<div class=\"wp-block-columns is-layout-flex wp-container-core-columns-is-layout-aa518965 wp-block-columns-is-layout-flex\" style=\"margin-top:10px;margin-bottom:10px;padding-top:0px;padding-bottom:0px\">\n<div class=\"wp-block-column is-layout-flow wp-block-column-is-layout-flow\">\n<h6 class=\"wp-block-heading has-text-align-center\">Fornecimento r\u00e1pido de produtos<\/h6>\n<\/div>\n\n\n\n<div class=\"wp-block-column is-layout-flow wp-block-column-is-layout-flow\">\n<h6 class=\"wp-block-heading has-text-align-center\">Servi\u00e7os de consultoria de manufatura<\/h6>\n<\/div>\n\n\n\n<div class=\"wp-block-column is-layout-flow wp-block-column-is-layout-flow\">\n<h6 class=\"wp-block-heading has-text-align-center\">Sistema de cadeia de suprimentos da China com registro limpo<\/h6>\n<\/div>\n<\/div>\n\n<div class=\"wp-block-columns is-layout-flex wp-container-core-columns-is-layout-8317967c wp-block-columns-is-layout-flex\" style=\"margin-top:8px;margin-bottom:8px;padding-top:0px;padding-bottom:0px\">\n<div class=\"wp-block-column is-layout-flow wp-block-column-is-layout-flow\">\n<p>Estando no mercado chin\u00eas h\u00e1 mais de 18 anos, a AsianDavinci conhece as maneiras mais r\u00e1pidas de obter produtos na China. J\u00e1 temos uma lista de nossos fornecedores cuidadosamente selecionados e suas tarifas. Tudo o que precisamos \u00e9 a descri\u00e7\u00e3o do seu produto, n\u00f3s o ajudaremos com or\u00e7amento GRATUITO e fornecedor de alta qualidade<\/p>\n<\/div>\n\n\n\n<div class=\"wp-block-column is-layout-flow wp-block-column-is-layout-flow\">\n<p>Entre em contato com o departamento de consultoria da AsianDavinci e tenha seu projeto de fabrica\u00e7\u00e3o totalmente analisado. Podemos ajud\u00e1-lo a descobrir seu custo de fabrica\u00e7\u00e3o e requisitos de despesas de capital em an\u00e1lises de mercado.<\/p>\n<\/div>\n\n\n\n<div class=\"wp-block-column is-layout-flow wp-block-column-is-layout-flow\">\n<p>A AsianDavinci faz parceria com os fabricantes chineses locais mais honestos, com avalia\u00e7\u00f5es de clientes incr\u00edveis. Voc\u00ea n\u00e3o ter\u00e1 nada a temer, pois os mais de 10.000 parceiros AsianDavinci mant\u00eam um hist\u00f3rico comercial limpo. Cada um \u00e9 popular em sua \u00e1rea com garantia de alta qualidade.<\/p>\n<\/div>\n<\/div>\n\n<div class=\"wp-block-columns is-layout-flex wp-container-core-columns-is-layout-b99702a1 wp-block-columns-is-layout-flex\" style=\"padding-top:0px;padding-bottom:0px\">\n<div class=\"wp-block-column is-layout-flow wp-block-column-is-layout-flow\">\n<figure class=\"wp-block-image aligncenter size-full\"><img loading=\"lazy\" decoding=\"async\" width=\"150\" height=\"150\" src=\"https:\/\/asiandavinci.com\/wp-content\/uploads\/2023\/12\/4-5.jpg\" alt=\"\" class=\"wp-image-872\" srcset=\"https:\/\/d12ipdv30ux650.cloudfront.net\/wp-content\/uploads\/2023\/12\/4-5.jpg 150w, https:\/\/d12ipdv30ux650.cloudfront.net\/wp-content\/uploads\/2023\/12\/4-5-100x100.jpg 100w\" sizes=\"(max-width: 150px) 100vw, 150px\" \/><\/figure>\n<\/div>\n\n\n\n<div class=\"wp-block-column is-layout-flow wp-block-column-is-layout-flow\">\n<figure class=\"wp-block-image aligncenter size-full\"><img loading=\"lazy\" decoding=\"async\" width=\"150\" height=\"150\" src=\"https:\/\/asiandavinci.com\/wp-content\/uploads\/2023\/12\/5.png\" alt=\"\" class=\"wp-image-874\" srcset=\"https:\/\/d12ipdv30ux650.cloudfront.net\/wp-content\/uploads\/2023\/12\/5.png 150w, https:\/\/d12ipdv30ux650.cloudfront.net\/wp-content\/uploads\/2023\/12\/5-100x100.png 100w\" sizes=\"(max-width: 150px) 100vw, 150px\" \/><\/figure>\n<\/div>\n\n\n\n<div class=\"wp-block-column is-layout-flow wp-block-column-is-layout-flow\">\n<figure class=\"wp-block-image aligncenter size-full\"><img loading=\"lazy\" decoding=\"async\" width=\"150\" height=\"150\" src=\"https:\/\/asiandavinci.com\/wp-content\/uploads\/2023\/12\/6-3.jpg\" alt=\"\" class=\"wp-image-875\" srcset=\"https:\/\/d12ipdv30ux650.cloudfront.net\/wp-content\/uploads\/2023\/12\/6-3.jpg 150w, https:\/\/d12ipdv30ux650.cloudfront.net\/wp-content\/uploads\/2023\/12\/6-3-100x100.jpg 100w\" sizes=\"(max-width: 150px) 100vw, 150px\" \/><\/figure>\n<\/div>\n<\/div>\n\n<div class=\"wp-block-columns is-layout-flex wp-container-core-columns-is-layout-e0ddf901 wp-block-columns-is-layout-flex\" style=\"margin-top:15px;margin-bottom:15px;padding-top:0px;padding-bottom:0px\">\n<div class=\"wp-block-column is-layout-flow wp-block-column-is-layout-flow\">\n<h6 class=\"wp-block-heading has-text-align-center\">Embalagem Especial com Etiqueta Personalizada<\/h6>\n<\/div>\n\n\n\n<div class=\"wp-block-column is-layout-flow wp-block-column-is-layout-flow\">\n<h6 class=\"wp-block-heading has-text-align-center\">Fechar acompanhamentos de produ\u00e7\u00e3o<\/h6>\n<\/div>\n\n\n\n<div class=\"wp-block-column is-layout-flow wp-block-column-is-layout-flow\">\n<h6 class=\"wp-block-heading has-text-align-center\">Inspe\u00e7\u00e3o de qualidade do produto<\/h6>\n<\/div>\n<\/div>\n\n<div class=\"wp-block-columns is-layout-flex wp-container-core-columns-is-layout-a4fa0bc7 wp-block-columns-is-layout-flex\" style=\"padding-top:0px;padding-right:5px;padding-bottom:0px;padding-left:5px\">\n<div class=\"wp-block-column is-layout-flow wp-block-column-is-layout-flow\">\n<p>Como AsianDavinci, nunca foi t\u00e3o f\u00e1cil receber seu produto em embalagens especiais e r\u00f3tulos personalizados. Quer voc\u00ea j\u00e1 tenha um design ou n\u00e3o, podemos ajud\u00e1-lo a sugerir ideias de design, produzir esbo\u00e7os e imprimir produtos.<\/p>\n<\/div>\n\n\n\n<div class=\"wp-block-column is-layout-flow wp-block-column-is-layout-flow\">\n<p>AsianDavinci \u00e9 uma empresa de fornecimento de produtos com o monitoramento do processo de produ\u00e7\u00e3o mais definido. Desde a obten\u00e7\u00e3o de mat\u00e9rias-primas at\u00e9 a fabrica\u00e7\u00e3o do produto final, tamb\u00e9m podemos ajud\u00e1-lo a acompanhar o progresso e a qualidade.<\/p>\n<\/div>\n\n\n\n<div class=\"wp-block-column is-layout-flow wp-block-column-is-layout-flow\">\n<p>Inspecionar a qualidade dos produtos \u00e9 um dos principais servi\u00e7os da AsianDavinci. Contamos com uma equipe de inspetores de qualidade que podem auxili\u00e1-lo na verifica\u00e7\u00e3o da qualidade de seus produtos. Nosso objetivo \u00e9 entregar produtos da melhor qualidade, em conformidade com as regras alfandeg\u00e1rias. <\/p>\n<\/div>\n<\/div>\n\n<div class=\"wp-block-columns is-layout-flex wp-container-core-columns-is-layout-b99702a1 wp-block-columns-is-layout-flex\" style=\"padding-top:0px;padding-bottom:0px\">\n<div class=\"wp-block-column is-layout-flow wp-block-column-is-layout-flow\">\n<figure class=\"wp-block-image aligncenter size-full\"><img loading=\"lazy\" decoding=\"async\" width=\"150\" height=\"150\" src=\"https:\/\/asiandavinci.com\/wp-content\/uploads\/2023\/12\/7-4.jpg\" alt=\"\" class=\"wp-image-881\" srcset=\"https:\/\/d12ipdv30ux650.cloudfront.net\/wp-content\/uploads\/2023\/12\/7-4.jpg 150w, https:\/\/d12ipdv30ux650.cloudfront.net\/wp-content\/uploads\/2023\/12\/7-4-100x100.jpg 100w\" sizes=\"(max-width: 150px) 100vw, 150px\" \/><\/figure>\n<\/div>\n\n\n\n<div class=\"wp-block-column is-layout-flow wp-block-column-is-layout-flow\">\n<figure class=\"wp-block-image aligncenter size-full\"><img loading=\"lazy\" decoding=\"async\" width=\"150\" height=\"150\" src=\"https:\/\/asiandavinci.com\/wp-content\/uploads\/2023\/12\/8-2.jpg\" alt=\"\" class=\"wp-image-882\" srcset=\"https:\/\/d12ipdv30ux650.cloudfront.net\/wp-content\/uploads\/2023\/12\/8-2.jpg 150w, https:\/\/d12ipdv30ux650.cloudfront.net\/wp-content\/uploads\/2023\/12\/8-2-100x100.jpg 100w\" sizes=\"(max-width: 150px) 100vw, 150px\" \/><\/figure>\n<\/div>\n\n\n\n<div class=\"wp-block-column is-layout-flow wp-block-column-is-layout-flow\">\n<figure class=\"wp-block-image aligncenter size-full\"><img loading=\"lazy\" decoding=\"async\" width=\"150\" height=\"150\" src=\"https:\/\/asiandavinci.com\/wp-content\/uploads\/2023\/12\/9.jpg\" alt=\"\" class=\"wp-image-883\" srcset=\"https:\/\/d12ipdv30ux650.cloudfront.net\/wp-content\/uploads\/2023\/12\/9.jpg 150w, https:\/\/d12ipdv30ux650.cloudfront.net\/wp-content\/uploads\/2023\/12\/9-100x100.jpg 100w\" sizes=\"(max-width: 150px) 100vw, 150px\" \/><\/figure>\n<\/div>\n<\/div>\n\n<div class=\"wp-block-columns is-layout-flex wp-container-core-columns-is-layout-e0ddf901 wp-block-columns-is-layout-flex\" style=\"margin-top:15px;margin-bottom:15px;padding-top:0px;padding-bottom:0px\">\n<div class=\"wp-block-column is-layout-flow wp-block-column-is-layout-flow\">\n<h6 class=\"wp-block-heading has-text-align-center\">Gerenciando Riscos<\/h6>\n<\/div>\n\n\n\n<div class=\"wp-block-column is-layout-flow wp-block-column-is-layout-flow\">\n<h6 class=\"wp-block-heading has-text-align-center\">Organiza\u00e7\u00e3o de remessa e log\u00edstica<\/h6>\n<\/div>\n\n\n\n<div class=\"wp-block-column is-layout-flow wp-block-column-is-layout-flow\">\n<h6 class=\"wp-block-heading has-text-align-center\">Servi\u00e7o de fornecimento de produtos ODM e OEM<\/h6>\n<\/div>\n<\/div>\n\n<div class=\"wp-block-columns is-layout-flex wp-container-core-columns-is-layout-b99702a1 wp-block-columns-is-layout-flex\" style=\"padding-top:0px;padding-bottom:0px\">\n<div class=\"wp-block-column is-layout-flow wp-block-column-is-layout-flow\">\n<p>AsianDavinci ir\u00e1 ajud\u00e1-lo a realizar uma an\u00e1lise abrangente dos riscos envolvidos em sua jornada de importa\u00e7\u00e3o. Ao fazer isso, voc\u00ea pode minimizar os riscos que pode enfrentar desde a fase de fornecimento do produto at\u00e9 a entrega final.<\/p>\n<\/div>\n\n\n\n<div class=\"wp-block-column is-layout-flow wp-block-column-is-layout-flow\">\n<p>AsianDavinci garante que suas mercadorias sejam enviadas com os melhores servi\u00e7os de frete terrestre, a\u00e9reo ou mar\u00edtimo. Nossos servi\u00e7os de rastreamento proporcionam tranquilidade, pois voc\u00ea sabe onde est\u00e3o suas mercadorias a qualquer momento. Oferecemos servi\u00e7os de correio e log\u00edstica de primeira linha.<\/p>\n<\/div>\n\n\n\n<div class=\"wp-block-column is-layout-flow wp-block-column-is-layout-flow\">\n<p>Para seus produtos ODM e OEM, a AsianDavinci ir\u00e1 ajud\u00e1-lo com a solu\u00e7\u00e3o completa de sourcing na China. Garantimos que voc\u00ea obtenha exatamente o que est\u00e1 em sua especifica\u00e7\u00e3o de desenho por meio de seu programa de desenvolvimento de molde personalizado.<\/p>\n<\/div>\n<\/div>\n\n<div class=\"wp-block-columns is-layout-flex wp-container-core-columns-is-layout-aa518965 wp-block-columns-is-layout-flex\" style=\"margin-top:10px;margin-bottom:10px;padding-top:0px;padding-bottom:0px\">\n<div class=\"wp-block-column is-layout-flow wp-block-column-is-layout-flow\">\n<figure class=\"wp-block-image aligncenter size-full\"><img loading=\"lazy\" decoding=\"async\" width=\"150\" height=\"150\" src=\"https:\/\/asiandavinci.com\/wp-content\/uploads\/2023\/12\/10-2.jpg\" alt=\"\" class=\"wp-image-892\" srcset=\"https:\/\/d12ipdv30ux650.cloudfront.net\/wp-content\/uploads\/2023\/12\/10-2.jpg 150w, https:\/\/d12ipdv30ux650.cloudfront.net\/wp-content\/uploads\/2023\/12\/10-2-100x100.jpg 100w\" sizes=\"(max-width: 150px) 100vw, 150px\" \/><\/figure>\n<\/div>\n\n\n\n<div class=\"wp-block-column is-layout-flow wp-block-column-is-layout-flow\">\n<figure class=\"wp-block-image aligncenter size-full\"><img loading=\"lazy\" decoding=\"async\" width=\"150\" height=\"150\" src=\"https:\/\/asiandavinci.com\/wp-content\/uploads\/2023\/12\/11-3.jpg\" alt=\"\" class=\"wp-image-891\" srcset=\"https:\/\/d12ipdv30ux650.cloudfront.net\/wp-content\/uploads\/2023\/12\/11-3.jpg 150w, https:\/\/d12ipdv30ux650.cloudfront.net\/wp-content\/uploads\/2023\/12\/11-3-100x100.jpg 100w\" sizes=\"(max-width: 150px) 100vw, 150px\" \/><\/figure>\n<\/div>\n\n\n\n<div class=\"wp-block-column is-layout-flow wp-block-column-is-layout-flow\"><\/div>\n<\/div>\n\n<div class=\"wp-block-columns is-layout-flex wp-container-core-columns-is-layout-e0ddf901 wp-block-columns-is-layout-flex\" style=\"margin-top:15px;margin-bottom:15px;padding-top:0px;padding-bottom:0px\">\n<div class=\"wp-block-column is-layout-flow wp-block-column-is-layout-flow\">\n<h6 class=\"wp-block-heading has-text-align-center\">Aprova\u00e7\u00e3o Aduaneira<\/h6>\n<\/div>\n\n\n\n<div class=\"wp-block-column is-layout-flow wp-block-column-is-layout-flow\">\n<h6 class=\"wp-block-heading\">Instala\u00e7\u00e3o de armazenamento e exame final do produto<\/h6>\n<\/div>\n\n\n\n<div class=\"wp-block-column is-layout-flow wp-block-column-is-layout-flow\"><\/div>\n<\/div>\n\n<div class=\"wp-block-columns is-layout-flex wp-container-core-columns-is-layout-b99702a1 wp-block-columns-is-layout-flex\" style=\"padding-top:0px;padding-bottom:0px\">\n<div class=\"wp-block-column is-layout-flow wp-block-column-is-layout-flow\">\n<p>A AsianDavinci considera o desembara\u00e7o aduaneiro de produtos essencial, por isso garantimos que seus produtos obtenham todas as aprova\u00e7\u00f5es necess\u00e1rias. Disponibilizaremos prontamente os certificados e licen\u00e7as do seu produto. Toda a documenta\u00e7\u00e3o necess\u00e1ria para a declara\u00e7\u00e3o n\u00f3s montaremos para voc\u00ea. Isso vale para seus processos de importa\u00e7\u00e3o e exporta\u00e7\u00e3o.<\/p>\n<\/div>\n\n\n\n<div class=\"wp-block-column is-layout-flow wp-block-column-is-layout-flow\">\n<p>A seguran\u00e7a dos seus produtos \u00e9 uma preocupa\u00e7\u00e3o da AsianDavinci. Portanto, podemos manter seus produtos em nosso armaz\u00e9m na China antes do envio. Boas not\u00edcias! Tamb\u00e9m realizamos exames finais dentro do armaz\u00e9m e resolvemos problemas que possam surgir.<\/p>\n<\/div>\n\n\n\n<div class=\"wp-block-column is-layout-flow wp-block-column-is-layout-flow\"><\/div>\n<\/div>\n\n<div style=\"height:30px\" aria-hidden=\"true\" class=\"wp-block-spacer\"><\/div>\n","protected":false},"excerpt":{"rendered":"<p>AsianDavinci auxilia voc\u00ea com servi\u00e7os espec\u00edficos de fornecimento de produtos na China Fornecimento r\u00e1pido de produtos Servi\u00e7os de consultoria de manufatura Sistema de cadeia de suprimentos da China com registro limpo Estando no mercado chin\u00eas h\u00e1 mais de 18 anos, a AsianDavinci conhece as maneiras mais r\u00e1pidas de obter produtos na China. J\u00e1 temos uma [&hellip;]<\/p>\n","protected":false},"author":2,"featured_media":0,"parent":0,"menu_order":0,"comment_status":"closed","ping_status":"closed","template":"","meta":{"rank_math_lock_modified_date":false,"_uag_custom_page_level_css":"","site-sidebar-layout":"default","site-content-layout":"","ast-site-content-layout":"default","site-content-style":"default","site-sidebar-style":"default","ast-global-header-display":"","ast-banner-title-visibility":"","ast-main-header-display":"","ast-hfb-above-header-display":"","ast-hfb-below-header-display":"","ast-hfb-mobile-header-display":"","site-post-title":"","ast-breadcrumbs-content":"","ast-featured-img":"","footer-sml-layout":"","ast-disable-related-posts":"","theme-transparent-header-meta":"","adv-header-id-meta":"","stick-header-meta":"","header-above-stick-meta":"","header-main-stick-meta":"","header-below-stick-meta":"","astra-migrate-meta-layouts":"default","ast-page-background-enabled":"default","ast-page-background-meta":{"desktop":{"background-color":"var(--ast-global-color-4)","background-image":"","background-repeat":"repeat","background-position":"center center","background-size":"auto","background-attachment":"scroll","background-type":"","background-media":"","overlay-type":"","overlay-color":"","overlay-opacity":"","overlay-gradient":""},"tablet":{"background-color":"","background-image":"","background-repeat":"repeat","background-position":"center center","background-size":"auto","background-attachment":"scroll","background-type":"","background-media":"","overlay-type":"","overlay-color":"","overlay-opacity":"","overlay-gradient":""},"mobile":{"background-color":"","background-image":"","background-repeat":"repeat","background-position":"center center","background-size":"auto","background-attachment":"scroll","background-type":"","background-media":"","overlay-type":"","overlay-color":"","overlay-opacity":"","overlay-gradient":""}},"ast-content-background-meta":{"desktop":{"background-color":"var(--ast-global-color-5)","background-image":"","background-repeat":"repeat","background-position":"center center","background-size":"auto","background-attachment":"scroll","background-type":"","background-media":"","overlay-type":"","overlay-color":"","overlay-opacity":"","overlay-gradient":""},"tablet":{"background-color":"var(--ast-global-color-5)","background-image":"","background-repeat":"repeat","background-position":"center center","background-size":"auto","background-attachment":"scroll","background-type":"","background-media":"","overlay-type":"","overlay-color":"","overlay-opacity":"","overlay-gradient":""},"mobile":{"background-color":"var(--ast-global-color-5)","background-image":"","background-repeat":"repeat","background-position":"center center","background-size":"auto","background-attachment":"scroll","background-type":"","background-media":"","overlay-type":"","overlay-color":"","overlay-opacity":"","overlay-gradient":""}},"footnotes":""},"class_list":["post-10164","page","type-page","status-publish","hentry"],"uagb_featured_image_src":{"full":false,"thumbnail":false,"medium":false,"medium_large":false,"large":false,"1536x1536":false,"2048x2048":false,"woocommerce_thumbnail":false,"woocommerce_single":false,"woocommerce_gallery_thumbnail":false},"uagb_author_info":{"display_name":"peace","author_link":"https:\/\/asiandavinci.com\/pt-br\/author\/peace\/"},"uagb_comment_info":0,"uagb_excerpt":"AsianDavinci auxilia voc\u00ea com servi\u00e7os espec\u00edficos de fornecimento de produtos na China Fornecimento r\u00e1pido de produtos Servi\u00e7os de consultoria de manufatura Sistema de cadeia de suprimentos da China com registro limpo Estando no mercado chin\u00eas h\u00e1 mais de 18 anos, a AsianDavinci conhece as maneiras mais r\u00e1pidas de obter produtos na China. J\u00e1 temos uma&hellip;","_links":{"self":[{"href":"https:\/\/asiandavinci.com\/pt-br\/wp-json\/wp\/v2\/pages\/10164","targetHints":{"allow":["GET"]}}],"collection":[{"href":"https:\/\/asiandavinci.com\/pt-br\/wp-json\/wp\/v2\/pages"}],"about":[{"href":"https:\/\/asiandavinci.com\/pt-br\/wp-json\/wp\/v2\/types\/page"}],"author":[{"embeddable":true,"href":"https:\/\/asiandavinci.com\/pt-br\/wp-json\/wp\/v2\/users\/2"}],"replies":[{"embeddable":true,"href":"https:\/\/asiandavinci.com\/pt-br\/wp-json\/wp\/v2\/comments?post=10164"}],"version-history":[{"count":1,"href":"https:\/\/asiandavinci.com\/pt-br\/wp-json\/wp\/v2\/pages\/10164\/revisions"}],"predecessor-version":[{"id":10190,"href":"https:\/\/asiandavinci.com\/pt-br\/wp-json\/wp\/v2\/pages\/10164\/revisions\/10190"}],"wp:attachment":[{"href":"https:\/\/asiandavinci.com\/pt-br\/wp-json\/wp\/v2\/media?parent=10164"}],"curies":[{"name":"wp","href":"https:\/\/api.w.org\/{rel}","templated":true}]}}