{"id":10193,"date":"2023-12-05T15:53:13","date_gmt":"2023-12-05T07:53:13","guid":{"rendered":"https:\/\/asiandavinci.com\/taxa-de-servico-e-pagamento\/"},"modified":"2024-10-29T11:40:44","modified_gmt":"2024-10-29T03:40:44","slug":"taxa-de-servico-e-pagamento","status":"publish","type":"page","link":"https:\/\/asiandavinci.com\/pt-br\/taxa-de-servico-e-pagamento\/","title":{"rendered":"Taxa de servi\u00e7o e pagamento"},"content":{"rendered":"\n<div class=\"wp-block-columns is-layout-flex wp-container-core-columns-is-layout-28f84493 wp-block-columns-is-layout-flex\">\n<div class=\"wp-block-column is-layout-flow wp-block-column-is-layout-flow\" style=\"flex-basis:60%\">\n<h3 class=\"wp-block-heading\"><strong><a href=\"https:\/\/asiandavinci.com\/pt-br\/contate-nos\/\">Plano Profissional<\/a><\/strong><\/h3>\n\n\n\n<p>Ajudaremos voc\u00ea a encontrar o fornecedor mais adequado na China, obter cota\u00e7\u00f5es e fornecer solu\u00e7\u00f5es de fabrica\u00e7\u00e3o do fornecedor, melhor op\u00e7\u00e3o de frete mar\u00edtimo, tudo gratuitamente antes de voc\u00ea confirmar o pedido.<\/p>\n\n\n\n<p>Depois de estar satisfeito com o pre\u00e7o e a amostra, voc\u00ea pode fazer seu pedido e n\u00f3s cuidaremos da produ\u00e7\u00e3o em massa, inspe\u00e7\u00e3o de qualidade e arranjo de entrega internacional (remessa, carga a\u00e9rea, log\u00edstica porta a porta).<\/p>\n\n\n\n<p>AsianDavinci garante a qualidade do produto e oferece substitui\u00e7\u00e3o ou compensa\u00e7\u00e3o gratuita se surgir algum problema de qualidade.<\/p>\n\n\n\n<p><strong>Taxa de servi\u00e7o: \u00e9 ajust\u00e1vel de acordo com o pedido.<\/strong><\/p>\n\n\n\n<div class=\"wp-block-buttons is-layout-flex wp-block-buttons-is-layout-flex\">\n<div class=\"wp-block-button\"><a class=\"wp-block-button__link wp-element-button\" href=\"https:\/\/asiandavinci.com\/pt-br\/contate-nos\/\" style=\"border-radius:50px\">Contate-nos &gt;&gt;<\/a><\/div>\n<\/div>\n<\/div>\n\n\n\n<div class=\"wp-block-column is-layout-flow wp-block-column-is-layout-flow\" style=\"flex-basis:40%\">\n<figure class=\"wp-block-image size-full\"><img fetchpriority=\"high\" decoding=\"async\" width=\"600\" height=\"600\" src=\"https:\/\/asiandavinci.com\/wp-content\/uploads\/2023\/12\/pro-plan-600-1-1.png\" alt=\"\" class=\"wp-image-669\" srcset=\"https:\/\/d12ipdv30ux650.cloudfront.net\/wp-content\/uploads\/2023\/12\/pro-plan-600-1-1.png 600w, https:\/\/d12ipdv30ux650.cloudfront.net\/wp-content\/uploads\/2023\/12\/pro-plan-600-1-1-100x100.png 100w, https:\/\/d12ipdv30ux650.cloudfront.net\/wp-content\/uploads\/2023\/12\/pro-plan-600-1-1-300x300.png 300w, https:\/\/d12ipdv30ux650.cloudfront.net\/wp-content\/uploads\/2023\/12\/pro-plan-600-1-1-150x150.png 150w\" sizes=\"(max-width: 600px) 100vw, 600px\" \/><\/figure>\n<\/div>\n<\/div>\n\n<div class=\"wp-block-columns is-layout-flex wp-container-core-columns-is-layout-28f84493 wp-block-columns-is-layout-flex\">\n<div class=\"wp-block-column is-layout-flow wp-block-column-is-layout-flow\" style=\"flex-basis:40%\">\n<figure class=\"wp-block-image size-full\"><img decoding=\"async\" width=\"600\" height=\"600\" src=\"https:\/\/asiandavinci.com\/wp-content\/uploads\/2023\/12\/basic-plan-600-1-1-1-1.png\" alt=\"\" class=\"wp-image-644\" srcset=\"https:\/\/d12ipdv30ux650.cloudfront.net\/wp-content\/uploads\/2023\/12\/basic-plan-600-1-1-1-1.png 600w, https:\/\/d12ipdv30ux650.cloudfront.net\/wp-content\/uploads\/2023\/12\/basic-plan-600-1-1-1-1-100x100.png 100w, https:\/\/d12ipdv30ux650.cloudfront.net\/wp-content\/uploads\/2023\/12\/basic-plan-600-1-1-1-1-300x300.png 300w, https:\/\/d12ipdv30ux650.cloudfront.net\/wp-content\/uploads\/2023\/12\/basic-plan-600-1-1-1-1-150x150.png 150w\" sizes=\"(max-width: 600px) 100vw, 600px\" \/><\/figure>\n<\/div>\n\n\n\n<div class=\"wp-block-column is-layout-flow wp-block-column-is-layout-flow\" style=\"flex-basis:60%\">\n<h3 class=\"wp-block-heading\"><strong><a href=\"https:\/\/asiandavinci.com\/pt-br\/contate-nos\/\" data-type=\"link\" data-id=\"https:\/\/asiandavinci.com\/contact-us\/\">Plano B\u00e1sico<\/a><\/strong><\/h3>\n\n\n\n<p>Se voc\u00ea decidir usar seus pr\u00f3prios fornecedores na China, podemos colaborar com eles para garantir que os produtos sejam fabricados de acordo com suas necessidades.<\/p>\n\n\n\n<p>Assim que seus fornecedores terminarem com as mercadorias, realizaremos inspe\u00e7\u00f5es de qualidade e providenciaremos o envio conforme o plano pro.<\/p>\n\n\n\n<p><strong>Taxa de Servi\u00e7o: geralmente 5% do valor do produto, mas ainda pode ser ajustada conforme o pedido.<\/strong><\/p>\n\n\n\n<div class=\"wp-block-buttons is-layout-flex wp-block-buttons-is-layout-flex\">\n<div class=\"wp-block-button\"><a class=\"wp-block-button__link wp-element-button\" href=\"https:\/\/asiandavinci.com\/pt-br\/contate-nos\/\" style=\"border-radius:42px\">Contate-nos &gt;&gt;<\/a><\/div>\n<\/div>\n<\/div>\n<\/div>\n\n<div style=\"height:50px\" aria-hidden=\"true\" class=\"wp-block-spacer\"><\/div>\n\n<h4 class=\"wp-block-heading has-text-align-center\"><strong>Payment Methods Accepted by <\/strong><strong>A<\/strong><strong>siandavinc<\/strong><strong>i<\/strong><strong><\/strong><\/h4>\n\n<p>Os m\u00e9todos de pagamento oficiais aceitos pela Asiandavinci est\u00e3o listados a seguir. Se voc\u00ea tiver alguma d\u00favida sobre pagamentos ou se algu\u00e9m oferecer outras informa\u00e7\u00f5es de pagamento que n\u00e3o estejam listadas aqui, envie um e-mail para saeed@asiandavinci.com para confirma\u00e7\u00e3o adicional.<\/p>\n\n<p>Esta p\u00e1gina foi atualizada em 22 de dezembro de 2023.<\/p>\n\n<h4 class=\"wp-block-heading has-text-align-center\"><strong>1. Wire Transfer From All Countries<\/strong><strong>(T\/T) <\/strong> <strong><\/strong><\/h4>\n\n<p>A transfer\u00eancia eletr\u00f4nica \u00e9 o m\u00e9todo usado com mais frequ\u00eancia no com\u00e9rcio internacional, com a taxa de transfer\u00eancia mais baixa. Voc\u00ea pode finalizar a transfer\u00eancia eletr\u00f4nica visitando bancos locais ou usando empresas de transfer\u00eancia eletr\u00f4nica online. Observe que s\u00f3 aceitamos pagamentos em d\u00f3lares americanos.<\/p>\n\n<p><strong>CONTA USD HONG KONG e CONTA USD PRINCIPAL (enviaremos sempre com o carimbo oficial da nossa empresa)<\/strong><strong><\/strong><\/p>\n\n<h4 class=\"wp-block-heading has-text-align-center\"><strong>2. <\/strong><strong>Other acceptable payment methods<\/strong><strong><\/strong><\/h4>\n\n<p>PayPal\/Western Union\/ou qualquer outro m\u00e9todo de pagamento em USD de sua prefer\u00eancia.<\/p>\n\n<div style=\"height:100px\" aria-hidden=\"true\" class=\"wp-block-spacer\"><\/div>\n","protected":false},"excerpt":{"rendered":"<p>Plano Profissional Ajudaremos voc\u00ea a encontrar o fornecedor mais adequado na China, obter cota\u00e7\u00f5es e fornecer solu\u00e7\u00f5es de fabrica\u00e7\u00e3o do fornecedor, melhor op\u00e7\u00e3o de frete mar\u00edtimo, tudo gratuitamente antes de voc\u00ea confirmar o pedido. Depois de estar satisfeito com o pre\u00e7o e a amostra, voc\u00ea pode fazer seu pedido e n\u00f3s cuidaremos da produ\u00e7\u00e3o em [&hellip;]<\/p>\n","protected":false},"author":2,"featured_media":37347,"parent":0,"menu_order":0,"comment_status":"closed","ping_status":"closed","template":"","meta":{"rank_math_lock_modified_date":false,"_uag_custom_page_level_css":"","site-sidebar-layout":"default","site-content-layout":"","ast-site-content-layout":"default","site-content-style":"default","site-sidebar-style":"default","ast-global-header-display":"","ast-banner-title-visibility":"","ast-main-header-display":"","ast-hfb-above-header-display":"","ast-hfb-below-header-display":"","ast-hfb-mobile-header-display":"","site-post-title":"","ast-breadcrumbs-content":"","ast-featured-img":"","footer-sml-layout":"","ast-disable-related-posts":"","theme-transparent-header-meta":"","adv-header-id-meta":"","stick-header-meta":"","header-above-stick-meta":"","header-main-stick-meta":"","header-below-stick-meta":"","astra-migrate-meta-layouts":"default","ast-page-background-enabled":"default","ast-page-background-meta":{"desktop":{"background-color":"var(--ast-global-color-4)","background-image":"","background-repeat":"repeat","background-position":"center center","background-size":"auto","background-attachment":"scroll","background-type":"","background-media":"","overlay-type":"","overlay-color":"","overlay-opacity":"","overlay-gradient":""},"tablet":{"background-color":"","background-image":"","background-repeat":"repeat","background-position":"center center","background-size":"auto","background-attachment":"scroll","background-type":"","background-media":"","overlay-type":"","overlay-color":"","overlay-opacity":"","overlay-gradient":""},"mobile":{"background-color":"","background-image":"","background-repeat":"repeat","background-position":"center center","background-size":"auto","background-attachment":"scroll","background-type":"","background-media":"","overlay-type":"","overlay-color":"","overlay-opacity":"","overlay-gradient":""}},"ast-content-background-meta":{"desktop":{"background-color":"var(--ast-global-color-5)","background-image":"","background-repeat":"repeat","background-position":"center center","background-size":"auto","background-attachment":"scroll","background-type":"","background-media":"","overlay-type":"","overlay-color":"","overlay-opacity":"","overlay-gradient":""},"tablet":{"background-color":"var(--ast-global-color-5)","background-image":"","background-repeat":"repeat","background-position":"center center","background-size":"auto","background-attachment":"scroll","background-type":"","background-media":"","overlay-type":"","overlay-color":"","overlay-opacity":"","overlay-gradient":""},"mobile":{"background-color":"var(--ast-global-color-5)","background-image":"","background-repeat":"repeat","background-position":"center center","background-size":"auto","background-attachment":"scroll","background-type":"","background-media":"","overlay-type":"","overlay-color":"","overlay-opacity":"","overlay-gradient":""}},"footnotes":""},"class_list":["post-10193","page","type-page","status-publish","has-post-thumbnail","hentry"],"uagb_featured_image_src":{"full":["https:\/\/d12ipdv30ux650.cloudfront.net\/wp-content\/uploads\/2024\/09\/Your-Trusted-Sourcing-Partner-in-Chi-na.png",1900,950,false],"thumbnail":["https:\/\/d12ipdv30ux650.cloudfront.net\/wp-content\/uploads\/2024\/09\/Your-Trusted-Sourcing-Partner-in-Chi-na-150x150.png",150,150,true],"medium":["https:\/\/d12ipdv30ux650.cloudfront.net\/wp-content\/uploads\/2024\/09\/Your-Trusted-Sourcing-Partner-in-Chi-na-300x150.png",300,150,true],"medium_large":["https:\/\/d12ipdv30ux650.cloudfront.net\/wp-content\/uploads\/2024\/09\/Your-Trusted-Sourcing-Partner-in-Chi-na-768x384.png",768,384,true],"large":["https:\/\/d12ipdv30ux650.cloudfront.net\/wp-content\/uploads\/2024\/09\/Your-Trusted-Sourcing-Partner-in-Chi-na-1024x512.png",1024,512,true],"1536x1536":["https:\/\/d12ipdv30ux650.cloudfront.net\/wp-content\/uploads\/2024\/09\/Your-Trusted-Sourcing-Partner-in-Chi-na-1536x768.png",1536,768,true],"2048x2048":["https:\/\/d12ipdv30ux650.cloudfront.net\/wp-content\/uploads\/2024\/09\/Your-Trusted-Sourcing-Partner-in-Chi-na.png",1900,950,false],"woocommerce_thumbnail":["https:\/\/d12ipdv30ux650.cloudfront.net\/wp-content\/uploads\/2024\/09\/Your-Trusted-Sourcing-Partner-in-Chi-na-300x225.png",300,225,true],"woocommerce_single":["https:\/\/d12ipdv30ux650.cloudfront.net\/wp-content\/uploads\/2024\/09\/Your-Trusted-Sourcing-Partner-in-Chi-na-600x300.png",600,300,true],"woocommerce_gallery_thumbnail":["https:\/\/d12ipdv30ux650.cloudfront.net\/wp-content\/uploads\/2024\/09\/Your-Trusted-Sourcing-Partner-in-Chi-na-100x100.png",100,100,true]},"uagb_author_info":{"display_name":"peace","author_link":"https:\/\/asiandavinci.com\/pt-br\/author\/peace\/"},"uagb_comment_info":0,"uagb_excerpt":"Plano Profissional Ajudaremos voc\u00ea a encontrar o fornecedor mais adequado na China, obter cota\u00e7\u00f5es e fornecer solu\u00e7\u00f5es de fabrica\u00e7\u00e3o do fornecedor, melhor op\u00e7\u00e3o de frete mar\u00edtimo, tudo gratuitamente antes de voc\u00ea confirmar o pedido. Depois de estar satisfeito com o pre\u00e7o e a amostra, voc\u00ea pode fazer seu pedido e n\u00f3s cuidaremos da produ\u00e7\u00e3o em&hellip;","_links":{"self":[{"href":"https:\/\/asiandavinci.com\/pt-br\/wp-json\/wp\/v2\/pages\/10193","targetHints":{"allow":["GET"]}}],"collection":[{"href":"https:\/\/asiandavinci.com\/pt-br\/wp-json\/wp\/v2\/pages"}],"about":[{"href":"https:\/\/asiandavinci.com\/pt-br\/wp-json\/wp\/v2\/types\/page"}],"author":[{"embeddable":true,"href":"https:\/\/asiandavinci.com\/pt-br\/wp-json\/wp\/v2\/users\/2"}],"replies":[{"embeddable":true,"href":"https:\/\/asiandavinci.com\/pt-br\/wp-json\/wp\/v2\/comments?post=10193"}],"version-history":[{"count":2,"href":"https:\/\/asiandavinci.com\/pt-br\/wp-json\/wp\/v2\/pages\/10193\/revisions"}],"predecessor-version":[{"id":39631,"href":"https:\/\/asiandavinci.com\/pt-br\/wp-json\/wp\/v2\/pages\/10193\/revisions\/39631"}],"wp:featuredmedia":[{"embeddable":true,"href":"https:\/\/asiandavinci.com\/pt-br\/wp-json\/wp\/v2\/media\/37347"}],"wp:attachment":[{"href":"https:\/\/asiandavinci.com\/pt-br\/wp-json\/wp\/v2\/media?parent=10193"}],"curies":[{"name":"wp","href":"https:\/\/api.w.org\/{rel}","templated":true}]}}