{"id":10828,"date":"2023-12-06T21:43:43","date_gmt":"2023-12-06T13:43:43","guid":{"rendered":"https:\/\/asiandavinci.com\/politica-de-privacidade\/"},"modified":"2024-10-29T17:41:12","modified_gmt":"2024-10-29T09:41:12","slug":"politica-de-privacidade","status":"publish","type":"page","link":"https:\/\/asiandavinci.com\/pt-br\/politica-de-privacidade\/","title":{"rendered":"pol\u00edtica de Privacidade"},"content":{"rendered":"\n<p>Data de Vig\u00eancia: 20\/11\/2023<\/p>\n\n<div class=\"wp-block-uagb-container uagb-block-ac8c7e67 alignfull uagb-is-root-container\"><div class=\"uagb-container-inner-blocks-wrap\">\n<p>Bem-vindo ao AsianDavinci, acess\u00edvel em Asian Davinci.com. Respeitamos a sua privacidade e estamos empenhados em proteger os seus dados pessoais. Esta pol\u00edtica de privacidade ir\u00e1 inform\u00e1-lo sobre como cuidamos dos seus dados pessoais quando voc\u00ea visita nosso site e inform\u00e1-lo sobre seus direitos de privacidade e como a lei o protege.<\/p>\n\n\n\n<p><strong>1. Informa\u00e7\u00f5es que coletamos<\/strong><\/p>\n\n\n\n<ul class=\"wp-block-list\">\n<li><strong>Informa\u00e7\u00f5es Pessoais: Coletamos informa\u00e7\u00f5es pessoais que voc\u00ea nos fornece.<\/strong> Isso inclui seu nome, endere\u00e7o de e-mail, endere\u00e7os de envio e cobran\u00e7a e informa\u00e7\u00f5es de pagamento.<\/li>\n\n\n\n<li><strong>Dados de uso: Coletamos automaticamente informa\u00e7\u00f5es sobre como nosso site \u00e9 acessado e usado.<\/strong> Isso inclui o endere\u00e7o do protocolo da Internet (IP), tipo de navegador e p\u00e1ginas visitadas.<\/li>\n<\/ul>\n\n\n\n<p><strong>2. Uso de dados<\/strong><\/p>\n\n\n\n<ul class=\"wp-block-list\">\n<li>Seus dados s\u00e3o usados para diversos fins, incluindo:\n<ul class=\"wp-block-list\">\n<li>Para processar e atender pedidos.<\/li>\n\n\n\n<li>Para gerenciar sua conta.<\/li>\n\n\n\n<li>Para nos comunicarmos com voc\u00ea sobre nossos servi\u00e7os.<\/li>\n\n\n\n<li>Para suporte ao cliente.<\/li>\n\n\n\n<li>Para aprimorar e melhorar nosso site e servi\u00e7os.<\/li>\n<\/ul>\n<\/li>\n<\/ul>\n\n\n\n<p><strong>3. Compartilhamento de dados<\/strong><\/p>\n\n\n\n<ul class=\"wp-block-list\">\n<li>Poderemos compartilhar suas informa\u00e7\u00f5es com prestadores de servi\u00e7os terceirizados para facilitar nosso servi\u00e7o, para fornecer o servi\u00e7o em nosso nome ou para nos ajudar a analisar como nosso servi\u00e7o \u00e9 usado.<\/li>\n<\/ul>\n\n\n\n<p><strong>4. Seguran\u00e7a de dados<\/strong><\/p>\n\n\n\n<ul class=\"wp-block-list\">\n<li>Levamos a s\u00e9rio a seguran\u00e7a dos seus dados e implementamos uma variedade de medidas de seguran\u00e7a para manter a seguran\u00e7a das suas informa\u00e7\u00f5es pessoais.<\/li>\n<\/ul>\n\n\n\n<p><strong>5. Seus direitos<\/strong><\/p>\n\n\n\n<ul class=\"wp-block-list\">\n<li>Voc\u00ea tem o direito de acessar, corrigir, excluir ou transferir seus dados pessoais. Voc\u00ea tamb\u00e9m pode solicitar que limitemos o processamento dos seus dados.<\/li>\n<\/ul>\n\n\n\n<p><strong>6. Cookies e tecnologias de rastreamento<\/strong><\/p>\n\n\n\n<ul class=\"wp-block-list\">\n<li>Nosso site usa cookies e tecnologias de rastreamento semelhantes para rastrear atividades e armazenar certas informa\u00e7\u00f5es para an\u00e1lise e personaliza\u00e7\u00e3o.<\/li>\n<\/ul>\n\n\n\n<p><strong>7. Altera\u00e7\u00f5es nesta Pol\u00edtica de Privacidade<\/strong><\/p>\n\n\n\n<ul class=\"wp-block-list\">\n<li>Poderemos atualizar nossa Pol\u00edtica de Privacidade de tempos em tempos. Iremos notific\u00e1-lo sobre quaisquer altera\u00e7\u00f5es publicando a nova Pol\u00edtica de Privacidade nesta p\u00e1gina.<\/li>\n<\/ul>\n\n\n\n<p><strong>8. Contate-nos<\/strong><\/p>\n\n\n\n<ul class=\"wp-block-list\">\n<li>Se voc\u00ea tiver alguma d\u00favida sobre esta Pol\u00edtica de Privacidade, entre em contato conosco em [Your Contact Information]<\/li>\n<\/ul>\n<\/div><\/div>\n","protected":false},"excerpt":{"rendered":"<p>Data de Vig\u00eancia: 20\/11\/2023 Bem-vindo ao AsianDavinci, acess\u00edvel em Asian Davinci.com. Respeitamos a sua privacidade e estamos empenhados em proteger os seus dados pessoais. Esta pol\u00edtica de privacidade ir\u00e1 inform\u00e1-lo sobre como cuidamos dos seus dados pessoais quando voc\u00ea visita nosso site e inform\u00e1-lo sobre seus direitos de privacidade e como a lei o protege. [&hellip;]<\/p>\n","protected":false},"author":2,"featured_media":0,"parent":0,"menu_order":0,"comment_status":"closed","ping_status":"closed","template":"","meta":{"rank_math_lock_modified_date":false,"_uag_custom_page_level_css":"","site-sidebar-layout":"default","site-content-layout":"","ast-site-content-layout":"default","site-content-style":"default","site-sidebar-style":"default","ast-global-header-display":"","ast-banner-title-visibility":"","ast-main-header-display":"","ast-hfb-above-header-display":"","ast-hfb-below-header-display":"","ast-hfb-mobile-header-display":"","site-post-title":"","ast-breadcrumbs-content":"","ast-featured-img":"","footer-sml-layout":"","ast-disable-related-posts":"","theme-transparent-header-meta":"","adv-header-id-meta":"","stick-header-meta":"","header-above-stick-meta":"","header-main-stick-meta":"","header-below-stick-meta":"","astra-migrate-meta-layouts":"default","ast-page-background-enabled":"default","ast-page-background-meta":{"desktop":{"background-color":"var(--ast-global-color-4)","background-image":"","background-repeat":"repeat","background-position":"center center","background-size":"auto","background-attachment":"scroll","background-type":"","background-media":"","overlay-type":"","overlay-color":"","overlay-opacity":"","overlay-gradient":""},"tablet":{"background-color":"","background-image":"","background-repeat":"repeat","background-position":"center center","background-size":"auto","background-attachment":"scroll","background-type":"","background-media":"","overlay-type":"","overlay-color":"","overlay-opacity":"","overlay-gradient":""},"mobile":{"background-color":"","background-image":"","background-repeat":"repeat","background-position":"center center","background-size":"auto","background-attachment":"scroll","background-type":"","background-media":"","overlay-type":"","overlay-color":"","overlay-opacity":"","overlay-gradient":""}},"ast-content-background-meta":{"desktop":{"background-color":"var(--ast-global-color-5)","background-image":"","background-repeat":"repeat","background-position":"center center","background-size":"auto","background-attachment":"scroll","background-type":"","background-media":"","overlay-type":"","overlay-color":"","overlay-opacity":"","overlay-gradient":""},"tablet":{"background-color":"var(--ast-global-color-5)","background-image":"","background-repeat":"repeat","background-position":"center center","background-size":"auto","background-attachment":"scroll","background-type":"","background-media":"","overlay-type":"","overlay-color":"","overlay-opacity":"","overlay-gradient":""},"mobile":{"background-color":"var(--ast-global-color-5)","background-image":"","background-repeat":"repeat","background-position":"center center","background-size":"auto","background-attachment":"scroll","background-type":"","background-media":"","overlay-type":"","overlay-color":"","overlay-opacity":"","overlay-gradient":""}},"footnotes":""},"class_list":["post-10828","page","type-page","status-publish","hentry"],"uagb_featured_image_src":{"full":false,"thumbnail":false,"medium":false,"medium_large":false,"large":false,"1536x1536":false,"2048x2048":false,"woocommerce_thumbnail":false,"woocommerce_single":false,"woocommerce_gallery_thumbnail":false},"uagb_author_info":{"display_name":"peace","author_link":"https:\/\/asiandavinci.com\/pt-br\/author\/peace\/"},"uagb_comment_info":0,"uagb_excerpt":"Data de Vig\u00eancia: 20\/11\/2023 Bem-vindo ao AsianDavinci, acess\u00edvel em Asian Davinci.com. Respeitamos a sua privacidade e estamos empenhados em proteger os seus dados pessoais. Esta pol\u00edtica de privacidade ir\u00e1 inform\u00e1-lo sobre como cuidamos dos seus dados pessoais quando voc\u00ea visita nosso site e inform\u00e1-lo sobre seus direitos de privacidade e como a lei o protege.&hellip;","_links":{"self":[{"href":"https:\/\/asiandavinci.com\/pt-br\/wp-json\/wp\/v2\/pages\/10828","targetHints":{"allow":["GET"]}}],"collection":[{"href":"https:\/\/asiandavinci.com\/pt-br\/wp-json\/wp\/v2\/pages"}],"about":[{"href":"https:\/\/asiandavinci.com\/pt-br\/wp-json\/wp\/v2\/types\/page"}],"author":[{"embeddable":true,"href":"https:\/\/asiandavinci.com\/pt-br\/wp-json\/wp\/v2\/users\/2"}],"replies":[{"embeddable":true,"href":"https:\/\/asiandavinci.com\/pt-br\/wp-json\/wp\/v2\/comments?post=10828"}],"version-history":[{"count":1,"href":"https:\/\/asiandavinci.com\/pt-br\/wp-json\/wp\/v2\/pages\/10828\/revisions"}],"predecessor-version":[{"id":10829,"href":"https:\/\/asiandavinci.com\/pt-br\/wp-json\/wp\/v2\/pages\/10828\/revisions\/10829"}],"wp:attachment":[{"href":"https:\/\/asiandavinci.com\/pt-br\/wp-json\/wp\/v2\/media?parent=10828"}],"curies":[{"name":"wp","href":"https:\/\/api.w.org\/{rel}","templated":true}]}}