{"id":10908,"date":"2023-12-06T21:48:17","date_gmt":"2023-12-06T13:48:17","guid":{"rendered":"https:\/\/asiandavinci.com\/termos-e-condicoes\/"},"modified":"2024-10-29T17:43:09","modified_gmt":"2024-10-29T09:43:09","slug":"termos-e-condicoes","status":"publish","type":"page","link":"https:\/\/asiandavinci.com\/pt-br\/termos-e-condicoes\/","title":{"rendered":"termos e Condi\u00e7\u00f5es"},"content":{"rendered":"\n<h2 class=\"wp-block-heading\"><strong>Contrato de Acesso e Uso<\/strong><\/h2>\n\n<ul class=\"wp-block-list\">\n<li>Ao acessar e interagir com o site da asiandavinci, dispon\u00edvel em <a href=\"https:\/\/asiandavinci.com\/pt-br\/\" data-type=\"link\" data-id=\"https:\/\/asiandavinci.com\/pt-br\/\">https:\/\/asiandavinci.com<\/a>, voc\u00ea concorda em aderir a estes Termos de Uso e reconhece a Pol\u00edtica de Privacidade.<\/li>\n\n\n\n<li>O acesso a este site est\u00e1 condicionado \u00e0 aceita\u00e7\u00e3o destes termos.<\/li>\n<\/ul>\n\n<h2 class=\"wp-block-heading\"><strong>Restri\u00e7\u00f5es de uso<\/strong><\/h2>\n\n<ul class=\"wp-block-list\">\n<li><strong>Limita\u00e7\u00e3o de idade:<\/strong> O acesso \u00e9 estritamente proibido a menores de 18 anos. O site n\u00e3o se destina a pessoas abrangidas pela Lei de Privacidade Online Infantil (COPA) de 1998.<\/li>\n\n\n\n<li><strong>Direito de negar acesso<\/strong>: AsianDavinci reserva-se o direito de negar acesso a qualquer indiv\u00edduo por qualquer motivo, de acordo com nossa Pol\u00edtica de Privacidade.<\/li>\n<\/ul>\n\n<h2 class=\"wp-block-heading\"><strong>Mudan\u00e7as nos Termos<\/strong><\/h2>\n\n<ul class=\"wp-block-list\">\n<li>Estes Termos podem ser atualizados periodicamente. \u00c9 sua responsabilidade manter-se informado sobre tais altera\u00e7\u00f5es, revisando regularmente esta p\u00e1gina.<\/li>\n<\/ul>\n\n<h2 class=\"wp-block-heading\"><strong>Partes deste Acordo<\/strong><\/h2>\n\n<ul class=\"wp-block-list\">\n<li>\u201cVisitantes\u201d, incluindo visualizadores, usu\u00e1rios, assinantes, membros, afiliados ou clientes, s\u00e3o partes deste acordo.<\/li>\n\n\n\n<li>O \u201cSite\u201d, incluindo seus propriet\u00e1rios e\/ou operadores, tamb\u00e9m s\u00e3o partes deste acordo.<\/li>\n<\/ul>\n\n<h2 class=\"wp-block-heading\"><strong>Uso de informa\u00e7\u00f5es do site<\/strong><\/h2>\n\n<ul class=\"wp-block-list\">\n<li>Os visitantes n\u00e3o t\u00eam o direito de usar as informa\u00e7\u00f5es deste site para fins comerciais ou p\u00fablicos sem um acordo expresso por escrito com o site.<\/li>\n\n\n\n<li>O uso n\u00e3o autorizado do conte\u00fado do site pode levar a san\u00e7\u00f5es legais.<\/li>\n<\/ul>\n\n<h2 class=\"wp-block-heading\"><strong>Propriedade e uso do conte\u00fado do site<\/strong><\/h2>\n\n<ul class=\"wp-block-list\">\n<li>O site e seu conte\u00fado s\u00e3o de propriedade ou licenciados pela AsianDavinci. O uso n\u00e3o autorizado do conte\u00fado do site \u00e9 proibido, a menos que seja permitido por contrato expresso ou permiss\u00e3o do site. <\/li>\n<\/ul>\n\n<h2 class=\"wp-block-heading\"><strong>A\u00e7\u00f5es Proibidas<\/strong><\/h2>\n\n<ul class=\"wp-block-list\">\n<li>\u00c9 proibido hiperlinks n\u00e3o autorizados para o site, co-branding, \u201cframing\u201d ou refer\u00eancia ao site em qualquer m\u00eddia comercial ou n\u00e3o comercial sem permiss\u00e3o expressa.<\/li>\n<\/ul>\n\n<h2 class=\"wp-block-heading\"><strong>Isen\u00e7\u00e3o de responsabilidade para conte\u00fado do site<\/strong><\/h2>\n\n<ul class=\"wp-block-list\">\n<li>AsianDavinci n\u00e3o \u00e9 respons\u00e1vel pela exatid\u00e3o do conte\u00fado deste site. Os visitantes assumem todos os riscos associados ao uso destas informa\u00e7\u00f5es.<\/li>\n<\/ul>\n\n<h2 class=\"wp-block-heading\"><strong>Isen\u00e7\u00e3o de responsabilidade por danos ao computador<\/strong><\/h2>\n\n<ul class=\"wp-block-list\">\n<li>AsianDavinci n\u00e3o \u00e9 respons\u00e1vel por qualquer dano a computadores ou software resultante da intera\u00e7\u00e3o com o site ou seu conte\u00fado, incluindo riscos de v\u00edrus, worms ou outros fatores de corrup\u00e7\u00e3o.<\/li>\n<\/ul>\n\n<h2 class=\"wp-block-heading\"><strong>Transfer\u00eancias<\/strong><\/h2>\n\n<ul class=\"wp-block-list\">\n<li>Os visitantes baixam informa\u00e7\u00f5es do site por sua pr\u00f3pria conta e risco. AsianDavinci n\u00e3o garante que os downloads estejam livres de c\u00f3digos de computador corrompidos.<\/li>\n<\/ul>\n\n<h2 class=\"wp-block-heading\"><strong>Limita\u00e7\u00e3o de responsabilidade<\/strong><\/h2>\n\n<ul class=\"wp-block-list\">\n<li>Os visitantes renunciam a todos os direitos a reclama\u00e7\u00f5es por danos decorrentes da intera\u00e7\u00e3o com o site, incluindo banners, publicidade ou pop-ups.<\/li>\n<\/ul>\n\n<h2 class=\"wp-block-heading\"><strong>Indeniza\u00e7\u00e3o<\/strong><\/h2>\n\n<ul class=\"wp-block-list\">\n<li>Os visitantes concordam em reembolsar a AsianDavinci por quaisquer danos causados pelas suas a\u00e7\u00f5es como condi\u00e7\u00e3o para visualizar o site.<\/li>\n<\/ul>\n\n<h2 class=\"wp-block-heading\"><strong>Envios<\/strong><\/h2>\n\n<ul class=\"wp-block-list\">\n<li>Qualquer comunica\u00e7\u00e3o entre os Visitantes e o Site \u00e9 considerada uma submiss\u00e3o. Os envios tornam-se propriedade exclusiva da AsianDavinci e podem ser usados para fins comerciais sem considera\u00e7\u00e3o adicional.<\/li>\n<\/ul>\n\n<h2 class=\"wp-block-heading\"><strong>Perceber<\/strong><\/h2>\n\n<ul class=\"wp-block-list\">\n<li>Os visitantes renunciam ao direito de aviso adicional como condi\u00e7\u00e3o para permiss\u00e3o de intera\u00e7\u00e3o com o site.<\/li>\n<\/ul>\n\n<h2 class=\"wp-block-heading\"><strong>Resolu\u00e7\u00e3o de disputas<\/strong><\/h2>\n\n<ul class=\"wp-block-list\">\n<li>Quaisquer lit\u00edgios relacionados com o site ser\u00e3o resolvidos atrav\u00e9s de arbitragem vinculativa, sem direito a tribunal ou julgamento com j\u00fari. A arbitragem seguir\u00e1 as regras da American Arbitration Association.<\/li>\n<\/ul>\n\n<h2 class=\"wp-block-heading\"><strong>Jurisdi\u00e7\u00e3o e Local<\/strong><\/h2>\n\n<ul class=\"wp-block-list\">\n<li>As quest\u00f5es jur\u00eddicas ser\u00e3o tratadas na jurisdi\u00e7\u00e3o e no local indicados nas informa\u00e7\u00f5es de contato do propriet\u00e1rio do site.<\/li>\n<\/ul>\n\n<h2 class=\"wp-block-heading\"><strong>Lei aplic\u00e1vel<\/strong><\/h2>\n\n<ul class=\"wp-block-list\">\n<li>A lei aplic\u00e1vel a quaisquer lit\u00edgios ser\u00e1 a do estado do Vendedor.<\/li>\n<\/ul>\n\n<h2 class=\"wp-block-heading\"><strong>Informa\u00e7\u00f5es de contato<\/strong><\/h2>\n\n<p>AsianDavinci<br\/>Room401,4F,A4 block,DeFu Business Center<br\/>JianShe Road 52-54,Lecong,Foshan<br\/>Guangdong,China<\/p>\n\n<p><br\/>Email: saeed@asiandavinci.com<\/p>\n","protected":false},"excerpt":{"rendered":"<p>Contrato de Acesso e Uso Restri\u00e7\u00f5es de uso Mudan\u00e7as nos Termos Partes deste Acordo Uso de informa\u00e7\u00f5es do site Propriedade e uso do conte\u00fado do site A\u00e7\u00f5es Proibidas Isen\u00e7\u00e3o de responsabilidade para conte\u00fado do site Isen\u00e7\u00e3o de responsabilidade por danos ao computador Transfer\u00eancias Limita\u00e7\u00e3o de responsabilidade Indeniza\u00e7\u00e3o Envios Perceber Resolu\u00e7\u00e3o de disputas Jurisdi\u00e7\u00e3o e Local [&hellip;]<\/p>\n","protected":false},"author":2,"featured_media":0,"parent":0,"menu_order":0,"comment_status":"closed","ping_status":"closed","template":"","meta":{"rank_math_lock_modified_date":false,"_uag_custom_page_level_css":"","site-sidebar-layout":"default","site-content-layout":"","ast-site-content-layout":"default","site-content-style":"default","site-sidebar-style":"default","ast-global-header-display":"","ast-banner-title-visibility":"","ast-main-header-display":"","ast-hfb-above-header-display":"","ast-hfb-below-header-display":"","ast-hfb-mobile-header-display":"","site-post-title":"","ast-breadcrumbs-content":"","ast-featured-img":"","footer-sml-layout":"","ast-disable-related-posts":"","theme-transparent-header-meta":"","adv-header-id-meta":"","stick-header-meta":"","header-above-stick-meta":"","header-main-stick-meta":"","header-below-stick-meta":"","astra-migrate-meta-layouts":"default","ast-page-background-enabled":"default","ast-page-background-meta":{"desktop":{"background-color":"var(--ast-global-color-4)","background-image":"","background-repeat":"repeat","background-position":"center center","background-size":"auto","background-attachment":"scroll","background-type":"","background-media":"","overlay-type":"","overlay-color":"","overlay-opacity":"","overlay-gradient":""},"tablet":{"background-color":"","background-image":"","background-repeat":"repeat","background-position":"center center","background-size":"auto","background-attachment":"scroll","background-type":"","background-media":"","overlay-type":"","overlay-color":"","overlay-opacity":"","overlay-gradient":""},"mobile":{"background-color":"","background-image":"","background-repeat":"repeat","background-position":"center center","background-size":"auto","background-attachment":"scroll","background-type":"","background-media":"","overlay-type":"","overlay-color":"","overlay-opacity":"","overlay-gradient":""}},"ast-content-background-meta":{"desktop":{"background-color":"var(--ast-global-color-5)","background-image":"","background-repeat":"repeat","background-position":"center center","background-size":"auto","background-attachment":"scroll","background-type":"","background-media":"","overlay-type":"","overlay-color":"","overlay-opacity":"","overlay-gradient":""},"tablet":{"background-color":"var(--ast-global-color-5)","background-image":"","background-repeat":"repeat","background-position":"center center","background-size":"auto","background-attachment":"scroll","background-type":"","background-media":"","overlay-type":"","overlay-color":"","overlay-opacity":"","overlay-gradient":""},"mobile":{"background-color":"var(--ast-global-color-5)","background-image":"","background-repeat":"repeat","background-position":"center center","background-size":"auto","background-attachment":"scroll","background-type":"","background-media":"","overlay-type":"","overlay-color":"","overlay-opacity":"","overlay-gradient":""}},"footnotes":""},"class_list":["post-10908","page","type-page","status-publish","hentry"],"uagb_featured_image_src":{"full":false,"thumbnail":false,"medium":false,"medium_large":false,"large":false,"1536x1536":false,"2048x2048":false,"woocommerce_thumbnail":false,"woocommerce_single":false,"woocommerce_gallery_thumbnail":false},"uagb_author_info":{"display_name":"peace","author_link":"https:\/\/asiandavinci.com\/pt-br\/author\/peace\/"},"uagb_comment_info":0,"uagb_excerpt":"Contrato de Acesso e Uso Restri\u00e7\u00f5es de uso Mudan\u00e7as nos Termos Partes deste Acordo Uso de informa\u00e7\u00f5es do site Propriedade e uso do conte\u00fado do site A\u00e7\u00f5es Proibidas Isen\u00e7\u00e3o de responsabilidade para conte\u00fado do site Isen\u00e7\u00e3o de responsabilidade por danos ao computador Transfer\u00eancias Limita\u00e7\u00e3o de responsabilidade Indeniza\u00e7\u00e3o Envios Perceber Resolu\u00e7\u00e3o de disputas Jurisdi\u00e7\u00e3o e Local&hellip;","_links":{"self":[{"href":"https:\/\/asiandavinci.com\/pt-br\/wp-json\/wp\/v2\/pages\/10908","targetHints":{"allow":["GET"]}}],"collection":[{"href":"https:\/\/asiandavinci.com\/pt-br\/wp-json\/wp\/v2\/pages"}],"about":[{"href":"https:\/\/asiandavinci.com\/pt-br\/wp-json\/wp\/v2\/types\/page"}],"author":[{"embeddable":true,"href":"https:\/\/asiandavinci.com\/pt-br\/wp-json\/wp\/v2\/users\/2"}],"replies":[{"embeddable":true,"href":"https:\/\/asiandavinci.com\/pt-br\/wp-json\/wp\/v2\/comments?post=10908"}],"version-history":[{"count":2,"href":"https:\/\/asiandavinci.com\/pt-br\/wp-json\/wp\/v2\/pages\/10908\/revisions"}],"predecessor-version":[{"id":35641,"href":"https:\/\/asiandavinci.com\/pt-br\/wp-json\/wp\/v2\/pages\/10908\/revisions\/35641"}],"wp:attachment":[{"href":"https:\/\/asiandavinci.com\/pt-br\/wp-json\/wp\/v2\/media?parent=10908"}],"curies":[{"name":"wp","href":"https:\/\/api.w.org\/{rel}","templated":true}]}}