{"id":35636,"date":"2024-07-26T14:44:00","date_gmt":"2024-07-26T06:44:00","guid":{"rendered":"https:\/\/asiandavinci.com\/product-development\/"},"modified":"2024-10-24T14:30:59","modified_gmt":"2024-10-24T06:30:59","slug":"product-development","status":"publish","type":"page","link":"https:\/\/asiandavinci.com\/pt-br\/product-development\/","title":{"rendered":"Desenvolvimento de produtos"},"content":{"rendered":"\t\t<div data-elementor-type=\"wp-page\" data-elementor-id=\"35636\" class=\"elementor elementor-35636 elementor-33124\" data-elementor-post-type=\"page\">\n\t\t\t\t<div class=\"elementor-element elementor-element-d08946f e-flex e-con-boxed e-con e-parent\" data-id=\"d08946f\" data-element_type=\"container\" data-e-type=\"container\">\n\t\t\t\t\t<div class=\"e-con-inner\">\n\t\t\t\t<div class=\"elementor-element elementor-element-9c2fd1e elementor-widget elementor-widget-text-editor\" data-id=\"9c2fd1e\" data-element_type=\"widget\" data-e-type=\"widget\" data-widget_type=\"text-editor.default\">\n\t\t\t\t\t\t\t\t\t<h2 class=\"orange\"><strong>Do conceito ao produto final<\/strong><\/h2>\n<p>Quer voc\u00ea esteja desenvolvendo um novo produto como empreendedor ou corpora\u00e7\u00e3o global, \u00e9 imperativo considerar os desafios de levar uma ideia do est\u00e1gio de conceito atrav\u00e9s da prototipagem inicial e, ent\u00e3o, finalmente, para a produ\u00e7\u00e3o em massa. Dados os inevit\u00e1veis obst\u00e1culos e contratempos, \u00e9 importante recorrer a suporte especializado e expertise em gerenciamento de processos. <\/p>\n<p>A Asiandavinci atua como uma extens\u00e3o do seu escrit\u00f3rio na China, fornecendo consultoria cr\u00edtica e fazendo o \u201ctrabalho pesado\u201d para voc\u00ea. Com anos de experi\u00eancia e know-how, ajudamos voc\u00ea a gerenciar todos os est\u00e1gios do ciclo de vida do desenvolvimento do produto. <\/p>\n<p><strong>Gerenciamos todas ou quaisquer das seguintes etapas de desenvolvimento de produtos:<\/strong><\/p>\n\t\t\t\t\t\t\t\t<\/div>\n\t\t\t\t<div class=\"elementor-element elementor-element-5d3b1a2 elementor-widget elementor-widget-image\" data-id=\"5d3b1a2\" data-element_type=\"widget\" data-e-type=\"widget\" data-widget_type=\"image.default\">\n\t\t\t\t\t\t\t\t\t\t\t\t\t\t\t<img fetchpriority=\"high\" decoding=\"async\" width=\"1024\" height=\"133\" src=\"https:\/\/d12ipdv30ux650.cloudfront.net\/wp-content\/uploads\/2024\/07\/pic01-1024x133-1.webp\" class=\"attachment-large size-large wp-image-33128\" alt=\"\" srcset=\"https:\/\/d12ipdv30ux650.cloudfront.net\/wp-content\/uploads\/2024\/07\/pic01-1024x133-1.webp 1024w, https:\/\/d12ipdv30ux650.cloudfront.net\/wp-content\/uploads\/2024\/07\/pic01-1024x133-1-600x78.webp 600w, https:\/\/d12ipdv30ux650.cloudfront.net\/wp-content\/uploads\/2024\/07\/pic01-1024x133-1-300x39.webp 300w, https:\/\/d12ipdv30ux650.cloudfront.net\/wp-content\/uploads\/2024\/07\/pic01-1024x133-1-768x100.webp 768w\" sizes=\"(max-width: 1024px) 100vw, 1024px\" \/>\t\t\t\t\t\t\t\t\t\t\t\t\t\t\t<\/div>\n\t\t\t\t<div class=\"elementor-element elementor-element-48546c1 elementor-widget elementor-widget-text-editor\" data-id=\"48546c1\" data-element_type=\"widget\" data-e-type=\"widget\" data-widget_type=\"text-editor.default\">\n\t\t\t\t\t\t\t\t\t<p>Elaboramos cada um dos seis est\u00e1gios cr\u00edticos do ciclo de vida do desenvolvimento de produtos abaixo para destacar as principais caracter\u00edsticas de cada etapa e como a Asiandavinci pode desempenhar um papel cr\u00edtico. Claro, h\u00e1 outros subest\u00e1gios e atividades a serem considerados e estamos ansiosos para discuti-los em mais detalhes. <\/p>\n<p><strong>1. Defini\u00e7\u00e3o do conceito<\/strong><\/p>\n<p>Um produto n\u00e3o pode ficar no v\u00e1cuo. Portanto, \u00e9 crucial iniciar o processo identificando lacunas no mercado-alvo. Assim que a oportunidade for reconhecida, uma solu\u00e7\u00e3o que aborda o problema pode ser estabelecida. A Asiandavinci pode dar suporte definindo e especificando seu conceito para ajudar na busca por fornecedores, ao mesmo tempo em que identifica par\u00e2metros de qualidade claros que ser\u00e3o essenciais para dar vida ao produto. Nossos servi\u00e7os incluem desenvolvimento de desenhos de engenharia, elabora\u00e7\u00e3o de listas de materiais, esbo\u00e7o de folhas de especifica\u00e7\u00f5es e muitos outros.    <\/p>\n<p><strong>2. Sele\u00e7\u00e3o de Fornecedores<\/strong><\/p>\n<p>Assim que o conceito ou ideia for identificado, a Asiandavinci pode dar suporte com o fornecimento de materiais e iniciar o processo de identifica\u00e7\u00e3o do fornecedor. Em outras palavras, queremos encontrar o fornecedor certo para desenvolver seu novo produto. Usando an\u00e1lise de mercados emergentes, dados de mat\u00e9ria-prima localizada e expertise espec\u00edfica do pa\u00eds, forneceremos total transpar\u00eancia na escolha colaborativa do pa\u00eds de fornecimento certo para suas necessidades. Seja China, \u00cdndia, Tail\u00e2ndia, Taiwan, Vietn\u00e3 ou M\u00e9xico, n\u00e3o deixaremos pedra sobre pedra at\u00e9 encontrar seu fornecedor ideal.   <\/p>\n<p><strong>3. Desenvolvimento de prot\u00f3tipo<\/strong><\/p>\n<p>Prot\u00f3tipos s\u00e3o componentes essenciais do est\u00e1gio de desenvolvimento do produto. Produzir um prot\u00f3tipo do produto permite que as empresas testem o produto em condi\u00e7\u00f5es reais e discutam poss\u00edveis falhas com base na apar\u00eancia, sensa\u00e7\u00e3o e utilidade. \u00c9 frequentemente usado para experimentar diferentes materiais e processos ou para regular o design, as especifica\u00e7\u00f5es e a funcionalidade.  <\/p>\n<p><strong>Nossa equipe de engenheiros oferece suporte na constru\u00e7\u00e3o de prot\u00f3tipos por meio de:<\/strong><\/p>\n<ul>\n<li>Identificando poss\u00edveis desafios<\/li>\n<li>Fornecendo solu\u00e7\u00f5es de prototipagem r\u00e1pida<\/li>\n<li>Trabalhando em conjunto com fornecedores na constru\u00e7\u00e3o do prot\u00f3tipo<\/li>\n<li>Relat\u00f3rios sobre os desafios esperados da produ\u00e7\u00e3o em massa e<\/li>\n<li>Fornecer feedback com base em testes guiados e aplica\u00e7\u00e3o funcional.<\/li>\n<\/ul>\n<p>\u00c9 nossa responsabilidade fornecer sugest\u00f5es que melhorem a capacidade de fabrica\u00e7\u00e3o, a qualidade, a otimiza\u00e7\u00e3o de custos e a funcionalidade do seu produto.<\/p>\n<p><strong>4. Verifica\u00e7\u00e3o e Aprova\u00e7\u00e3o<\/strong><\/p>\n<p>A verifica\u00e7\u00e3o \u00e9 o est\u00e1gio que envolve garantir que um produto atenda aos seus requisitos definidos. A Asiandavinci garante que o produto foi submetido a testes com a inten\u00e7\u00e3o de responder \u00e0 pergunta: &#8220;ele faz o que foi criado para fazer?&#8221; <\/p>\n<p>Dependendo do tipo e da complexidade do produto, escolheremos os testes certos para garantir que o design e a produ\u00e7\u00e3o atendam \u00e0s suas expectativas. Os dados coletados e relatados durante os testes permitir\u00e3o que uma decis\u00e3o informada seja tomada sobre se o produto pode prosseguir para a execu\u00e7\u00e3o piloto, por exemplo, testes funcionais, de material, de vida e de seguran\u00e7a. <\/p>\n<p><strong>5. Execu\u00e7\u00e3o piloto<\/strong><\/p>\n<p>A execu\u00e7\u00e3o piloto \u00e9 uma execu\u00e7\u00e3o de produ\u00e7\u00e3o de teste. Ap\u00f3s amostras e prot\u00f3tipos serem aprovados, o fabricante aprovado conduzir\u00e1 a execu\u00e7\u00e3o piloto. O objetivo da execu\u00e7\u00e3o piloto \u00e9 aumentar a produ\u00e7\u00e3o e determinar se h\u00e1 problemas de produto e produ\u00e7\u00e3o. Isso pode incluir montagem do produto, teste, funcionalidade, layout da linha de produ\u00e7\u00e3o etc.   <\/p>\n<p>A equipe de engenharia da Asiandavinci supervisiona a transi\u00e7\u00e3o do produto da fase de amostra para a fase piloto. Com nossa compreens\u00e3o do produto, bem como do m\u00e9todo de produ\u00e7\u00e3o, garantimos que haja uma transi\u00e7\u00e3o suave para uma rampa gradual para volumes maiores. <\/p>\n<p>Nossa equipe \u00e9 experiente em supervisionar esta fase cr\u00edtica do ciclo de vida de desenvolvimento do produto. Fornecemos consultoria pr\u00e1tica sobre os desafios de aumentar a produ\u00e7\u00e3o e garantir que os melhores processos e pr\u00e1ticas sejam implantados. O resultado \u00e9 um produto de qualidade que pode ser entregue em tempo adequado nesta fase inicial de produ\u00e7\u00e3o em massa.  <\/p>\n<p><strong>6. Produ\u00e7\u00e3o em massa<\/strong><\/p>\n<p>Depois de resolver todos os desafios encontrados durante a execu\u00e7\u00e3o piloto, \u00e9 hora de come\u00e7ar a produ\u00e7\u00e3o em massa. Neste ponto, processos padronizados s\u00e3o usados para construir pe\u00e7as intercambi\u00e1veis em grandes quantidades. Os engenheiros da Asiandavinci supervisionam continuamente o processo de fabrica\u00e7\u00e3o.   Eles fornecer\u00e3o insights e dados regulares que permitir\u00e3o decis\u00f5es informadas relacionadas \u00e0 produ\u00e7\u00e3o.<\/p>\n<p>Nossa equipe avalia o processo de fabrica\u00e7\u00e3o e fornece sugest\u00f5es de melhoria cont\u00ednua para manter ou melhorar a qualidade do produto e a otimiza\u00e7\u00e3o de custos. A Asiandavinci tamb\u00e9m oferece suporte no diagn\u00f3stico de desafios em processo e reclama\u00e7\u00f5es de produtos. Al\u00e9m disso, identificamos a causa raiz dos desafios de produ\u00e7\u00e3o e fornecemos op\u00e7\u00f5es de solu\u00e7\u00e3o para defeitos atuais ou potenciais.  <\/p>\n<p>N\u00e3o importa que tipo de novo conceito ou ideia voc\u00ea tenha, se ele exigir produ\u00e7\u00e3o terceirizada em larga escala, as etapas descritas acima devem ser seguidas para garantir um produto final bem-sucedido.<\/p>\n<p>A Asiandavinci International fornece uma ampla gama de servi\u00e7os de engenharia, design e desenvolvimento de produtos para lan\u00e7amentos de novos produtos ou revis\u00e3o e melhoria de produtos existentes.<\/p>\n\t\t\t\t\t\t\t\t<\/div>\n\t\t\t\t\t<\/div>\n\t\t\t\t<\/div>\n\t\t<div class=\"elementor-element elementor-element-a5e8b60 e-flex e-con-boxed e-con e-parent\" data-id=\"a5e8b60\" data-element_type=\"container\" data-e-type=\"container\" data-settings=\"{&quot;background_background&quot;:&quot;classic&quot;}\">\n\t\t\t\t\t<div class=\"e-con-inner\">\n\t\t\t\t<div class=\"elementor-element elementor-element-8f5830c elementor-widget elementor-widget-text-editor\" data-id=\"8f5830c\" data-element_type=\"widget\" data-e-type=\"widget\" data-widget_type=\"text-editor.default\">\n\t\t\t\t\t\t\t\t\t<h3 class=\"text-white text-center mb-3\">Pronto para reduzir seus custos de terceiriza\u00e7\u00e3o?<\/h3>\n\t\t\t\t\t\t\t\t<\/div>\n\t\t\t\t\t<\/div>\n\t\t\t\t<\/div>\n\t\t<div class=\"elementor-element elementor-element-a48d44b e-flex e-con-boxed e-con e-parent\" data-id=\"a48d44b\" data-element_type=\"container\" data-e-type=\"container\">\n\t\t\t\t\t<div class=\"e-con-inner\">\n\t\t\t\t<div class=\"elementor-element elementor-element-9251cda elementor-widget elementor-widget-text-editor\" data-id=\"9251cda\" data-element_type=\"widget\" data-e-type=\"widget\" data-widget_type=\"text-editor.default\">\n\t\t\t\t\t\t\t\t\t<h2 class=\" blue\">Obtenha um or\u00e7amento ou solicite um servi\u00e7o<\/h2>\n<p class=\"pb-5 text-dark\">Teremos prazer em lhe dar mais informa\u00e7\u00f5es sobre nossas solu\u00e7\u00f5es. Por favor, preencha este formul\u00e1rio para entrar em contato conosco. Responderemos o mais breve poss\u00edvel.  <\/p>\n\t\t\t\t\t\t\t\t<\/div>\n\t\t\t\t<div class=\"elementor-element elementor-element-96fb64c elementor-widget elementor-widget-wpforms\" data-id=\"96fb64c\" data-element_type=\"widget\" data-e-type=\"widget\" data-widget_type=\"wpforms.default\">\n\t\t\t\t<div class=\"elementor-widget-container\">\n\t\t\t\t\t<div class=\"wpforms-container \" id=\"wpforms-33029\"><form id=\"wpforms-form-33029\" class=\"wpforms-validate wpforms-form\" data-formid=\"33029\" method=\"post\" enctype=\"multipart\/form-data\" action=\"\/pt-br\/wp-json\/wp\/v2\/pages\/35636\" data-token=\"015cdc46f8b04a9189a1c6844bd9a569\"><noscript class=\"wpforms-error-noscript\">Ative o JavaScript no seu navegador para preencher este formul\u00e1rio.<\/noscript><div class=\"wpforms-field-container\"><div id=\"wpforms-33029-field_9-container\" class=\"wpforms-field wpforms-field-layout\" data-field-id=\"9\"><label class=\"wpforms-field-label wpforms-label-hide\" for=\"wpforms-33029-field_9\">Disposi\u00e7\u00e3o<\/label><div class=\"wpforms-field-layout-columns wpforms-field-layout-preset-50-50\"><div class=\"wpforms-layout-column wpforms-layout-column-50\"><div id=\"wpforms-33029-field_2-container\" class=\"wpforms-field wpforms-field-name\" data-field-id=\"2\"><label class=\"wpforms-field-label\" for=\"wpforms-33029-field_2\">Nome <span class=\"wpforms-required-label\">*<\/span><\/label><input type=\"text\" id=\"wpforms-33029-field_2\" class=\"wpforms-field-medium wpforms-field-required\" name=\"wpforms[fields][2]\" required><\/div><\/div><div class=\"wpforms-layout-column wpforms-layout-column-50\"><div id=\"wpforms-33029-field_1-container\" class=\"wpforms-field wpforms-field-text\" data-field-id=\"1\"><label class=\"wpforms-field-label\" for=\"wpforms-33029-field_1\">nome da empresa<\/label><input type=\"text\" id=\"wpforms-33029-field_1\" class=\"wpforms-field-medium\" name=\"wpforms[fields][1]\" ><\/div><\/div><\/div><\/div><div id=\"wpforms-33029-field_8-container\" class=\"wpforms-field wpforms-field-layout\" data-field-id=\"8\"><label class=\"wpforms-field-label wpforms-label-hide\" for=\"wpforms-33029-field_8\">Disposi\u00e7\u00e3o<\/label><div class=\"wpforms-field-layout-columns wpforms-field-layout-preset-50-50\"><div class=\"wpforms-layout-column wpforms-layout-column-50\"><div id=\"wpforms-33029-field_5-container\" class=\"wpforms-field wpforms-field-email\" data-field-id=\"5\"><label class=\"wpforms-field-label\" for=\"wpforms-33029-field_5\">Email <span class=\"wpforms-required-label\">*<\/span><\/label><input type=\"email\" id=\"wpforms-33029-field_5\" class=\"wpforms-field-medium wpforms-field-required\" name=\"wpforms[fields][5]\" spellcheck=\"false\" required><\/div><\/div><div class=\"wpforms-layout-column wpforms-layout-column-50\"><div id=\"wpforms-33029-field_6-container\" class=\"wpforms-field wpforms-field-phone\" data-field-id=\"6\"><label class=\"wpforms-field-label\" for=\"wpforms-33029-field_6\">Phone or Whatsapp <span class=\"wpforms-required-label\">*<\/span><\/label><input type=\"tel\" id=\"wpforms-33029-field_6\" class=\"wpforms-field-medium wpforms-field-required wpforms-smart-phone-field\" data-rule-smart-phone-field=\"true\" name=\"wpforms[fields][6]\" required><\/div><\/div><\/div><\/div><div id=\"wpforms-33029-field_14-container\" class=\"wpforms-field wpforms-field-layout\" data-field-id=\"14\"><label class=\"wpforms-field-label wpforms-label-hide\" for=\"wpforms-33029-field_14\">Disposi\u00e7\u00e3o<\/label><div class=\"wpforms-field-layout-columns wpforms-field-layout-preset-50-50\"><div class=\"wpforms-layout-column wpforms-layout-column-50\"><div id=\"wpforms-33029-field_15-container\" class=\"wpforms-field wpforms-field-textarea\" data-field-id=\"15\"><label class=\"wpforms-field-label\" for=\"wpforms-33029-field_15\">Tipo de produto <span class=\"wpforms-required-label\">*<\/span><\/label><textarea id=\"wpforms-33029-field_15\" class=\"wpforms-field-medium wpforms-field-required\" name=\"wpforms[fields][15]\" required><\/textarea><div class=\"wpforms-field-description\">Descreva o tipo de produto em que voc\u00ea est\u00e1 interessado, por exemplo, portas, janelas, etc.<\/div><\/div><\/div><div class=\"wpforms-layout-column wpforms-layout-column-50\"><div id=\"wpforms-33029-field_16-container\" class=\"wpforms-field wpforms-field-payment-multiple\" data-field-id=\"16\"><label class=\"wpforms-field-label\" for=\"wpforms-33029-field_16\">Faixa de or\u00e7amento de aquisi\u00e7\u00e3o<\/label><ul id=\"wpforms-33029-field_16\"><li class=\"choice-1\"><input type=\"radio\" id=\"wpforms-33029-field_16_1\" class=\"wpforms-payment-price\" data-amount=\"5,000.00\" name=\"wpforms[fields][16]\" value=\"1\"  ><label class=\"wpforms-field-label-inline\" for=\"wpforms-33029-field_16_1\">$1,000 - &#036; 5,000.00<\/label><\/li><li class=\"choice-2\"><input type=\"radio\" id=\"wpforms-33029-field_16_2\" class=\"wpforms-payment-price\" data-amount=\"15,000.00\" name=\"wpforms[fields][16]\" value=\"2\"  ><label class=\"wpforms-field-label-inline\" for=\"wpforms-33029-field_16_2\">$5,001 - &#036; 15,000.00<\/label><\/li><li class=\"choice-3\"><input type=\"radio\" id=\"wpforms-33029-field_16_3\" class=\"wpforms-payment-price\" data-amount=\"15,001.00\" name=\"wpforms[fields][16]\" value=\"3\"  ><label class=\"wpforms-field-label-inline\" for=\"wpforms-33029-field_16_3\">Pr\u00eamio - &#036; 15,001.00<\/label><\/li><\/ul><div class=\"wpforms-field-description\">Selecione sua faixa de or\u00e7amento para nos ajudar a adaptar nossa proposta \u00e0s suas necessidades financeiras.<\/div><\/div><\/div><\/div><\/div><div id=\"wpforms-33029-field_3-container\" class=\"wpforms-field wpforms-field-textarea\" data-field-id=\"3\"><label class=\"wpforms-field-label\" for=\"wpforms-33029-field_3\">Recursos personalizados<\/label><textarea id=\"wpforms-33029-field_3\" class=\"wpforms-field-medium\" name=\"wpforms[fields][3]\" ><\/textarea><div class=\"wpforms-field-description\">Detalhe quaisquer recursos personalizados ou modifica\u00e7\u00f5es necess\u00e1rias<\/div><\/div><\/div><!-- .wpforms-field-container --><div class=\"wpforms-recaptcha-container wpforms-is-recaptcha\" ><div class=\"g-recaptcha\" data-sitekey=\"6LeYkHcpAAAAACjQlXl3xC3FMc3K4YG5IiqiQr1s\"><\/div><input type=\"text\" name=\"g-recaptcha-hidden\" class=\"wpforms-recaptcha-hidden\" style=\"position:absolute!important;clip:rect(0,0,0,0)!important;height:1px!important;width:1px!important;border:0!important;overflow:hidden!important;padding:0!important;margin:0!important;\" data-rule-recaptcha=\"1\"><\/div><div class=\"wpforms-submit-container\" ><input type=\"hidden\" name=\"wpforms[id]\" value=\"33029\"><input type=\"hidden\" name=\"wpforms[author]\" value=\"2\"><button type=\"submit\" name=\"wpforms[submit]\" id=\"wpforms-submit-33029\" class=\"wpforms-submit\" data-alt-text=\"Enviando...\" data-submit-text=\"Envie sua demanda\" aria-live=\"assertive\" value=\"wpforms-submit\">Envie sua demanda<\/button><\/div><\/form><\/div>  <!-- .wpforms-container -->\t\t\t\t<\/div>\n\t\t\t\t<\/div>\n\t\t\t\t\t<\/div>\n\t\t\t\t<\/div>\n\t\t\t\t<\/div>\n\t\t","protected":false},"excerpt":{"rendered":"<p>Do conceito ao produto final Quer voc\u00ea esteja desenvolvendo um novo produto como empreendedor ou corpora\u00e7\u00e3o global, \u00e9 imperativo considerar os desafios de levar uma ideia do est\u00e1gio de conceito atrav\u00e9s da prototipagem inicial e, ent\u00e3o, finalmente, para a produ\u00e7\u00e3o em massa. Dados os inevit\u00e1veis obst\u00e1culos e contratempos, \u00e9 importante recorrer a suporte especializado e [&hellip;]<\/p>\n","protected":false},"author":2,"featured_media":37347,"parent":0,"menu_order":0,"comment_status":"closed","ping_status":"closed","template":"","meta":{"rank_math_lock_modified_date":false,"_uag_custom_page_level_css":"","site-sidebar-layout":"no-sidebar","site-content-layout":"page-builder","ast-site-content-layout":"full-width-container","site-content-style":"default","site-sidebar-style":"default","ast-global-header-display":"","ast-banner-title-visibility":"","ast-main-header-display":"","ast-hfb-above-header-display":"","ast-hfb-below-header-display":"","ast-hfb-mobile-header-display":"","site-post-title":"disabled","ast-breadcrumbs-content":"","ast-featured-img":"disabled","footer-sml-layout":"","ast-disable-related-posts":"","theme-transparent-header-meta":"","adv-header-id-meta":"","stick-header-meta":"","header-above-stick-meta":"","header-main-stick-meta":"","header-below-stick-meta":"","astra-migrate-meta-layouts":"set","ast-page-background-enabled":"default","ast-page-background-meta":{"desktop":{"background-color":"var(--ast-global-color-4)","background-image":"","background-repeat":"repeat","background-position":"center center","background-size":"auto","background-attachment":"scroll","background-type":"","background-media":"","overlay-type":"","overlay-color":"","overlay-opacity":"","overlay-gradient":""},"tablet":{"background-color":"","background-image":"","background-repeat":"repeat","background-position":"center center","background-size":"auto","background-attachment":"scroll","background-type":"","background-media":"","overlay-type":"","overlay-color":"","overlay-opacity":"","overlay-gradient":""},"mobile":{"background-color":"","background-image":"","background-repeat":"repeat","background-position":"center center","background-size":"auto","background-attachment":"scroll","background-type":"","background-media":"","overlay-type":"","overlay-color":"","overlay-opacity":"","overlay-gradient":""}},"ast-content-background-meta":{"desktop":{"background-color":"var(--ast-global-color-5)","background-image":"","background-repeat":"repeat","background-position":"center center","background-size":"auto","background-attachment":"scroll","background-type":"","background-media":"","overlay-type":"","overlay-color":"","overlay-opacity":"","overlay-gradient":""},"tablet":{"background-color":"var(--ast-global-color-5)","background-image":"","background-repeat":"repeat","background-position":"center center","background-size":"auto","background-attachment":"scroll","background-type":"","background-media":"","overlay-type":"","overlay-color":"","overlay-opacity":"","overlay-gradient":""},"mobile":{"background-color":"var(--ast-global-color-5)","background-image":"","background-repeat":"repeat","background-position":"center center","background-size":"auto","background-attachment":"scroll","background-type":"","background-media":"","overlay-type":"","overlay-color":"","overlay-opacity":"","overlay-gradient":""}},"footnotes":""},"class_list":["post-35636","page","type-page","status-publish","has-post-thumbnail","hentry"],"uagb_featured_image_src":{"full":["https:\/\/d12ipdv30ux650.cloudfront.net\/wp-content\/uploads\/2024\/09\/Your-Trusted-Sourcing-Partner-in-Chi-na.png",1900,950,false],"thumbnail":["https:\/\/d12ipdv30ux650.cloudfront.net\/wp-content\/uploads\/2024\/09\/Your-Trusted-Sourcing-Partner-in-Chi-na-150x150.png",150,150,true],"medium":["https:\/\/d12ipdv30ux650.cloudfront.net\/wp-content\/uploads\/2024\/09\/Your-Trusted-Sourcing-Partner-in-Chi-na-300x150.png",300,150,true],"medium_large":["https:\/\/d12ipdv30ux650.cloudfront.net\/wp-content\/uploads\/2024\/09\/Your-Trusted-Sourcing-Partner-in-Chi-na-768x384.png",768,384,true],"large":["https:\/\/d12ipdv30ux650.cloudfront.net\/wp-content\/uploads\/2024\/09\/Your-Trusted-Sourcing-Partner-in-Chi-na-1024x512.png",1024,512,true],"1536x1536":["https:\/\/d12ipdv30ux650.cloudfront.net\/wp-content\/uploads\/2024\/09\/Your-Trusted-Sourcing-Partner-in-Chi-na-1536x768.png",1536,768,true],"2048x2048":["https:\/\/d12ipdv30ux650.cloudfront.net\/wp-content\/uploads\/2024\/09\/Your-Trusted-Sourcing-Partner-in-Chi-na.png",1900,950,false],"woocommerce_thumbnail":["https:\/\/d12ipdv30ux650.cloudfront.net\/wp-content\/uploads\/2024\/09\/Your-Trusted-Sourcing-Partner-in-Chi-na-300x225.png",300,225,true],"woocommerce_single":["https:\/\/d12ipdv30ux650.cloudfront.net\/wp-content\/uploads\/2024\/09\/Your-Trusted-Sourcing-Partner-in-Chi-na-600x300.png",600,300,true],"woocommerce_gallery_thumbnail":["https:\/\/d12ipdv30ux650.cloudfront.net\/wp-content\/uploads\/2024\/09\/Your-Trusted-Sourcing-Partner-in-Chi-na-100x100.png",100,100,true]},"uagb_author_info":{"display_name":"peace","author_link":"https:\/\/asiandavinci.com\/pt-br\/author\/peace\/"},"uagb_comment_info":0,"uagb_excerpt":"Do conceito ao produto final Quer voc\u00ea esteja desenvolvendo um novo produto como empreendedor ou corpora\u00e7\u00e3o global, \u00e9 imperativo considerar os desafios de levar uma ideia do est\u00e1gio de conceito atrav\u00e9s da prototipagem inicial e, ent\u00e3o, finalmente, para a produ\u00e7\u00e3o em massa. Dados os inevit\u00e1veis obst\u00e1culos e contratempos, \u00e9 importante recorrer a suporte especializado e&hellip;","_links":{"self":[{"href":"https:\/\/asiandavinci.com\/pt-br\/wp-json\/wp\/v2\/pages\/35636","targetHints":{"allow":["GET"]}}],"collection":[{"href":"https:\/\/asiandavinci.com\/pt-br\/wp-json\/wp\/v2\/pages"}],"about":[{"href":"https:\/\/asiandavinci.com\/pt-br\/wp-json\/wp\/v2\/types\/page"}],"author":[{"embeddable":true,"href":"https:\/\/asiandavinci.com\/pt-br\/wp-json\/wp\/v2\/users\/2"}],"replies":[{"embeddable":true,"href":"https:\/\/asiandavinci.com\/pt-br\/wp-json\/wp\/v2\/comments?post=35636"}],"version-history":[{"count":3,"href":"https:\/\/asiandavinci.com\/pt-br\/wp-json\/wp\/v2\/pages\/35636\/revisions"}],"predecessor-version":[{"id":39580,"href":"https:\/\/asiandavinci.com\/pt-br\/wp-json\/wp\/v2\/pages\/35636\/revisions\/39580"}],"wp:featuredmedia":[{"embeddable":true,"href":"https:\/\/asiandavinci.com\/pt-br\/wp-json\/wp\/v2\/media\/37347"}],"wp:attachment":[{"href":"https:\/\/asiandavinci.com\/pt-br\/wp-json\/wp\/v2\/media?parent=35636"}],"curies":[{"name":"wp","href":"https:\/\/api.w.org\/{rel}","templated":true}]}}