{"id":39638,"date":"2024-08-08T10:51:20","date_gmt":"2024-08-08T02:51:20","guid":{"rendered":"https:\/\/asiandavinci.com\/politica-de-cookies\/"},"modified":"2024-10-29T17:37:21","modified_gmt":"2024-10-29T09:37:21","slug":"politica-de-cookies","status":"publish","type":"page","link":"https:\/\/asiandavinci.com\/pt-br\/politica-de-cookies\/","title":{"rendered":"Pol\u00edtica de Cookies"},"content":{"rendered":"\n<h2 class=\"wp-block-heading\">Pol\u00edtica de cookies da AsianDavinci International Trade Company Limited<\/h2>\n\n<p>Usamos cookies para ajudar a melhorar sua experi\u00eancia em nosso site em<a href=\"https:\/\/asiandavinci.com\/pt-br\/\"> https:\/\/asiandavinci.com.<\/a> Esta pol\u00edtica de cookies faz parte da pol\u00edtica de privacidade da AsianDavinci International Trade Company Limited. Ela abrange o uso de cookies entre seu dispositivo e nosso site.  <\/p>\n\n<p>Tamb\u00e9m fornecemos informa\u00e7\u00f5es b\u00e1sicas sobre servi\u00e7os de terceiros que podemos usar, que tamb\u00e9m podem usar cookies como parte de seu servi\u00e7o. Esta pol\u00edtica n\u00e3o cobre seus cookies. <\/p>\n\n<p>Se voc\u00ea n\u00e3o deseja aceitar cookies nossos, voc\u00ea deve instruir seu navegador para recusar cookies de <a href=\"https:\/\/asiandavinci.com.\" data-type=\"link\" data-id=\"https:\/\/asiandavinci.com.\"><\/a><a href=\"https:\/\/asiandavinci.com\/pt-br\/\">https:\/\/asiandavinci.com.<\/a> Nesse caso, podemos n\u00e3o conseguir fornecer a voc\u00ea alguns dos seus conte\u00fados e servi\u00e7os desejados. <\/p>\n\n<h3 class=\"wp-block-heading\">O que \u00e9 um cookie?<\/h3>\n\n<p>Um cookie \u00e9 um pequeno peda\u00e7o de dados que um site armazena no seu dispositivo quando voc\u00ea o visita. Ele normalmente cont\u00e9m informa\u00e7\u00f5es sobre o site em si, um identificador exclusivo que permite que o site reconhe\u00e7a seu navegador quando voc\u00ea retorna, dados adicionais que atendem ao prop\u00f3sito do cookie e a vida \u00fatil do pr\u00f3prio cookie. <\/p>\n\n<p>Os cookies s\u00e3o usados para habilitar determinados recursos (por exemplo, login), rastrear o uso do site (por exemplo, an\u00e1lises), armazenar suas configura\u00e7\u00f5es de usu\u00e1rio (por exemplo, fuso hor\u00e1rio, prefer\u00eancias de notifica\u00e7\u00e3o) e personalizar seu conte\u00fado (por exemplo, publicidade, idioma).<\/p>\n\n<p>Os cookies definidos pelo site que voc\u00ea est\u00e1 visitando s\u00e3o geralmente chamados de cookies prim\u00e1rios. Eles normalmente rastreiam apenas sua atividade naquele site espec\u00edfico. <\/p>\n\n<p>Cookies definidos por outros sites e empresas (ou seja, terceiros) s\u00e3o chamados de cookies de terceiros. Eles podem ser usados para rastre\u00e1-lo em outros sites que usam o mesmo servi\u00e7o de terceiros.<\/p>\n\n<h3 class=\"wp-block-heading\">Tipos de cookies e como os usamos<\/h3>\n\n<h4 class=\"wp-block-heading\">Cookies essenciais<\/h4>\n\n<p>Cookies essenciais s\u00e3o cruciais para sua experi\u00eancia em um site, permitindo recursos essenciais como logins de usu\u00e1rios, gerenciamento de contas, carrinhos de compras e processamento de pagamentos.<\/p>\n\n<p>Utilizamos cookies essenciais para habilitar determinadas fun\u00e7\u00f5es em nosso site.<\/p>\n\n<h4 class=\"wp-block-heading\">Cookies de desempenho<\/h4>\n\n<p>Os cookies de desempenho rastreiam como voc\u00ea usa um site durante sua visita. Normalmente, essas informa\u00e7\u00f5es s\u00e3o an\u00f4nimas e agregadas, com informa\u00e7\u00f5es rastreadas em todos os usu\u00e1rios do site. Eles ajudam as empresas a entender os padr\u00f5es de uso dos visitantes, identificar e diagnosticar problemas ou erros que seus usu\u00e1rios podem encontrar e tomar melhores decis\u00f5es estrat\u00e9gicas para melhorar a experi\u00eancia geral do site de seu p\u00fablico. Esses cookies podem ser definidos pelo site que voc\u00ea est\u00e1 visitando (prim\u00e1rio) ou por servi\u00e7os de terceiros. Eles n\u00e3o coletam informa\u00e7\u00f5es pessoais sobre voc\u00ea.    <\/p>\n\n<p>Usamos cookies de desempenho em nosso site.<\/p>\n\n<h4 class=\"wp-block-heading\">Cookies de funcionalidade<\/h4>\n\n<p>Os cookies de funcionalidade s\u00e3o usados para coletar informa\u00e7\u00f5es sobre seu dispositivo e quaisquer configura\u00e7\u00f5es que voc\u00ea possa configurar no site que est\u00e1 visitando (como configura\u00e7\u00f5es de idioma e fuso hor\u00e1rio). Com essas informa\u00e7\u00f5es, os sites podem fornecer a voc\u00ea conte\u00fado e servi\u00e7os personalizados, aprimorados ou otimizados. Esses cookies podem ser definidos pelo site que voc\u00ea est\u00e1 visitando (primeiro) ou por servi\u00e7os de terceiros.  <\/p>\n\n<p>Usamos cookies de funcionalidade para recursos selecionados em nosso site.<\/p>\n\n<h4 class=\"wp-block-heading\">Cookies de segmenta\u00e7\u00e3o\/publicidade<\/h4>\n\n<p>Os cookies de segmenta\u00e7\u00e3o\/publicidade ajudam a determinar qual conte\u00fado promocional \u00e9 mais relevante e apropriado para voc\u00ea e seus interesses. Os sites podem us\u00e1-los para fornecer publicidade direcionada ou limitar o n\u00famero de vezes que voc\u00ea v\u00ea um an\u00fancio. Isso ajuda as empresas a melhorar a efic\u00e1cia de suas campanhas e a qualidade do conte\u00fado apresentado a voc\u00ea. Esses cookies podem ser definidos pelo site que voc\u00ea est\u00e1 visitando (prim\u00e1rio) ou por servi\u00e7os de terceiros. Os cookies de segmenta\u00e7\u00e3o\/publicidade definidos por terceiros podem ser usados para rastrear voc\u00ea em outros sites que usam o mesmo servi\u00e7o de terceiros.    <\/p>\n\n<p>N\u00e3o usamos esse tipo de cookie em nosso site.<\/p>\n","protected":false},"excerpt":{"rendered":"<p>Pol\u00edtica de cookies da AsianDavinci International Trade Company Limited Usamos cookies para ajudar a melhorar sua experi\u00eancia em nosso site em https:\/\/asiandavinci.com. Esta pol\u00edtica de cookies faz parte da pol\u00edtica de privacidade da AsianDavinci International Trade Company Limited. Ela abrange o uso de cookies entre seu dispositivo e nosso site. Tamb\u00e9m fornecemos informa\u00e7\u00f5es b\u00e1sicas sobre [&hellip;]<\/p>\n","protected":false},"author":2,"featured_media":0,"parent":0,"menu_order":0,"comment_status":"closed","ping_status":"closed","template":"","meta":{"rank_math_lock_modified_date":false,"_uag_custom_page_level_css":"","site-sidebar-layout":"default","site-content-layout":"","ast-site-content-layout":"default","site-content-style":"default","site-sidebar-style":"default","ast-global-header-display":"","ast-banner-title-visibility":"","ast-main-header-display":"","ast-hfb-above-header-display":"","ast-hfb-below-header-display":"","ast-hfb-mobile-header-display":"","site-post-title":"","ast-breadcrumbs-content":"","ast-featured-img":"","footer-sml-layout":"","ast-disable-related-posts":"","theme-transparent-header-meta":"","adv-header-id-meta":"","stick-header-meta":"","header-above-stick-meta":"","header-main-stick-meta":"","header-below-stick-meta":"","astra-migrate-meta-layouts":"default","ast-page-background-enabled":"default","ast-page-background-meta":{"desktop":{"background-color":"var(--ast-global-color-4)","background-image":"","background-repeat":"repeat","background-position":"center center","background-size":"auto","background-attachment":"scroll","background-type":"","background-media":"","overlay-type":"","overlay-color":"","overlay-opacity":"","overlay-gradient":""},"tablet":{"background-color":"","background-image":"","background-repeat":"repeat","background-position":"center center","background-size":"auto","background-attachment":"scroll","background-type":"","background-media":"","overlay-type":"","overlay-color":"","overlay-opacity":"","overlay-gradient":""},"mobile":{"background-color":"","background-image":"","background-repeat":"repeat","background-position":"center center","background-size":"auto","background-attachment":"scroll","background-type":"","background-media":"","overlay-type":"","overlay-color":"","overlay-opacity":"","overlay-gradient":""}},"ast-content-background-meta":{"desktop":{"background-color":"var(--ast-global-color-5)","background-image":"","background-repeat":"repeat","background-position":"center center","background-size":"auto","background-attachment":"scroll","background-type":"","background-media":"","overlay-type":"","overlay-color":"","overlay-opacity":"","overlay-gradient":""},"tablet":{"background-color":"var(--ast-global-color-5)","background-image":"","background-repeat":"repeat","background-position":"center center","background-size":"auto","background-attachment":"scroll","background-type":"","background-media":"","overlay-type":"","overlay-color":"","overlay-opacity":"","overlay-gradient":""},"mobile":{"background-color":"var(--ast-global-color-5)","background-image":"","background-repeat":"repeat","background-position":"center center","background-size":"auto","background-attachment":"scroll","background-type":"","background-media":"","overlay-type":"","overlay-color":"","overlay-opacity":"","overlay-gradient":""}},"footnotes":""},"class_list":["post-39638","page","type-page","status-publish","hentry"],"uagb_featured_image_src":{"full":false,"thumbnail":false,"medium":false,"medium_large":false,"large":false,"1536x1536":false,"2048x2048":false,"woocommerce_thumbnail":false,"woocommerce_single":false,"woocommerce_gallery_thumbnail":false},"uagb_author_info":{"display_name":"peace","author_link":"https:\/\/asiandavinci.com\/pt-br\/author\/peace\/"},"uagb_comment_info":0,"uagb_excerpt":"Pol\u00edtica de cookies da AsianDavinci International Trade Company Limited Usamos cookies para ajudar a melhorar sua experi\u00eancia em nosso site em https:\/\/asiandavinci.com. Esta pol\u00edtica de cookies faz parte da pol\u00edtica de privacidade da AsianDavinci International Trade Company Limited. Ela abrange o uso de cookies entre seu dispositivo e nosso site. Tamb\u00e9m fornecemos informa\u00e7\u00f5es b\u00e1sicas sobre&hellip;","_links":{"self":[{"href":"https:\/\/asiandavinci.com\/pt-br\/wp-json\/wp\/v2\/pages\/39638","targetHints":{"allow":["GET"]}}],"collection":[{"href":"https:\/\/asiandavinci.com\/pt-br\/wp-json\/wp\/v2\/pages"}],"about":[{"href":"https:\/\/asiandavinci.com\/pt-br\/wp-json\/wp\/v2\/types\/page"}],"author":[{"embeddable":true,"href":"https:\/\/asiandavinci.com\/pt-br\/wp-json\/wp\/v2\/users\/2"}],"replies":[{"embeddable":true,"href":"https:\/\/asiandavinci.com\/pt-br\/wp-json\/wp\/v2\/comments?post=39638"}],"version-history":[{"count":1,"href":"https:\/\/asiandavinci.com\/pt-br\/wp-json\/wp\/v2\/pages\/39638\/revisions"}],"predecessor-version":[{"id":39639,"href":"https:\/\/asiandavinci.com\/pt-br\/wp-json\/wp\/v2\/pages\/39638\/revisions\/39639"}],"wp:attachment":[{"href":"https:\/\/asiandavinci.com\/pt-br\/wp-json\/wp\/v2\/media?parent=39638"}],"curies":[{"name":"wp","href":"https:\/\/api.w.org\/{rel}","templated":true}]}}