{"id":12075,"date":"2024-01-26T10:20:30","date_gmt":"2024-01-26T02:20:30","guid":{"rendered":"https:\/\/asiandavinci.com\/product\/ai-humano-detecta-camera-sem-fio-de-visao-noturna-em-cores\/"},"modified":"2024-01-26T10:20:30","modified_gmt":"2024-01-26T02:20:30","slug":"ai-humano-detecta-camera-sem-fio-de-visao-noturna-em-cores","status":"publish","type":"product","link":"https:\/\/asiandavinci.com\/pt-br\/produto\/ai-humano-detecta-camera-sem-fio-de-visao-noturna-em-cores\/","title":{"rendered":"AI humano detecta c\u00e2mera sem fio de vis\u00e3o noturna em cores"},"content":{"rendered":"","protected":false},"excerpt":{"rendered":"<p>5g wifi 5mp e27 l\u00e2mpada c\u00e2mera de vigil\u00e2ncia interior 4x zoom digital ai detec\u00e7\u00e3o humana cor cheia vis\u00e3o noturna sem fio cam casa inteligente<\/p>\n","protected":false},"featured_media":12076,"template":"","meta":{"rank_math_lock_modified_date":false,"_uag_custom_page_level_css":"","site-sidebar-layout":"default","site-content-layout":"","ast-site-content-layout":"default","site-content-style":"default","site-sidebar-style":"default","ast-global-header-display":"","ast-banner-title-visibility":"","ast-main-header-display":"","ast-hfb-above-header-display":"","ast-hfb-below-header-display":"","ast-hfb-mobile-header-display":"","site-post-title":"","ast-breadcrumbs-content":"","ast-featured-img":"","footer-sml-layout":"","ast-disable-related-posts":"","theme-transparent-header-meta":"default","adv-header-id-meta":"","stick-header-meta":"default","header-above-stick-meta":"","header-main-stick-meta":"","header-below-stick-meta":"","astra-migrate-meta-layouts":"default","ast-page-background-enabled":"default","ast-page-background-meta":{"desktop":{"background-color":"var(--ast-global-color-4)","background-image":"","background-repeat":"repeat","background-position":"center center","background-size":"auto","background-attachment":"scroll","background-type":"","background-media":"","overlay-type":"","overlay-color":"","overlay-opacity":"","overlay-gradient":""},"tablet":{"background-color":"","background-image":"","background-repeat":"repeat","background-position":"center center","background-size":"auto","background-attachment":"scroll","background-type":"","background-media":"","overlay-type":"","overlay-color":"","overlay-opacity":"","overlay-gradient":""},"mobile":{"background-color":"","background-image":"","background-repeat":"repeat","background-position":"center center","background-size":"auto","background-attachment":"scroll","background-type":"","background-media":"","overlay-type":"","overlay-color":"","overlay-opacity":"","overlay-gradient":""}},"ast-content-background-meta":{"desktop":{"background-color":"var(--ast-global-color-5)","background-image":"","background-repeat":"repeat","background-position":"center center","background-size":"auto","background-attachment":"scroll","background-type":"","background-media":"","overlay-type":"","overlay-color":"","overlay-opacity":"","overlay-gradient":""},"tablet":{"background-color":"var(--ast-global-color-5)","background-image":"","background-repeat":"repeat","background-position":"center center","background-size":"auto","background-attachment":"scroll","background-type":"","background-media":"","overlay-type":"","overlay-color":"","overlay-opacity":"","overlay-gradient":""},"mobile":{"background-color":"var(--ast-global-color-5)","background-image":"","background-repeat":"repeat","background-position":"center center","background-size":"auto","background-attachment":"scroll","background-type":"","background-media":"","overlay-type":"","overlay-color":"","overlay-opacity":"","overlay-gradient":""}}},"product_brand":[],"product_cat":[167],"product_tag":[],"class_list":{"0":"post-12075","1":"product","2":"type-product","3":"status-publish","4":"has-post-thumbnail","6":"product_cat-produtos-domesticos-inteligentes","7":"desktop-align-left","8":"tablet-align-left","9":"mobile-align-left","11":"first","12":"instock","13":"shipping-taxable","14":"product-type-simple"},"uagb_featured_image_src":{"full":["https:\/\/d12ipdv30ux650.cloudfront.net\/wp-content\/uploads\/2024\/01\/5G-Wifi-5MP-E27-Bulb-Surveillance-Camera-Indoor-4X-Digital-Zoom-AI-Human-Detect-Full-Color.jpg_.webp-3.jpg",1000,1000,false],"thumbnail":["https:\/\/d12ipdv30ux650.cloudfront.net\/wp-content\/uploads\/2024\/01\/5G-Wifi-5MP-E27-Bulb-Surveillance-Camera-Indoor-4X-Digital-Zoom-AI-Human-Detect-Full-Color.jpg_.webp-3-150x150.jpg",150,150,true],"medium":["https:\/\/d12ipdv30ux650.cloudfront.net\/wp-content\/uploads\/2024\/01\/5G-Wifi-5MP-E27-Bulb-Surveillance-Camera-Indoor-4X-Digital-Zoom-AI-Human-Detect-Full-Color.jpg_.webp-3-300x300.jpg",300,300,true],"medium_large":["https:\/\/d12ipdv30ux650.cloudfront.net\/wp-content\/uploads\/2024\/01\/5G-Wifi-5MP-E27-Bulb-Surveillance-Camera-Indoor-4X-Digital-Zoom-AI-Human-Detect-Full-Color.jpg_.webp-3-768x768.jpg",768,768,true],"large":["https:\/\/d12ipdv30ux650.cloudfront.net\/wp-content\/uploads\/2024\/01\/5G-Wifi-5MP-E27-Bulb-Surveillance-Camera-Indoor-4X-Digital-Zoom-AI-Human-Detect-Full-Color.jpg_.webp-3.jpg",1000,1000,false],"1536x1536":["https:\/\/d12ipdv30ux650.cloudfront.net\/wp-content\/uploads\/2024\/01\/5G-Wifi-5MP-E27-Bulb-Surveillance-Camera-Indoor-4X-Digital-Zoom-AI-Human-Detect-Full-Color.jpg_.webp-3.jpg",1000,1000,false],"2048x2048":["https:\/\/d12ipdv30ux650.cloudfront.net\/wp-content\/uploads\/2024\/01\/5G-Wifi-5MP-E27-Bulb-Surveillance-Camera-Indoor-4X-Digital-Zoom-AI-Human-Detect-Full-Color.jpg_.webp-3.jpg",1000,1000,false],"woocommerce_thumbnail":["https:\/\/d12ipdv30ux650.cloudfront.net\/wp-content\/uploads\/2024\/01\/5G-Wifi-5MP-E27-Bulb-Surveillance-Camera-Indoor-4X-Digital-Zoom-AI-Human-Detect-Full-Color.jpg_.webp-3-300x225.jpg",300,225,true],"woocommerce_single":["https:\/\/d12ipdv30ux650.cloudfront.net\/wp-content\/uploads\/2024\/01\/5G-Wifi-5MP-E27-Bulb-Surveillance-Camera-Indoor-4X-Digital-Zoom-AI-Human-Detect-Full-Color.jpg_.webp-3-600x600.jpg",600,600,true],"woocommerce_gallery_thumbnail":["https:\/\/d12ipdv30ux650.cloudfront.net\/wp-content\/uploads\/2024\/01\/5G-Wifi-5MP-E27-Bulb-Surveillance-Camera-Indoor-4X-Digital-Zoom-AI-Human-Detect-Full-Color.jpg_.webp-3-100x100.jpg",100,100,true]},"uagb_author_info":{"display_name":"lad","author_link":"https:\/\/asiandavinci.com\/pt-br\/author\/"},"uagb_comment_info":0,"uagb_excerpt":"5g wifi 5mp e27 l\u00e2mpada c\u00e2mera de vigil\u00e2ncia interior 4x zoom digital ai detec\u00e7\u00e3o humana cor cheia vis\u00e3o noturna sem fio cam casa inteligente","_links":{"self":[{"href":"https:\/\/asiandavinci.com\/pt-br\/wp-json\/wp\/v2\/product\/12075","targetHints":{"allow":["GET"]}}],"collection":[{"href":"https:\/\/asiandavinci.com\/pt-br\/wp-json\/wp\/v2\/product"}],"about":[{"href":"https:\/\/asiandavinci.com\/pt-br\/wp-json\/wp\/v2\/types\/product"}],"wp:featuredmedia":[{"embeddable":true,"href":"https:\/\/asiandavinci.com\/pt-br\/wp-json\/wp\/v2\/media\/12076"}],"wp:attachment":[{"href":"https:\/\/asiandavinci.com\/pt-br\/wp-json\/wp\/v2\/media?parent=12075"}],"wp:term":[{"taxonomy":"product_brand","embeddable":true,"href":"https:\/\/asiandavinci.com\/pt-br\/wp-json\/wp\/v2\/product_brand?post=12075"},{"taxonomy":"product_cat","embeddable":true,"href":"https:\/\/asiandavinci.com\/pt-br\/wp-json\/wp\/v2\/product_cat?post=12075"},{"taxonomy":"product_tag","embeddable":true,"href":"https:\/\/asiandavinci.com\/pt-br\/wp-json\/wp\/v2\/product_tag?post=12075"}],"curies":[{"name":"wp","href":"https:\/\/api.w.org\/{rel}","templated":true}]}}