{"id":12109,"date":"2024-01-25T15:52:24","date_gmt":"2024-01-25T07:52:24","guid":{"rendered":"https:\/\/asiandavinci.com\/product\/2024-novo-aspirador-robo-varredor-usb\/"},"modified":"2024-01-25T15:52:24","modified_gmt":"2024-01-25T07:52:24","slug":"2024-novo-aspirador-robo-varredor-usb","status":"publish","type":"product","link":"https:\/\/asiandavinci.com\/pt-br\/produto\/2024-novo-aspirador-robo-varredor-usb\/","title":{"rendered":"2024 NOVO aspirador rob\u00f4 varredor USB"},"content":{"rendered":"","protected":false},"excerpt":{"rendered":"<p>2024 novo rob\u00f4 aspirador de p\u00f3 usb varrendo 3 em 1 inteligente sem fio 1500pa arrastando limpeza varre ch\u00e3o para escrit\u00f3rio dom\u00e9stico[wpforms id=\"585\"]<\/p>\n","protected":false},"featured_media":12110,"template":"","meta":{"rank_math_lock_modified_date":false,"_uag_custom_page_level_css":"","site-sidebar-layout":"default","site-content-layout":"","ast-site-content-layout":"default","site-content-style":"default","site-sidebar-style":"default","ast-global-header-display":"","ast-banner-title-visibility":"","ast-main-header-display":"","ast-hfb-above-header-display":"","ast-hfb-below-header-display":"","ast-hfb-mobile-header-display":"","site-post-title":"","ast-breadcrumbs-content":"","ast-featured-img":"","footer-sml-layout":"","ast-disable-related-posts":"","theme-transparent-header-meta":"default","adv-header-id-meta":"","stick-header-meta":"default","header-above-stick-meta":"","header-main-stick-meta":"","header-below-stick-meta":"","astra-migrate-meta-layouts":"default","ast-page-background-enabled":"default","ast-page-background-meta":{"desktop":{"background-color":"var(--ast-global-color-4)","background-image":"","background-repeat":"repeat","background-position":"center center","background-size":"auto","background-attachment":"scroll","background-type":"","background-media":"","overlay-type":"","overlay-color":"","overlay-opacity":"","overlay-gradient":""},"tablet":{"background-color":"","background-image":"","background-repeat":"repeat","background-position":"center center","background-size":"auto","background-attachment":"scroll","background-type":"","background-media":"","overlay-type":"","overlay-color":"","overlay-opacity":"","overlay-gradient":""},"mobile":{"background-color":"","background-image":"","background-repeat":"repeat","background-position":"center center","background-size":"auto","background-attachment":"scroll","background-type":"","background-media":"","overlay-type":"","overlay-color":"","overlay-opacity":"","overlay-gradient":""}},"ast-content-background-meta":{"desktop":{"background-color":"var(--ast-global-color-5)","background-image":"","background-repeat":"repeat","background-position":"center center","background-size":"auto","background-attachment":"scroll","background-type":"","background-media":"","overlay-type":"","overlay-color":"","overlay-opacity":"","overlay-gradient":""},"tablet":{"background-color":"var(--ast-global-color-5)","background-image":"","background-repeat":"repeat","background-position":"center center","background-size":"auto","background-attachment":"scroll","background-type":"","background-media":"","overlay-type":"","overlay-color":"","overlay-opacity":"","overlay-gradient":""},"mobile":{"background-color":"var(--ast-global-color-5)","background-image":"","background-repeat":"repeat","background-position":"center center","background-size":"auto","background-attachment":"scroll","background-type":"","background-media":"","overlay-type":"","overlay-color":"","overlay-opacity":"","overlay-gradient":""}}},"product_brand":[],"product_cat":[167],"product_tag":[],"class_list":{"0":"post-12109","1":"product","2":"type-product","3":"status-publish","4":"has-post-thumbnail","6":"product_cat-produtos-domesticos-inteligentes","7":"desktop-align-left","8":"tablet-align-left","9":"mobile-align-left","11":"first","12":"instock","13":"shipping-taxable","14":"product-type-simple"},"uagb_featured_image_src":{"full":["https:\/\/d12ipdv30ux650.cloudfront.net\/wp-content\/uploads\/2024\/01\/2024-NEW-USB-Sweeping-Robot-Vacuum-Cleaner-Mopping-3-In-1-Smart-Wireless-1500Pa-Dragging-Cleaning.jpg_.webp-3.jpg",800,800,false],"thumbnail":["https:\/\/d12ipdv30ux650.cloudfront.net\/wp-content\/uploads\/2024\/01\/2024-NEW-USB-Sweeping-Robot-Vacuum-Cleaner-Mopping-3-In-1-Smart-Wireless-1500Pa-Dragging-Cleaning.jpg_.webp-3-150x150.jpg",150,150,true],"medium":["https:\/\/d12ipdv30ux650.cloudfront.net\/wp-content\/uploads\/2024\/01\/2024-NEW-USB-Sweeping-Robot-Vacuum-Cleaner-Mopping-3-In-1-Smart-Wireless-1500Pa-Dragging-Cleaning.jpg_.webp-3-300x300.jpg",300,300,true],"medium_large":["https:\/\/d12ipdv30ux650.cloudfront.net\/wp-content\/uploads\/2024\/01\/2024-NEW-USB-Sweeping-Robot-Vacuum-Cleaner-Mopping-3-In-1-Smart-Wireless-1500Pa-Dragging-Cleaning.jpg_.webp-3-768x768.jpg",768,768,true],"large":["https:\/\/d12ipdv30ux650.cloudfront.net\/wp-content\/uploads\/2024\/01\/2024-NEW-USB-Sweeping-Robot-Vacuum-Cleaner-Mopping-3-In-1-Smart-Wireless-1500Pa-Dragging-Cleaning.jpg_.webp-3.jpg",800,800,false],"1536x1536":["https:\/\/d12ipdv30ux650.cloudfront.net\/wp-content\/uploads\/2024\/01\/2024-NEW-USB-Sweeping-Robot-Vacuum-Cleaner-Mopping-3-In-1-Smart-Wireless-1500Pa-Dragging-Cleaning.jpg_.webp-3.jpg",800,800,false],"2048x2048":["https:\/\/d12ipdv30ux650.cloudfront.net\/wp-content\/uploads\/2024\/01\/2024-NEW-USB-Sweeping-Robot-Vacuum-Cleaner-Mopping-3-In-1-Smart-Wireless-1500Pa-Dragging-Cleaning.jpg_.webp-3.jpg",800,800,false],"woocommerce_thumbnail":["https:\/\/d12ipdv30ux650.cloudfront.net\/wp-content\/uploads\/2024\/01\/2024-NEW-USB-Sweeping-Robot-Vacuum-Cleaner-Mopping-3-In-1-Smart-Wireless-1500Pa-Dragging-Cleaning.jpg_.webp-3-300x225.jpg",300,225,true],"woocommerce_single":["https:\/\/d12ipdv30ux650.cloudfront.net\/wp-content\/uploads\/2024\/01\/2024-NEW-USB-Sweeping-Robot-Vacuum-Cleaner-Mopping-3-In-1-Smart-Wireless-1500Pa-Dragging-Cleaning.jpg_.webp-3-600x600.jpg",600,600,true],"woocommerce_gallery_thumbnail":["https:\/\/d12ipdv30ux650.cloudfront.net\/wp-content\/uploads\/2024\/01\/2024-NEW-USB-Sweeping-Robot-Vacuum-Cleaner-Mopping-3-In-1-Smart-Wireless-1500Pa-Dragging-Cleaning.jpg_.webp-3-100x100.jpg",100,100,true]},"uagb_author_info":{"display_name":"lad","author_link":"https:\/\/asiandavinci.com\/pt-br\/author\/"},"uagb_comment_info":0,"uagb_excerpt":"2024 novo rob\u00f4 aspirador de p\u00f3 usb varrendo 3 em 1 inteligente sem fio 1500pa arrastando limpeza varre ch\u00e3o para escrit\u00f3rio dom\u00e9stico[wpforms id=\"585\"]","_links":{"self":[{"href":"https:\/\/asiandavinci.com\/pt-br\/wp-json\/wp\/v2\/product\/12109","targetHints":{"allow":["GET"]}}],"collection":[{"href":"https:\/\/asiandavinci.com\/pt-br\/wp-json\/wp\/v2\/product"}],"about":[{"href":"https:\/\/asiandavinci.com\/pt-br\/wp-json\/wp\/v2\/types\/product"}],"wp:featuredmedia":[{"embeddable":true,"href":"https:\/\/asiandavinci.com\/pt-br\/wp-json\/wp\/v2\/media\/12110"}],"wp:attachment":[{"href":"https:\/\/asiandavinci.com\/pt-br\/wp-json\/wp\/v2\/media?parent=12109"}],"wp:term":[{"taxonomy":"product_brand","embeddable":true,"href":"https:\/\/asiandavinci.com\/pt-br\/wp-json\/wp\/v2\/product_brand?post=12109"},{"taxonomy":"product_cat","embeddable":true,"href":"https:\/\/asiandavinci.com\/pt-br\/wp-json\/wp\/v2\/product_cat?post=12109"},{"taxonomy":"product_tag","embeddable":true,"href":"https:\/\/asiandavinci.com\/pt-br\/wp-json\/wp\/v2\/product_tag?post=12109"}],"curies":[{"name":"wp","href":"https:\/\/api.w.org\/{rel}","templated":true}]}}