{"id":13805,"date":"2024-01-20T13:45:34","date_gmt":"2024-01-20T05:45:34","guid":{"rendered":"https:\/\/asiandavinci.com\/product\/%d8%b7%d8%a7%d9%88%d9%84%d8%a7%d8%aa-%d9%88%d9%83%d8%b1%d8%b3%d9%8a-%d9%81%d9%8a-%d8%a7%d9%84%d9%81%d9%86%d8%a7%d8%a1-%d8%a7%d9%84%d8%ae%d8%a7%d8%b1%d8%ac%d9%8a\/"},"modified":"2024-02-19T15:00:47","modified_gmt":"2024-02-19T07:00:47","slug":"%d8%b7%d8%a7%d9%88%d9%84%d8%a7%d8%aa-%d9%88%d9%83%d8%b1%d8%b3%d9%8a-%d9%81%d9%8a-%d8%a7%d9%84%d9%81%d9%86%d8%a7%d8%a1-%d8%a7%d9%84%d8%ae%d8%a7%d8%b1%d8%ac%d9%8a","status":"publish","type":"product","link":"https:\/\/asiandavinci.com\/pt-br\/produto\/%d8%b7%d8%a7%d9%88%d9%84%d8%a7%d8%aa-%d9%88%d9%83%d8%b1%d8%b3%d9%8a-%d9%81%d9%8a-%d8%a7%d9%84%d9%81%d9%86%d8%a7%d8%a1-%d8%a7%d9%84%d8%ae%d8%a7%d8%b1%d8%ac%d9%8a\/","title":{"rendered":"Mesas e cadeiras para p\u00e1tio externo"},"content":{"rendered":"","protected":false},"excerpt":{"rendered":"<p>Mesas e cadeiras para p\u00e1tio externo, mesas e cadeiras de lazer para jardim, combina\u00e7\u00e3o de villa, varanda externa, sof\u00e1, alum\u00ednio, prote\u00e7\u00e3o solar \u00e0 prova d&#8217;\u00e1gua[wpforms id=\"585\"]<\/p>\n","protected":false},"featured_media":13806,"template":"","meta":{"rank_math_lock_modified_date":false,"_uag_custom_page_level_css":"","site-sidebar-layout":"default","site-content-layout":"","ast-site-content-layout":"default","site-content-style":"default","site-sidebar-style":"default","ast-global-header-display":"","ast-banner-title-visibility":"","ast-main-header-display":"","ast-hfb-above-header-display":"","ast-hfb-below-header-display":"","ast-hfb-mobile-header-display":"","site-post-title":"","ast-breadcrumbs-content":"","ast-featured-img":"","footer-sml-layout":"","ast-disable-related-posts":"","theme-transparent-header-meta":"default","adv-header-id-meta":"","stick-header-meta":"default","header-above-stick-meta":"","header-main-stick-meta":"","header-below-stick-meta":"","astra-migrate-meta-layouts":"default","ast-page-background-enabled":"default","ast-page-background-meta":{"desktop":{"background-color":"var(--ast-global-color-4)","background-image":"","background-repeat":"repeat","background-position":"center center","background-size":"auto","background-attachment":"scroll","background-type":"","background-media":"","overlay-type":"","overlay-color":"","overlay-opacity":"","overlay-gradient":""},"tablet":{"background-color":"","background-image":"","background-repeat":"repeat","background-position":"center center","background-size":"auto","background-attachment":"scroll","background-type":"","background-media":"","overlay-type":"","overlay-color":"","overlay-opacity":"","overlay-gradient":""},"mobile":{"background-color":"","background-image":"","background-repeat":"repeat","background-position":"center center","background-size":"auto","background-attachment":"scroll","background-type":"","background-media":"","overlay-type":"","overlay-color":"","overlay-opacity":"","overlay-gradient":""}},"ast-content-background-meta":{"desktop":{"background-color":"var(--ast-global-color-5)","background-image":"","background-repeat":"repeat","background-position":"center center","background-size":"auto","background-attachment":"scroll","background-type":"","background-media":"","overlay-type":"","overlay-color":"","overlay-opacity":"","overlay-gradient":""},"tablet":{"background-color":"var(--ast-global-color-5)","background-image":"","background-repeat":"repeat","background-position":"center center","background-size":"auto","background-attachment":"scroll","background-type":"","background-media":"","overlay-type":"","overlay-color":"","overlay-opacity":"","overlay-gradient":""},"mobile":{"background-color":"var(--ast-global-color-5)","background-image":"","background-repeat":"repeat","background-position":"center center","background-size":"auto","background-attachment":"scroll","background-type":"","background-media":"","overlay-type":"","overlay-color":"","overlay-opacity":"","overlay-gradient":""}}},"product_brand":[],"product_cat":[163],"product_tag":[],"class_list":{"0":"post-13805","1":"product","2":"type-product","3":"status-publish","4":"has-post-thumbnail","6":"product_cat-sofa-ao-ar-livre","7":"desktop-align-left","8":"tablet-align-left","9":"mobile-align-left","11":"first","12":"instock","13":"shipping-taxable","14":"product-type-simple"},"uagb_featured_image_src":{"full":["https:\/\/d12ipdv30ux650.cloudfront.net\/wp-content\/uploads\/2024\/01\/O1CN016cvwoF2N7aFzjfsaj_2208044879916-0-cib.jpg",800,800,false],"thumbnail":["https:\/\/d12ipdv30ux650.cloudfront.net\/wp-content\/uploads\/2024\/01\/O1CN016cvwoF2N7aFzjfsaj_2208044879916-0-cib-150x150.jpg",150,150,true],"medium":["https:\/\/d12ipdv30ux650.cloudfront.net\/wp-content\/uploads\/2024\/01\/O1CN016cvwoF2N7aFzjfsaj_2208044879916-0-cib-300x300.jpg",300,300,true],"medium_large":["https:\/\/d12ipdv30ux650.cloudfront.net\/wp-content\/uploads\/2024\/01\/O1CN016cvwoF2N7aFzjfsaj_2208044879916-0-cib-768x768.jpg",768,768,true],"large":["https:\/\/d12ipdv30ux650.cloudfront.net\/wp-content\/uploads\/2024\/01\/O1CN016cvwoF2N7aFzjfsaj_2208044879916-0-cib.jpg",800,800,false],"1536x1536":["https:\/\/d12ipdv30ux650.cloudfront.net\/wp-content\/uploads\/2024\/01\/O1CN016cvwoF2N7aFzjfsaj_2208044879916-0-cib.jpg",800,800,false],"2048x2048":["https:\/\/d12ipdv30ux650.cloudfront.net\/wp-content\/uploads\/2024\/01\/O1CN016cvwoF2N7aFzjfsaj_2208044879916-0-cib.jpg",800,800,false],"woocommerce_thumbnail":["https:\/\/d12ipdv30ux650.cloudfront.net\/wp-content\/uploads\/2024\/01\/O1CN016cvwoF2N7aFzjfsaj_2208044879916-0-cib-300x225.jpg",300,225,true],"woocommerce_single":["https:\/\/d12ipdv30ux650.cloudfront.net\/wp-content\/uploads\/2024\/01\/O1CN016cvwoF2N7aFzjfsaj_2208044879916-0-cib-600x600.jpg",600,600,true],"woocommerce_gallery_thumbnail":["https:\/\/d12ipdv30ux650.cloudfront.net\/wp-content\/uploads\/2024\/01\/O1CN016cvwoF2N7aFzjfsaj_2208044879916-0-cib-100x100.jpg",100,100,true]},"uagb_author_info":{"display_name":"lad","author_link":"https:\/\/asiandavinci.com\/pt-br\/author\/"},"uagb_comment_info":0,"uagb_excerpt":"Mesas e cadeiras para p\u00e1tio externo, mesas e cadeiras de lazer para jardim, combina\u00e7\u00e3o de villa, varanda externa, sof\u00e1, alum\u00ednio, prote\u00e7\u00e3o solar \u00e0 prova d'\u00e1gua[wpforms id=\"585\"]","_links":{"self":[{"href":"https:\/\/asiandavinci.com\/pt-br\/wp-json\/wp\/v2\/product\/13805","targetHints":{"allow":["GET"]}}],"collection":[{"href":"https:\/\/asiandavinci.com\/pt-br\/wp-json\/wp\/v2\/product"}],"about":[{"href":"https:\/\/asiandavinci.com\/pt-br\/wp-json\/wp\/v2\/types\/product"}],"wp:featuredmedia":[{"embeddable":true,"href":"https:\/\/asiandavinci.com\/pt-br\/wp-json\/wp\/v2\/media\/13806"}],"wp:attachment":[{"href":"https:\/\/asiandavinci.com\/pt-br\/wp-json\/wp\/v2\/media?parent=13805"}],"wp:term":[{"taxonomy":"product_brand","embeddable":true,"href":"https:\/\/asiandavinci.com\/pt-br\/wp-json\/wp\/v2\/product_brand?post=13805"},{"taxonomy":"product_cat","embeddable":true,"href":"https:\/\/asiandavinci.com\/pt-br\/wp-json\/wp\/v2\/product_cat?post=13805"},{"taxonomy":"product_tag","embeddable":true,"href":"https:\/\/asiandavinci.com\/pt-br\/wp-json\/wp\/v2\/product_tag?post=13805"}],"curies":[{"name":"wp","href":"https:\/\/api.w.org\/{rel}","templated":true}]}}