{"id":15925,"date":"2024-01-10T18:04:08","date_gmt":"2024-01-10T10:04:08","guid":{"rendered":"https:\/\/asiandavinci.com\/product\/balde-de-armazenamento-de-couro-de-sela-de-designer-minimalista-italiano-pequeno-sofa-ao-lado-de-alguns-cantos-do-shopping-da-sala-de-estar\/"},"modified":"2024-01-10T18:04:08","modified_gmt":"2024-01-10T10:04:08","slug":"balde-de-armazenamento-de-couro-de-sela-de-designer-minimalista-italiano-pequeno-sofa-ao-lado-de-alguns-cantos-do-shopping-da-sala-de-estar","status":"publish","type":"product","link":"https:\/\/asiandavinci.com\/pt-br\/produto\/balde-de-armazenamento-de-couro-de-sela-de-designer-minimalista-italiano-pequeno-sofa-ao-lado-de-alguns-cantos-do-shopping-da-sala-de-estar\/","title":{"rendered":"Balde de armazenamento de couro de sela de designer minimalista italiano pequeno sof\u00e1 ao lado de alguns cantos do shopping da sala de estar"},"content":{"rendered":"<p>Balde de armazenamento de couro de sela de designer minimalista italiano, pequeno sof\u00e1 ao lado de alguns cantos de shopping centers de salas de estar, alguns luxos luxuosos<\/p>\n","protected":false},"excerpt":{"rendered":"<p>Um balde de armazenamento \u00e9 um recipiente projetado para armazenar e organizar v\u00e1rios itens. Esses baldes normalmente v\u00eam em diferentes tamanhos, materiais e designs, atendendo a uma ampla variedade de necessidades de armazenamento.[wpforms id=\"585\"]<\/p>\n","protected":false},"featured_media":15926,"template":"","meta":{"rank_math_lock_modified_date":false,"_uag_custom_page_level_css":"","site-sidebar-layout":"default","site-content-layout":"","ast-site-content-layout":"default","site-content-style":"default","site-sidebar-style":"default","ast-global-header-display":"","ast-banner-title-visibility":"","ast-main-header-display":"","ast-hfb-above-header-display":"","ast-hfb-below-header-display":"","ast-hfb-mobile-header-display":"","site-post-title":"","ast-breadcrumbs-content":"","ast-featured-img":"","footer-sml-layout":"","ast-disable-related-posts":"","theme-transparent-header-meta":"default","adv-header-id-meta":"","stick-header-meta":"default","header-above-stick-meta":"","header-main-stick-meta":"","header-below-stick-meta":"","astra-migrate-meta-layouts":"default","ast-page-background-enabled":"default","ast-page-background-meta":{"desktop":{"background-color":"var(--ast-global-color-4)","background-image":"","background-repeat":"repeat","background-position":"center center","background-size":"auto","background-attachment":"scroll","background-type":"","background-media":"","overlay-type":"","overlay-color":"","overlay-opacity":"","overlay-gradient":""},"tablet":{"background-color":"","background-image":"","background-repeat":"repeat","background-position":"center center","background-size":"auto","background-attachment":"scroll","background-type":"","background-media":"","overlay-type":"","overlay-color":"","overlay-opacity":"","overlay-gradient":""},"mobile":{"background-color":"","background-image":"","background-repeat":"repeat","background-position":"center center","background-size":"auto","background-attachment":"scroll","background-type":"","background-media":"","overlay-type":"","overlay-color":"","overlay-opacity":"","overlay-gradient":""}},"ast-content-background-meta":{"desktop":{"background-color":"var(--ast-global-color-5)","background-image":"","background-repeat":"repeat","background-position":"center center","background-size":"auto","background-attachment":"scroll","background-type":"","background-media":"","overlay-type":"","overlay-color":"","overlay-opacity":"","overlay-gradient":""},"tablet":{"background-color":"var(--ast-global-color-5)","background-image":"","background-repeat":"repeat","background-position":"center center","background-size":"auto","background-attachment":"scroll","background-type":"","background-media":"","overlay-type":"","overlay-color":"","overlay-opacity":"","overlay-gradient":""},"mobile":{"background-color":"var(--ast-global-color-5)","background-image":"","background-repeat":"repeat","background-position":"center center","background-size":"auto","background-attachment":"scroll","background-type":"","background-media":"","overlay-type":"","overlay-color":"","overlay-opacity":"","overlay-gradient":""}}},"product_brand":[],"product_cat":[151],"product_tag":[],"class_list":{"0":"post-15925","1":"product","2":"type-product","3":"status-publish","4":"has-post-thumbnail","6":"product_cat-mesa-final","7":"desktop-align-left","8":"tablet-align-left","9":"mobile-align-left","11":"first","12":"instock","13":"shipping-taxable","14":"product-type-simple"},"uagb_featured_image_src":{"full":["https:\/\/d12ipdv30ux650.cloudfront.net\/wp-content\/uploads\/2024\/01\/O1CN01a1lHBk1RKBK9P55WV_2214046492092-0-cib.jpg",800,800,false],"thumbnail":["https:\/\/d12ipdv30ux650.cloudfront.net\/wp-content\/uploads\/2024\/01\/O1CN01a1lHBk1RKBK9P55WV_2214046492092-0-cib-150x150.jpg",150,150,true],"medium":["https:\/\/d12ipdv30ux650.cloudfront.net\/wp-content\/uploads\/2024\/01\/O1CN01a1lHBk1RKBK9P55WV_2214046492092-0-cib-300x300.jpg",300,300,true],"medium_large":["https:\/\/d12ipdv30ux650.cloudfront.net\/wp-content\/uploads\/2024\/01\/O1CN01a1lHBk1RKBK9P55WV_2214046492092-0-cib-768x768.jpg",768,768,true],"large":["https:\/\/d12ipdv30ux650.cloudfront.net\/wp-content\/uploads\/2024\/01\/O1CN01a1lHBk1RKBK9P55WV_2214046492092-0-cib.jpg",800,800,false],"1536x1536":["https:\/\/d12ipdv30ux650.cloudfront.net\/wp-content\/uploads\/2024\/01\/O1CN01a1lHBk1RKBK9P55WV_2214046492092-0-cib.jpg",800,800,false],"2048x2048":["https:\/\/d12ipdv30ux650.cloudfront.net\/wp-content\/uploads\/2024\/01\/O1CN01a1lHBk1RKBK9P55WV_2214046492092-0-cib.jpg",800,800,false],"woocommerce_thumbnail":["https:\/\/d12ipdv30ux650.cloudfront.net\/wp-content\/uploads\/2024\/01\/O1CN01a1lHBk1RKBK9P55WV_2214046492092-0-cib-300x225.jpg",300,225,true],"woocommerce_single":["https:\/\/d12ipdv30ux650.cloudfront.net\/wp-content\/uploads\/2024\/01\/O1CN01a1lHBk1RKBK9P55WV_2214046492092-0-cib-600x600.jpg",600,600,true],"woocommerce_gallery_thumbnail":["https:\/\/d12ipdv30ux650.cloudfront.net\/wp-content\/uploads\/2024\/01\/O1CN01a1lHBk1RKBK9P55WV_2214046492092-0-cib-100x100.jpg",100,100,true]},"uagb_author_info":{"display_name":"lad","author_link":"https:\/\/asiandavinci.com\/pt-br\/author\/"},"uagb_comment_info":0,"uagb_excerpt":"Um balde de armazenamento \u00e9 um recipiente projetado para armazenar e organizar v\u00e1rios itens. Esses baldes normalmente v\u00eam em diferentes tamanhos, materiais e designs, atendendo a uma ampla variedade de necessidades de armazenamento.[wpforms id=\"585\"]","_links":{"self":[{"href":"https:\/\/asiandavinci.com\/pt-br\/wp-json\/wp\/v2\/product\/15925","targetHints":{"allow":["GET"]}}],"collection":[{"href":"https:\/\/asiandavinci.com\/pt-br\/wp-json\/wp\/v2\/product"}],"about":[{"href":"https:\/\/asiandavinci.com\/pt-br\/wp-json\/wp\/v2\/types\/product"}],"wp:featuredmedia":[{"embeddable":true,"href":"https:\/\/asiandavinci.com\/pt-br\/wp-json\/wp\/v2\/media\/15926"}],"wp:attachment":[{"href":"https:\/\/asiandavinci.com\/pt-br\/wp-json\/wp\/v2\/media?parent=15925"}],"wp:term":[{"taxonomy":"product_brand","embeddable":true,"href":"https:\/\/asiandavinci.com\/pt-br\/wp-json\/wp\/v2\/product_brand?post=15925"},{"taxonomy":"product_cat","embeddable":true,"href":"https:\/\/asiandavinci.com\/pt-br\/wp-json\/wp\/v2\/product_cat?post=15925"},{"taxonomy":"product_tag","embeddable":true,"href":"https:\/\/asiandavinci.com\/pt-br\/wp-json\/wp\/v2\/product_tag?post=15925"}],"curies":[{"name":"wp","href":"https:\/\/api.w.org\/{rel}","templated":true}]}}