{"id":16021,"date":"2024-01-06T17:35:36","date_gmt":"2024-01-06T09:35:36","guid":{"rendered":"https:\/\/asiandavinci.com\/product\/sofa-elegante-de-vime-para-patio-externo-e-sofa-de-vime-para-todos-os-climas\/"},"modified":"2024-01-06T17:35:36","modified_gmt":"2024-01-06T09:35:36","slug":"sofa-elegante-de-vime-para-patio-externo-e-sofa-de-vime-para-todos-os-climas","status":"publish","type":"product","link":"https:\/\/asiandavinci.com\/pt-br\/produto\/sofa-elegante-de-vime-para-patio-externo-e-sofa-de-vime-para-todos-os-climas\/","title":{"rendered":"Sof\u00e1 elegante de vime para p\u00e1tio externo e sof\u00e1 de vime para todos os climas"},"content":{"rendered":"<p>&nbsp;<\/p>\n<p><img fetchpriority=\"high\" decoding=\"async\" class=\"alignnone wp-image-2114 size-full\" src=\"https:\/\/asiandavinci.com\/wp-content\/uploads\/2024\/01\/ccc.png\" alt=\"\" width=\"788\" height=\"958\" srcset=\"https:\/\/d12ipdv30ux650.cloudfront.net\/wp-content\/uploads\/2024\/01\/ccc.png 788w, https:\/\/d12ipdv30ux650.cloudfront.net\/wp-content\/uploads\/2024\/01\/ccc-600x729.png 600w, https:\/\/d12ipdv30ux650.cloudfront.net\/wp-content\/uploads\/2024\/01\/ccc-247x300.png 247w, https:\/\/d12ipdv30ux650.cloudfront.net\/wp-content\/uploads\/2024\/01\/ccc-768x934.png 768w\" sizes=\"(max-width: 788px) 100vw, 788px\" \/><\/p>\n","protected":false},"excerpt":{"rendered":"<p class=\"kzv0b81bu_6101 kzv0b81yc_6101 _1yimfeh6_6101 undefined _1yimfeh9_6101\" data-hb-id=\"Heading\">Artesanato impec\u00e1vel Meticulosamente tecido \u00e0 m\u00e3o usando vime PE de alta qualidade, este sof\u00e1 para exterior apresenta um artesanato excepcional. A tecelagem intrincada adiciona sofistica\u00e7\u00e3o ao seu ambiente ao ar livre.<\/p>\n<p>&nbsp;<\/p>\n","protected":false},"featured_media":16022,"template":"","meta":{"rank_math_lock_modified_date":false,"_uag_custom_page_level_css":"","site-sidebar-layout":"default","site-content-layout":"","ast-site-content-layout":"default","site-content-style":"default","site-sidebar-style":"default","ast-global-header-display":"","ast-banner-title-visibility":"","ast-main-header-display":"","ast-hfb-above-header-display":"","ast-hfb-below-header-display":"","ast-hfb-mobile-header-display":"","site-post-title":"","ast-breadcrumbs-content":"","ast-featured-img":"","footer-sml-layout":"","ast-disable-related-posts":"","theme-transparent-header-meta":"default","adv-header-id-meta":"","stick-header-meta":"default","header-above-stick-meta":"","header-main-stick-meta":"","header-below-stick-meta":"","astra-migrate-meta-layouts":"default","ast-page-background-enabled":"default","ast-page-background-meta":{"desktop":{"background-color":"var(--ast-global-color-4)","background-image":"","background-repeat":"repeat","background-position":"center center","background-size":"auto","background-attachment":"scroll","background-type":"","background-media":"","overlay-type":"","overlay-color":"","overlay-opacity":"","overlay-gradient":""},"tablet":{"background-color":"","background-image":"","background-repeat":"repeat","background-position":"center center","background-size":"auto","background-attachment":"scroll","background-type":"","background-media":"","overlay-type":"","overlay-color":"","overlay-opacity":"","overlay-gradient":""},"mobile":{"background-color":"","background-image":"","background-repeat":"repeat","background-position":"center center","background-size":"auto","background-attachment":"scroll","background-type":"","background-media":"","overlay-type":"","overlay-color":"","overlay-opacity":"","overlay-gradient":""}},"ast-content-background-meta":{"desktop":{"background-color":"var(--ast-global-color-5)","background-image":"","background-repeat":"repeat","background-position":"center center","background-size":"auto","background-attachment":"scroll","background-type":"","background-media":"","overlay-type":"","overlay-color":"","overlay-opacity":"","overlay-gradient":""},"tablet":{"background-color":"var(--ast-global-color-5)","background-image":"","background-repeat":"repeat","background-position":"center center","background-size":"auto","background-attachment":"scroll","background-type":"","background-media":"","overlay-type":"","overlay-color":"","overlay-opacity":"","overlay-gradient":""},"mobile":{"background-color":"var(--ast-global-color-5)","background-image":"","background-repeat":"repeat","background-position":"center center","background-size":"auto","background-attachment":"scroll","background-type":"","background-media":"","overlay-type":"","overlay-color":"","overlay-opacity":"","overlay-gradient":""}}},"product_brand":[],"product_cat":[163],"product_tag":[],"class_list":{"0":"post-16021","1":"product","2":"type-product","3":"status-publish","4":"has-post-thumbnail","6":"product_cat-sofa-ao-ar-livre","7":"desktop-align-left","8":"tablet-align-left","9":"mobile-align-left","11":"first","12":"instock","13":"shipping-taxable","14":"product-type-simple"},"uagb_featured_image_src":{"full":["https:\/\/d12ipdv30ux650.cloudfront.net\/wp-content\/uploads\/2024\/01\/StylishWickerOutdoorPatioSofa26All-WeatherRattanCouch.webp.jpg",755,755,false],"thumbnail":["https:\/\/d12ipdv30ux650.cloudfront.net\/wp-content\/uploads\/2024\/01\/StylishWickerOutdoorPatioSofa26All-WeatherRattanCouch.webp-150x150.jpg",150,150,true],"medium":["https:\/\/d12ipdv30ux650.cloudfront.net\/wp-content\/uploads\/2024\/01\/StylishWickerOutdoorPatioSofa26All-WeatherRattanCouch.webp-300x300.jpg",300,300,true],"medium_large":["https:\/\/d12ipdv30ux650.cloudfront.net\/wp-content\/uploads\/2024\/01\/StylishWickerOutdoorPatioSofa26All-WeatherRattanCouch.webp.jpg",755,755,false],"large":["https:\/\/d12ipdv30ux650.cloudfront.net\/wp-content\/uploads\/2024\/01\/StylishWickerOutdoorPatioSofa26All-WeatherRattanCouch.webp.jpg",755,755,false],"1536x1536":["https:\/\/d12ipdv30ux650.cloudfront.net\/wp-content\/uploads\/2024\/01\/StylishWickerOutdoorPatioSofa26All-WeatherRattanCouch.webp.jpg",755,755,false],"2048x2048":["https:\/\/d12ipdv30ux650.cloudfront.net\/wp-content\/uploads\/2024\/01\/StylishWickerOutdoorPatioSofa26All-WeatherRattanCouch.webp.jpg",755,755,false],"woocommerce_thumbnail":["https:\/\/d12ipdv30ux650.cloudfront.net\/wp-content\/uploads\/2024\/01\/StylishWickerOutdoorPatioSofa26All-WeatherRattanCouch.webp-300x225.jpg",300,225,true],"woocommerce_single":["https:\/\/d12ipdv30ux650.cloudfront.net\/wp-content\/uploads\/2024\/01\/StylishWickerOutdoorPatioSofa26All-WeatherRattanCouch.webp-600x600.jpg",600,600,true],"woocommerce_gallery_thumbnail":["https:\/\/d12ipdv30ux650.cloudfront.net\/wp-content\/uploads\/2024\/01\/StylishWickerOutdoorPatioSofa26All-WeatherRattanCouch.webp-100x100.jpg",100,100,true]},"uagb_author_info":{"display_name":"lad","author_link":"https:\/\/asiandavinci.com\/pt-br\/author\/"},"uagb_comment_info":0,"uagb_excerpt":"Artesanato impec\u00e1vel Meticulosamente tecido \u00e0 m\u00e3o usando vime PE de alta qualidade, este sof\u00e1 para exterior apresenta um artesanato excepcional. A tecelagem intrincada adiciona sofistica\u00e7\u00e3o ao seu ambiente ao ar livre. &nbsp;","_links":{"self":[{"href":"https:\/\/asiandavinci.com\/pt-br\/wp-json\/wp\/v2\/product\/16021","targetHints":{"allow":["GET"]}}],"collection":[{"href":"https:\/\/asiandavinci.com\/pt-br\/wp-json\/wp\/v2\/product"}],"about":[{"href":"https:\/\/asiandavinci.com\/pt-br\/wp-json\/wp\/v2\/types\/product"}],"wp:featuredmedia":[{"embeddable":true,"href":"https:\/\/asiandavinci.com\/pt-br\/wp-json\/wp\/v2\/media\/16022"}],"wp:attachment":[{"href":"https:\/\/asiandavinci.com\/pt-br\/wp-json\/wp\/v2\/media?parent=16021"}],"wp:term":[{"taxonomy":"product_brand","embeddable":true,"href":"https:\/\/asiandavinci.com\/pt-br\/wp-json\/wp\/v2\/product_brand?post=16021"},{"taxonomy":"product_cat","embeddable":true,"href":"https:\/\/asiandavinci.com\/pt-br\/wp-json\/wp\/v2\/product_cat?post=16021"},{"taxonomy":"product_tag","embeddable":true,"href":"https:\/\/asiandavinci.com\/pt-br\/wp-json\/wp\/v2\/product_tag?post=16021"}],"curies":[{"name":"wp","href":"https:\/\/api.w.org\/{rel}","templated":true}]}}