{"id":16032,"date":"2024-01-06T17:25:24","date_gmt":"2024-01-06T09:25:24","guid":{"rendered":"https:\/\/asiandavinci.com\/product\/pessoa-sentada-sofa-de-patio-ao-ar-livre-com-costas-de-vime-e-almofadas-grossas\/"},"modified":"2024-01-06T17:25:24","modified_gmt":"2024-01-06T09:25:24","slug":"pessoa-sentada-sofa-de-patio-ao-ar-livre-com-costas-de-vime-e-almofadas-grossas","status":"publish","type":"product","link":"https:\/\/asiandavinci.com\/pt-br\/produto\/pessoa-sentada-sofa-de-patio-ao-ar-livre-com-costas-de-vime-e-almofadas-grossas\/","title":{"rendered":"Pessoa sentada sof\u00e1 de p\u00e1tio ao ar livre com costas de vime e almofadas grossas"},"content":{"rendered":"<p>A estrutura de a\u00e7o combinada com corrim\u00e3os de madeira falsa e encosto de vime de alta qualidade, juntamente com almofadas extra grossas, fazem com que este sof\u00e1 para assentos externos para 3 pessoas se destaque da embalagem.Alta adapta\u00e7\u00e3o espacial, a combina\u00e7\u00e3o de antiguidade e modernidade.O encosto de vime aumenta o conforto de uso e o corrim\u00e3o de imita\u00e7\u00e3o de madeira mais suave. Atmosfera luxuosa, elegante e rom\u00e2ntica s\u00e3o sin\u00f4nimos, enquanto conforto, alta qualidade, forte e dur\u00e1vel s\u00e3o a melhor experi\u00eancia para voc\u00ea.<\/p>\n<p><img fetchpriority=\"high\" decoding=\"async\" class=\"alignnone wp-image-2091 size-full\" src=\"https:\/\/asiandavinci.com\/wp-content\/uploads\/2024\/01\/default_name-1.webp\" alt=\"\" width=\"970\" height=\"485\" srcset=\"https:\/\/d12ipdv30ux650.cloudfront.net\/wp-content\/uploads\/2024\/01\/default_name-1.webp 970w, https:\/\/d12ipdv30ux650.cloudfront.net\/wp-content\/uploads\/2024\/01\/default_name-1-600x300.webp 600w, https:\/\/d12ipdv30ux650.cloudfront.net\/wp-content\/uploads\/2024\/01\/default_name-1-300x150.webp 300w, https:\/\/d12ipdv30ux650.cloudfront.net\/wp-content\/uploads\/2024\/01\/default_name-1-768x384.webp 768w\" sizes=\"(max-width: 970px) 100vw, 970px\" \/><\/p>\n<p><img decoding=\"async\" class=\"alignnone wp-image-2093 size-full\" src=\"https:\/\/asiandavinci.com\/wp-content\/uploads\/2024\/01\/default_name-2.webp\" alt=\"\" width=\"970\" height=\"485\" srcset=\"https:\/\/d12ipdv30ux650.cloudfront.net\/wp-content\/uploads\/2024\/01\/default_name-2.webp 970w, https:\/\/d12ipdv30ux650.cloudfront.net\/wp-content\/uploads\/2024\/01\/default_name-2-600x300.webp 600w, https:\/\/d12ipdv30ux650.cloudfront.net\/wp-content\/uploads\/2024\/01\/default_name-2-300x150.webp 300w, https:\/\/d12ipdv30ux650.cloudfront.net\/wp-content\/uploads\/2024\/01\/default_name-2-768x384.webp 768w\" sizes=\"(max-width: 970px) 100vw, 970px\" \/><\/p>\n<p><img decoding=\"async\" class=\"alignnone wp-image-2095 size-full\" src=\"https:\/\/asiandavinci.com\/wp-content\/uploads\/2024\/01\/default_name.webp\" alt=\"\" width=\"970\" height=\"485\" srcset=\"https:\/\/d12ipdv30ux650.cloudfront.net\/wp-content\/uploads\/2024\/01\/default_name.webp 970w, https:\/\/d12ipdv30ux650.cloudfront.net\/wp-content\/uploads\/2024\/01\/default_name-600x300.webp 600w, https:\/\/d12ipdv30ux650.cloudfront.net\/wp-content\/uploads\/2024\/01\/default_name-300x150.webp 300w, https:\/\/d12ipdv30ux650.cloudfront.net\/wp-content\/uploads\/2024\/01\/default_name-768x384.webp 768w\" sizes=\"(max-width: 970px) 100vw, 970px\" \/><\/p>\n<p><img loading=\"lazy\" decoding=\"async\" class=\"alignnone wp-image-2111 size-full\" src=\"https:\/\/asiandavinci.com\/wp-content\/uploads\/2024\/01\/f.jpg\" alt=\"\" width=\"803\" height=\"1205\" srcset=\"https:\/\/d12ipdv30ux650.cloudfront.net\/wp-content\/uploads\/2024\/01\/f.jpg 803w, https:\/\/d12ipdv30ux650.cloudfront.net\/wp-content\/uploads\/2024\/01\/f-600x900.jpg 600w, https:\/\/d12ipdv30ux650.cloudfront.net\/wp-content\/uploads\/2024\/01\/f-200x300.jpg 200w, https:\/\/d12ipdv30ux650.cloudfront.net\/wp-content\/uploads\/2024\/01\/f-682x1024.jpg 682w, https:\/\/d12ipdv30ux650.cloudfront.net\/wp-content\/uploads\/2024\/01\/f-768x1152.jpg 768w\" sizes=\"(max-width: 803px) 100vw, 803px\" \/><\/p>\n","protected":false},"excerpt":{"rendered":"<p>Estrutura de ferro revestida antiferrugem combinada com encosto de vime de alta qualidade, boa preven\u00e7\u00e3o de ferrugem, servi\u00e7o dur\u00e1vel e art\u00edstico<\/p>\n","protected":false},"featured_media":16033,"template":"","meta":{"rank_math_lock_modified_date":false,"_uag_custom_page_level_css":"","site-sidebar-layout":"default","site-content-layout":"","ast-site-content-layout":"default","site-content-style":"default","site-sidebar-style":"default","ast-global-header-display":"","ast-banner-title-visibility":"","ast-main-header-display":"","ast-hfb-above-header-display":"","ast-hfb-below-header-display":"","ast-hfb-mobile-header-display":"","site-post-title":"","ast-breadcrumbs-content":"","ast-featured-img":"","footer-sml-layout":"","ast-disable-related-posts":"","theme-transparent-header-meta":"default","adv-header-id-meta":"","stick-header-meta":"default","header-above-stick-meta":"","header-main-stick-meta":"","header-below-stick-meta":"","astra-migrate-meta-layouts":"default","ast-page-background-enabled":"default","ast-page-background-meta":{"desktop":{"background-color":"var(--ast-global-color-4)","background-image":"","background-repeat":"repeat","background-position":"center center","background-size":"auto","background-attachment":"scroll","background-type":"","background-media":"","overlay-type":"","overlay-color":"","overlay-opacity":"","overlay-gradient":""},"tablet":{"background-color":"","background-image":"","background-repeat":"repeat","background-position":"center center","background-size":"auto","background-attachment":"scroll","background-type":"","background-media":"","overlay-type":"","overlay-color":"","overlay-opacity":"","overlay-gradient":""},"mobile":{"background-color":"","background-image":"","background-repeat":"repeat","background-position":"center center","background-size":"auto","background-attachment":"scroll","background-type":"","background-media":"","overlay-type":"","overlay-color":"","overlay-opacity":"","overlay-gradient":""}},"ast-content-background-meta":{"desktop":{"background-color":"var(--ast-global-color-5)","background-image":"","background-repeat":"repeat","background-position":"center center","background-size":"auto","background-attachment":"scroll","background-type":"","background-media":"","overlay-type":"","overlay-color":"","overlay-opacity":"","overlay-gradient":""},"tablet":{"background-color":"var(--ast-global-color-5)","background-image":"","background-repeat":"repeat","background-position":"center center","background-size":"auto","background-attachment":"scroll","background-type":"","background-media":"","overlay-type":"","overlay-color":"","overlay-opacity":"","overlay-gradient":""},"mobile":{"background-color":"var(--ast-global-color-5)","background-image":"","background-repeat":"repeat","background-position":"center center","background-size":"auto","background-attachment":"scroll","background-type":"","background-media":"","overlay-type":"","overlay-color":"","overlay-opacity":"","overlay-gradient":""}}},"product_brand":[],"product_cat":[163],"product_tag":[],"class_list":{"0":"post-16032","1":"product","2":"type-product","3":"status-publish","4":"has-post-thumbnail","6":"product_cat-sofa-ao-ar-livre","7":"desktop-align-left","8":"tablet-align-left","9":"mobile-align-left","11":"first","12":"instock","13":"shipping-taxable","14":"product-type-simple"},"uagb_featured_image_src":{"full":["https:\/\/d12ipdv30ux650.cloudfront.net\/wp-content\/uploads\/2024\/01\/Nakishia3-PersonSeatingOutdoorPatioSofaWithWickerBackandThickCushions.webp-2.jpg",755,755,false],"thumbnail":["https:\/\/d12ipdv30ux650.cloudfront.net\/wp-content\/uploads\/2024\/01\/Nakishia3-PersonSeatingOutdoorPatioSofaWithWickerBackandThickCushions.webp-2-150x150.jpg",150,150,true],"medium":["https:\/\/d12ipdv30ux650.cloudfront.net\/wp-content\/uploads\/2024\/01\/Nakishia3-PersonSeatingOutdoorPatioSofaWithWickerBackandThickCushions.webp-2-300x300.jpg",300,300,true],"medium_large":["https:\/\/d12ipdv30ux650.cloudfront.net\/wp-content\/uploads\/2024\/01\/Nakishia3-PersonSeatingOutdoorPatioSofaWithWickerBackandThickCushions.webp-2.jpg",755,755,false],"large":["https:\/\/d12ipdv30ux650.cloudfront.net\/wp-content\/uploads\/2024\/01\/Nakishia3-PersonSeatingOutdoorPatioSofaWithWickerBackandThickCushions.webp-2.jpg",755,755,false],"1536x1536":["https:\/\/d12ipdv30ux650.cloudfront.net\/wp-content\/uploads\/2024\/01\/Nakishia3-PersonSeatingOutdoorPatioSofaWithWickerBackandThickCushions.webp-2.jpg",755,755,false],"2048x2048":["https:\/\/d12ipdv30ux650.cloudfront.net\/wp-content\/uploads\/2024\/01\/Nakishia3-PersonSeatingOutdoorPatioSofaWithWickerBackandThickCushions.webp-2.jpg",755,755,false],"woocommerce_thumbnail":["https:\/\/d12ipdv30ux650.cloudfront.net\/wp-content\/uploads\/2024\/01\/Nakishia3-PersonSeatingOutdoorPatioSofaWithWickerBackandThickCushions.webp-2-300x225.jpg",300,225,true],"woocommerce_single":["https:\/\/d12ipdv30ux650.cloudfront.net\/wp-content\/uploads\/2024\/01\/Nakishia3-PersonSeatingOutdoorPatioSofaWithWickerBackandThickCushions.webp-2-600x600.jpg",600,600,true],"woocommerce_gallery_thumbnail":["https:\/\/d12ipdv30ux650.cloudfront.net\/wp-content\/uploads\/2024\/01\/Nakishia3-PersonSeatingOutdoorPatioSofaWithWickerBackandThickCushions.webp-2-100x100.jpg",100,100,true]},"uagb_author_info":{"display_name":"lad","author_link":"https:\/\/asiandavinci.com\/pt-br\/author\/"},"uagb_comment_info":0,"uagb_excerpt":"Estrutura de ferro revestida antiferrugem combinada com encosto de vime de alta qualidade, boa preven\u00e7\u00e3o de ferrugem, servi\u00e7o dur\u00e1vel e art\u00edstico","_links":{"self":[{"href":"https:\/\/asiandavinci.com\/pt-br\/wp-json\/wp\/v2\/product\/16032","targetHints":{"allow":["GET"]}}],"collection":[{"href":"https:\/\/asiandavinci.com\/pt-br\/wp-json\/wp\/v2\/product"}],"about":[{"href":"https:\/\/asiandavinci.com\/pt-br\/wp-json\/wp\/v2\/types\/product"}],"wp:featuredmedia":[{"embeddable":true,"href":"https:\/\/asiandavinci.com\/pt-br\/wp-json\/wp\/v2\/media\/16033"}],"wp:attachment":[{"href":"https:\/\/asiandavinci.com\/pt-br\/wp-json\/wp\/v2\/media?parent=16032"}],"wp:term":[{"taxonomy":"product_brand","embeddable":true,"href":"https:\/\/asiandavinci.com\/pt-br\/wp-json\/wp\/v2\/product_brand?post=16032"},{"taxonomy":"product_cat","embeddable":true,"href":"https:\/\/asiandavinci.com\/pt-br\/wp-json\/wp\/v2\/product_cat?post=16032"},{"taxonomy":"product_tag","embeddable":true,"href":"https:\/\/asiandavinci.com\/pt-br\/wp-json\/wp\/v2\/product_tag?post=16032"}],"curies":[{"name":"wp","href":"https:\/\/api.w.org\/{rel}","templated":true}]}}