{"id":16102,"date":"2024-01-06T16:33:32","date_gmt":"2024-01-06T08:33:32","guid":{"rendered":"https:\/\/asiandavinci.com\/product\/guarda-chuva-cantilever-retangular-francios-12953-x-9843\/"},"modified":"2024-01-06T16:33:32","modified_gmt":"2024-01-06T08:33:32","slug":"guarda-chuva-cantilever-retangular-francios-12953-x-9843","status":"publish","type":"product","link":"https:\/\/asiandavinci.com\/pt-br\/produto\/guarda-chuva-cantilever-retangular-francios-12953-x-9843\/","title":{"rendered":"Guarda-chuva cantilever retangular Francios 129,53&#8221; x 98,43&#8221;"},"content":{"rendered":"<p><img fetchpriority=\"high\" decoding=\"async\" class=\"alignnone wp-image-2021 size-full\" src=\"https:\/\/asiandavinci.com\/wp-content\/uploads\/2024\/01\/12121.png\" alt=\"\" width=\"666\" height=\"1064\" srcset=\"https:\/\/d12ipdv30ux650.cloudfront.net\/wp-content\/uploads\/2024\/01\/12121.png 666w, https:\/\/d12ipdv30ux650.cloudfront.net\/wp-content\/uploads\/2024\/01\/12121-600x959.png 600w, https:\/\/d12ipdv30ux650.cloudfront.net\/wp-content\/uploads\/2024\/01\/12121-188x300.png 188w, https:\/\/d12ipdv30ux650.cloudfront.net\/wp-content\/uploads\/2024\/01\/12121-641x1024.png 641w\" sizes=\"(max-width: 666px) 100vw, 666px\" \/><\/p>\n<p class=\"WaymoreBlock-title WaymoreBlock-title--bold\"><strong>Aproveite o lindo dia ensolarado sob este guarda-chuva<\/strong><\/p>\n<p class=\"WaymoreBlock-description WaymoreBlock-description--blackColored\">Grandes \u00e1reas de sombreamento, al\u00e9m de uma apar\u00eancia moderna e elegante. Quando quiser desfrutar da sombra ao ar livre, este guarda-chuva cantilever \u00e9 uma boa escolha para voc\u00ea. Aproveite seu feliz momento de bate-papo com seus amigos e familiares em um lindo dia ensolarado sob este guarda-chuva!<\/p>\n<p class=\"WaymoreBlock-title WaymoreBlock-title--bold\"><strong>Tecnologia Easy Multi-Tilt e Crank<\/strong><\/p>\n<p class=\"WaymoreBlock-description WaymoreBlock-description--blackColored\">Com um conveniente sistema de abertura\/fechamento com manivela, voc\u00ea pode abrir ou fechar facilmente este guarda-chuva. Al\u00e9m disso, voc\u00ea pode ajustar a al\u00e7a em 6 alturas diferentes para ajustar facilmente a altura m\u00e1xima do guarda-chuva em rela\u00e7\u00e3o ao solo.<\/p>\n<p class=\"WaymoreBlock-title WaymoreBlock-title--bold\"><strong>Tecido de alta qualidade<\/strong><\/p>\n<p class=\"WaymoreBlock-description WaymoreBlock-description--blackColored\">Feito de tecido de poli\u00e9ster tingido em solu\u00e7\u00e3o 100% 250 GSM; Imperme\u00e1vel, prote\u00e7\u00e3o UV; Com capacidade de resist\u00eancia ao desbotamento por 3 anos. Seja ensolarado ou chuvoso, pode manter a cor sem desbotar por muito tempo.<\/p>\n<p class=\"WaymoreBlock-title WaymoreBlock-title--bold\"><strong>Rota\u00e7\u00e3o de 360 graus<\/strong><\/p>\n<p class=\"WaymoreBlock-description WaymoreBlock-description--blackColored\">Este guarda-chuva possui um pedal que economiza trabalho. S\u00e3o necess\u00e1rios apenas dois passos para realizar sua fun\u00e7\u00e3o de rota\u00e7\u00e3o. Passo 1: Pise levemente no pedal. Passo 2: Com o pedal pressionado, gire o mastro com as m\u00e3os. N\u00e3o h\u00e1 necessidade de mover seus m\u00f3veis, basta girar o guarda-sol.<\/p>\n<p class=\"WaymoreBlock-title WaymoreBlock-title--bold\"><strong>Ventila\u00e7\u00e3o de ar conveniente<\/strong><\/p>\n<p class=\"WaymoreBlock-description WaymoreBlock-description--blackColored\">A cobertura do guarda-chuva possui uma ventila\u00e7\u00e3o de ar conveniente. O design de topo duplo n\u00e3o \u00e9 apenas bonito na apar\u00eancia, mas tamb\u00e9m tem melhor dissipa\u00e7\u00e3o de calor e desempenho de circula\u00e7\u00e3o de ar.<\/p>\n<p class=\"WaymoreBlock-title WaymoreBlock-title--bold\"><strong>O design de topo duplo n\u00e3o \u00e9 apenas bonito na apar\u00eancia, mas tamb\u00e9m tem melhor dissipa\u00e7\u00e3o de calor e desempenho de circula\u00e7\u00e3o de ar.<\/strong><\/p>\n<p class=\"WaymoreBlock-description WaymoreBlock-description--blackColored\">Este guarda-chuva cantilever pode ser colocado em muitos lugares, como piscina, quintal, praia e deck. Elegante e pr\u00e1tico. Com este guarda-chuva cantilever para p\u00e1tio, voc\u00ea pode relaxar e desfrutar da sombra que ele traz para voc\u00ea em muitos lugares.<\/p>\n","protected":false},"excerpt":{"rendered":"<p>Este guarda-chuva retangular cantilever para p\u00e1tio externo de 11 * 9 p\u00e9s \u00e9 a escolha ideal para relaxar, tamb\u00e9m para que sua casa se torne um belo cen\u00e1rio. Com ventila\u00e7\u00e3o para facilitar o fluxo de ar e fazer voc\u00ea se sentir fresco; o design de topo duplo parece bonito e elegante e \u00e9 a escolha ideal para o ver\u00e3o ou dias ensolarados. O guarda-sol \u00e9 feito de tecido de poli\u00e9ster (100% poli\u00e9ster 250 g\/m\u00b2), que \u00e9 \u00e0 prova d&#8217;\u00e1gua, resistente aos raios UV, dur\u00e1vel e f\u00e1cil de limpar.<\/p>\n","protected":false},"featured_media":16103,"template":"","meta":{"rank_math_lock_modified_date":false,"_uag_custom_page_level_css":"","site-sidebar-layout":"default","site-content-layout":"","ast-site-content-layout":"default","site-content-style":"default","site-sidebar-style":"default","ast-global-header-display":"","ast-banner-title-visibility":"","ast-main-header-display":"","ast-hfb-above-header-display":"","ast-hfb-below-header-display":"","ast-hfb-mobile-header-display":"","site-post-title":"","ast-breadcrumbs-content":"","ast-featured-img":"","footer-sml-layout":"","ast-disable-related-posts":"","theme-transparent-header-meta":"default","adv-header-id-meta":"","stick-header-meta":"default","header-above-stick-meta":"","header-main-stick-meta":"","header-below-stick-meta":"","astra-migrate-meta-layouts":"default","ast-page-background-enabled":"default","ast-page-background-meta":{"desktop":{"background-color":"var(--ast-global-color-4)","background-image":"","background-repeat":"repeat","background-position":"center center","background-size":"auto","background-attachment":"scroll","background-type":"","background-media":"","overlay-type":"","overlay-color":"","overlay-opacity":"","overlay-gradient":""},"tablet":{"background-color":"","background-image":"","background-repeat":"repeat","background-position":"center center","background-size":"auto","background-attachment":"scroll","background-type":"","background-media":"","overlay-type":"","overlay-color":"","overlay-opacity":"","overlay-gradient":""},"mobile":{"background-color":"","background-image":"","background-repeat":"repeat","background-position":"center center","background-size":"auto","background-attachment":"scroll","background-type":"","background-media":"","overlay-type":"","overlay-color":"","overlay-opacity":"","overlay-gradient":""}},"ast-content-background-meta":{"desktop":{"background-color":"var(--ast-global-color-5)","background-image":"","background-repeat":"repeat","background-position":"center center","background-size":"auto","background-attachment":"scroll","background-type":"","background-media":"","overlay-type":"","overlay-color":"","overlay-opacity":"","overlay-gradient":""},"tablet":{"background-color":"var(--ast-global-color-5)","background-image":"","background-repeat":"repeat","background-position":"center center","background-size":"auto","background-attachment":"scroll","background-type":"","background-media":"","overlay-type":"","overlay-color":"","overlay-opacity":"","overlay-gradient":""},"mobile":{"background-color":"var(--ast-global-color-5)","background-image":"","background-repeat":"repeat","background-position":"center center","background-size":"auto","background-attachment":"scroll","background-type":"","background-media":"","overlay-type":"","overlay-color":"","overlay-opacity":"","overlay-gradient":""}}},"product_brand":[],"product_cat":[164],"product_tag":[],"class_list":{"0":"post-16102","1":"product","2":"type-product","3":"status-publish","4":"has-post-thumbnail","6":"product_cat-guarda-chuva-ao-ar-livre","7":"desktop-align-left","8":"tablet-align-left","9":"mobile-align-left","11":"first","12":"instock","13":"shipping-taxable","14":"product-type-simple"},"uagb_featured_image_src":{"full":["https:\/\/d12ipdv30ux650.cloudfront.net\/wp-content\/uploads\/2024\/01\/11.webp",755,755,false],"thumbnail":["https:\/\/d12ipdv30ux650.cloudfront.net\/wp-content\/uploads\/2024\/01\/11-150x150.webp",150,150,true],"medium":["https:\/\/d12ipdv30ux650.cloudfront.net\/wp-content\/uploads\/2024\/01\/11-300x300.webp",300,300,true],"medium_large":["https:\/\/d12ipdv30ux650.cloudfront.net\/wp-content\/uploads\/2024\/01\/11.webp",755,755,false],"large":["https:\/\/d12ipdv30ux650.cloudfront.net\/wp-content\/uploads\/2024\/01\/11.webp",755,755,false],"1536x1536":["https:\/\/d12ipdv30ux650.cloudfront.net\/wp-content\/uploads\/2024\/01\/11.webp",755,755,false],"2048x2048":["https:\/\/d12ipdv30ux650.cloudfront.net\/wp-content\/uploads\/2024\/01\/11.webp",755,755,false],"woocommerce_thumbnail":["https:\/\/d12ipdv30ux650.cloudfront.net\/wp-content\/uploads\/2024\/01\/11-300x225.webp",300,225,true],"woocommerce_single":["https:\/\/d12ipdv30ux650.cloudfront.net\/wp-content\/uploads\/2024\/01\/11-600x600.webp",600,600,true],"woocommerce_gallery_thumbnail":["https:\/\/d12ipdv30ux650.cloudfront.net\/wp-content\/uploads\/2024\/01\/11-100x100.webp",100,100,true]},"uagb_author_info":{"display_name":"lad","author_link":"https:\/\/asiandavinci.com\/pt-br\/author\/"},"uagb_comment_info":0,"uagb_excerpt":"Este guarda-chuva retangular cantilever para p\u00e1tio externo de 11 * 9 p\u00e9s \u00e9 a escolha ideal para relaxar, tamb\u00e9m para que sua casa se torne um belo cen\u00e1rio. Com ventila\u00e7\u00e3o para facilitar o fluxo de ar e fazer voc\u00ea se sentir fresco; o design de topo duplo parece bonito e elegante e \u00e9 a escolha&hellip;","_links":{"self":[{"href":"https:\/\/asiandavinci.com\/pt-br\/wp-json\/wp\/v2\/product\/16102","targetHints":{"allow":["GET"]}}],"collection":[{"href":"https:\/\/asiandavinci.com\/pt-br\/wp-json\/wp\/v2\/product"}],"about":[{"href":"https:\/\/asiandavinci.com\/pt-br\/wp-json\/wp\/v2\/types\/product"}],"wp:featuredmedia":[{"embeddable":true,"href":"https:\/\/asiandavinci.com\/pt-br\/wp-json\/wp\/v2\/media\/16103"}],"wp:attachment":[{"href":"https:\/\/asiandavinci.com\/pt-br\/wp-json\/wp\/v2\/media?parent=16102"}],"wp:term":[{"taxonomy":"product_brand","embeddable":true,"href":"https:\/\/asiandavinci.com\/pt-br\/wp-json\/wp\/v2\/product_brand?post=16102"},{"taxonomy":"product_cat","embeddable":true,"href":"https:\/\/asiandavinci.com\/pt-br\/wp-json\/wp\/v2\/product_cat?post=16102"},{"taxonomy":"product_tag","embeddable":true,"href":"https:\/\/asiandavinci.com\/pt-br\/wp-json\/wp\/v2\/product_tag?post=16102"}],"curies":[{"name":"wp","href":"https:\/\/api.w.org\/{rel}","templated":true}]}}