{"id":16115,"date":"2024-01-06T16:21:06","date_gmt":"2024-01-06T08:21:06","guid":{"rendered":"https:\/\/asiandavinci.com\/product\/guarda-chuva-cantilever-retangular-herrell-132-x-108\/"},"modified":"2024-01-06T16:21:06","modified_gmt":"2024-01-06T08:21:06","slug":"guarda-chuva-cantilever-retangular-herrell-132-x-108","status":"publish","type":"product","link":"https:\/\/asiandavinci.com\/pt-br\/produto\/guarda-chuva-cantilever-retangular-herrell-132-x-108\/","title":{"rendered":"Guarda-chuva Cantilever Retangular Herrell 132&#8221; x 108&#8221;"},"content":{"rendered":"<p><img fetchpriority=\"high\" decoding=\"async\" class=\"alignnone wp-image-1993 size-full\" src=\"https:\/\/asiandavinci.com\/wp-content\/uploads\/2024\/01\/8-1.webp\" alt=\"\" width=\"970\" height=\"485\" srcset=\"https:\/\/d12ipdv30ux650.cloudfront.net\/wp-content\/uploads\/2024\/01\/8-1.webp 970w, https:\/\/d12ipdv30ux650.cloudfront.net\/wp-content\/uploads\/2024\/01\/8-1-600x300.webp 600w, https:\/\/d12ipdv30ux650.cloudfront.net\/wp-content\/uploads\/2024\/01\/8-1-300x150.webp 300w, https:\/\/d12ipdv30ux650.cloudfront.net\/wp-content\/uploads\/2024\/01\/8-1-768x384.webp 768w\" sizes=\"(max-width: 970px) 100vw, 970px\" \/><\/p>\n<p><img decoding=\"async\" class=\"alignnone wp-image-1995 size-full\" src=\"https:\/\/asiandavinci.com\/wp-content\/uploads\/2024\/01\/21.png\" alt=\"\" width=\"672\" height=\"1019\" srcset=\"https:\/\/d12ipdv30ux650.cloudfront.net\/wp-content\/uploads\/2024\/01\/21.png 672w, https:\/\/d12ipdv30ux650.cloudfront.net\/wp-content\/uploads\/2024\/01\/21-600x910.png 600w, https:\/\/d12ipdv30ux650.cloudfront.net\/wp-content\/uploads\/2024\/01\/21-198x300.png 198w\" sizes=\"(max-width: 672px) 100vw, 672px\" \/><\/p>\n<p class=\"WaymoreBlock-title WaymoreBlock-title--bold\"><strong>Tecido de alta qualidade<\/strong><\/p>\n<p class=\"WaymoreBlock-description WaymoreBlock-description--blackColored\">A cobertura deste guarda-chuva \u00e9 feita de tecido 100% poli\u00e9ster tingido em solu\u00e7\u00e3o 250 GSM, que \u00e9 \u00e0 prova d&#8217;\u00e1gua, com prote\u00e7\u00e3o UV e tem capacidade de resist\u00eancia ao desbotamento por 3 anos. Seja ensolarado ou chuvoso, pode manter a cor sem desbotar por muito tempo.<\/p>\n<p class=\"WaymoreBlock-title WaymoreBlock-title--bold\"><strong>Constru\u00e7\u00e3o met\u00e1lica robusta<\/strong><\/p>\n<p class=\"WaymoreBlock-description WaymoreBlock-description--blackColored\">O mastro do guarda-chuva de alum\u00ednio com revestimento em p\u00f3 \u00e9 \u00e0 prova de ferrugem e dur\u00e1vel, o que tamb\u00e9m \u00e9 uma das raz\u00f5es pelas quais este guarda-chuva tem boa resist\u00eancia \u00e0s intemp\u00e9ries. Al\u00e9m disso, este guarda-chuva tamb\u00e9m possui 8 varetas de alum\u00ednio. Estas 8 nervuras de alum\u00ednio resistem ao vento de forma eficaz e fornecem um suporte robusto para o guarda-chuva.<\/p>\n<p class=\"WaymoreBlock-title WaymoreBlock-title--bold\"><strong>Ventila\u00e7\u00e3o de ar conveniente<\/strong><\/p>\n<p class=\"WaymoreBlock-description WaymoreBlock-description--blackColored\">A cobertura do guarda-chuva possui uma ventila\u00e7\u00e3o de ar conveniente. O design de adicionar uma pequena parte superior no pano do guarda-chuva permite que o guarda-chuva tenha melhor desempenho de circula\u00e7\u00e3o de ar e o desempenho de dissipa\u00e7\u00e3o de calor trar\u00e1 mais frescor no ver\u00e3o.<\/p>\n<p class=\"WaymoreBlock-title WaymoreBlock-title--bold\"><strong>F\u00e1cil de operar<\/strong><\/p>\n<p class=\"WaymoreBlock-description WaymoreBlock-description--blackColored\">Com um conveniente sistema de abertura\/fechamento com manivela, voc\u00ea pode abrir ou fechar facilmente este guarda-chuva. Al\u00e9m disso, voc\u00ea pode ajustar a al\u00e7a em 6 alturas diferentes para ajustar facilmente a altura m\u00e1xima do guarda-chuva em rela\u00e7\u00e3o ao solo.<\/p>\n<p class=\"WaymoreBlock-title WaymoreBlock-title--bold\"><strong>Rota\u00e7\u00e3o de 360 graus<\/strong><\/p>\n<p class=\"WaymoreBlock-description WaymoreBlock-description--blackColored\">Este guarda-chuva possui um pedal que economiza trabalho. S\u00e3o necess\u00e1rios apenas dois passos para realizar sua fun\u00e7\u00e3o de rota\u00e7\u00e3o. Passo 1: Pise levemente no pedal. Passo 2: Com o pedal pressionado, gire a empunhadura diretamente (n\u00e3o a manivela).<\/p>\n<p class=\"WaymoreBlock-title WaymoreBlock-title--bold\"><strong>Amplamente utilizado<\/strong><\/p>\n<p class=\"WaymoreBlock-description WaymoreBlock-description--blackColored\">Este guarda-chuva deslocado pode ser colocado em muitos lugares, como piscina, quintal, p\u00e1tio e deck. Elegante e pr\u00e1tico. Com este guarda-chuva cantilever para p\u00e1tio, voc\u00ea pode relaxar e desfrutar da sombra que ele traz para voc\u00ea em muitos lugares.<\/p>\n<p>Com o poder de bloquear a luz e mant\u00ea-lo protegido contra queimaduras solares, este guarda-chuva cantilever para exterior \u00e9 uma adi\u00e7\u00e3o bem-vinda a qualquer conjunto ao ar livre. Projetado para viver ao ar livre, ele \u00e9 constru\u00eddo em alum\u00ednio com revestimento em p\u00f3 e tecido de poli\u00e9ster, ambos feitos para resistir a danos causados por intemp\u00e9ries, \u00e1gua, ferrugem e raios UV. Ele mede 132&#8221; de largura e apresenta formato octogonal, com uma cobertura apresentando um tom s\u00f3lido vers\u00e1til e uma abertura para uma sensa\u00e7\u00e3o arejada. Para abrir e fechar, basta usar a manivela lateral. Para completar, basta adicionar um suporte (vendido separadamente).<\/p>\n","protected":false},"excerpt":{"rendered":"<p>Tecido de alta qualidade A cobertura deste guarda-chuva \u00e9 feita de tecido 100% poli\u00e9ster tingido em solu\u00e7\u00e3o 250 GSM, que \u00e9 \u00e0 prova d&#8217;\u00e1gua, com prote\u00e7\u00e3o UV e tem capacidade de resist\u00eancia ao desbotamento por 3 anos. Seja ensolarado ou chuvoso, pode manter a cor sem desbotar por muito tempo. Constru\u00e7\u00e3o met\u00e1lica robusta O mastro [&hellip;]<\/p>\n","protected":false},"featured_media":16116,"template":"","meta":{"rank_math_lock_modified_date":false,"_uag_custom_page_level_css":"","site-sidebar-layout":"default","site-content-layout":"","ast-site-content-layout":"default","site-content-style":"default","site-sidebar-style":"default","ast-global-header-display":"","ast-banner-title-visibility":"","ast-main-header-display":"","ast-hfb-above-header-display":"","ast-hfb-below-header-display":"","ast-hfb-mobile-header-display":"","site-post-title":"","ast-breadcrumbs-content":"","ast-featured-img":"","footer-sml-layout":"","ast-disable-related-posts":"","theme-transparent-header-meta":"default","adv-header-id-meta":"","stick-header-meta":"default","header-above-stick-meta":"","header-main-stick-meta":"","header-below-stick-meta":"","astra-migrate-meta-layouts":"default","ast-page-background-enabled":"default","ast-page-background-meta":{"desktop":{"background-color":"var(--ast-global-color-4)","background-image":"","background-repeat":"repeat","background-position":"center center","background-size":"auto","background-attachment":"scroll","background-type":"","background-media":"","overlay-type":"","overlay-color":"","overlay-opacity":"","overlay-gradient":""},"tablet":{"background-color":"","background-image":"","background-repeat":"repeat","background-position":"center center","background-size":"auto","background-attachment":"scroll","background-type":"","background-media":"","overlay-type":"","overlay-color":"","overlay-opacity":"","overlay-gradient":""},"mobile":{"background-color":"","background-image":"","background-repeat":"repeat","background-position":"center center","background-size":"auto","background-attachment":"scroll","background-type":"","background-media":"","overlay-type":"","overlay-color":"","overlay-opacity":"","overlay-gradient":""}},"ast-content-background-meta":{"desktop":{"background-color":"var(--ast-global-color-5)","background-image":"","background-repeat":"repeat","background-position":"center center","background-size":"auto","background-attachment":"scroll","background-type":"","background-media":"","overlay-type":"","overlay-color":"","overlay-opacity":"","overlay-gradient":""},"tablet":{"background-color":"var(--ast-global-color-5)","background-image":"","background-repeat":"repeat","background-position":"center center","background-size":"auto","background-attachment":"scroll","background-type":"","background-media":"","overlay-type":"","overlay-color":"","overlay-opacity":"","overlay-gradient":""},"mobile":{"background-color":"var(--ast-global-color-5)","background-image":"","background-repeat":"repeat","background-position":"center center","background-size":"auto","background-attachment":"scroll","background-type":"","background-media":"","overlay-type":"","overlay-color":"","overlay-opacity":"","overlay-gradient":""}}},"product_brand":[],"product_cat":[164],"product_tag":[],"class_list":{"0":"post-16115","1":"product","2":"type-product","3":"status-publish","4":"has-post-thumbnail","6":"product_cat-guarda-chuva-ao-ar-livre","7":"desktop-align-left","8":"tablet-align-left","9":"mobile-align-left","11":"first","12":"instock","13":"shipping-taxable","14":"product-type-simple"},"uagb_featured_image_src":{"full":["https:\/\/d12ipdv30ux650.cloudfront.net\/wp-content\/uploads\/2024\/01\/1-1.webp",755,755,false],"thumbnail":["https:\/\/d12ipdv30ux650.cloudfront.net\/wp-content\/uploads\/2024\/01\/1-1-150x150.webp",150,150,true],"medium":["https:\/\/d12ipdv30ux650.cloudfront.net\/wp-content\/uploads\/2024\/01\/1-1-300x300.webp",300,300,true],"medium_large":["https:\/\/d12ipdv30ux650.cloudfront.net\/wp-content\/uploads\/2024\/01\/1-1.webp",755,755,false],"large":["https:\/\/d12ipdv30ux650.cloudfront.net\/wp-content\/uploads\/2024\/01\/1-1.webp",755,755,false],"1536x1536":["https:\/\/d12ipdv30ux650.cloudfront.net\/wp-content\/uploads\/2024\/01\/1-1.webp",755,755,false],"2048x2048":["https:\/\/d12ipdv30ux650.cloudfront.net\/wp-content\/uploads\/2024\/01\/1-1.webp",755,755,false],"woocommerce_thumbnail":["https:\/\/d12ipdv30ux650.cloudfront.net\/wp-content\/uploads\/2024\/01\/1-1-300x225.webp",300,225,true],"woocommerce_single":["https:\/\/d12ipdv30ux650.cloudfront.net\/wp-content\/uploads\/2024\/01\/1-1-600x600.webp",600,600,true],"woocommerce_gallery_thumbnail":["https:\/\/d12ipdv30ux650.cloudfront.net\/wp-content\/uploads\/2024\/01\/1-1-100x100.webp",100,100,true]},"uagb_author_info":{"display_name":"lad","author_link":"https:\/\/asiandavinci.com\/pt-br\/author\/"},"uagb_comment_info":0,"uagb_excerpt":"Tecido de alta qualidade A cobertura deste guarda-chuva \u00e9 feita de tecido 100% poli\u00e9ster tingido em solu\u00e7\u00e3o 250 GSM, que \u00e9 \u00e0 prova d&#8217;\u00e1gua, com prote\u00e7\u00e3o UV e tem capacidade de resist\u00eancia ao desbotamento por 3 anos. Seja ensolarado ou chuvoso, pode manter a cor sem desbotar por muito tempo. Constru\u00e7\u00e3o met\u00e1lica robusta O mastro&hellip;","_links":{"self":[{"href":"https:\/\/asiandavinci.com\/pt-br\/wp-json\/wp\/v2\/product\/16115","targetHints":{"allow":["GET"]}}],"collection":[{"href":"https:\/\/asiandavinci.com\/pt-br\/wp-json\/wp\/v2\/product"}],"about":[{"href":"https:\/\/asiandavinci.com\/pt-br\/wp-json\/wp\/v2\/types\/product"}],"wp:featuredmedia":[{"embeddable":true,"href":"https:\/\/asiandavinci.com\/pt-br\/wp-json\/wp\/v2\/media\/16116"}],"wp:attachment":[{"href":"https:\/\/asiandavinci.com\/pt-br\/wp-json\/wp\/v2\/media?parent=16115"}],"wp:term":[{"taxonomy":"product_brand","embeddable":true,"href":"https:\/\/asiandavinci.com\/pt-br\/wp-json\/wp\/v2\/product_brand?post=16115"},{"taxonomy":"product_cat","embeddable":true,"href":"https:\/\/asiandavinci.com\/pt-br\/wp-json\/wp\/v2\/product_cat?post=16115"},{"taxonomy":"product_tag","embeddable":true,"href":"https:\/\/asiandavinci.com\/pt-br\/wp-json\/wp\/v2\/product_tag?post=16115"}],"curies":[{"name":"wp","href":"https:\/\/api.w.org\/{rel}","templated":true}]}}