{"id":16146,"date":"2024-01-05T17:53:21","date_gmt":"2024-01-05T09:53:21","guid":{"rendered":"https:\/\/asiandavinci.com\/product\/jardim-ao-ar-livre-patio-lazer-ao-ar-livre-sofa-de-teca-de-madeira-macica-hotel-combinacao-de-sofa-ao-ar-livre\/"},"modified":"2024-01-05T17:53:21","modified_gmt":"2024-01-05T09:53:21","slug":"jardim-ao-ar-livre-patio-lazer-ao-ar-livre-sofa-de-teca-de-madeira-macica-hotel-combinacao-de-sofa-ao-ar-livre","status":"publish","type":"product","link":"https:\/\/asiandavinci.com\/pt-br\/produto\/jardim-ao-ar-livre-patio-lazer-ao-ar-livre-sofa-de-teca-de-madeira-macica-hotel-combinacao-de-sofa-ao-ar-livre\/","title":{"rendered":"Jardim ao ar livre p\u00e1tio lazer ao ar livre sof\u00e1 de teca de madeira maci\u00e7a hotel combina\u00e7\u00e3o de sof\u00e1 ao ar livre"},"content":{"rendered":"<p>A teca \u00e9 conhecida por sua durabilidade, mas tamb\u00e9m certifique-se de que o sof\u00e1 tenha almofadas resistentes \u00e0s intemp\u00e9ries e seja constru\u00eddo para resistir aos elementos externos. Por se destinar ao lazer, o conforto \u00e9 fundamental. Opte por almofadas grossas e confort\u00e1veis com tecido adequado para uso externo.<\/p>\n","protected":false},"excerpt":{"rendered":"<p>\u00e9 ben\u00e9fico visitar showrooms ou revisar as especifica\u00e7\u00f5es do produto e avalia\u00e7\u00f5es dos clientes para garantir que o mobili\u00e1rio escolhido atenda \u00e0s suas necessidades espec\u00edficas. Al\u00e9m disso, consulte as diretrizes de garantia e manuten\u00e7\u00e3o do fabricante para garantir a longevidade de seus m\u00f3veis de exterior.<\/p>\n","protected":false},"featured_media":16147,"template":"","meta":{"rank_math_lock_modified_date":false,"_uag_custom_page_level_css":"","site-sidebar-layout":"default","site-content-layout":"","ast-site-content-layout":"default","site-content-style":"default","site-sidebar-style":"default","ast-global-header-display":"","ast-banner-title-visibility":"","ast-main-header-display":"","ast-hfb-above-header-display":"","ast-hfb-below-header-display":"","ast-hfb-mobile-header-display":"","site-post-title":"","ast-breadcrumbs-content":"","ast-featured-img":"","footer-sml-layout":"","ast-disable-related-posts":"","theme-transparent-header-meta":"default","adv-header-id-meta":"","stick-header-meta":"default","header-above-stick-meta":"","header-main-stick-meta":"","header-below-stick-meta":"","astra-migrate-meta-layouts":"default","ast-page-background-enabled":"default","ast-page-background-meta":{"desktop":{"background-color":"var(--ast-global-color-4)","background-image":"","background-repeat":"repeat","background-position":"center center","background-size":"auto","background-attachment":"scroll","background-type":"","background-media":"","overlay-type":"","overlay-color":"","overlay-opacity":"","overlay-gradient":""},"tablet":{"background-color":"","background-image":"","background-repeat":"repeat","background-position":"center center","background-size":"auto","background-attachment":"scroll","background-type":"","background-media":"","overlay-type":"","overlay-color":"","overlay-opacity":"","overlay-gradient":""},"mobile":{"background-color":"","background-image":"","background-repeat":"repeat","background-position":"center center","background-size":"auto","background-attachment":"scroll","background-type":"","background-media":"","overlay-type":"","overlay-color":"","overlay-opacity":"","overlay-gradient":""}},"ast-content-background-meta":{"desktop":{"background-color":"var(--ast-global-color-5)","background-image":"","background-repeat":"repeat","background-position":"center center","background-size":"auto","background-attachment":"scroll","background-type":"","background-media":"","overlay-type":"","overlay-color":"","overlay-opacity":"","overlay-gradient":""},"tablet":{"background-color":"var(--ast-global-color-5)","background-image":"","background-repeat":"repeat","background-position":"center center","background-size":"auto","background-attachment":"scroll","background-type":"","background-media":"","overlay-type":"","overlay-color":"","overlay-opacity":"","overlay-gradient":""},"mobile":{"background-color":"var(--ast-global-color-5)","background-image":"","background-repeat":"repeat","background-position":"center center","background-size":"auto","background-attachment":"scroll","background-type":"","background-media":"","overlay-type":"","overlay-color":"","overlay-opacity":"","overlay-gradient":""}}},"product_brand":[],"product_cat":[163],"product_tag":[],"class_list":{"0":"post-16146","1":"product","2":"type-product","3":"status-publish","4":"has-post-thumbnail","6":"product_cat-sofa-ao-ar-livre","7":"desktop-align-left","8":"tablet-align-left","9":"mobile-align-left","11":"first","12":"instock","13":"shipping-taxable","14":"product-type-simple"},"uagb_featured_image_src":{"full":["https:\/\/d12ipdv30ux650.cloudfront.net\/wp-content\/uploads\/2024\/01\/x-1.jpg",1200,1200,false],"thumbnail":["https:\/\/d12ipdv30ux650.cloudfront.net\/wp-content\/uploads\/2024\/01\/x-1-150x150.jpg",150,150,true],"medium":["https:\/\/d12ipdv30ux650.cloudfront.net\/wp-content\/uploads\/2024\/01\/x-1-300x300.jpg",300,300,true],"medium_large":["https:\/\/d12ipdv30ux650.cloudfront.net\/wp-content\/uploads\/2024\/01\/x-1-768x768.jpg",768,768,true],"large":["https:\/\/d12ipdv30ux650.cloudfront.net\/wp-content\/uploads\/2024\/01\/x-1-1024x1024.jpg",1024,1024,true],"1536x1536":["https:\/\/d12ipdv30ux650.cloudfront.net\/wp-content\/uploads\/2024\/01\/x-1.jpg",1200,1200,false],"2048x2048":["https:\/\/d12ipdv30ux650.cloudfront.net\/wp-content\/uploads\/2024\/01\/x-1.jpg",1200,1200,false],"woocommerce_thumbnail":["https:\/\/d12ipdv30ux650.cloudfront.net\/wp-content\/uploads\/2024\/01\/x-1-300x225.jpg",300,225,true],"woocommerce_single":["https:\/\/d12ipdv30ux650.cloudfront.net\/wp-content\/uploads\/2024\/01\/x-1-600x600.jpg",600,600,true],"woocommerce_gallery_thumbnail":["https:\/\/d12ipdv30ux650.cloudfront.net\/wp-content\/uploads\/2024\/01\/x-1-100x100.jpg",100,100,true]},"uagb_author_info":{"display_name":"lad","author_link":"https:\/\/asiandavinci.com\/pt-br\/author\/"},"uagb_comment_info":0,"uagb_excerpt":"\u00e9 ben\u00e9fico visitar showrooms ou revisar as especifica\u00e7\u00f5es do produto e avalia\u00e7\u00f5es dos clientes para garantir que o mobili\u00e1rio escolhido atenda \u00e0s suas necessidades espec\u00edficas. Al\u00e9m disso, consulte as diretrizes de garantia e manuten\u00e7\u00e3o do fabricante para garantir a longevidade de seus m\u00f3veis de exterior.","_links":{"self":[{"href":"https:\/\/asiandavinci.com\/pt-br\/wp-json\/wp\/v2\/product\/16146","targetHints":{"allow":["GET"]}}],"collection":[{"href":"https:\/\/asiandavinci.com\/pt-br\/wp-json\/wp\/v2\/product"}],"about":[{"href":"https:\/\/asiandavinci.com\/pt-br\/wp-json\/wp\/v2\/types\/product"}],"wp:featuredmedia":[{"embeddable":true,"href":"https:\/\/asiandavinci.com\/pt-br\/wp-json\/wp\/v2\/media\/16147"}],"wp:attachment":[{"href":"https:\/\/asiandavinci.com\/pt-br\/wp-json\/wp\/v2\/media?parent=16146"}],"wp:term":[{"taxonomy":"product_brand","embeddable":true,"href":"https:\/\/asiandavinci.com\/pt-br\/wp-json\/wp\/v2\/product_brand?post=16146"},{"taxonomy":"product_cat","embeddable":true,"href":"https:\/\/asiandavinci.com\/pt-br\/wp-json\/wp\/v2\/product_cat?post=16146"},{"taxonomy":"product_tag","embeddable":true,"href":"https:\/\/asiandavinci.com\/pt-br\/wp-json\/wp\/v2\/product_tag?post=16146"}],"curies":[{"name":"wp","href":"https:\/\/api.w.org\/{rel}","templated":true}]}}