{"id":16185,"date":"2024-01-03T10:48:20","date_gmt":"2024-01-03T02:48:20","guid":{"rendered":"https:\/\/asiandavinci.com\/product\/cadeira-de-sofa-ao-ar-livre-de-madeira-macica-cama-e-cafe-da-manha-hotel-parque-combinacao-de-cadeira-unica\/"},"modified":"2024-01-03T10:48:20","modified_gmt":"2024-01-03T02:48:20","slug":"cadeira-de-sofa-ao-ar-livre-de-madeira-macica-cama-e-cafe-da-manha-hotel-parque-combinacao-de-cadeira-unica","status":"publish","type":"product","link":"https:\/\/asiandavinci.com\/pt-br\/produto\/cadeira-de-sofa-ao-ar-livre-de-madeira-macica-cama-e-cafe-da-manha-hotel-parque-combinacao-de-cadeira-unica\/","title":{"rendered":"Cadeira de sof\u00e1 ao ar livre de madeira maci\u00e7a cama e caf\u00e9 da manh\u00e3 hotel parque combina\u00e7\u00e3o de cadeira \u00fanica"},"content":{"rendered":"<p>Comece com um sof\u00e1 modular para exterior feito de madeira maci\u00e7a. Procure madeiras resistentes \u00e0s intemp\u00e9ries, como teca ou cedro. Estas pe\u00e7as modulares podem ser reorganizadas para formar diferentes arranjos de assentos.<\/p>\n","protected":false},"excerpt":{"rendered":"<p>Para obter informa\u00e7\u00f5es mais precisas e atualizadas sobre o mobili\u00e1rio e design de interiores do Waldorf Astoria Lusail, recomendo consultar o site oficial do hotel ou entrar em contato diretamente com o hotel. Os sites de hot\u00e9is costumam exibir suas comodidades, servi\u00e7os e elementos de design de interiores, incluindo detalhes sobre os m\u00f3veis e acess\u00f3rios usados em toda a propriedade.<\/p>\n<p>&nbsp;<\/p>\n","protected":false},"featured_media":16186,"template":"","meta":{"rank_math_lock_modified_date":false,"_uag_custom_page_level_css":"","site-sidebar-layout":"default","site-content-layout":"","ast-site-content-layout":"default","site-content-style":"default","site-sidebar-style":"default","ast-global-header-display":"","ast-banner-title-visibility":"","ast-main-header-display":"","ast-hfb-above-header-display":"","ast-hfb-below-header-display":"","ast-hfb-mobile-header-display":"","site-post-title":"","ast-breadcrumbs-content":"","ast-featured-img":"","footer-sml-layout":"","ast-disable-related-posts":"","theme-transparent-header-meta":"default","adv-header-id-meta":"","stick-header-meta":"default","header-above-stick-meta":"","header-main-stick-meta":"","header-below-stick-meta":"","astra-migrate-meta-layouts":"default","ast-page-background-enabled":"default","ast-page-background-meta":{"desktop":{"background-color":"var(--ast-global-color-4)","background-image":"","background-repeat":"repeat","background-position":"center center","background-size":"auto","background-attachment":"scroll","background-type":"","background-media":"","overlay-type":"","overlay-color":"","overlay-opacity":"","overlay-gradient":""},"tablet":{"background-color":"","background-image":"","background-repeat":"repeat","background-position":"center center","background-size":"auto","background-attachment":"scroll","background-type":"","background-media":"","overlay-type":"","overlay-color":"","overlay-opacity":"","overlay-gradient":""},"mobile":{"background-color":"","background-image":"","background-repeat":"repeat","background-position":"center center","background-size":"auto","background-attachment":"scroll","background-type":"","background-media":"","overlay-type":"","overlay-color":"","overlay-opacity":"","overlay-gradient":""}},"ast-content-background-meta":{"desktop":{"background-color":"var(--ast-global-color-5)","background-image":"","background-repeat":"repeat","background-position":"center center","background-size":"auto","background-attachment":"scroll","background-type":"","background-media":"","overlay-type":"","overlay-color":"","overlay-opacity":"","overlay-gradient":""},"tablet":{"background-color":"var(--ast-global-color-5)","background-image":"","background-repeat":"repeat","background-position":"center center","background-size":"auto","background-attachment":"scroll","background-type":"","background-media":"","overlay-type":"","overlay-color":"","overlay-opacity":"","overlay-gradient":""},"mobile":{"background-color":"var(--ast-global-color-5)","background-image":"","background-repeat":"repeat","background-position":"center center","background-size":"auto","background-attachment":"scroll","background-type":"","background-media":"","overlay-type":"","overlay-color":"","overlay-opacity":"","overlay-gradient":""}}},"product_brand":[],"product_cat":[163],"product_tag":[],"class_list":{"0":"post-16185","1":"product","2":"type-product","3":"status-publish","4":"has-post-thumbnail","6":"product_cat-sofa-ao-ar-livre","7":"desktop-align-left","8":"tablet-align-left","9":"mobile-align-left","11":"first","12":"instock","13":"shipping-taxable","14":"product-type-simple"},"uagb_featured_image_src":{"full":["https:\/\/d12ipdv30ux650.cloudfront.net\/wp-content\/uploads\/2024\/01\/s3.jpg",1200,1200,false],"thumbnail":["https:\/\/d12ipdv30ux650.cloudfront.net\/wp-content\/uploads\/2024\/01\/s3-150x150.jpg",150,150,true],"medium":["https:\/\/d12ipdv30ux650.cloudfront.net\/wp-content\/uploads\/2024\/01\/s3-300x300.jpg",300,300,true],"medium_large":["https:\/\/d12ipdv30ux650.cloudfront.net\/wp-content\/uploads\/2024\/01\/s3-768x768.jpg",768,768,true],"large":["https:\/\/d12ipdv30ux650.cloudfront.net\/wp-content\/uploads\/2024\/01\/s3-1024x1024.jpg",1024,1024,true],"1536x1536":["https:\/\/d12ipdv30ux650.cloudfront.net\/wp-content\/uploads\/2024\/01\/s3.jpg",1200,1200,false],"2048x2048":["https:\/\/d12ipdv30ux650.cloudfront.net\/wp-content\/uploads\/2024\/01\/s3.jpg",1200,1200,false],"woocommerce_thumbnail":["https:\/\/d12ipdv30ux650.cloudfront.net\/wp-content\/uploads\/2024\/01\/s3-300x225.jpg",300,225,true],"woocommerce_single":["https:\/\/d12ipdv30ux650.cloudfront.net\/wp-content\/uploads\/2024\/01\/s3-600x600.jpg",600,600,true],"woocommerce_gallery_thumbnail":["https:\/\/d12ipdv30ux650.cloudfront.net\/wp-content\/uploads\/2024\/01\/s3-100x100.jpg",100,100,true]},"uagb_author_info":{"display_name":"lad","author_link":"https:\/\/asiandavinci.com\/pt-br\/author\/"},"uagb_comment_info":0,"uagb_excerpt":"Para obter informa\u00e7\u00f5es mais precisas e atualizadas sobre o mobili\u00e1rio e design de interiores do Waldorf Astoria Lusail, recomendo consultar o site oficial do hotel ou entrar em contato diretamente com o hotel. Os sites de hot\u00e9is costumam exibir suas comodidades, servi\u00e7os e elementos de design de interiores, incluindo detalhes sobre os m\u00f3veis e acess\u00f3rios&hellip;","_links":{"self":[{"href":"https:\/\/asiandavinci.com\/pt-br\/wp-json\/wp\/v2\/product\/16185","targetHints":{"allow":["GET"]}}],"collection":[{"href":"https:\/\/asiandavinci.com\/pt-br\/wp-json\/wp\/v2\/product"}],"about":[{"href":"https:\/\/asiandavinci.com\/pt-br\/wp-json\/wp\/v2\/types\/product"}],"wp:featuredmedia":[{"embeddable":true,"href":"https:\/\/asiandavinci.com\/pt-br\/wp-json\/wp\/v2\/media\/16186"}],"wp:attachment":[{"href":"https:\/\/asiandavinci.com\/pt-br\/wp-json\/wp\/v2\/media?parent=16185"}],"wp:term":[{"taxonomy":"product_brand","embeddable":true,"href":"https:\/\/asiandavinci.com\/pt-br\/wp-json\/wp\/v2\/product_brand?post=16185"},{"taxonomy":"product_cat","embeddable":true,"href":"https:\/\/asiandavinci.com\/pt-br\/wp-json\/wp\/v2\/product_cat?post=16185"},{"taxonomy":"product_tag","embeddable":true,"href":"https:\/\/asiandavinci.com\/pt-br\/wp-json\/wp\/v2\/product_tag?post=16185"}],"curies":[{"name":"wp","href":"https:\/\/api.w.org\/{rel}","templated":true}]}}