{"id":16320,"date":"2023-12-26T15:54:39","date_gmt":"2023-12-26T07:54:39","guid":{"rendered":"https:\/\/asiandavinci.com\/product\/recipiente-integrado-para-casa-painel-de-aco-colorido-casa-modular-recipiente-de-aco-leve-copia\/"},"modified":"2023-12-26T15:54:39","modified_gmt":"2023-12-26T07:54:39","slug":"recipiente-integrado-para-casa-painel-de-aco-colorido-casa-modular-recipiente-de-aco-leve-copia","status":"publish","type":"product","link":"https:\/\/asiandavinci.com\/pt-br\/produto\/recipiente-integrado-para-casa-painel-de-aco-colorido-casa-modular-recipiente-de-aco-leve-copia\/","title":{"rendered":"Recipiente integrado para casa, painel de a\u00e7o colorido, casa modular, recipiente de a\u00e7o leve (c\u00f3pia)"},"content":{"rendered":"<p>Isso pode se referir a casas de cont\u00eaineres constru\u00eddas com estruturas de a\u00e7o leve. A estrutura de a\u00e7o leve utiliza a\u00e7o formado a frio, que \u00e9 mais leve que o a\u00e7o tradicional e mais f\u00e1cil de transportar. Proporciona resist\u00eancia e durabilidade ao mesmo tempo que se adapta \u00e0 constru\u00e7\u00e3o modular.<\/p>\n<div class=\"wpforms-container \" id=\"wpforms-8\"><form id=\"wpforms-form-8\" class=\"wpforms-validate wpforms-form\" data-formid=\"8\" method=\"post\" enctype=\"multipart\/form-data\" action=\"\/pt-br\/wp-json\/wp\/v2\/product\/16320\" data-token=\"344bc984af0c22ecf2bda3149d20a78c\"><noscript class=\"wpforms-error-noscript\">Ative o JavaScript no seu navegador para preencher este formul\u00e1rio.<\/noscript><div class=\"wpforms-field-container\"><div id=\"wpforms-8-field_0-container\" class=\"wpforms-field wpforms-field-name\" data-field-id=\"0\"><label class=\"wpforms-field-label wpforms-label-hide\" for=\"wpforms-8-field_0\">Seu nome completo<\/label><input type=\"text\" id=\"wpforms-8-field_0\" class=\"wpforms-field-large\" name=\"wpforms[fields][0]\" placeholder=\"Seu nome\" ><\/div><div id=\"wpforms-8-field_1-container\" class=\"wpforms-field wpforms-field-email\" data-field-id=\"1\"><label class=\"wpforms-field-label wpforms-label-hide\" for=\"wpforms-8-field_1\">Seu endere\u00e7o de email <span class=\"wpforms-required-label\">*<\/span><\/label><input type=\"email\" id=\"wpforms-8-field_1\" class=\"wpforms-field-large wpforms-field-required\" name=\"wpforms[fields][1]\" placeholder=\"Seu email\" spellcheck=\"false\" required><\/div><div id=\"wpforms-8-field_2-container\" class=\"wpforms-field wpforms-field-textarea\" data-field-id=\"2\"><label class=\"wpforms-field-label wpforms-label-hide\" for=\"wpforms-8-field_2\">Conte-nos seus requisitos<\/label><textarea id=\"wpforms-8-field_2\" class=\"wpforms-field-medium\" name=\"wpforms[fields][2]\" placeholder=\"Mensagem\" ><\/textarea><\/div><\/div><!-- .wpforms-field-container --><div class=\"wpforms-recaptcha-container wpforms-is-recaptcha\" ><div class=\"g-recaptcha\" data-sitekey=\"6LeYkHcpAAAAACjQlXl3xC3FMc3K4YG5IiqiQr1s\"><\/div><input type=\"text\" name=\"g-recaptcha-hidden\" class=\"wpforms-recaptcha-hidden\" style=\"position:absolute!important;clip:rect(0,0,0,0)!important;height:1px!important;width:1px!important;border:0!important;overflow:hidden!important;padding:0!important;margin:0!important;\" data-rule-recaptcha=\"1\"><\/div><div class=\"wpforms-submit-container\" ><input type=\"hidden\" name=\"wpforms[id]\" value=\"8\"><input type=\"hidden\" name=\"wpforms[author]\" value=\"3\"><button type=\"submit\" name=\"wpforms[submit]\" id=\"wpforms-submit-8\" class=\"wpforms-submit script function gtag_report_conversionurl  var callback   if typeofurl  undefined windowlocation url   gtagevent conversion send_to AW-16446862700ySd7CIbo04oZEOzqvKI9 event_callback  return false script\" data-alt-text=\"Enviando...\" data-submit-text=\"Enviar mensagem\" aria-live=\"assertive\" value=\"wpforms-submit\">Enviar mensagem<\/button><\/div><\/form><\/div>  <!-- .wpforms-container -->\n","protected":false},"excerpt":{"rendered":"[video width=\"720\" height=\"1280\" mp4=\"https:\/\/asiandavinci.com\/wp-content\/uploads\/2023\/12\/29-1.mp4\"][\/video]\n<p>&nbsp;<\/p>\n<p>As casas de cont\u00eaineres s\u00e3o constru\u00eddas usando cont\u00eaineres reaproveitados. Os contentores mar\u00edtimos s\u00e3o transformados em espa\u00e7os habitacionais, proporcionando uma abordagem modular e sustent\u00e1vel \u00e0 habita\u00e7\u00e3o. Eles s\u00e3o conhecidos por sua durabilidade, portabilidade e constru\u00e7\u00e3o relativamente r\u00e1pida.<\/p>\n","protected":false},"featured_media":0,"template":"","meta":{"rank_math_lock_modified_date":false,"_uag_custom_page_level_css":"","site-sidebar-layout":"default","site-content-layout":"","ast-site-content-layout":"default","site-content-style":"default","site-sidebar-style":"default","ast-global-header-display":"","ast-banner-title-visibility":"","ast-main-header-display":"","ast-hfb-above-header-display":"","ast-hfb-below-header-display":"","ast-hfb-mobile-header-display":"","site-post-title":"","ast-breadcrumbs-content":"","ast-featured-img":"","footer-sml-layout":"","ast-disable-related-posts":"","theme-transparent-header-meta":"default","adv-header-id-meta":"","stick-header-meta":"","header-above-stick-meta":"","header-main-stick-meta":"","header-below-stick-meta":"","astra-migrate-meta-layouts":"default","ast-page-background-enabled":"default","ast-page-background-meta":{"desktop":{"background-color":"var(--ast-global-color-4)","background-image":"","background-repeat":"repeat","background-position":"center center","background-size":"auto","background-attachment":"scroll","background-type":"","background-media":"","overlay-type":"","overlay-color":"","overlay-opacity":"","overlay-gradient":""},"tablet":{"background-color":"","background-image":"","background-repeat":"repeat","background-position":"center center","background-size":"auto","background-attachment":"scroll","background-type":"","background-media":"","overlay-type":"","overlay-color":"","overlay-opacity":"","overlay-gradient":""},"mobile":{"background-color":"","background-image":"","background-repeat":"repeat","background-position":"center center","background-size":"auto","background-attachment":"scroll","background-type":"","background-media":"","overlay-type":"","overlay-color":"","overlay-opacity":"","overlay-gradient":""}},"ast-content-background-meta":{"desktop":{"background-color":"var(--ast-global-color-5)","background-image":"","background-repeat":"repeat","background-position":"center center","background-size":"auto","background-attachment":"scroll","background-type":"","background-media":"","overlay-type":"","overlay-color":"","overlay-opacity":"","overlay-gradient":""},"tablet":{"background-color":"var(--ast-global-color-5)","background-image":"","background-repeat":"repeat","background-position":"center center","background-size":"auto","background-attachment":"scroll","background-type":"","background-media":"","overlay-type":"","overlay-color":"","overlay-opacity":"","overlay-gradient":""},"mobile":{"background-color":"var(--ast-global-color-5)","background-image":"","background-repeat":"repeat","background-position":"center center","background-size":"auto","background-attachment":"scroll","background-type":"","background-media":"","overlay-type":"","overlay-color":"","overlay-opacity":"","overlay-gradient":""}}},"product_brand":[],"product_cat":[168],"product_tag":[],"class_list":{"0":"post-16320","1":"product","2":"type-product","3":"status-publish","5":"product_cat-casa-com-estrutura-de-aco","6":"desktop-align-left","7":"tablet-align-left","8":"mobile-align-left","10":"first","11":"instock","12":"shipping-taxable","13":"product-type-simple"},"uagb_featured_image_src":{"full":false,"thumbnail":false,"medium":false,"medium_large":false,"large":false,"1536x1536":false,"2048x2048":false,"woocommerce_thumbnail":false,"woocommerce_single":false,"woocommerce_gallery_thumbnail":false},"uagb_author_info":{"display_name":"katy","author_link":"https:\/\/asiandavinci.com\/pt-br\/author\/"},"uagb_comment_info":0,"uagb_excerpt":"[video width=\"720\" height=\"1280\" mp4=\"https:\/\/asiandavinci.com\/wp-content\/uploads\/2023\/12\/29-1.mp4\"][\/video] &nbsp; As casas de cont\u00eaineres s\u00e3o constru\u00eddas usando cont\u00eaineres reaproveitados. Os contentores mar\u00edtimos s\u00e3o transformados em espa\u00e7os habitacionais, proporcionando uma abordagem modular e sustent\u00e1vel \u00e0 habita\u00e7\u00e3o. Eles s\u00e3o conhecidos por sua durabilidade, portabilidade e constru\u00e7\u00e3o relativamente r\u00e1pida.","_links":{"self":[{"href":"https:\/\/asiandavinci.com\/pt-br\/wp-json\/wp\/v2\/product\/16320","targetHints":{"allow":["GET"]}}],"collection":[{"href":"https:\/\/asiandavinci.com\/pt-br\/wp-json\/wp\/v2\/product"}],"about":[{"href":"https:\/\/asiandavinci.com\/pt-br\/wp-json\/wp\/v2\/types\/product"}],"wp:attachment":[{"href":"https:\/\/asiandavinci.com\/pt-br\/wp-json\/wp\/v2\/media?parent=16320"}],"wp:term":[{"taxonomy":"product_brand","embeddable":true,"href":"https:\/\/asiandavinci.com\/pt-br\/wp-json\/wp\/v2\/product_brand?post=16320"},{"taxonomy":"product_cat","embeddable":true,"href":"https:\/\/asiandavinci.com\/pt-br\/wp-json\/wp\/v2\/product_cat?post=16320"},{"taxonomy":"product_tag","embeddable":true,"href":"https:\/\/asiandavinci.com\/pt-br\/wp-json\/wp\/v2\/product_tag?post=16320"}],"curies":[{"name":"wp","href":"https:\/\/api.w.org\/{rel}","templated":true}]}}