{"id":16550,"date":"2023-12-22T15:19:30","date_gmt":"2023-12-22T07:19:30","guid":{"rendered":"https:\/\/asiandavinci.com\/product\/mesa-de-jantar-ao-ar-livre-e-moveis-de-cadeira\/"},"modified":"2023-12-22T15:19:30","modified_gmt":"2023-12-22T07:19:30","slug":"mesa-de-jantar-ao-ar-livre-e-moveis-de-cadeira","status":"publish","type":"product","link":"https:\/\/asiandavinci.com\/pt-br\/produto\/mesa-de-jantar-ao-ar-livre-e-moveis-de-cadeira\/","title":{"rendered":"mesa de jantar ao ar livre e m\u00f3veis de cadeira"},"content":{"rendered":"<p>Tem uma apar\u00eancia natural e \u00e9 leve, mas pode exigir manuten\u00e7\u00e3o ocasional.<br \/>\nResina Vime: Mais dur\u00e1vel e resistente \u00e0s intemp\u00e9ries.<\/p>\n","protected":false},"excerpt":{"rendered":"<p>Material:<br \/>\nmadeira:<br \/>\nTeca: resistente ao apodrecimento, \u00e0 prova de insetos, dur\u00e1vel e de beleza natural.<br \/>\nEucalipto: Semelhante \u00e0 teca, mas mais acess\u00edvel.<br \/>\nCedro: Leve, resistente ao apodrecimento, possui fragr\u00e2ncia agrad\u00e1vel.<\/p>\n<p>Metal:<br \/>\nAlum\u00ednio: Leve, resistente \u00e0 ferrugem e de baixa manuten\u00e7\u00e3o.<br \/>\nFerro forjado: Pesado e dur\u00e1vel, mas pode exigir mais manuten\u00e7\u00e3o para evitar ferrugem.<br \/>\nA\u00e7o: Dur\u00e1vel e forte, mas pode enferrujar se n\u00e3o for manuseado corretamente.<\/p>\n<p>&nbsp;<\/p>\n","protected":false},"featured_media":16551,"template":"","meta":{"rank_math_lock_modified_date":false,"_uag_custom_page_level_css":"","site-sidebar-layout":"default","site-content-layout":"","ast-site-content-layout":"default","site-content-style":"default","site-sidebar-style":"default","ast-global-header-display":"","ast-banner-title-visibility":"","ast-main-header-display":"","ast-hfb-above-header-display":"","ast-hfb-below-header-display":"","ast-hfb-mobile-header-display":"","site-post-title":"","ast-breadcrumbs-content":"","ast-featured-img":"","footer-sml-layout":"","ast-disable-related-posts":"","theme-transparent-header-meta":"default","adv-header-id-meta":"","stick-header-meta":"default","header-above-stick-meta":"","header-main-stick-meta":"","header-below-stick-meta":"","astra-migrate-meta-layouts":"default","ast-page-background-enabled":"default","ast-page-background-meta":{"desktop":{"background-color":"var(--ast-global-color-4)","background-image":"","background-repeat":"repeat","background-position":"center center","background-size":"auto","background-attachment":"scroll","background-type":"","background-media":"","overlay-type":"","overlay-color":"","overlay-opacity":"","overlay-gradient":""},"tablet":{"background-color":"","background-image":"","background-repeat":"repeat","background-position":"center center","background-size":"auto","background-attachment":"scroll","background-type":"","background-media":"","overlay-type":"","overlay-color":"","overlay-opacity":"","overlay-gradient":""},"mobile":{"background-color":"","background-image":"","background-repeat":"repeat","background-position":"center center","background-size":"auto","background-attachment":"scroll","background-type":"","background-media":"","overlay-type":"","overlay-color":"","overlay-opacity":"","overlay-gradient":""}},"ast-content-background-meta":{"desktop":{"background-color":"var(--ast-global-color-5)","background-image":"","background-repeat":"repeat","background-position":"center center","background-size":"auto","background-attachment":"scroll","background-type":"","background-media":"","overlay-type":"","overlay-color":"","overlay-opacity":"","overlay-gradient":""},"tablet":{"background-color":"var(--ast-global-color-5)","background-image":"","background-repeat":"repeat","background-position":"center center","background-size":"auto","background-attachment":"scroll","background-type":"","background-media":"","overlay-type":"","overlay-color":"","overlay-opacity":"","overlay-gradient":""},"mobile":{"background-color":"var(--ast-global-color-5)","background-image":"","background-repeat":"repeat","background-position":"center center","background-size":"auto","background-attachment":"scroll","background-type":"","background-media":"","overlay-type":"","overlay-color":"","overlay-opacity":"","overlay-gradient":""}}},"product_brand":[],"product_cat":[162],"product_tag":[],"class_list":{"0":"post-16550","1":"product","2":"type-product","3":"status-publish","4":"has-post-thumbnail","6":"product_cat-mesa-e-cadeira-de-jantar-ao-ar-livre","7":"desktop-align-left","8":"tablet-align-left","9":"mobile-align-left","11":"first","12":"instock","13":"shipping-taxable","14":"product-type-simple"},"uagb_featured_image_src":{"full":["https:\/\/d12ipdv30ux650.cloudfront.net\/wp-content\/uploads\/2023\/12\/6-1.jpg",1200,1200,false],"thumbnail":["https:\/\/d12ipdv30ux650.cloudfront.net\/wp-content\/uploads\/2023\/12\/6-1-150x150.jpg",150,150,true],"medium":["https:\/\/d12ipdv30ux650.cloudfront.net\/wp-content\/uploads\/2023\/12\/6-1-300x300.jpg",300,300,true],"medium_large":["https:\/\/d12ipdv30ux650.cloudfront.net\/wp-content\/uploads\/2023\/12\/6-1-768x768.jpg",768,768,true],"large":["https:\/\/d12ipdv30ux650.cloudfront.net\/wp-content\/uploads\/2023\/12\/6-1-1024x1024.jpg",1024,1024,true],"1536x1536":["https:\/\/d12ipdv30ux650.cloudfront.net\/wp-content\/uploads\/2023\/12\/6-1.jpg",1200,1200,false],"2048x2048":["https:\/\/d12ipdv30ux650.cloudfront.net\/wp-content\/uploads\/2023\/12\/6-1.jpg",1200,1200,false],"woocommerce_thumbnail":["https:\/\/d12ipdv30ux650.cloudfront.net\/wp-content\/uploads\/2023\/12\/6-1-300x225.jpg",300,225,true],"woocommerce_single":["https:\/\/d12ipdv30ux650.cloudfront.net\/wp-content\/uploads\/2023\/12\/6-1-600x600.jpg",600,600,true],"woocommerce_gallery_thumbnail":["https:\/\/d12ipdv30ux650.cloudfront.net\/wp-content\/uploads\/2023\/12\/6-1-100x100.jpg",100,100,true]},"uagb_author_info":{"display_name":"katy","author_link":"https:\/\/asiandavinci.com\/pt-br\/author\/"},"uagb_comment_info":0,"uagb_excerpt":"Material: madeira: Teca: resistente ao apodrecimento, \u00e0 prova de insetos, dur\u00e1vel e de beleza natural. Eucalipto: Semelhante \u00e0 teca, mas mais acess\u00edvel. Cedro: Leve, resistente ao apodrecimento, possui fragr\u00e2ncia agrad\u00e1vel. Metal: Alum\u00ednio: Leve, resistente \u00e0 ferrugem e de baixa manuten\u00e7\u00e3o. Ferro forjado: Pesado e dur\u00e1vel, mas pode exigir mais manuten\u00e7\u00e3o para evitar ferrugem. A\u00e7o: Dur\u00e1vel&hellip;","_links":{"self":[{"href":"https:\/\/asiandavinci.com\/pt-br\/wp-json\/wp\/v2\/product\/16550","targetHints":{"allow":["GET"]}}],"collection":[{"href":"https:\/\/asiandavinci.com\/pt-br\/wp-json\/wp\/v2\/product"}],"about":[{"href":"https:\/\/asiandavinci.com\/pt-br\/wp-json\/wp\/v2\/types\/product"}],"wp:featuredmedia":[{"embeddable":true,"href":"https:\/\/asiandavinci.com\/pt-br\/wp-json\/wp\/v2\/media\/16551"}],"wp:attachment":[{"href":"https:\/\/asiandavinci.com\/pt-br\/wp-json\/wp\/v2\/media?parent=16550"}],"wp:term":[{"taxonomy":"product_brand","embeddable":true,"href":"https:\/\/asiandavinci.com\/pt-br\/wp-json\/wp\/v2\/product_brand?post=16550"},{"taxonomy":"product_cat","embeddable":true,"href":"https:\/\/asiandavinci.com\/pt-br\/wp-json\/wp\/v2\/product_cat?post=16550"},{"taxonomy":"product_tag","embeddable":true,"href":"https:\/\/asiandavinci.com\/pt-br\/wp-json\/wp\/v2\/product_tag?post=16550"}],"curies":[{"name":"wp","href":"https:\/\/api.w.org\/{rel}","templated":true}]}}