{"id":16560,"date":"2023-12-15T15:55:26","date_gmt":"2023-12-15T07:55:26","guid":{"rendered":"https:\/\/asiandavinci.com\/product\/embalagem-integrada-de-recipientes-de-aco-leve-para-casa-em-armarios\/"},"modified":"2023-12-15T15:55:26","modified_gmt":"2023-12-15T07:55:26","slug":"embalagem-integrada-de-recipientes-de-aco-leve-para-casa-em-armarios","status":"publish","type":"product","link":"https:\/\/asiandavinci.com\/pt-br\/produto\/embalagem-integrada-de-recipientes-de-aco-leve-para-casa-em-armarios\/","title":{"rendered":"Embalagem integrada de recipientes de a\u00e7o leve para casa em arm\u00e1rios"},"content":{"rendered":"<div class=\"ast-oembed-container \" style=\"height: 100%;\"><iframe title=\"Integrated house light steel container packing into cabinets\" width=\"500\" height=\"281\" src=\"https:\/\/www.youtube.com\/embed\/P4xNRVD8CVI?feature=oembed\" frameborder=\"0\" allow=\"accelerometer; autoplay; clipboard-write; encrypted-media; gyroscope; picture-in-picture; web-share\" referrerpolicy=\"strict-origin-when-cross-origin\" allowfullscreen><\/iframe><\/div>\n\n","protected":false},"excerpt":{"rendered":"<p>Casa Integrada: Uma casa integrada normalmente se refere a uma unidade habitacional pr\u00e9-fabricada ou modular que \u00e9 constru\u00edda fora do local e depois transportada para seu local final para montagem. Estas casas foram projetadas para serem facilmente integradas \u00e0 infraestrutura existente. Casa de cont\u00eaineres: Uma casa de cont\u00eaineres, tamb\u00e9m conhecida como casa de cont\u00eaineres, \u00e9 um tipo de habita\u00e7\u00e3o modular que reaproveita cont\u00eaineres como principal elemento estrutural. Esses cont\u00eaineres s\u00e3o frequentemente usados para transporte de carga e s\u00e3o reaproveitados em espa\u00e7os residenciais, escrit\u00f3rios ou outras estruturas. Casa de pain\u00e9is de a\u00e7o colorido: Pain\u00e9is de a\u00e7o colorido s\u00e3o frequentemente usados na constru\u00e7\u00e3o de casas modulares. Esses pain\u00e9is s\u00e3o feitos de a\u00e7o galvanizado revestido com uma camada de tinta em diversas cores para maior apelo est\u00e9tico. As casas de pain\u00e9is de a\u00e7o colorido s\u00e3o conhecidas por sua durabilidade, efici\u00eancia energ\u00e9tica e apar\u00eancia moderna.<\/p>\n","protected":false},"featured_media":16561,"template":"","meta":{"rank_math_lock_modified_date":false,"_uag_custom_page_level_css":"","site-sidebar-layout":"default","site-content-layout":"","ast-site-content-layout":"default","site-content-style":"default","site-sidebar-style":"default","ast-global-header-display":"","ast-banner-title-visibility":"","ast-main-header-display":"","ast-hfb-above-header-display":"","ast-hfb-below-header-display":"","ast-hfb-mobile-header-display":"","site-post-title":"","ast-breadcrumbs-content":"","ast-featured-img":"","footer-sml-layout":"","ast-disable-related-posts":"","theme-transparent-header-meta":"default","adv-header-id-meta":"","stick-header-meta":"","header-above-stick-meta":"","header-main-stick-meta":"","header-below-stick-meta":"","astra-migrate-meta-layouts":"default","ast-page-background-enabled":"default","ast-page-background-meta":{"desktop":{"background-color":"var(--ast-global-color-4)","background-image":"","background-repeat":"repeat","background-position":"center center","background-size":"auto","background-attachment":"scroll","background-type":"","background-media":"","overlay-type":"","overlay-color":"","overlay-opacity":"","overlay-gradient":""},"tablet":{"background-color":"","background-image":"","background-repeat":"repeat","background-position":"center center","background-size":"auto","background-attachment":"scroll","background-type":"","background-media":"","overlay-type":"","overlay-color":"","overlay-opacity":"","overlay-gradient":""},"mobile":{"background-color":"","background-image":"","background-repeat":"repeat","background-position":"center center","background-size":"auto","background-attachment":"scroll","background-type":"","background-media":"","overlay-type":"","overlay-color":"","overlay-opacity":"","overlay-gradient":""}},"ast-content-background-meta":{"desktop":{"background-color":"var(--ast-global-color-5)","background-image":"","background-repeat":"repeat","background-position":"center center","background-size":"auto","background-attachment":"scroll","background-type":"","background-media":"","overlay-type":"","overlay-color":"","overlay-opacity":"","overlay-gradient":""},"tablet":{"background-color":"var(--ast-global-color-5)","background-image":"","background-repeat":"repeat","background-position":"center center","background-size":"auto","background-attachment":"scroll","background-type":"","background-media":"","overlay-type":"","overlay-color":"","overlay-opacity":"","overlay-gradient":""},"mobile":{"background-color":"var(--ast-global-color-5)","background-image":"","background-repeat":"repeat","background-position":"center center","background-size":"auto","background-attachment":"scroll","background-type":"","background-media":"","overlay-type":"","overlay-color":"","overlay-opacity":"","overlay-gradient":""}}},"product_brand":[],"product_cat":[128],"product_tag":[],"class_list":{"0":"post-16560","1":"product","2":"type-product","3":"status-publish","4":"has-post-thumbnail","6":"product_cat-casa-de-conteineres","7":"desktop-align-left","8":"tablet-align-left","9":"mobile-align-left","11":"first","12":"instock","13":"shipping-taxable","14":"product-type-simple"},"uagb_featured_image_src":{"full":["https:\/\/d12ipdv30ux650.cloudfront.net\/wp-content\/uploads\/2023\/12\/333.jpg",1200,1200,false],"thumbnail":["https:\/\/d12ipdv30ux650.cloudfront.net\/wp-content\/uploads\/2023\/12\/333-150x150.jpg",150,150,true],"medium":["https:\/\/d12ipdv30ux650.cloudfront.net\/wp-content\/uploads\/2023\/12\/333-300x300.jpg",300,300,true],"medium_large":["https:\/\/d12ipdv30ux650.cloudfront.net\/wp-content\/uploads\/2023\/12\/333-768x768.jpg",768,768,true],"large":["https:\/\/d12ipdv30ux650.cloudfront.net\/wp-content\/uploads\/2023\/12\/333-1024x1024.jpg",1024,1024,true],"1536x1536":["https:\/\/d12ipdv30ux650.cloudfront.net\/wp-content\/uploads\/2023\/12\/333.jpg",1200,1200,false],"2048x2048":["https:\/\/d12ipdv30ux650.cloudfront.net\/wp-content\/uploads\/2023\/12\/333.jpg",1200,1200,false],"woocommerce_thumbnail":["https:\/\/d12ipdv30ux650.cloudfront.net\/wp-content\/uploads\/2023\/12\/333-300x225.jpg",300,225,true],"woocommerce_single":["https:\/\/d12ipdv30ux650.cloudfront.net\/wp-content\/uploads\/2023\/12\/333-600x600.jpg",600,600,true],"woocommerce_gallery_thumbnail":["https:\/\/d12ipdv30ux650.cloudfront.net\/wp-content\/uploads\/2023\/12\/333-100x100.jpg",100,100,true]},"uagb_author_info":{"display_name":"katy","author_link":"https:\/\/asiandavinci.com\/pt-br\/author\/"},"uagb_comment_info":0,"uagb_excerpt":"Casa Integrada: Uma casa integrada normalmente se refere a uma unidade habitacional pr\u00e9-fabricada ou modular que \u00e9 constru\u00edda fora do local e depois transportada para seu local final para montagem. Estas casas foram projetadas para serem facilmente integradas \u00e0 infraestrutura existente. Casa de cont\u00eaineres: Uma casa de cont\u00eaineres, tamb\u00e9m conhecida como casa de cont\u00eaineres, \u00e9&hellip;","_links":{"self":[{"href":"https:\/\/asiandavinci.com\/pt-br\/wp-json\/wp\/v2\/product\/16560","targetHints":{"allow":["GET"]}}],"collection":[{"href":"https:\/\/asiandavinci.com\/pt-br\/wp-json\/wp\/v2\/product"}],"about":[{"href":"https:\/\/asiandavinci.com\/pt-br\/wp-json\/wp\/v2\/types\/product"}],"wp:featuredmedia":[{"embeddable":true,"href":"https:\/\/asiandavinci.com\/pt-br\/wp-json\/wp\/v2\/media\/16561"}],"wp:attachment":[{"href":"https:\/\/asiandavinci.com\/pt-br\/wp-json\/wp\/v2\/media?parent=16560"}],"wp:term":[{"taxonomy":"product_brand","embeddable":true,"href":"https:\/\/asiandavinci.com\/pt-br\/wp-json\/wp\/v2\/product_brand?post=16560"},{"taxonomy":"product_cat","embeddable":true,"href":"https:\/\/asiandavinci.com\/pt-br\/wp-json\/wp\/v2\/product_cat?post=16560"},{"taxonomy":"product_tag","embeddable":true,"href":"https:\/\/asiandavinci.com\/pt-br\/wp-json\/wp\/v2\/product_tag?post=16560"}],"curies":[{"name":"wp","href":"https:\/\/api.w.org\/{rel}","templated":true}]}}