{"id":16565,"date":"2023-12-14T16:10:13","date_gmt":"2023-12-14T08:10:13","guid":{"rendered":"https:\/\/asiandavinci.com\/product\/portas-e-janelas-inteligentes-solario\/"},"modified":"2023-12-14T16:10:13","modified_gmt":"2023-12-14T08:10:13","slug":"portas-e-janelas-inteligentes-solario","status":"publish","type":"product","link":"https:\/\/asiandavinci.com\/pt-br\/produto\/portas-e-janelas-inteligentes-solario\/","title":{"rendered":"Portas e janelas inteligentes, sol\u00e1rio"},"content":{"rendered":"<p>Opera\u00e7\u00e3o automatizada:<br \/>\nControle Remoto: Portas e janelas inteligentes podem ser controladas remotamente usando smartphones ou tablets.<br \/>\nAtiva\u00e7\u00e3o por voz: Integra\u00e7\u00e3o com assistentes de voz como Amazon Alexa ou Google Assistant para opera\u00e7\u00e3o com as m\u00e3os livres.<br \/>\nRecursos de seguran\u00e7a:<br \/>\nFechaduras inteligentes: as portas podem ter fechaduras inteligentes com recursos como entrada sem chave, rastreamento de atividades e c\u00f3digos de acesso tempor\u00e1rios.<br \/>\nSensores: Janelas e portas podem possuir sensores para detectar entradas n\u00e3o autorizadas, disparando alarmes ou enviando notifica\u00e7\u00f5es.<br \/>\nIntegra\u00e7\u00e3o tecnol\u00f3gica:<\/p>\n","protected":false},"excerpt":{"rendered":"<p>Sistemas de Entretenimento: Integra\u00e7\u00e3o com sistemas audiovisuais para uma experi\u00eancia multim\u00eddia.<br \/>\nIlumina\u00e7\u00e3o Inteligente: Ilumina\u00e7\u00e3o automatizada que se ajusta com base nos n\u00edveis de luz natural.<br \/>\nConectividade:<\/p>\n<p>Wi-Fi e Smart Controls: As marquises podem ser equipadas com Wi-Fi para acesso \u00e0 Internet e podem ter controles inteligentes para v\u00e1rios elementos.<br \/>\nEfici\u00eancia energ\u00e9tica:<\/p>\n<p>Pain\u00e9is Solares: Integra\u00e7\u00e3o de pain\u00e9is solares para aproveitar a energia do sol e contribuir para as necessidades energ\u00e9ticas da marquise.<br \/>\nIsolamento: Materiais de isolamento de alta qualidade para regular a temperatura e reduzir o consumo de energia.[wpforms id=\"585\"]<\/p>\n","protected":false},"featured_media":16566,"template":"","meta":{"rank_math_lock_modified_date":false,"_uag_custom_page_level_css":"","site-sidebar-layout":"default","site-content-layout":"","ast-site-content-layout":"default","site-content-style":"default","site-sidebar-style":"default","ast-global-header-display":"","ast-banner-title-visibility":"","ast-main-header-display":"","ast-hfb-above-header-display":"","ast-hfb-below-header-display":"","ast-hfb-mobile-header-display":"","site-post-title":"","ast-breadcrumbs-content":"","ast-featured-img":"","footer-sml-layout":"","ast-disable-related-posts":"","theme-transparent-header-meta":"default","adv-header-id-meta":"","stick-header-meta":"default","header-above-stick-meta":"","header-main-stick-meta":"","header-below-stick-meta":"","astra-migrate-meta-layouts":"default","ast-page-background-enabled":"default","ast-page-background-meta":{"desktop":{"background-color":"var(--ast-global-color-4)","background-image":"","background-repeat":"repeat","background-position":"center center","background-size":"auto","background-attachment":"scroll","background-type":"","background-media":"","overlay-type":"","overlay-color":"","overlay-opacity":"","overlay-gradient":""},"tablet":{"background-color":"","background-image":"","background-repeat":"repeat","background-position":"center center","background-size":"auto","background-attachment":"scroll","background-type":"","background-media":"","overlay-type":"","overlay-color":"","overlay-opacity":"","overlay-gradient":""},"mobile":{"background-color":"","background-image":"","background-repeat":"repeat","background-position":"center center","background-size":"auto","background-attachment":"scroll","background-type":"","background-media":"","overlay-type":"","overlay-color":"","overlay-opacity":"","overlay-gradient":""}},"ast-content-background-meta":{"desktop":{"background-color":"var(--ast-global-color-5)","background-image":"","background-repeat":"repeat","background-position":"center center","background-size":"auto","background-attachment":"scroll","background-type":"","background-media":"","overlay-type":"","overlay-color":"","overlay-opacity":"","overlay-gradient":""},"tablet":{"background-color":"var(--ast-global-color-5)","background-image":"","background-repeat":"repeat","background-position":"center center","background-size":"auto","background-attachment":"scroll","background-type":"","background-media":"","overlay-type":"","overlay-color":"","overlay-opacity":"","overlay-gradient":""},"mobile":{"background-color":"var(--ast-global-color-5)","background-image":"","background-repeat":"repeat","background-position":"center center","background-size":"auto","background-attachment":"scroll","background-type":"","background-media":"","overlay-type":"","overlay-color":"","overlay-opacity":"","overlay-gradient":""}}},"product_brand":[],"product_cat":[157,167],"product_tag":[],"class_list":{"0":"post-16565","1":"product","2":"type-product","3":"status-publish","4":"has-post-thumbnail","6":"product_cat-main-gate-pt-br","7":"product_cat-produtos-domesticos-inteligentes","8":"desktop-align-left","9":"tablet-align-left","10":"mobile-align-left","12":"first","13":"instock","14":"shipping-taxable","15":"product-type-simple"},"uagb_featured_image_src":{"full":["https:\/\/d12ipdv30ux650.cloudfront.net\/wp-content\/uploads\/2023\/12\/7-1.jpg",1200,1200,false],"thumbnail":["https:\/\/d12ipdv30ux650.cloudfront.net\/wp-content\/uploads\/2023\/12\/7-1-150x150.jpg",150,150,true],"medium":["https:\/\/d12ipdv30ux650.cloudfront.net\/wp-content\/uploads\/2023\/12\/7-1-300x300.jpg",300,300,true],"medium_large":["https:\/\/d12ipdv30ux650.cloudfront.net\/wp-content\/uploads\/2023\/12\/7-1-768x768.jpg",768,768,true],"large":["https:\/\/d12ipdv30ux650.cloudfront.net\/wp-content\/uploads\/2023\/12\/7-1-1024x1024.jpg",1024,1024,true],"1536x1536":["https:\/\/d12ipdv30ux650.cloudfront.net\/wp-content\/uploads\/2023\/12\/7-1.jpg",1200,1200,false],"2048x2048":["https:\/\/d12ipdv30ux650.cloudfront.net\/wp-content\/uploads\/2023\/12\/7-1.jpg",1200,1200,false],"woocommerce_thumbnail":["https:\/\/d12ipdv30ux650.cloudfront.net\/wp-content\/uploads\/2023\/12\/7-1-300x225.jpg",300,225,true],"woocommerce_single":["https:\/\/d12ipdv30ux650.cloudfront.net\/wp-content\/uploads\/2023\/12\/7-1-600x600.jpg",600,600,true],"woocommerce_gallery_thumbnail":["https:\/\/d12ipdv30ux650.cloudfront.net\/wp-content\/uploads\/2023\/12\/7-1-100x100.jpg",100,100,true]},"uagb_author_info":{"display_name":"katy","author_link":"https:\/\/asiandavinci.com\/pt-br\/author\/"},"uagb_comment_info":0,"uagb_excerpt":"Sistemas de Entretenimento: Integra\u00e7\u00e3o com sistemas audiovisuais para uma experi\u00eancia multim\u00eddia. Ilumina\u00e7\u00e3o Inteligente: Ilumina\u00e7\u00e3o automatizada que se ajusta com base nos n\u00edveis de luz natural. Conectividade: Wi-Fi e Smart Controls: As marquises podem ser equipadas com Wi-Fi para acesso \u00e0 Internet e podem ter controles inteligentes para v\u00e1rios elementos. Efici\u00eancia energ\u00e9tica: Pain\u00e9is Solares: Integra\u00e7\u00e3o de&hellip;","_links":{"self":[{"href":"https:\/\/asiandavinci.com\/pt-br\/wp-json\/wp\/v2\/product\/16565","targetHints":{"allow":["GET"]}}],"collection":[{"href":"https:\/\/asiandavinci.com\/pt-br\/wp-json\/wp\/v2\/product"}],"about":[{"href":"https:\/\/asiandavinci.com\/pt-br\/wp-json\/wp\/v2\/types\/product"}],"wp:featuredmedia":[{"embeddable":true,"href":"https:\/\/asiandavinci.com\/pt-br\/wp-json\/wp\/v2\/media\/16566"}],"wp:attachment":[{"href":"https:\/\/asiandavinci.com\/pt-br\/wp-json\/wp\/v2\/media?parent=16565"}],"wp:term":[{"taxonomy":"product_brand","embeddable":true,"href":"https:\/\/asiandavinci.com\/pt-br\/wp-json\/wp\/v2\/product_brand?post=16565"},{"taxonomy":"product_cat","embeddable":true,"href":"https:\/\/asiandavinci.com\/pt-br\/wp-json\/wp\/v2\/product_cat?post=16565"},{"taxonomy":"product_tag","embeddable":true,"href":"https:\/\/asiandavinci.com\/pt-br\/wp-json\/wp\/v2\/product_tag?post=16565"}],"curies":[{"name":"wp","href":"https:\/\/api.w.org\/{rel}","templated":true}]}}