{"id":16570,"date":"2023-12-14T15:34:05","date_gmt":"2023-12-14T07:34:05","guid":{"rendered":"https:\/\/asiandavinci.com\/product\/cama-inteligente-controle-de-luz-audio-sem-fio\/"},"modified":"2023-12-14T15:34:05","modified_gmt":"2023-12-14T07:34:05","slug":"cama-inteligente-controle-de-luz-audio-sem-fio","status":"publish","type":"product","link":"https:\/\/asiandavinci.com\/pt-br\/produto\/cama-inteligente-controle-de-luz-audio-sem-fio\/","title":{"rendered":"Cama inteligente, controle de luz, \u00e1udio sem fio"},"content":{"rendered":"<p>\u00c1udio sem fio:<br \/>\nAlto-falantes inteligentes: considere colocar um alto-falante inteligente como Amazon Echo ou Google Home em seu quarto. Esses dispositivos podem reproduzir m\u00fasica, responder perguntas e integrar-se a outros dispositivos dom\u00e9sticos inteligentes.<br \/>\nSistema de som sem fio: Configure um sistema de som sem fio usando alto-falantes Bluetooth ou Wi-Fi. Voc\u00ea pode transmitir m\u00fasicas do seu smartphone ou de outros dispositivos.<br \/>\nDespertador inteligente: escolha um despertador com alto-falante integrado e recursos inteligentes. Alguns modelos podem simular o nascer do sol e acordar gradualmente.<\/p>\n","protected":false},"excerpt":{"rendered":"<p>Cama inteligente:<br \/>\nColch\u00e3o ou capa de colch\u00e3o inteligente: alguns colch\u00f5es ou capas de colch\u00e3o v\u00eam com sensores que podem monitorar padr\u00f5es de sono, frequ\u00eancia card\u00edaca e outras m\u00e9tricas. Eles podem ser conectados ao seu smartphone ou a outros dispositivos dom\u00e9sticos inteligentes.<br \/>\nTravesseiros inteligentes: alguns travesseiros s\u00e3o projetados para monitorar seu sono e fornecer feedback. Eles tamb\u00e9m podem incluir recursos como alto-falantes de \u00e1udio integrados.<\/p>\n<p>Controle de luz:<br \/>\nL\u00e2mpadas inteligentes: Substitua as l\u00e2mpadas normais por l\u00e2mpadas inteligentes como Philips Hue ou LIFX. Essas l\u00e2mpadas podem ser controladas remotamente por meio de um aplicativo de smartphone, permitindo alterar a cor e o brilho.<br \/>\nInterruptores de luz inteligentes: Instale interruptores de luz inteligentes, como os de marcas como TP-Link ou WeMo. Se integrados a um assistente dom\u00e9stico inteligente como Amazon Alexa ou Google Assistant, esses interruptores podem ser controlados por meio de um aplicativo m\u00f3vel ou comando de voz.<br \/>\nPersianas ou persianas inteligentes: persianas ou persianas inteligentes integradas que podem ser controladas por meio de um aplicativo m\u00f3vel ou automaticamente com base em uma programa\u00e7\u00e3o.<\/p>\n","protected":false},"featured_media":16571,"template":"","meta":{"rank_math_lock_modified_date":false,"_uag_custom_page_level_css":"","site-sidebar-layout":"default","site-content-layout":"","ast-site-content-layout":"default","site-content-style":"default","site-sidebar-style":"default","ast-global-header-display":"","ast-banner-title-visibility":"","ast-main-header-display":"","ast-hfb-above-header-display":"","ast-hfb-below-header-display":"","ast-hfb-mobile-header-display":"","site-post-title":"","ast-breadcrumbs-content":"","ast-featured-img":"","footer-sml-layout":"","ast-disable-related-posts":"","theme-transparent-header-meta":"default","adv-header-id-meta":"","stick-header-meta":"default","header-above-stick-meta":"","header-main-stick-meta":"","header-below-stick-meta":"","astra-migrate-meta-layouts":"default","ast-page-background-enabled":"default","ast-page-background-meta":{"desktop":{"background-color":"var(--ast-global-color-4)","background-image":"","background-repeat":"repeat","background-position":"center center","background-size":"auto","background-attachment":"scroll","background-type":"","background-media":"","overlay-type":"","overlay-color":"","overlay-opacity":"","overlay-gradient":""},"tablet":{"background-color":"","background-image":"","background-repeat":"repeat","background-position":"center center","background-size":"auto","background-attachment":"scroll","background-type":"","background-media":"","overlay-type":"","overlay-color":"","overlay-opacity":"","overlay-gradient":""},"mobile":{"background-color":"","background-image":"","background-repeat":"repeat","background-position":"center center","background-size":"auto","background-attachment":"scroll","background-type":"","background-media":"","overlay-type":"","overlay-color":"","overlay-opacity":"","overlay-gradient":""}},"ast-content-background-meta":{"desktop":{"background-color":"var(--ast-global-color-5)","background-image":"","background-repeat":"repeat","background-position":"center center","background-size":"auto","background-attachment":"scroll","background-type":"","background-media":"","overlay-type":"","overlay-color":"","overlay-opacity":"","overlay-gradient":""},"tablet":{"background-color":"var(--ast-global-color-5)","background-image":"","background-repeat":"repeat","background-position":"center center","background-size":"auto","background-attachment":"scroll","background-type":"","background-media":"","overlay-type":"","overlay-color":"","overlay-opacity":"","overlay-gradient":""},"mobile":{"background-color":"var(--ast-global-color-5)","background-image":"","background-repeat":"repeat","background-position":"center center","background-size":"auto","background-attachment":"scroll","background-type":"","background-media":"","overlay-type":"","overlay-color":"","overlay-opacity":"","overlay-gradient":""}}},"product_brand":[],"product_cat":[167],"product_tag":[],"class_list":{"0":"post-16570","1":"product","2":"type-product","3":"status-publish","4":"has-post-thumbnail","6":"product_cat-produtos-domesticos-inteligentes","7":"desktop-align-left","8":"tablet-align-left","9":"mobile-align-left","11":"first","12":"instock","13":"shipping-taxable","14":"product-type-simple"},"uagb_featured_image_src":{"full":["https:\/\/d12ipdv30ux650.cloudfront.net\/wp-content\/uploads\/2023\/12\/3.jpg",1200,1200,false],"thumbnail":["https:\/\/d12ipdv30ux650.cloudfront.net\/wp-content\/uploads\/2023\/12\/3-150x150.jpg",150,150,true],"medium":["https:\/\/d12ipdv30ux650.cloudfront.net\/wp-content\/uploads\/2023\/12\/3-300x300.jpg",300,300,true],"medium_large":["https:\/\/d12ipdv30ux650.cloudfront.net\/wp-content\/uploads\/2023\/12\/3-768x768.jpg",768,768,true],"large":["https:\/\/d12ipdv30ux650.cloudfront.net\/wp-content\/uploads\/2023\/12\/3-1024x1024.jpg",1024,1024,true],"1536x1536":["https:\/\/d12ipdv30ux650.cloudfront.net\/wp-content\/uploads\/2023\/12\/3.jpg",1200,1200,false],"2048x2048":["https:\/\/d12ipdv30ux650.cloudfront.net\/wp-content\/uploads\/2023\/12\/3.jpg",1200,1200,false],"woocommerce_thumbnail":["https:\/\/d12ipdv30ux650.cloudfront.net\/wp-content\/uploads\/2023\/12\/3-300x225.jpg",300,225,true],"woocommerce_single":["https:\/\/d12ipdv30ux650.cloudfront.net\/wp-content\/uploads\/2023\/12\/3-600x600.jpg",600,600,true],"woocommerce_gallery_thumbnail":["https:\/\/d12ipdv30ux650.cloudfront.net\/wp-content\/uploads\/2023\/12\/3-100x100.jpg",100,100,true]},"uagb_author_info":{"display_name":"katy","author_link":"https:\/\/asiandavinci.com\/pt-br\/author\/"},"uagb_comment_info":0,"uagb_excerpt":"Cama inteligente: Colch\u00e3o ou capa de colch\u00e3o inteligente: alguns colch\u00f5es ou capas de colch\u00e3o v\u00eam com sensores que podem monitorar padr\u00f5es de sono, frequ\u00eancia card\u00edaca e outras m\u00e9tricas. Eles podem ser conectados ao seu smartphone ou a outros dispositivos dom\u00e9sticos inteligentes. Travesseiros inteligentes: alguns travesseiros s\u00e3o projetados para monitorar seu sono e fornecer feedback. Eles&hellip;","_links":{"self":[{"href":"https:\/\/asiandavinci.com\/pt-br\/wp-json\/wp\/v2\/product\/16570","targetHints":{"allow":["GET"]}}],"collection":[{"href":"https:\/\/asiandavinci.com\/pt-br\/wp-json\/wp\/v2\/product"}],"about":[{"href":"https:\/\/asiandavinci.com\/pt-br\/wp-json\/wp\/v2\/types\/product"}],"wp:featuredmedia":[{"embeddable":true,"href":"https:\/\/asiandavinci.com\/pt-br\/wp-json\/wp\/v2\/media\/16571"}],"wp:attachment":[{"href":"https:\/\/asiandavinci.com\/pt-br\/wp-json\/wp\/v2\/media?parent=16570"}],"wp:term":[{"taxonomy":"product_brand","embeddable":true,"href":"https:\/\/asiandavinci.com\/pt-br\/wp-json\/wp\/v2\/product_brand?post=16570"},{"taxonomy":"product_cat","embeddable":true,"href":"https:\/\/asiandavinci.com\/pt-br\/wp-json\/wp\/v2\/product_cat?post=16570"},{"taxonomy":"product_tag","embeddable":true,"href":"https:\/\/asiandavinci.com\/pt-br\/wp-json\/wp\/v2\/product_tag?post=16570"}],"curies":[{"name":"wp","href":"https:\/\/api.w.org\/{rel}","templated":true}]}}