{"id":16586,"date":"2023-12-13T09:05:18","date_gmt":"2023-12-13T01:05:18","guid":{"rendered":"https:\/\/asiandavinci.com\/product\/painel-de-revestimento-de-parede-3d-de-poliuretano-pu-pedra-hari-decor-pedra-macia-espessura-30mm-a-100mm\/"},"modified":"2023-12-13T09:05:18","modified_gmt":"2023-12-13T01:05:18","slug":"painel-de-revestimento-de-parede-3d-de-poliuretano-pu-pedra-hari-decor-pedra-macia-espessura-30mm-a-100mm","status":"publish","type":"product","link":"https:\/\/asiandavinci.com\/pt-br\/produto\/painel-de-revestimento-de-parede-3d-de-poliuretano-pu-pedra-hari-decor-pedra-macia-espessura-30mm-a-100mm\/","title":{"rendered":"Painel de revestimento de parede 3D de poliuretano (PU) Pedra Hari Decor pedra macia, Espessura: 30mm a 100mm"},"content":{"rendered":"<h3 class=\"fs18 mt30 mb10 color\">Especifica\u00e7\u00e3o do produto<\/h3>\n<table>\n<tbody>\n<tr>\n<td class=\"tdwdt\">Material<\/td>\n<td class=\"tdwdt1 color6\">Poliuretano<\/td>\n<\/tr>\n<tr>\n<td class=\"tdwdt\">Projeto<\/td>\n<td class=\"tdwdt1 color6\">Moderno<\/td>\n<\/tr>\n<tr>\n<td class=\"tdwdt\">Cor<\/td>\n<td class=\"tdwdt1 color6\">Cinza<\/td>\n<\/tr>\n<tr>\n<td class=\"tdwdt\">Uso\/Aplica\u00e7\u00e3o<\/td>\n<td class=\"tdwdt1 color6\">Painel de parede interno externo<\/td>\n<\/tr>\n<tr>\n<td class=\"tdwdt\">Tipo de instala\u00e7\u00e3o<\/td>\n<td class=\"tdwdt1 color6\">Instala\u00e7\u00e3o f\u00e1cil e econ\u00f4mica<\/td>\n<\/tr>\n<tr>\n<td class=\"tdwdt\">Grossura<\/td>\n<td class=\"tdwdt1 color6\">30mm a 100mm<\/td>\n<\/tr>\n<tr>\n<td class=\"tdwdt\">Posi\u00e7\u00e3o<\/td>\n<td class=\"tdwdt1 color6\">painel de parede<\/td>\n<\/tr>\n<tr>\n<td class=\"tdwdt\">Marca<\/td>\n<td class=\"tdwdt1 color6\">Ferreiro<\/td>\n<\/tr>\n<tr>\n<td class=\"tdwdt\">O tamanho da unidade<\/td>\n<td class=\"tdwdt1 color6\">1200*800mm, 4&#215;2 p\u00e9s<\/td>\n<\/tr>\n<tr>\n<td class=\"tdwdt\">Forma de Pedra<\/td>\n<td class=\"tdwdt1 color6\">Pedra artificial<\/td>\n<\/tr>\n<tr>\n<td class=\"tdwdt\">Interior<\/td>\n<td class=\"tdwdt1 color6\">Sim<\/td>\n<\/tr>\n<tr>\n<td class=\"tdwdt\">Quantidade m\u00ednima de pedido<\/td>\n<td class=\"tdwdt1 color6\">1000 sq ft<\/td>\n<\/tr>\n<\/tbody>\n<\/table>\n","protected":false},"excerpt":{"rendered":"<p>Especifica\u00e7\u00e3o do produto Material Poliuretano Projeto Moderno Cor Cinza Uso\/Aplica\u00e7\u00e3o Painel de parede interno externo Tipo de instala\u00e7\u00e3o Instala\u00e7\u00e3o f\u00e1cil e econ\u00f4mica Grossura 30mm a 100mm Posi\u00e7\u00e3o painel de parede Marca Ferreiro O tamanho da unidade 1200*800mm, 4&#215;2 p\u00e9s Forma de Pedra Pedra artificial Interior Sim Quantidade m\u00ednima de pedido 1000 sq ft<\/p>\n","protected":false},"featured_media":16587,"template":"","meta":{"rank_math_lock_modified_date":false,"_uag_custom_page_level_css":"","site-sidebar-layout":"default","site-content-layout":"","ast-site-content-layout":"default","site-content-style":"default","site-sidebar-style":"default","ast-global-header-display":"","ast-banner-title-visibility":"","ast-main-header-display":"","ast-hfb-above-header-display":"","ast-hfb-below-header-display":"","ast-hfb-mobile-header-display":"","site-post-title":"","ast-breadcrumbs-content":"","ast-featured-img":"","footer-sml-layout":"","ast-disable-related-posts":"","theme-transparent-header-meta":"default","adv-header-id-meta":"","stick-header-meta":"","header-above-stick-meta":"","header-main-stick-meta":"","header-below-stick-meta":"","astra-migrate-meta-layouts":"default","ast-page-background-enabled":"default","ast-page-background-meta":{"desktop":{"background-color":"var(--ast-global-color-4)","background-image":"","background-repeat":"repeat","background-position":"center center","background-size":"auto","background-attachment":"scroll","background-type":"","background-media":"","overlay-type":"","overlay-color":"","overlay-opacity":"","overlay-gradient":""},"tablet":{"background-color":"","background-image":"","background-repeat":"repeat","background-position":"center center","background-size":"auto","background-attachment":"scroll","background-type":"","background-media":"","overlay-type":"","overlay-color":"","overlay-opacity":"","overlay-gradient":""},"mobile":{"background-color":"","background-image":"","background-repeat":"repeat","background-position":"center center","background-size":"auto","background-attachment":"scroll","background-type":"","background-media":"","overlay-type":"","overlay-color":"","overlay-opacity":"","overlay-gradient":""}},"ast-content-background-meta":{"desktop":{"background-color":"var(--ast-global-color-5)","background-image":"","background-repeat":"repeat","background-position":"center center","background-size":"auto","background-attachment":"scroll","background-type":"","background-media":"","overlay-type":"","overlay-color":"","overlay-opacity":"","overlay-gradient":""},"tablet":{"background-color":"var(--ast-global-color-5)","background-image":"","background-repeat":"repeat","background-position":"center center","background-size":"auto","background-attachment":"scroll","background-type":"","background-media":"","overlay-type":"","overlay-color":"","overlay-opacity":"","overlay-gradient":""},"mobile":{"background-color":"var(--ast-global-color-5)","background-image":"","background-repeat":"repeat","background-position":"center center","background-size":"auto","background-attachment":"scroll","background-type":"","background-media":"","overlay-type":"","overlay-color":"","overlay-opacity":"","overlay-gradient":""}}},"product_brand":[],"product_cat":[122],"product_tag":[],"class_list":{"0":"post-16586","1":"product","2":"type-product","3":"status-publish","4":"has-post-thumbnail","6":"product_cat-3d-soft-wall-stone-pu-pt-br","7":"desktop-align-left","8":"tablet-align-left","9":"mobile-align-left","11":"first","12":"instock","13":"virtual","14":"purchasable","15":"product-type-simple"},"uagb_featured_image_src":{"full":["https:\/\/d12ipdv30ux650.cloudfront.net\/wp-content\/uploads\/2023\/12\/Rustic-Stone-Exterior-Stone-Accents-on-House-920x613-2.jpg",920,613,false],"thumbnail":["https:\/\/d12ipdv30ux650.cloudfront.net\/wp-content\/uploads\/2023\/12\/Rustic-Stone-Exterior-Stone-Accents-on-House-920x613-2-150x150.jpg",150,150,true],"medium":["https:\/\/d12ipdv30ux650.cloudfront.net\/wp-content\/uploads\/2023\/12\/Rustic-Stone-Exterior-Stone-Accents-on-House-920x613-2-300x200.jpg",300,200,true],"medium_large":["https:\/\/d12ipdv30ux650.cloudfront.net\/wp-content\/uploads\/2023\/12\/Rustic-Stone-Exterior-Stone-Accents-on-House-920x613-2-768x512.jpg",768,512,true],"large":["https:\/\/d12ipdv30ux650.cloudfront.net\/wp-content\/uploads\/2023\/12\/Rustic-Stone-Exterior-Stone-Accents-on-House-920x613-2.jpg",920,613,false],"1536x1536":["https:\/\/d12ipdv30ux650.cloudfront.net\/wp-content\/uploads\/2023\/12\/Rustic-Stone-Exterior-Stone-Accents-on-House-920x613-2.jpg",920,613,false],"2048x2048":["https:\/\/d12ipdv30ux650.cloudfront.net\/wp-content\/uploads\/2023\/12\/Rustic-Stone-Exterior-Stone-Accents-on-House-920x613-2.jpg",920,613,false],"woocommerce_thumbnail":["https:\/\/d12ipdv30ux650.cloudfront.net\/wp-content\/uploads\/2023\/12\/Rustic-Stone-Exterior-Stone-Accents-on-House-920x613-2-300x225.jpg",300,225,true],"woocommerce_single":["https:\/\/d12ipdv30ux650.cloudfront.net\/wp-content\/uploads\/2023\/12\/Rustic-Stone-Exterior-Stone-Accents-on-House-920x613-2-600x400.jpg",600,400,true],"woocommerce_gallery_thumbnail":["https:\/\/d12ipdv30ux650.cloudfront.net\/wp-content\/uploads\/2023\/12\/Rustic-Stone-Exterior-Stone-Accents-on-House-920x613-2-100x100.jpg",100,100,true]},"uagb_author_info":{"display_name":"peace","author_link":"https:\/\/asiandavinci.com\/pt-br\/author\/"},"uagb_comment_info":0,"uagb_excerpt":"Especifica\u00e7\u00e3o do produto Material Poliuretano Projeto Moderno Cor Cinza Uso\/Aplica\u00e7\u00e3o Painel de parede interno externo Tipo de instala\u00e7\u00e3o Instala\u00e7\u00e3o f\u00e1cil e econ\u00f4mica Grossura 30mm a 100mm Posi\u00e7\u00e3o painel de parede Marca Ferreiro O tamanho da unidade 1200*800mm, 4&#215;2 p\u00e9s Forma de Pedra Pedra artificial Interior Sim Quantidade m\u00ednima de pedido 1000 sq ft","_links":{"self":[{"href":"https:\/\/asiandavinci.com\/pt-br\/wp-json\/wp\/v2\/product\/16586","targetHints":{"allow":["GET"]}}],"collection":[{"href":"https:\/\/asiandavinci.com\/pt-br\/wp-json\/wp\/v2\/product"}],"about":[{"href":"https:\/\/asiandavinci.com\/pt-br\/wp-json\/wp\/v2\/types\/product"}],"wp:featuredmedia":[{"embeddable":true,"href":"https:\/\/asiandavinci.com\/pt-br\/wp-json\/wp\/v2\/media\/16587"}],"wp:attachment":[{"href":"https:\/\/asiandavinci.com\/pt-br\/wp-json\/wp\/v2\/media?parent=16586"}],"wp:term":[{"taxonomy":"product_brand","embeddable":true,"href":"https:\/\/asiandavinci.com\/pt-br\/wp-json\/wp\/v2\/product_brand?post=16586"},{"taxonomy":"product_cat","embeddable":true,"href":"https:\/\/asiandavinci.com\/pt-br\/wp-json\/wp\/v2\/product_cat?post=16586"},{"taxonomy":"product_tag","embeddable":true,"href":"https:\/\/asiandavinci.com\/pt-br\/wp-json\/wp\/v2\/product_tag?post=16586"}],"curies":[{"name":"wp","href":"https:\/\/api.w.org\/{rel}","templated":true}]}}