{"id":17211,"date":"2024-02-24T11:23:07","date_gmt":"2024-02-24T03:23:07","guid":{"rendered":"https:\/\/asiandavinci.com\/product\/vidro-aluminio-deslizante-a-prova-de-vento\/"},"modified":"2024-02-24T11:23:07","modified_gmt":"2024-02-24T03:23:07","slug":"vidro-aluminio-deslizante-a-prova-de-vento","status":"publish","type":"product","link":"https:\/\/asiandavinci.com\/pt-br\/produto\/vidro-aluminio-deslizante-a-prova-de-vento\/","title":{"rendered":"Vidro alum\u00ednio deslizante \u00e0 prova de vento"},"content":{"rendered":"","protected":false},"excerpt":{"rendered":"<div class=\"module_title\">\n<div class=\"product-title-container\" data-aplus-ae=\"x1_575504cc\" data-spm-anchor-id=\"a2700.details.0.i0.6b8296f4WhYrzL\" data-aplus-clk=\"x1_19fc0ab9\">\n<p title=\"Fuson Grande Seguran\u00e7a One Way Temperado Dupla Camada Vitrificada Isolada Energia Solar Energia Vidro Alum\u00ednio Deslizante \u00c0 Prova de Vento\" data-spm-anchor-id=\"a2700.details.0.i66.6b8296f4WhYrzL\">Grande Seguran\u00e7a One Way Temperado Dupla Camada Vitrificada Isolada Energia Solar Energia Vidro Alum\u00ednio Deslizante \u00c0 Prova de Vento[wpforms id=\"585\"]<\/p>\n<\/div>\n<\/div>\n<div class=\"module_comment\">\n<div class=\"product-comment\" data-aplus-ae=\"x2_684ba8d4\" data-spm-anchor-id=\"a2700.details.0.i1.6b8296f4WhYrzL\" data-aplus-clk=\"x2_6e96627f\">\n<div class=\"detail-comment\"><\/div>\n<\/div>\n<\/div>\n","protected":false},"featured_media":17200,"template":"","meta":{"rank_math_lock_modified_date":false,"_uag_custom_page_level_css":"","site-sidebar-layout":"default","site-content-layout":"","ast-site-content-layout":"default","site-content-style":"default","site-sidebar-style":"default","ast-global-header-display":"","ast-banner-title-visibility":"","ast-main-header-display":"","ast-hfb-above-header-display":"","ast-hfb-below-header-display":"","ast-hfb-mobile-header-display":"","site-post-title":"","ast-breadcrumbs-content":"","ast-featured-img":"","footer-sml-layout":"","ast-disable-related-posts":"","theme-transparent-header-meta":"default","adv-header-id-meta":"","stick-header-meta":"default","header-above-stick-meta":"","header-main-stick-meta":"","header-below-stick-meta":"","astra-migrate-meta-layouts":"default","ast-page-background-enabled":"default","ast-page-background-meta":{"desktop":{"background-color":"var(--ast-global-color-4)","background-image":"","background-repeat":"repeat","background-position":"center center","background-size":"auto","background-attachment":"scroll","background-type":"","background-media":"","overlay-type":"","overlay-color":"","overlay-opacity":"","overlay-gradient":""},"tablet":{"background-color":"","background-image":"","background-repeat":"repeat","background-position":"center center","background-size":"auto","background-attachment":"scroll","background-type":"","background-media":"","overlay-type":"","overlay-color":"","overlay-opacity":"","overlay-gradient":""},"mobile":{"background-color":"","background-image":"","background-repeat":"repeat","background-position":"center center","background-size":"auto","background-attachment":"scroll","background-type":"","background-media":"","overlay-type":"","overlay-color":"","overlay-opacity":"","overlay-gradient":""}},"ast-content-background-meta":{"desktop":{"background-color":"var(--ast-global-color-5)","background-image":"","background-repeat":"repeat","background-position":"center center","background-size":"auto","background-attachment":"scroll","background-type":"","background-media":"","overlay-type":"","overlay-color":"","overlay-opacity":"","overlay-gradient":""},"tablet":{"background-color":"var(--ast-global-color-5)","background-image":"","background-repeat":"repeat","background-position":"center center","background-size":"auto","background-attachment":"scroll","background-type":"","background-media":"","overlay-type":"","overlay-color":"","overlay-opacity":"","overlay-gradient":""},"mobile":{"background-color":"var(--ast-global-color-5)","background-image":"","background-repeat":"repeat","background-position":"center center","background-size":"auto","background-attachment":"scroll","background-type":"","background-media":"","overlay-type":"","overlay-color":"","overlay-opacity":"","overlay-gradient":""}}},"product_brand":[],"product_cat":[189],"product_tag":[],"class_list":{"0":"post-17211","1":"product","2":"type-product","3":"status-publish","4":"has-post-thumbnail","6":"product_cat-porta-e-janela-deslizante","7":"desktop-align-left","8":"tablet-align-left","9":"mobile-align-left","11":"first","12":"instock","13":"shipping-taxable","14":"product-type-simple"},"uagb_featured_image_src":{"full":["https:\/\/d12ipdv30ux650.cloudfront.net\/wp-content\/uploads\/2024\/02\/Hbc160c7edde143e380aa370a518953d2P.avif_.jpg",1080,1080,false],"thumbnail":["https:\/\/d12ipdv30ux650.cloudfront.net\/wp-content\/uploads\/2024\/02\/Hbc160c7edde143e380aa370a518953d2P.avif_-150x150.jpg",150,150,true],"medium":["https:\/\/d12ipdv30ux650.cloudfront.net\/wp-content\/uploads\/2024\/02\/Hbc160c7edde143e380aa370a518953d2P.avif_-300x300.jpg",300,300,true],"medium_large":["https:\/\/d12ipdv30ux650.cloudfront.net\/wp-content\/uploads\/2024\/02\/Hbc160c7edde143e380aa370a518953d2P.avif_-768x768.jpg",768,768,true],"large":["https:\/\/d12ipdv30ux650.cloudfront.net\/wp-content\/uploads\/2024\/02\/Hbc160c7edde143e380aa370a518953d2P.avif_-1024x1024.jpg",1024,1024,true],"1536x1536":["https:\/\/d12ipdv30ux650.cloudfront.net\/wp-content\/uploads\/2024\/02\/Hbc160c7edde143e380aa370a518953d2P.avif_.jpg",1080,1080,false],"2048x2048":["https:\/\/d12ipdv30ux650.cloudfront.net\/wp-content\/uploads\/2024\/02\/Hbc160c7edde143e380aa370a518953d2P.avif_.jpg",1080,1080,false],"woocommerce_thumbnail":["https:\/\/d12ipdv30ux650.cloudfront.net\/wp-content\/uploads\/2024\/02\/Hbc160c7edde143e380aa370a518953d2P.avif_-300x225.jpg",300,225,true],"woocommerce_single":["https:\/\/d12ipdv30ux650.cloudfront.net\/wp-content\/uploads\/2024\/02\/Hbc160c7edde143e380aa370a518953d2P.avif_-600x600.jpg",600,600,true],"woocommerce_gallery_thumbnail":["https:\/\/d12ipdv30ux650.cloudfront.net\/wp-content\/uploads\/2024\/02\/Hbc160c7edde143e380aa370a518953d2P.avif_-100x100.jpg",100,100,true]},"uagb_author_info":{"display_name":"lad","author_link":"https:\/\/asiandavinci.com\/pt-br\/author\/"},"uagb_comment_info":0,"uagb_excerpt":"Grande Seguran\u00e7a One Way Temperado Dupla Camada Vitrificada Isolada Energia Solar Energia Vidro Alum\u00ednio Deslizante \u00c0 Prova de Vento[wpforms id=\"585\"]","_links":{"self":[{"href":"https:\/\/asiandavinci.com\/pt-br\/wp-json\/wp\/v2\/product\/17211","targetHints":{"allow":["GET"]}}],"collection":[{"href":"https:\/\/asiandavinci.com\/pt-br\/wp-json\/wp\/v2\/product"}],"about":[{"href":"https:\/\/asiandavinci.com\/pt-br\/wp-json\/wp\/v2\/types\/product"}],"wp:featuredmedia":[{"embeddable":true,"href":"https:\/\/asiandavinci.com\/pt-br\/wp-json\/wp\/v2\/media\/17200"}],"wp:attachment":[{"href":"https:\/\/asiandavinci.com\/pt-br\/wp-json\/wp\/v2\/media?parent=17211"}],"wp:term":[{"taxonomy":"product_brand","embeddable":true,"href":"https:\/\/asiandavinci.com\/pt-br\/wp-json\/wp\/v2\/product_brand?post=17211"},{"taxonomy":"product_cat","embeddable":true,"href":"https:\/\/asiandavinci.com\/pt-br\/wp-json\/wp\/v2\/product_cat?post=17211"},{"taxonomy":"product_tag","embeddable":true,"href":"https:\/\/asiandavinci.com\/pt-br\/wp-json\/wp\/v2\/product_tag?post=17211"}],"curies":[{"name":"wp","href":"https:\/\/api.w.org\/{rel}","templated":true}]}}