{"id":17785,"date":"2024-02-27T10:12:47","date_gmt":"2024-02-27T02:12:47","guid":{"rendered":"https:\/\/asiandavinci.com\/product\/%d8%ba%d8%b1%d9%81%d8%a9-%d8%a7%d9%84%d9%85%d8%b9%d9%8a%d8%b4%d8%a9-%d8%a7%d9%84%d8%a3%d9%88%d8%b1%d9%88%d8%a8%d9%8a%d8%a9-%d8%a8%d8%a7%d8%b1%d9%83%d9%8a%d9%87-%d8%a8%d8%a7%d8%b1%d9%83%d9%8a%d9%87\/"},"modified":"2024-10-08T11:05:19","modified_gmt":"2024-10-08T03:05:19","slug":"%d8%ba%d8%b1%d9%81%d8%a9-%d8%a7%d9%84%d9%85%d8%b9%d9%8a%d8%b4%d8%a9-%d8%a7%d9%84%d8%a3%d9%88%d8%b1%d9%88%d8%a8%d9%8a%d8%a9-%d8%a8%d8%a7%d8%b1%d9%83%d9%8a%d9%87-%d8%a8%d8%a7%d8%b1%d9%83%d9%8a%d9%87","status":"publish","type":"product","link":"https:\/\/asiandavinci.com\/pt-br\/produto\/%d8%ba%d8%b1%d9%81%d8%a9-%d8%a7%d9%84%d9%85%d8%b9%d9%8a%d8%b4%d8%a9-%d8%a7%d9%84%d8%a3%d9%88%d8%b1%d9%88%d8%a8%d9%8a%d8%a9-%d8%a8%d8%a7%d8%b1%d9%83%d9%8a%d9%87-%d8%a8%d8%a7%d8%b1%d9%83%d9%8a%d9%87\/","title":{"rendered":"Pavimento de madeira em espinha de peixe para sala de estar europeia"},"content":{"rendered":"<h3><strong>Pavimentos de madeira em espinha de peixe em parquet interior para sala de estar europeia<\/strong><\/h3>\n<p>Transforme o seu espa\u00e7o habitacional com o nosso pavimento de madeira em espinha de peixe para sala de estar europeia. Esta sofisticada op\u00e7\u00e3o de pavimento apresenta a eleg\u00e2ncia intemporal de um padr\u00e3o em espinha, combinada com a beleza natural e a durabilidade da madeira nobre de alta qualidade. Perfeito para criar uma atmosfera elegante e convidativa em qualquer interior de inspira\u00e7\u00e3o europeia.  <\/p>\n<h3><strong>Design de espinha de peixe intemporal<\/strong><\/h3>\n<p>O nosso pavimento em parquet apresenta um padr\u00e3o cl\u00e1ssico de espinha de peixe, um design que h\u00e1 s\u00e9culos adorna os interiores europeus. O padr\u00e3o interligado em forma de V acrescenta uma sensa\u00e7\u00e3o de movimento e textura, tornando-o uma escolha marcante para qualquer sala de estar. O layout em espinha real\u00e7a o apelo visual do pavimento, criando um aspeto sofisticado e din\u00e2mico que complementa uma variedade de estilos de interiores, desde o tradicional ao contempor\u00e2neo.  <\/p>\n<h3><strong>Constru\u00e7\u00e3o de madeira nobre premium<\/strong><\/h3>\n<p>Feito de madeira premium, o nosso pavimento oferece uma durabilidade excecional e uma sensa\u00e7\u00e3o luxuosa sob os p\u00e9s. Os padr\u00f5es de gr\u00e3o natural e os tons ricos da madeira acrescentam profundidade e car\u00e1cter ao seu espa\u00e7o, enquanto o acabamento de alta qualidade garante que o seu pavimento resistir\u00e1 \u00e0s exig\u00eancias da vida quotidiana. Este pavimento de madeira foi concebido para manter a sua beleza e integridade ao longo do tempo, proporcionando um investimento duradouro para a sua casa.  <\/p>\n<h3><strong>F\u00e1cil instala\u00e7\u00e3o e manuten\u00e7\u00e3o<\/strong><\/h3>\n<p>O nosso pavimento de madeira em espinha de peixe em parquet interior para sala de estar europeia foi concebido tanto para um apelo est\u00e9tico como para uma funcionalidade pr\u00e1tica. As pranchas s\u00e3o concebidas para uma instala\u00e7\u00e3o simples, permitindo obter um acabamento impec\u00e1vel com o m\u00ednimo de esfor\u00e7o. Al\u00e9m disso, a superf\u00edcie de madeira \u00e9 f\u00e1cil de limpar e manter, garantindo que o seu pavimento se mant\u00e9m com o melhor aspeto com uma manuten\u00e7\u00e3o simples.  <\/p>\n<h3><strong>Porqu\u00ea escolher AsianDaVinci?<\/strong><\/h3>\n<p>A AsianDaVinci dedica-se a oferecer solu\u00e7\u00f5es de pavimentos que combinam o estilo cl\u00e1ssico com o desempenho moderno. O nosso pavimento de madeira em espinha de peixe em parquet interior para sala de estar europeia oferece eleg\u00e2ncia e durabilidade intemporais, tornando-o a escolha ideal para melhorar o interior da sua casa. Escolha a AsianDaVinci para pavimentos que re\u00fanem beleza, funcionalidade e qualidade duradoura.  <\/p>\n","protected":false},"excerpt":{"rendered":"<div class=\"module_title\">\n<div class=\"product-title-container\" data-aplus-ae=\"x1_575504cc\" data-spm-anchor-id=\"a2700.details.0.i22.9a6c7713fUkrDP\" data-aplus-clk=\"x30_290bad63\">\n<p title=\"Europeu sala de estar interior parquet espinha de peixe piso de madeira carvalho branco projetado piso de madeira maci\u00e7a piso de madeira engenheiro\" data-spm-anchor-id=\"a2700.details.0.i61.9a6c7713fUkrDP\">Pavimentos de madeira em espinha de peixe em parquet interior para sala de estar europeia<\/p>\n<p title=\"Europeu sala de estar interior parquet espinha de peixe piso de madeira carvalho branco projetado piso de madeira maci\u00e7a piso de madeira engenheiro\" data-spm-anchor-id=\"a2700.details.0.i61.9a6c7713fUkrDP\">Design de espinha de peixe intemporal<\/p>\n<p title=\"Europeu sala de estar interior parquet espinha de peixe piso de madeira carvalho branco projetado piso de madeira maci\u00e7a piso de madeira engenheiro\" data-spm-anchor-id=\"a2700.details.0.i61.9a6c7713fUkrDP\">Constru\u00e7\u00e3o de madeira nobre premium<\/p>\n<p title=\"Europeu sala de estar interior parquet espinha de peixe piso de madeira carvalho branco projetado piso de madeira maci\u00e7a piso de madeira engenheiro\" data-spm-anchor-id=\"a2700.details.0.i61.9a6c7713fUkrDP\">F\u00e1cil instala\u00e7\u00e3o e manuten\u00e7\u00e3o<\/p>\n<\/div>\n<\/div>\n<div class=\"module_comment\">\n<div class=\"product-comment\" data-aplus-ae=\"x2_684ba8d4\" data-spm-anchor-id=\"a2700.details.0.i23.9a6c7713fUkrDP\" data-aplus-clk=\"x31_3f4ec77b\">\n<div class=\"detail-comment\">\n<div class=\"detail-star detail-separator\">\n<div class=\"detail-next-rating detail-next-rating-small detail-next-rating-grade-high\" tabindex=\"0\" role=\"group\" aria-label=\"\u8bc4\u5206\u9009\u9879\">\n<div class=\"detail-next-rating-base detail-next-rating-base-disabled\">\n<div class=\"detail-next-rating-underlay\" aria-hidden=\"true\"><\/div>\n<\/div>\n<\/div>\n<\/div>\n<\/div>\n<\/div>\n<\/div>\n","protected":false},"featured_media":17768,"template":"","meta":{"rank_math_lock_modified_date":false,"_uag_custom_page_level_css":"","site-sidebar-layout":"default","site-content-layout":"","ast-site-content-layout":"default","site-content-style":"default","site-sidebar-style":"default","ast-global-header-display":"","ast-banner-title-visibility":"","ast-main-header-display":"","ast-hfb-above-header-display":"","ast-hfb-below-header-display":"","ast-hfb-mobile-header-display":"","site-post-title":"","ast-breadcrumbs-content":"","ast-featured-img":"","footer-sml-layout":"","ast-disable-related-posts":"","theme-transparent-header-meta":"default","adv-header-id-meta":"","stick-header-meta":"","header-above-stick-meta":"","header-main-stick-meta":"","header-below-stick-meta":"","astra-migrate-meta-layouts":"default","ast-page-background-enabled":"default","ast-page-background-meta":{"desktop":{"background-color":"var(--ast-global-color-4)","background-image":"","background-repeat":"repeat","background-position":"center center","background-size":"auto","background-attachment":"scroll","background-type":"","background-media":"","overlay-type":"","overlay-color":"","overlay-opacity":"","overlay-gradient":""},"tablet":{"background-color":"","background-image":"","background-repeat":"repeat","background-position":"center center","background-size":"auto","background-attachment":"scroll","background-type":"","background-media":"","overlay-type":"","overlay-color":"","overlay-opacity":"","overlay-gradient":""},"mobile":{"background-color":"","background-image":"","background-repeat":"repeat","background-position":"center center","background-size":"auto","background-attachment":"scroll","background-type":"","background-media":"","overlay-type":"","overlay-color":"","overlay-opacity":"","overlay-gradient":""}},"ast-content-background-meta":{"desktop":{"background-color":"var(--ast-global-color-5)","background-image":"","background-repeat":"repeat","background-position":"center center","background-size":"auto","background-attachment":"scroll","background-type":"","background-media":"","overlay-type":"","overlay-color":"","overlay-opacity":"","overlay-gradient":""},"tablet":{"background-color":"var(--ast-global-color-5)","background-image":"","background-repeat":"repeat","background-position":"center center","background-size":"auto","background-attachment":"scroll","background-type":"","background-media":"","overlay-type":"","overlay-color":"","overlay-opacity":"","overlay-gradient":""},"mobile":{"background-color":"var(--ast-global-color-5)","background-image":"","background-repeat":"repeat","background-position":"center center","background-size":"auto","background-attachment":"scroll","background-type":"","background-media":"","overlay-type":"","overlay-color":"","overlay-opacity":"","overlay-gradient":""}}},"product_brand":[],"product_cat":[136],"product_tag":[7704,7705,7702,7703,7706],"class_list":{"0":"post-17785","1":"product","2":"type-product","3":"status-publish","4":"has-post-thumbnail","6":"product_cat-chao-de-madeira","7":"product_tag-design-classico-em-espinha-de-peixe","8":"product_tag-parquet-de-madeira-duravel","9":"product_tag-pavimento-de-madeira-em-espinha","10":"product_tag-pavimento-em-parquet-europeu","11":"product_tag-piso-europeu-premium","12":"desktop-align-left","13":"tablet-align-left","14":"mobile-align-left","16":"first","17":"instock","18":"shipping-taxable","19":"product-type-simple"},"uagb_featured_image_src":{"full":["https:\/\/d12ipdv30ux650.cloudfront.net\/wp-content\/uploads\/2024\/02\/H06c9d8d64fd04adbac986b59739b597dl.avif_.jpg",800,800,false],"thumbnail":["https:\/\/d12ipdv30ux650.cloudfront.net\/wp-content\/uploads\/2024\/02\/H06c9d8d64fd04adbac986b59739b597dl.avif_-150x150.jpg",150,150,true],"medium":["https:\/\/d12ipdv30ux650.cloudfront.net\/wp-content\/uploads\/2024\/02\/H06c9d8d64fd04adbac986b59739b597dl.avif_-300x300.jpg",300,300,true],"medium_large":["https:\/\/d12ipdv30ux650.cloudfront.net\/wp-content\/uploads\/2024\/02\/H06c9d8d64fd04adbac986b59739b597dl.avif_-768x768.jpg",768,768,true],"large":["https:\/\/d12ipdv30ux650.cloudfront.net\/wp-content\/uploads\/2024\/02\/H06c9d8d64fd04adbac986b59739b597dl.avif_.jpg",800,800,false],"1536x1536":["https:\/\/d12ipdv30ux650.cloudfront.net\/wp-content\/uploads\/2024\/02\/H06c9d8d64fd04adbac986b59739b597dl.avif_.jpg",800,800,false],"2048x2048":["https:\/\/d12ipdv30ux650.cloudfront.net\/wp-content\/uploads\/2024\/02\/H06c9d8d64fd04adbac986b59739b597dl.avif_.jpg",800,800,false],"woocommerce_thumbnail":["https:\/\/d12ipdv30ux650.cloudfront.net\/wp-content\/uploads\/2024\/02\/H06c9d8d64fd04adbac986b59739b597dl.avif_-300x225.jpg",300,225,true],"woocommerce_single":["https:\/\/d12ipdv30ux650.cloudfront.net\/wp-content\/uploads\/2024\/02\/H06c9d8d64fd04adbac986b59739b597dl.avif_-600x600.jpg",600,600,true],"woocommerce_gallery_thumbnail":["https:\/\/d12ipdv30ux650.cloudfront.net\/wp-content\/uploads\/2024\/02\/H06c9d8d64fd04adbac986b59739b597dl.avif_-100x100.jpg",100,100,true]},"uagb_author_info":{"display_name":"lad","author_link":"https:\/\/asiandavinci.com\/pt-br\/author\/"},"uagb_comment_info":0,"uagb_excerpt":"Pavimentos de madeira em espinha de peixe em parquet interior para sala de estar europeia Design de espinha de peixe intemporal Constru\u00e7\u00e3o de madeira nobre premium F\u00e1cil instala\u00e7\u00e3o e manuten\u00e7\u00e3o","_links":{"self":[{"href":"https:\/\/asiandavinci.com\/pt-br\/wp-json\/wp\/v2\/product\/17785","targetHints":{"allow":["GET"]}}],"collection":[{"href":"https:\/\/asiandavinci.com\/pt-br\/wp-json\/wp\/v2\/product"}],"about":[{"href":"https:\/\/asiandavinci.com\/pt-br\/wp-json\/wp\/v2\/types\/product"}],"wp:featuredmedia":[{"embeddable":true,"href":"https:\/\/asiandavinci.com\/pt-br\/wp-json\/wp\/v2\/media\/17768"}],"wp:attachment":[{"href":"https:\/\/asiandavinci.com\/pt-br\/wp-json\/wp\/v2\/media?parent=17785"}],"wp:term":[{"taxonomy":"product_brand","embeddable":true,"href":"https:\/\/asiandavinci.com\/pt-br\/wp-json\/wp\/v2\/product_brand?post=17785"},{"taxonomy":"product_cat","embeddable":true,"href":"https:\/\/asiandavinci.com\/pt-br\/wp-json\/wp\/v2\/product_cat?post=17785"},{"taxonomy":"product_tag","embeddable":true,"href":"https:\/\/asiandavinci.com\/pt-br\/wp-json\/wp\/v2\/product_tag?post=17785"}],"curies":[{"name":"wp","href":"https:\/\/api.w.org\/{rel}","templated":true}]}}