{"id":18766,"date":"2024-02-28T16:30:35","date_gmt":"2024-02-28T08:30:35","guid":{"rendered":"https:\/\/asiandavinci.com\/product\/9-pieces-monitoria-de-monitoria-ao-anterior-conjunto-de-aluminio-fundido\/"},"modified":"2024-02-28T16:39:36","modified_gmt":"2024-02-28T08:39:36","slug":"9-pieces-monitoria-de-monitoria-ao-anterior-conjunto-de-aluminio-fundido","status":"publish","type":"product","link":"https:\/\/asiandavinci.com\/pt-br\/produto\/9-pieces-monitoria-de-monitoria-ao-anterior-conjunto-de-aluminio-fundido\/","title":{"rendered":"9-PIECES MONITORIA DE MONITORIA AO ANTERIOR Conjunto de alum\u00ednio fundido"},"content":{"rendered":"","protected":false},"excerpt":{"rendered":"<div class=\"title--wrap--Ms9Zv4A\">\n<p data-pl=\"product-title\" data-spm-anchor-id=\"a2g0o.detail.0.i10.39a2KcceKccen2\">Conjunto de jardim de m\u00f3veis ao ar livre de 9 pe\u00e7as para fora mesa de alum\u00ednio e cadeiras de alum\u00ednio de metal cadeira de apoio de bra\u00e7o fora do conjunto de jantares [wpforms id=\"585\"]<\/p>\n<\/div>\n","protected":false},"featured_media":18749,"template":"","meta":{"rank_math_lock_modified_date":false,"_uag_custom_page_level_css":"","site-sidebar-layout":"default","site-content-layout":"","ast-site-content-layout":"default","site-content-style":"default","site-sidebar-style":"default","ast-global-header-display":"","ast-banner-title-visibility":"","ast-main-header-display":"","ast-hfb-above-header-display":"","ast-hfb-below-header-display":"","ast-hfb-mobile-header-display":"","site-post-title":"","ast-breadcrumbs-content":"","ast-featured-img":"","footer-sml-layout":"","ast-disable-related-posts":"","theme-transparent-header-meta":"default","adv-header-id-meta":"","stick-header-meta":"default","header-above-stick-meta":"","header-main-stick-meta":"","header-below-stick-meta":"","astra-migrate-meta-layouts":"default","ast-page-background-enabled":"default","ast-page-background-meta":{"desktop":{"background-color":"var(--ast-global-color-4)","background-image":"","background-repeat":"repeat","background-position":"center center","background-size":"auto","background-attachment":"scroll","background-type":"","background-media":"","overlay-type":"","overlay-color":"","overlay-opacity":"","overlay-gradient":""},"tablet":{"background-color":"","background-image":"","background-repeat":"repeat","background-position":"center center","background-size":"auto","background-attachment":"scroll","background-type":"","background-media":"","overlay-type":"","overlay-color":"","overlay-opacity":"","overlay-gradient":""},"mobile":{"background-color":"","background-image":"","background-repeat":"repeat","background-position":"center center","background-size":"auto","background-attachment":"scroll","background-type":"","background-media":"","overlay-type":"","overlay-color":"","overlay-opacity":"","overlay-gradient":""}},"ast-content-background-meta":{"desktop":{"background-color":"var(--ast-global-color-5)","background-image":"","background-repeat":"repeat","background-position":"center center","background-size":"auto","background-attachment":"scroll","background-type":"","background-media":"","overlay-type":"","overlay-color":"","overlay-opacity":"","overlay-gradient":""},"tablet":{"background-color":"var(--ast-global-color-5)","background-image":"","background-repeat":"repeat","background-position":"center center","background-size":"auto","background-attachment":"scroll","background-type":"","background-media":"","overlay-type":"","overlay-color":"","overlay-opacity":"","overlay-gradient":""},"mobile":{"background-color":"var(--ast-global-color-5)","background-image":"","background-repeat":"repeat","background-position":"center center","background-size":"auto","background-attachment":"scroll","background-type":"","background-media":"","overlay-type":"","overlay-color":"","overlay-opacity":"","overlay-gradient":""}}},"product_brand":[],"product_cat":[162],"product_tag":[],"class_list":{"0":"post-18766","1":"product","2":"type-product","3":"status-publish","4":"has-post-thumbnail","6":"product_cat-mesa-e-cadeira-de-jantar-ao-ar-livre","7":"desktop-align-left","8":"tablet-align-left","9":"mobile-align-left","11":"first","12":"instock","13":"shipping-taxable","14":"product-type-simple"},"uagb_featured_image_src":{"full":["https:\/\/d12ipdv30ux650.cloudfront.net\/wp-content\/uploads\/2024\/02\/9-pieces-outdoor-furniture-garden-set-cast-aluminum-table-and-chairs-metal-Terrace-set-armrest-chair.webp",800,800,false],"thumbnail":["https:\/\/d12ipdv30ux650.cloudfront.net\/wp-content\/uploads\/2024\/02\/9-pieces-outdoor-furniture-garden-set-cast-aluminum-table-and-chairs-metal-Terrace-set-armrest-chair-150x150.webp",150,150,true],"medium":["https:\/\/d12ipdv30ux650.cloudfront.net\/wp-content\/uploads\/2024\/02\/9-pieces-outdoor-furniture-garden-set-cast-aluminum-table-and-chairs-metal-Terrace-set-armrest-chair-300x300.webp",300,300,true],"medium_large":["https:\/\/d12ipdv30ux650.cloudfront.net\/wp-content\/uploads\/2024\/02\/9-pieces-outdoor-furniture-garden-set-cast-aluminum-table-and-chairs-metal-Terrace-set-armrest-chair-768x768.webp",768,768,true],"large":["https:\/\/d12ipdv30ux650.cloudfront.net\/wp-content\/uploads\/2024\/02\/9-pieces-outdoor-furniture-garden-set-cast-aluminum-table-and-chairs-metal-Terrace-set-armrest-chair.webp",800,800,false],"1536x1536":["https:\/\/d12ipdv30ux650.cloudfront.net\/wp-content\/uploads\/2024\/02\/9-pieces-outdoor-furniture-garden-set-cast-aluminum-table-and-chairs-metal-Terrace-set-armrest-chair.webp",800,800,false],"2048x2048":["https:\/\/d12ipdv30ux650.cloudfront.net\/wp-content\/uploads\/2024\/02\/9-pieces-outdoor-furniture-garden-set-cast-aluminum-table-and-chairs-metal-Terrace-set-armrest-chair.webp",800,800,false],"woocommerce_thumbnail":["https:\/\/d12ipdv30ux650.cloudfront.net\/wp-content\/uploads\/2024\/02\/9-pieces-outdoor-furniture-garden-set-cast-aluminum-table-and-chairs-metal-Terrace-set-armrest-chair-300x225.webp",300,225,true],"woocommerce_single":["https:\/\/d12ipdv30ux650.cloudfront.net\/wp-content\/uploads\/2024\/02\/9-pieces-outdoor-furniture-garden-set-cast-aluminum-table-and-chairs-metal-Terrace-set-armrest-chair-600x600.webp",600,600,true],"woocommerce_gallery_thumbnail":["https:\/\/d12ipdv30ux650.cloudfront.net\/wp-content\/uploads\/2024\/02\/9-pieces-outdoor-furniture-garden-set-cast-aluminum-table-and-chairs-metal-Terrace-set-armrest-chair-100x100.webp",100,100,true]},"uagb_author_info":{"display_name":"lad","author_link":"https:\/\/asiandavinci.com\/pt-br\/author\/"},"uagb_comment_info":0,"uagb_excerpt":"Conjunto de jardim de m\u00f3veis ao ar livre de 9 pe\u00e7as para fora mesa de alum\u00ednio e cadeiras de alum\u00ednio de metal cadeira de apoio de bra\u00e7o fora do conjunto de jantares [wpforms id=\"585\"]","_links":{"self":[{"href":"https:\/\/asiandavinci.com\/pt-br\/wp-json\/wp\/v2\/product\/18766","targetHints":{"allow":["GET"]}}],"collection":[{"href":"https:\/\/asiandavinci.com\/pt-br\/wp-json\/wp\/v2\/product"}],"about":[{"href":"https:\/\/asiandavinci.com\/pt-br\/wp-json\/wp\/v2\/types\/product"}],"wp:featuredmedia":[{"embeddable":true,"href":"https:\/\/asiandavinci.com\/pt-br\/wp-json\/wp\/v2\/media\/18749"}],"wp:attachment":[{"href":"https:\/\/asiandavinci.com\/pt-br\/wp-json\/wp\/v2\/media?parent=18766"}],"wp:term":[{"taxonomy":"product_brand","embeddable":true,"href":"https:\/\/asiandavinci.com\/pt-br\/wp-json\/wp\/v2\/product_brand?post=18766"},{"taxonomy":"product_cat","embeddable":true,"href":"https:\/\/asiandavinci.com\/pt-br\/wp-json\/wp\/v2\/product_cat?post=18766"},{"taxonomy":"product_tag","embeddable":true,"href":"https:\/\/asiandavinci.com\/pt-br\/wp-json\/wp\/v2\/product_tag?post=18766"}],"curies":[{"name":"wp","href":"https:\/\/api.w.org\/{rel}","templated":true}]}}