{"id":19527,"date":"2024-03-01T09:52:33","date_gmt":"2024-03-01T01:52:33","guid":{"rendered":"https:\/\/asiandavinci.com\/product\/sofa-de-mobilia-seccional-personalizada-sofa-cama-rosa\/"},"modified":"2024-03-01T09:52:33","modified_gmt":"2024-03-01T01:52:33","slug":"sofa-de-mobilia-seccional-personalizada-sofa-cama-rosa","status":"publish","type":"product","link":"https:\/\/asiandavinci.com\/pt-br\/produto\/sofa-de-mobilia-seccional-personalizada-sofa-cama-rosa\/","title":{"rendered":"Sof\u00e1 de mob\u00edlia seccional personalizada Sof\u00e1 -cama rosa"},"content":{"rendered":"","protected":false},"excerpt":{"rendered":"<div class=\"module_title\">\n<div class=\"product-title-container\" data-aplus-ae=\"x1_575504cc\" data-spm-anchor-id=\"a2700.details.0.i0.8a786b86UiduVT\" data-aplus-clk=\"x1_19fc0ab9\">\n<p title=\"M\u00f3veis de mob\u00edlia se seccional personalizados Sof\u00e1 de tecido rosa de tecido de tecido 7 Conjunto 7 Sof\u00e1 de lugares Sof\u00e1s de sala de estar da sala de estar\" data-spm-anchor-id=\"a2700.details.0.i75.8a786b86UiduVT\">M\u00f3veis de mob\u00edlia se seccional personalizados Sof\u00e1 de tecido rosa de tecido de tecido 7 Conjunto 7 Sof\u00e1 de lugares Sof\u00e1s de sala de estar da sala de estar[wpforms id=\"585\"]<\/p>\n<\/div>\n<\/div>\n<div class=\"module_comment\">\n<div class=\"detail-product-comment\" data-aplus-ae=\"x2_684ba8d4\" data-spm-anchor-id=\"a2700.details.0.i1.8a786b86UiduVT\" data-aplus-clk=\"x2_6e96627f\"><\/div>\n<\/div>\n","protected":false},"featured_media":19303,"template":"","meta":{"rank_math_lock_modified_date":false,"_uag_custom_page_level_css":"","site-sidebar-layout":"default","site-content-layout":"","ast-site-content-layout":"default","site-content-style":"default","site-sidebar-style":"default","ast-global-header-display":"","ast-banner-title-visibility":"","ast-main-header-display":"","ast-hfb-above-header-display":"","ast-hfb-below-header-display":"","ast-hfb-mobile-header-display":"","site-post-title":"","ast-breadcrumbs-content":"","ast-featured-img":"","footer-sml-layout":"","ast-disable-related-posts":"","theme-transparent-header-meta":"default","adv-header-id-meta":"","stick-header-meta":"default","header-above-stick-meta":"","header-main-stick-meta":"","header-below-stick-meta":"","astra-migrate-meta-layouts":"default","ast-page-background-enabled":"default","ast-page-background-meta":{"desktop":{"background-color":"var(--ast-global-color-4)","background-image":"","background-repeat":"repeat","background-position":"center center","background-size":"auto","background-attachment":"scroll","background-type":"","background-media":"","overlay-type":"","overlay-color":"","overlay-opacity":"","overlay-gradient":""},"tablet":{"background-color":"","background-image":"","background-repeat":"repeat","background-position":"center center","background-size":"auto","background-attachment":"scroll","background-type":"","background-media":"","overlay-type":"","overlay-color":"","overlay-opacity":"","overlay-gradient":""},"mobile":{"background-color":"","background-image":"","background-repeat":"repeat","background-position":"center center","background-size":"auto","background-attachment":"scroll","background-type":"","background-media":"","overlay-type":"","overlay-color":"","overlay-opacity":"","overlay-gradient":""}},"ast-content-background-meta":{"desktop":{"background-color":"var(--ast-global-color-5)","background-image":"","background-repeat":"repeat","background-position":"center center","background-size":"auto","background-attachment":"scroll","background-type":"","background-media":"","overlay-type":"","overlay-color":"","overlay-opacity":"","overlay-gradient":""},"tablet":{"background-color":"var(--ast-global-color-5)","background-image":"","background-repeat":"repeat","background-position":"center center","background-size":"auto","background-attachment":"scroll","background-type":"","background-media":"","overlay-type":"","overlay-color":"","overlay-opacity":"","overlay-gradient":""},"mobile":{"background-color":"var(--ast-global-color-5)","background-image":"","background-repeat":"repeat","background-position":"center center","background-size":"auto","background-attachment":"scroll","background-type":"","background-media":"","overlay-type":"","overlay-color":"","overlay-opacity":"","overlay-gradient":""}}},"product_brand":[],"product_cat":[192],"product_tag":[],"class_list":{"0":"post-19527","1":"product","2":"type-product","3":"status-publish","4":"has-post-thumbnail","6":"product_cat-sofas-da-sala-de-estar","7":"desktop-align-left","8":"tablet-align-left","9":"mobile-align-left","11":"first","12":"instock","13":"shipping-taxable","14":"product-type-simple"},"uagb_featured_image_src":{"full":["https:\/\/d12ipdv30ux650.cloudfront.net\/wp-content\/uploads\/2024\/03\/Ha60d98d54b56437489152a37662c00f28.avif-1.jpg",750,712,false],"thumbnail":["https:\/\/d12ipdv30ux650.cloudfront.net\/wp-content\/uploads\/2024\/03\/Ha60d98d54b56437489152a37662c00f28.avif-1-150x150.jpg",150,150,true],"medium":["https:\/\/d12ipdv30ux650.cloudfront.net\/wp-content\/uploads\/2024\/03\/Ha60d98d54b56437489152a37662c00f28.avif-1-300x285.jpg",300,285,true],"medium_large":["https:\/\/d12ipdv30ux650.cloudfront.net\/wp-content\/uploads\/2024\/03\/Ha60d98d54b56437489152a37662c00f28.avif-1.jpg",750,712,false],"large":["https:\/\/d12ipdv30ux650.cloudfront.net\/wp-content\/uploads\/2024\/03\/Ha60d98d54b56437489152a37662c00f28.avif-1.jpg",750,712,false],"1536x1536":["https:\/\/d12ipdv30ux650.cloudfront.net\/wp-content\/uploads\/2024\/03\/Ha60d98d54b56437489152a37662c00f28.avif-1.jpg",750,712,false],"2048x2048":["https:\/\/d12ipdv30ux650.cloudfront.net\/wp-content\/uploads\/2024\/03\/Ha60d98d54b56437489152a37662c00f28.avif-1.jpg",750,712,false],"woocommerce_thumbnail":["https:\/\/d12ipdv30ux650.cloudfront.net\/wp-content\/uploads\/2024\/03\/Ha60d98d54b56437489152a37662c00f28.avif-1-300x225.jpg",300,225,true],"woocommerce_single":["https:\/\/d12ipdv30ux650.cloudfront.net\/wp-content\/uploads\/2024\/03\/Ha60d98d54b56437489152a37662c00f28.avif-1-600x570.jpg",600,570,true],"woocommerce_gallery_thumbnail":["https:\/\/d12ipdv30ux650.cloudfront.net\/wp-content\/uploads\/2024\/03\/Ha60d98d54b56437489152a37662c00f28.avif-1-100x100.jpg",100,100,true]},"uagb_author_info":{"display_name":"lad","author_link":"https:\/\/asiandavinci.com\/pt-br\/author\/"},"uagb_comment_info":0,"uagb_excerpt":"M\u00f3veis de mob\u00edlia se seccional personalizados Sof\u00e1 de tecido rosa de tecido de tecido 7 Conjunto 7 Sof\u00e1 de lugares Sof\u00e1s de sala de estar da sala de estar[wpforms id=\"585\"]","_links":{"self":[{"href":"https:\/\/asiandavinci.com\/pt-br\/wp-json\/wp\/v2\/product\/19527","targetHints":{"allow":["GET"]}}],"collection":[{"href":"https:\/\/asiandavinci.com\/pt-br\/wp-json\/wp\/v2\/product"}],"about":[{"href":"https:\/\/asiandavinci.com\/pt-br\/wp-json\/wp\/v2\/types\/product"}],"wp:featuredmedia":[{"embeddable":true,"href":"https:\/\/asiandavinci.com\/pt-br\/wp-json\/wp\/v2\/media\/19303"}],"wp:attachment":[{"href":"https:\/\/asiandavinci.com\/pt-br\/wp-json\/wp\/v2\/media?parent=19527"}],"wp:term":[{"taxonomy":"product_brand","embeddable":true,"href":"https:\/\/asiandavinci.com\/pt-br\/wp-json\/wp\/v2\/product_brand?post=19527"},{"taxonomy":"product_cat","embeddable":true,"href":"https:\/\/asiandavinci.com\/pt-br\/wp-json\/wp\/v2\/product_cat?post=19527"},{"taxonomy":"product_tag","embeddable":true,"href":"https:\/\/asiandavinci.com\/pt-br\/wp-json\/wp\/v2\/product_tag?post=19527"}],"curies":[{"name":"wp","href":"https:\/\/api.w.org\/{rel}","templated":true}]}}