{"id":23699,"date":"2024-03-20T13:56:34","date_gmt":"2024-03-20T05:56:34","guid":{"rendered":"https:\/\/asiandavinci.com\/product\/azulejo-residencial-flexivel-macio-de-3mm-interno-a-prova-de-fogo-a-prova-dagua-de-alta-qualidade\/"},"modified":"2024-03-20T13:56:34","modified_gmt":"2024-03-20T05:56:34","slug":"azulejo-residencial-flexivel-macio-de-3mm-interno-a-prova-de-fogo-a-prova-dagua-de-alta-qualidade","status":"publish","type":"product","link":"https:\/\/asiandavinci.com\/pt-br\/produto\/azulejo-residencial-flexivel-macio-de-3mm-interno-a-prova-de-fogo-a-prova-dagua-de-alta-qualidade\/","title":{"rendered":"Azulejo residencial flex\u00edvel macio de 3MM interno \u00e0 prova de fogo \u00e0 prova d&#8217;\u00e1gua de alta qualidade"},"content":{"rendered":"","protected":false},"excerpt":{"rendered":"<p title=\"Azulejo residencial flex\u00edvel macio de 3MM interno \u00e0 prova de fogo \u00e0 prova d'\u00e1gua de alta qualidade\" data-spm-anchor-id=\"a2700.details.0.i70.19ba4141FvSGck\">Azulejo residencial flex\u00edvel macio de 3MM interno \u00e0 prova de fogo \u00e0 prova d&#8217;\u00e1gua de alta qualidade[wpforms id=\"585\"]<\/p>\n","protected":false},"featured_media":22392,"template":"","meta":{"rank_math_lock_modified_date":false,"_uag_custom_page_level_css":"","site-sidebar-layout":"default","site-content-layout":"","ast-site-content-layout":"default","site-content-style":"default","site-sidebar-style":"default","ast-global-header-display":"","ast-banner-title-visibility":"","ast-main-header-display":"","ast-hfb-above-header-display":"","ast-hfb-below-header-display":"","ast-hfb-mobile-header-display":"","site-post-title":"","ast-breadcrumbs-content":"","ast-featured-img":"","footer-sml-layout":"","ast-disable-related-posts":"","theme-transparent-header-meta":"default","adv-header-id-meta":"","stick-header-meta":"default","header-above-stick-meta":"","header-main-stick-meta":"","header-below-stick-meta":"","astra-migrate-meta-layouts":"default","ast-page-background-enabled":"default","ast-page-background-meta":{"desktop":{"background-color":"var(--ast-global-color-4)","background-image":"","background-repeat":"repeat","background-position":"center center","background-size":"auto","background-attachment":"scroll","background-type":"","background-media":"","overlay-type":"","overlay-color":"","overlay-opacity":"","overlay-gradient":""},"tablet":{"background-color":"","background-image":"","background-repeat":"repeat","background-position":"center center","background-size":"auto","background-attachment":"scroll","background-type":"","background-media":"","overlay-type":"","overlay-color":"","overlay-opacity":"","overlay-gradient":""},"mobile":{"background-color":"","background-image":"","background-repeat":"repeat","background-position":"center center","background-size":"auto","background-attachment":"scroll","background-type":"","background-media":"","overlay-type":"","overlay-color":"","overlay-opacity":"","overlay-gradient":""}},"ast-content-background-meta":{"desktop":{"background-color":"var(--ast-global-color-5)","background-image":"","background-repeat":"repeat","background-position":"center center","background-size":"auto","background-attachment":"scroll","background-type":"","background-media":"","overlay-type":"","overlay-color":"","overlay-opacity":"","overlay-gradient":""},"tablet":{"background-color":"var(--ast-global-color-5)","background-image":"","background-repeat":"repeat","background-position":"center center","background-size":"auto","background-attachment":"scroll","background-type":"","background-media":"","overlay-type":"","overlay-color":"","overlay-opacity":"","overlay-gradient":""},"mobile":{"background-color":"var(--ast-global-color-5)","background-image":"","background-repeat":"repeat","background-position":"center center","background-size":"auto","background-attachment":"scroll","background-type":"","background-media":"","overlay-type":"","overlay-color":"","overlay-opacity":"","overlay-gradient":""}}},"product_brand":[],"product_cat":[204],"product_tag":[],"class_list":{"0":"post-23699","1":"product","2":"type-product","3":"status-publish","4":"has-post-thumbnail","6":"product_cat-painel-de-parede","7":"desktop-align-left","8":"tablet-align-left","9":"mobile-align-left","11":"first","12":"instock","13":"shipping-taxable","14":"product-type-simple"},"uagb_featured_image_src":{"full":["https:\/\/d12ipdv30ux650.cloudfront.net\/wp-content\/uploads\/2024\/03\/Hcbda5583a5dd4d599d94d2e93fd1162c1.png_720x720q50.avif_.jpg",698,720,false],"thumbnail":["https:\/\/d12ipdv30ux650.cloudfront.net\/wp-content\/uploads\/2024\/03\/Hcbda5583a5dd4d599d94d2e93fd1162c1.png_720x720q50.avif_-150x150.jpg",150,150,true],"medium":["https:\/\/d12ipdv30ux650.cloudfront.net\/wp-content\/uploads\/2024\/03\/Hcbda5583a5dd4d599d94d2e93fd1162c1.png_720x720q50.avif_-291x300.jpg",291,300,true],"medium_large":["https:\/\/d12ipdv30ux650.cloudfront.net\/wp-content\/uploads\/2024\/03\/Hcbda5583a5dd4d599d94d2e93fd1162c1.png_720x720q50.avif_.jpg",698,720,false],"large":["https:\/\/d12ipdv30ux650.cloudfront.net\/wp-content\/uploads\/2024\/03\/Hcbda5583a5dd4d599d94d2e93fd1162c1.png_720x720q50.avif_.jpg",698,720,false],"1536x1536":["https:\/\/d12ipdv30ux650.cloudfront.net\/wp-content\/uploads\/2024\/03\/Hcbda5583a5dd4d599d94d2e93fd1162c1.png_720x720q50.avif_.jpg",698,720,false],"2048x2048":["https:\/\/d12ipdv30ux650.cloudfront.net\/wp-content\/uploads\/2024\/03\/Hcbda5583a5dd4d599d94d2e93fd1162c1.png_720x720q50.avif_.jpg",698,720,false],"woocommerce_thumbnail":["https:\/\/d12ipdv30ux650.cloudfront.net\/wp-content\/uploads\/2024\/03\/Hcbda5583a5dd4d599d94d2e93fd1162c1.png_720x720q50.avif_-300x225.jpg",300,225,true],"woocommerce_single":["https:\/\/d12ipdv30ux650.cloudfront.net\/wp-content\/uploads\/2024\/03\/Hcbda5583a5dd4d599d94d2e93fd1162c1.png_720x720q50.avif_-600x619.jpg",600,619,true],"woocommerce_gallery_thumbnail":["https:\/\/d12ipdv30ux650.cloudfront.net\/wp-content\/uploads\/2024\/03\/Hcbda5583a5dd4d599d94d2e93fd1162c1.png_720x720q50.avif_-100x100.jpg",100,100,true]},"uagb_author_info":{"display_name":"lad","author_link":"https:\/\/asiandavinci.com\/pt-br\/author\/"},"uagb_comment_info":0,"uagb_excerpt":"Azulejo residencial flex\u00edvel macio de 3MM interno \u00e0 prova de fogo \u00e0 prova d'\u00e1gua de alta qualidade[wpforms id=\"585\"]","_links":{"self":[{"href":"https:\/\/asiandavinci.com\/pt-br\/wp-json\/wp\/v2\/product\/23699","targetHints":{"allow":["GET"]}}],"collection":[{"href":"https:\/\/asiandavinci.com\/pt-br\/wp-json\/wp\/v2\/product"}],"about":[{"href":"https:\/\/asiandavinci.com\/pt-br\/wp-json\/wp\/v2\/types\/product"}],"wp:featuredmedia":[{"embeddable":true,"href":"https:\/\/asiandavinci.com\/pt-br\/wp-json\/wp\/v2\/media\/22392"}],"wp:attachment":[{"href":"https:\/\/asiandavinci.com\/pt-br\/wp-json\/wp\/v2\/media?parent=23699"}],"wp:term":[{"taxonomy":"product_brand","embeddable":true,"href":"https:\/\/asiandavinci.com\/pt-br\/wp-json\/wp\/v2\/product_brand?post=23699"},{"taxonomy":"product_cat","embeddable":true,"href":"https:\/\/asiandavinci.com\/pt-br\/wp-json\/wp\/v2\/product_cat?post=23699"},{"taxonomy":"product_tag","embeddable":true,"href":"https:\/\/asiandavinci.com\/pt-br\/wp-json\/wp\/v2\/product_tag?post=23699"}],"curies":[{"name":"wp","href":"https:\/\/api.w.org\/{rel}","templated":true}]}}