{"id":23743,"date":"2024-03-20T14:31:10","date_gmt":"2024-03-20T06:31:10","guid":{"rendered":"https:\/\/asiandavinci.com\/product\/personalizado-de-melhor-qualidade-a-prova-de-fogo-a-prova-dagua-facil-instalacao-2mm-3mm-azulejo-de-parede-de-ceramica-de-porcelana-macia\/"},"modified":"2024-03-20T14:31:10","modified_gmt":"2024-03-20T06:31:10","slug":"personalizado-de-melhor-qualidade-a-prova-de-fogo-a-prova-dagua-facil-instalacao-2mm-3mm-azulejo-de-parede-de-ceramica-de-porcelana-macia","status":"publish","type":"product","link":"https:\/\/asiandavinci.com\/pt-br\/produto\/personalizado-de-melhor-qualidade-a-prova-de-fogo-a-prova-dagua-facil-instalacao-2mm-3mm-azulejo-de-parede-de-ceramica-de-porcelana-macia\/","title":{"rendered":"Personalizado de melhor qualidade \u00e0 prova de fogo \u00e0 prova d&#8217;\u00e1gua F\u00e1cil instala\u00e7\u00e3o 2mm 3mm Azulejo de parede de cer\u00e2mica de porcelana macia"},"content":{"rendered":"","protected":false},"excerpt":{"rendered":"<p title=\"Personalizado de melhor qualidade \u00e0 prova de fogo \u00e0 prova d'\u00e1gua F\u00e1cil instala\u00e7\u00e3o 2mm 3mm Azulejo de parede de cer\u00e2mica de porcelana macia\" data-spm-anchor-id=\"a2700.details.0.i68.92da5e5aKCeFRw\">Personalizado de melhor qualidade \u00e0 prova de fogo \u00e0 prova d&#8217;\u00e1gua F\u00e1cil instala\u00e7\u00e3o 2mm 3mm Azulejo de parede de cer\u00e2mica de porcelana macia[wpforms id=\"585\"]<\/p>\n","protected":false},"featured_media":22651,"template":"","meta":{"rank_math_lock_modified_date":false,"_uag_custom_page_level_css":"","site-sidebar-layout":"default","site-content-layout":"","ast-site-content-layout":"default","site-content-style":"default","site-sidebar-style":"default","ast-global-header-display":"","ast-banner-title-visibility":"","ast-main-header-display":"","ast-hfb-above-header-display":"","ast-hfb-below-header-display":"","ast-hfb-mobile-header-display":"","site-post-title":"","ast-breadcrumbs-content":"","ast-featured-img":"","footer-sml-layout":"","ast-disable-related-posts":"","theme-transparent-header-meta":"default","adv-header-id-meta":"","stick-header-meta":"default","header-above-stick-meta":"","header-main-stick-meta":"","header-below-stick-meta":"","astra-migrate-meta-layouts":"default","ast-page-background-enabled":"default","ast-page-background-meta":{"desktop":{"background-color":"var(--ast-global-color-4)","background-image":"","background-repeat":"repeat","background-position":"center center","background-size":"auto","background-attachment":"scroll","background-type":"","background-media":"","overlay-type":"","overlay-color":"","overlay-opacity":"","overlay-gradient":""},"tablet":{"background-color":"","background-image":"","background-repeat":"repeat","background-position":"center center","background-size":"auto","background-attachment":"scroll","background-type":"","background-media":"","overlay-type":"","overlay-color":"","overlay-opacity":"","overlay-gradient":""},"mobile":{"background-color":"","background-image":"","background-repeat":"repeat","background-position":"center center","background-size":"auto","background-attachment":"scroll","background-type":"","background-media":"","overlay-type":"","overlay-color":"","overlay-opacity":"","overlay-gradient":""}},"ast-content-background-meta":{"desktop":{"background-color":"var(--ast-global-color-5)","background-image":"","background-repeat":"repeat","background-position":"center center","background-size":"auto","background-attachment":"scroll","background-type":"","background-media":"","overlay-type":"","overlay-color":"","overlay-opacity":"","overlay-gradient":""},"tablet":{"background-color":"var(--ast-global-color-5)","background-image":"","background-repeat":"repeat","background-position":"center center","background-size":"auto","background-attachment":"scroll","background-type":"","background-media":"","overlay-type":"","overlay-color":"","overlay-opacity":"","overlay-gradient":""},"mobile":{"background-color":"var(--ast-global-color-5)","background-image":"","background-repeat":"repeat","background-position":"center center","background-size":"auto","background-attachment":"scroll","background-type":"","background-media":"","overlay-type":"","overlay-color":"","overlay-opacity":"","overlay-gradient":""}}},"product_brand":[],"product_cat":[204],"product_tag":[],"class_list":{"0":"post-23743","1":"product","2":"type-product","3":"status-publish","4":"has-post-thumbnail","6":"product_cat-painel-de-parede","7":"desktop-align-left","8":"tablet-align-left","9":"mobile-align-left","11":"first","12":"instock","13":"shipping-taxable","14":"product-type-simple"},"uagb_featured_image_src":{"full":["https:\/\/d12ipdv30ux650.cloudfront.net\/wp-content\/uploads\/2024\/03\/H34012c9c1b43468e87e0d4cd2a3317b9z.avif_.jpg",550,548,false],"thumbnail":["https:\/\/d12ipdv30ux650.cloudfront.net\/wp-content\/uploads\/2024\/03\/H34012c9c1b43468e87e0d4cd2a3317b9z.avif_-150x150.jpg",150,150,true],"medium":["https:\/\/d12ipdv30ux650.cloudfront.net\/wp-content\/uploads\/2024\/03\/H34012c9c1b43468e87e0d4cd2a3317b9z.avif_-300x300.jpg",300,300,true],"medium_large":["https:\/\/d12ipdv30ux650.cloudfront.net\/wp-content\/uploads\/2024\/03\/H34012c9c1b43468e87e0d4cd2a3317b9z.avif_.jpg",550,548,false],"large":["https:\/\/d12ipdv30ux650.cloudfront.net\/wp-content\/uploads\/2024\/03\/H34012c9c1b43468e87e0d4cd2a3317b9z.avif_.jpg",550,548,false],"1536x1536":["https:\/\/d12ipdv30ux650.cloudfront.net\/wp-content\/uploads\/2024\/03\/H34012c9c1b43468e87e0d4cd2a3317b9z.avif_.jpg",550,548,false],"2048x2048":["https:\/\/d12ipdv30ux650.cloudfront.net\/wp-content\/uploads\/2024\/03\/H34012c9c1b43468e87e0d4cd2a3317b9z.avif_.jpg",550,548,false],"woocommerce_thumbnail":["https:\/\/d12ipdv30ux650.cloudfront.net\/wp-content\/uploads\/2024\/03\/H34012c9c1b43468e87e0d4cd2a3317b9z.avif_-300x225.jpg",300,225,true],"woocommerce_single":["https:\/\/d12ipdv30ux650.cloudfront.net\/wp-content\/uploads\/2024\/03\/H34012c9c1b43468e87e0d4cd2a3317b9z.avif_.jpg",550,548,false],"woocommerce_gallery_thumbnail":["https:\/\/d12ipdv30ux650.cloudfront.net\/wp-content\/uploads\/2024\/03\/H34012c9c1b43468e87e0d4cd2a3317b9z.avif_-100x100.jpg",100,100,true]},"uagb_author_info":{"display_name":"lad","author_link":"https:\/\/asiandavinci.com\/pt-br\/author\/"},"uagb_comment_info":0,"uagb_excerpt":"Personalizado de melhor qualidade \u00e0 prova de fogo \u00e0 prova d'\u00e1gua F\u00e1cil instala\u00e7\u00e3o 2mm 3mm Azulejo de parede de cer\u00e2mica de porcelana macia[wpforms id=\"585\"]","_links":{"self":[{"href":"https:\/\/asiandavinci.com\/pt-br\/wp-json\/wp\/v2\/product\/23743","targetHints":{"allow":["GET"]}}],"collection":[{"href":"https:\/\/asiandavinci.com\/pt-br\/wp-json\/wp\/v2\/product"}],"about":[{"href":"https:\/\/asiandavinci.com\/pt-br\/wp-json\/wp\/v2\/types\/product"}],"wp:featuredmedia":[{"embeddable":true,"href":"https:\/\/asiandavinci.com\/pt-br\/wp-json\/wp\/v2\/media\/22651"}],"wp:attachment":[{"href":"https:\/\/asiandavinci.com\/pt-br\/wp-json\/wp\/v2\/media?parent=23743"}],"wp:term":[{"taxonomy":"product_brand","embeddable":true,"href":"https:\/\/asiandavinci.com\/pt-br\/wp-json\/wp\/v2\/product_brand?post=23743"},{"taxonomy":"product_cat","embeddable":true,"href":"https:\/\/asiandavinci.com\/pt-br\/wp-json\/wp\/v2\/product_cat?post=23743"},{"taxonomy":"product_tag","embeddable":true,"href":"https:\/\/asiandavinci.com\/pt-br\/wp-json\/wp\/v2\/product_tag?post=23743"}],"curies":[{"name":"wp","href":"https:\/\/api.w.org\/{rel}","templated":true}]}}