{"id":24630,"date":"2024-03-21T10:25:51","date_gmt":"2024-03-21T02:25:51","guid":{"rendered":"https:\/\/asiandavinci.com\/product\/decoracao-interna-wpc-grao-de-madeira-a-prova-dagua-madeira-composta-de-plastico-revestimento-de-parede-interior-painel-de-parede-wpc\/"},"modified":"2024-03-21T10:25:51","modified_gmt":"2024-03-21T02:25:51","slug":"decoracao-interna-wpc-grao-de-madeira-a-prova-dagua-madeira-composta-de-plastico-revestimento-de-parede-interior-painel-de-parede-wpc","status":"publish","type":"product","link":"https:\/\/asiandavinci.com\/pt-br\/produto\/decoracao-interna-wpc-grao-de-madeira-a-prova-dagua-madeira-composta-de-plastico-revestimento-de-parede-interior-painel-de-parede-wpc\/","title":{"rendered":"Decora\u00e7\u00e3o interna WPC Gr\u00e3o de madeira \u00e0 prova d&#8217;\u00e1gua Madeira Composta de pl\u00e1stico Revestimento de parede interior painel de parede wpc"},"content":{"rendered":"","protected":false},"excerpt":{"rendered":"<p title=\"Decora\u00e7\u00e3o interna WPC Gr\u00e3o de madeira \u00e0 prova d'\u00e1gua Madeira Composta de pl\u00e1stico Revestimento de parede interior painel de parede wpc\" data-spm-anchor-id=\"a2700.details.0.i63.239d5650qBM2cb\">Decora\u00e7\u00e3o interna WPC Gr\u00e3o de madeira \u00e0 prova d&#8217;\u00e1gua Madeira Composta de pl\u00e1stico Revestimento de parede interior painel de parede wpc[wpforms id=\"585\"]<\/p>\n","protected":false},"featured_media":24247,"template":"","meta":{"rank_math_lock_modified_date":false,"_uag_custom_page_level_css":"","site-sidebar-layout":"default","site-content-layout":"","ast-site-content-layout":"default","site-content-style":"default","site-sidebar-style":"default","ast-global-header-display":"","ast-banner-title-visibility":"","ast-main-header-display":"","ast-hfb-above-header-display":"","ast-hfb-below-header-display":"","ast-hfb-mobile-header-display":"","site-post-title":"","ast-breadcrumbs-content":"","ast-featured-img":"","footer-sml-layout":"","ast-disable-related-posts":"","theme-transparent-header-meta":"default","adv-header-id-meta":"","stick-header-meta":"","header-above-stick-meta":"","header-main-stick-meta":"","header-below-stick-meta":"","astra-migrate-meta-layouts":"default","ast-page-background-enabled":"default","ast-page-background-meta":{"desktop":{"background-color":"var(--ast-global-color-4)","background-image":"","background-repeat":"repeat","background-position":"center center","background-size":"auto","background-attachment":"scroll","background-type":"","background-media":"","overlay-type":"","overlay-color":"","overlay-opacity":"","overlay-gradient":""},"tablet":{"background-color":"","background-image":"","background-repeat":"repeat","background-position":"center center","background-size":"auto","background-attachment":"scroll","background-type":"","background-media":"","overlay-type":"","overlay-color":"","overlay-opacity":"","overlay-gradient":""},"mobile":{"background-color":"","background-image":"","background-repeat":"repeat","background-position":"center center","background-size":"auto","background-attachment":"scroll","background-type":"","background-media":"","overlay-type":"","overlay-color":"","overlay-opacity":"","overlay-gradient":""}},"ast-content-background-meta":{"desktop":{"background-color":"var(--ast-global-color-5)","background-image":"","background-repeat":"repeat","background-position":"center center","background-size":"auto","background-attachment":"scroll","background-type":"","background-media":"","overlay-type":"","overlay-color":"","overlay-opacity":"","overlay-gradient":""},"tablet":{"background-color":"var(--ast-global-color-5)","background-image":"","background-repeat":"repeat","background-position":"center center","background-size":"auto","background-attachment":"scroll","background-type":"","background-media":"","overlay-type":"","overlay-color":"","overlay-opacity":"","overlay-gradient":""},"mobile":{"background-color":"var(--ast-global-color-5)","background-image":"","background-repeat":"repeat","background-position":"center center","background-size":"auto","background-attachment":"scroll","background-type":"","background-media":"","overlay-type":"","overlay-color":"","overlay-opacity":"","overlay-gradient":""}}},"product_brand":[],"product_cat":[216],"product_tag":[],"class_list":{"0":"post-24630","1":"product","2":"type-product","3":"status-publish","4":"has-post-thumbnail","6":"product_cat-painel-de-parede-wpc","7":"desktop-align-left","8":"tablet-align-left","9":"mobile-align-left","11":"first","12":"instock","13":"shipping-taxable","14":"product-type-simple"},"uagb_featured_image_src":{"full":["https:\/\/d12ipdv30ux650.cloudfront.net\/wp-content\/uploads\/2024\/03\/Hfdd972e89e044aeda4fb60a62e2a25b6y-scaled.jpg",2560,2560,false],"thumbnail":["https:\/\/d12ipdv30ux650.cloudfront.net\/wp-content\/uploads\/2024\/03\/Hfdd972e89e044aeda4fb60a62e2a25b6y-150x150.jpg",150,150,true],"medium":["https:\/\/d12ipdv30ux650.cloudfront.net\/wp-content\/uploads\/2024\/03\/Hfdd972e89e044aeda4fb60a62e2a25b6y-300x300.jpg",300,300,true],"medium_large":["https:\/\/d12ipdv30ux650.cloudfront.net\/wp-content\/uploads\/2024\/03\/Hfdd972e89e044aeda4fb60a62e2a25b6y-768x768.jpg",768,768,true],"large":["https:\/\/d12ipdv30ux650.cloudfront.net\/wp-content\/uploads\/2024\/03\/Hfdd972e89e044aeda4fb60a62e2a25b6y-1024x1024.jpg",1024,1024,true],"1536x1536":["https:\/\/d12ipdv30ux650.cloudfront.net\/wp-content\/uploads\/2024\/03\/Hfdd972e89e044aeda4fb60a62e2a25b6y-1536x1536.jpg",1536,1536,true],"2048x2048":["https:\/\/d12ipdv30ux650.cloudfront.net\/wp-content\/uploads\/2024\/03\/Hfdd972e89e044aeda4fb60a62e2a25b6y-2048x2048.jpg",2048,2048,true],"woocommerce_thumbnail":["https:\/\/d12ipdv30ux650.cloudfront.net\/wp-content\/uploads\/2024\/03\/Hfdd972e89e044aeda4fb60a62e2a25b6y-scaled-300x225.jpg",300,225,true],"woocommerce_single":["https:\/\/d12ipdv30ux650.cloudfront.net\/wp-content\/uploads\/2024\/03\/Hfdd972e89e044aeda4fb60a62e2a25b6y-scaled-600x600.jpg",600,600,true],"woocommerce_gallery_thumbnail":["https:\/\/d12ipdv30ux650.cloudfront.net\/wp-content\/uploads\/2024\/03\/Hfdd972e89e044aeda4fb60a62e2a25b6y-scaled-100x100.jpg",100,100,true]},"uagb_author_info":{"display_name":"Spring","author_link":"https:\/\/asiandavinci.com\/pt-br\/author\/"},"uagb_comment_info":0,"uagb_excerpt":"Decora\u00e7\u00e3o interna WPC Gr\u00e3o de madeira \u00e0 prova d'\u00e1gua Madeira Composta de pl\u00e1stico Revestimento de parede interior painel de parede wpc[wpforms id=\"585\"]","_links":{"self":[{"href":"https:\/\/asiandavinci.com\/pt-br\/wp-json\/wp\/v2\/product\/24630","targetHints":{"allow":["GET"]}}],"collection":[{"href":"https:\/\/asiandavinci.com\/pt-br\/wp-json\/wp\/v2\/product"}],"about":[{"href":"https:\/\/asiandavinci.com\/pt-br\/wp-json\/wp\/v2\/types\/product"}],"wp:featuredmedia":[{"embeddable":true,"href":"https:\/\/asiandavinci.com\/pt-br\/wp-json\/wp\/v2\/media\/24247"}],"wp:attachment":[{"href":"https:\/\/asiandavinci.com\/pt-br\/wp-json\/wp\/v2\/media?parent=24630"}],"wp:term":[{"taxonomy":"product_brand","embeddable":true,"href":"https:\/\/asiandavinci.com\/pt-br\/wp-json\/wp\/v2\/product_brand?post=24630"},{"taxonomy":"product_cat","embeddable":true,"href":"https:\/\/asiandavinci.com\/pt-br\/wp-json\/wp\/v2\/product_cat?post=24630"},{"taxonomy":"product_tag","embeddable":true,"href":"https:\/\/asiandavinci.com\/pt-br\/wp-json\/wp\/v2\/product_tag?post=24630"}],"curies":[{"name":"wp","href":"https:\/\/api.w.org\/{rel}","templated":true}]}}