{"id":26619,"date":"2024-03-22T09:47:56","date_gmt":"2024-03-22T01:47:56","guid":{"rendered":"https:\/\/asiandavinci.com\/product\/atacado-claro-cor-19019080mm-bloco-de-vidro-oco-a-prova-de-fogo-bloco-de-vidro-oco-de-tijolo-solido-vidro-de-construcao\/"},"modified":"2024-03-22T09:47:56","modified_gmt":"2024-03-22T01:47:56","slug":"atacado-claro-cor-19019080mm-bloco-de-vidro-oco-a-prova-de-fogo-bloco-de-vidro-oco-de-tijolo-solido-vidro-de-construcao","status":"publish","type":"product","link":"https:\/\/asiandavinci.com\/pt-br\/produto\/atacado-claro-cor-19019080mm-bloco-de-vidro-oco-a-prova-de-fogo-bloco-de-vidro-oco-de-tijolo-solido-vidro-de-construcao\/","title":{"rendered":"Atacado claro\/cor 190*190*80mm bloco de vidro oco \u00e0 prova de fogo\/bloco de vidro oco de tijolo s\u00f3lido vidro de constru\u00e7\u00e3o"},"content":{"rendered":"","protected":false},"excerpt":{"rendered":"<div class=\"module_title\">\n<div class=\"product-title-container\" data-aplus-ae=\"x1_575504cc\" data-spm-anchor-id=\"a2700.details.0.i1.5f035969Thu9FP\" data-aplus-clk=\"x1_19fc0ab9\">\n<p title=\"Atacado claro\/cor 190*190*80mm bloco de vidro oco \u00e0 prova de fogo\/bloco de vidro oco de tijolo s\u00f3lido vidro de constru\u00e7\u00e3o\" data-spm-anchor-id=\"a2700.details.0.i71.5f035969Thu9FP\">Atacado claro\/cor 190*190*80mm bloco de vidro oco \u00e0 prova de fogo\/bloco de vidro oco de tijolo s\u00f3lido vidro de constru\u00e7\u00e3o[wpforms id=\"585\"]<\/p>\n<\/div>\n<\/div>\n<div class=\"module_comment\">\n<div class=\"detail-product-comment\" data-aplus-ae=\"x2_684ba8d4\" data-spm-anchor-id=\"a2700.details.0.i2.5f035969Thu9FP\" data-aplus-clk=\"x2_6e96627f\"><\/div>\n<\/div>\n","protected":false},"featured_media":26300,"template":"","meta":{"rank_math_lock_modified_date":false,"_uag_custom_page_level_css":"","site-sidebar-layout":"default","site-content-layout":"","ast-site-content-layout":"default","site-content-style":"default","site-sidebar-style":"default","ast-global-header-display":"","ast-banner-title-visibility":"","ast-main-header-display":"","ast-hfb-above-header-display":"","ast-hfb-below-header-display":"","ast-hfb-mobile-header-display":"","site-post-title":"","ast-breadcrumbs-content":"","ast-featured-img":"","footer-sml-layout":"","ast-disable-related-posts":"","theme-transparent-header-meta":"default","adv-header-id-meta":"","stick-header-meta":"default","header-above-stick-meta":"","header-main-stick-meta":"","header-below-stick-meta":"","astra-migrate-meta-layouts":"default","ast-page-background-enabled":"default","ast-page-background-meta":{"desktop":{"background-color":"var(--ast-global-color-4)","background-image":"","background-repeat":"repeat","background-position":"center center","background-size":"auto","background-attachment":"scroll","background-type":"","background-media":"","overlay-type":"","overlay-color":"","overlay-opacity":"","overlay-gradient":""},"tablet":{"background-color":"","background-image":"","background-repeat":"repeat","background-position":"center center","background-size":"auto","background-attachment":"scroll","background-type":"","background-media":"","overlay-type":"","overlay-color":"","overlay-opacity":"","overlay-gradient":""},"mobile":{"background-color":"","background-image":"","background-repeat":"repeat","background-position":"center center","background-size":"auto","background-attachment":"scroll","background-type":"","background-media":"","overlay-type":"","overlay-color":"","overlay-opacity":"","overlay-gradient":""}},"ast-content-background-meta":{"desktop":{"background-color":"var(--ast-global-color-5)","background-image":"","background-repeat":"repeat","background-position":"center center","background-size":"auto","background-attachment":"scroll","background-type":"","background-media":"","overlay-type":"","overlay-color":"","overlay-opacity":"","overlay-gradient":""},"tablet":{"background-color":"var(--ast-global-color-5)","background-image":"","background-repeat":"repeat","background-position":"center center","background-size":"auto","background-attachment":"scroll","background-type":"","background-media":"","overlay-type":"","overlay-color":"","overlay-opacity":"","overlay-gradient":""},"mobile":{"background-color":"var(--ast-global-color-5)","background-image":"","background-repeat":"repeat","background-position":"center center","background-size":"auto","background-attachment":"scroll","background-type":"","background-media":"","overlay-type":"","overlay-color":"","overlay-opacity":"","overlay-gradient":""}}},"product_brand":[],"product_cat":[235],"product_tag":[],"class_list":{"0":"post-26619","1":"product","2":"type-product","3":"status-publish","4":"has-post-thumbnail","6":"product_cat-pavimentadora-de-bloco-de-vidro","7":"desktop-align-left","8":"tablet-align-left","9":"mobile-align-left","11":"first","12":"instock","13":"shipping-taxable","14":"product-type-simple"},"uagb_featured_image_src":{"full":["https:\/\/d12ipdv30ux650.cloudfront.net\/wp-content\/uploads\/2024\/03\/H0cc70df965b94cfabc6d882511a74b3eK.avif_.jpg",500,500,false],"thumbnail":["https:\/\/d12ipdv30ux650.cloudfront.net\/wp-content\/uploads\/2024\/03\/H0cc70df965b94cfabc6d882511a74b3eK.avif_-150x150.jpg",150,150,true],"medium":["https:\/\/d12ipdv30ux650.cloudfront.net\/wp-content\/uploads\/2024\/03\/H0cc70df965b94cfabc6d882511a74b3eK.avif_-300x300.jpg",300,300,true],"medium_large":["https:\/\/d12ipdv30ux650.cloudfront.net\/wp-content\/uploads\/2024\/03\/H0cc70df965b94cfabc6d882511a74b3eK.avif_.jpg",500,500,false],"large":["https:\/\/d12ipdv30ux650.cloudfront.net\/wp-content\/uploads\/2024\/03\/H0cc70df965b94cfabc6d882511a74b3eK.avif_.jpg",500,500,false],"1536x1536":["https:\/\/d12ipdv30ux650.cloudfront.net\/wp-content\/uploads\/2024\/03\/H0cc70df965b94cfabc6d882511a74b3eK.avif_.jpg",500,500,false],"2048x2048":["https:\/\/d12ipdv30ux650.cloudfront.net\/wp-content\/uploads\/2024\/03\/H0cc70df965b94cfabc6d882511a74b3eK.avif_.jpg",500,500,false],"woocommerce_thumbnail":["https:\/\/d12ipdv30ux650.cloudfront.net\/wp-content\/uploads\/2024\/03\/H0cc70df965b94cfabc6d882511a74b3eK.avif_-300x225.jpg",300,225,true],"woocommerce_single":["https:\/\/d12ipdv30ux650.cloudfront.net\/wp-content\/uploads\/2024\/03\/H0cc70df965b94cfabc6d882511a74b3eK.avif_.jpg",500,500,false],"woocommerce_gallery_thumbnail":["https:\/\/d12ipdv30ux650.cloudfront.net\/wp-content\/uploads\/2024\/03\/H0cc70df965b94cfabc6d882511a74b3eK.avif_-100x100.jpg",100,100,true]},"uagb_author_info":{"display_name":"lad","author_link":"https:\/\/asiandavinci.com\/pt-br\/author\/"},"uagb_comment_info":0,"uagb_excerpt":"Atacado claro\/cor 190*190*80mm bloco de vidro oco \u00e0 prova de fogo\/bloco de vidro oco de tijolo s\u00f3lido vidro de constru\u00e7\u00e3o[wpforms id=\"585\"]","_links":{"self":[{"href":"https:\/\/asiandavinci.com\/pt-br\/wp-json\/wp\/v2\/product\/26619","targetHints":{"allow":["GET"]}}],"collection":[{"href":"https:\/\/asiandavinci.com\/pt-br\/wp-json\/wp\/v2\/product"}],"about":[{"href":"https:\/\/asiandavinci.com\/pt-br\/wp-json\/wp\/v2\/types\/product"}],"wp:featuredmedia":[{"embeddable":true,"href":"https:\/\/asiandavinci.com\/pt-br\/wp-json\/wp\/v2\/media\/26300"}],"wp:attachment":[{"href":"https:\/\/asiandavinci.com\/pt-br\/wp-json\/wp\/v2\/media?parent=26619"}],"wp:term":[{"taxonomy":"product_brand","embeddable":true,"href":"https:\/\/asiandavinci.com\/pt-br\/wp-json\/wp\/v2\/product_brand?post=26619"},{"taxonomy":"product_cat","embeddable":true,"href":"https:\/\/asiandavinci.com\/pt-br\/wp-json\/wp\/v2\/product_cat?post=26619"},{"taxonomy":"product_tag","embeddable":true,"href":"https:\/\/asiandavinci.com\/pt-br\/wp-json\/wp\/v2\/product_tag?post=26619"}],"curies":[{"name":"wp","href":"https:\/\/api.w.org\/{rel}","templated":true}]}}