{"id":26673,"date":"2024-03-22T09:57:33","date_gmt":"2024-03-22T01:57:33","guid":{"rendered":"https:\/\/asiandavinci.com\/product\/venda-quente-19019080mm-bloco-de-vidro-a-prova-de-fogo-oco-bloco-de-vidro-gelo-sombra-nevoa-construcao-decoracao-de-vidro\/"},"modified":"2024-03-22T09:57:33","modified_gmt":"2024-03-22T01:57:33","slug":"venda-quente-19019080mm-bloco-de-vidro-a-prova-de-fogo-oco-bloco-de-vidro-gelo-sombra-nevoa-construcao-decoracao-de-vidro","status":"publish","type":"product","link":"https:\/\/asiandavinci.com\/pt-br\/produto\/venda-quente-19019080mm-bloco-de-vidro-a-prova-de-fogo-oco-bloco-de-vidro-gelo-sombra-nevoa-construcao-decoracao-de-vidro\/","title":{"rendered":"Venda quente 190*190*80mm bloco de vidro \u00e0 prova de fogo oco bloco de vidro gelo sombra n\u00e9voa constru\u00e7\u00e3o decora\u00e7\u00e3o de vidro"},"content":{"rendered":"","protected":false},"excerpt":{"rendered":"<div class=\"module_title\">\n<div class=\"product-title-container\" data-aplus-ae=\"x1_575504cc\" data-spm-anchor-id=\"a2700.details.0.i1.45a48179iHrBIJ\" data-aplus-clk=\"x1_19fc0ab9\">\n<p title=\"Venda quente 190*190*80mm bloco de vidro \u00e0 prova de fogo oco bloco de vidro gelo sombra n\u00e9voa constru\u00e7\u00e3o decora\u00e7\u00e3o de vidro\" data-spm-anchor-id=\"a2700.details.0.i73.45a48179iHrBIJ\">Venda quente 190*190*80mm bloco de vidro \u00e0 prova de fogo oco bloco de vidro gelo sombra n\u00e9voa constru\u00e7\u00e3o decora\u00e7\u00e3o de vidro[wpforms id=\"585\"]<\/p>\n<\/div>\n<\/div>\n<div class=\"module_comment\">\n<div class=\"detail-product-comment\" data-aplus-ae=\"x2_684ba8d4\" data-spm-anchor-id=\"a2700.details.0.i2.45a48179iHrBIJ\" data-aplus-clk=\"x2_6e96627f\"><\/div>\n<\/div>\n","protected":false},"featured_media":26370,"template":"","meta":{"rank_math_lock_modified_date":false,"_uag_custom_page_level_css":"","site-sidebar-layout":"default","site-content-layout":"","ast-site-content-layout":"default","site-content-style":"default","site-sidebar-style":"default","ast-global-header-display":"","ast-banner-title-visibility":"","ast-main-header-display":"","ast-hfb-above-header-display":"","ast-hfb-below-header-display":"","ast-hfb-mobile-header-display":"","site-post-title":"","ast-breadcrumbs-content":"","ast-featured-img":"","footer-sml-layout":"","ast-disable-related-posts":"","theme-transparent-header-meta":"default","adv-header-id-meta":"","stick-header-meta":"default","header-above-stick-meta":"","header-main-stick-meta":"","header-below-stick-meta":"","astra-migrate-meta-layouts":"default","ast-page-background-enabled":"default","ast-page-background-meta":{"desktop":{"background-color":"var(--ast-global-color-4)","background-image":"","background-repeat":"repeat","background-position":"center center","background-size":"auto","background-attachment":"scroll","background-type":"","background-media":"","overlay-type":"","overlay-color":"","overlay-opacity":"","overlay-gradient":""},"tablet":{"background-color":"","background-image":"","background-repeat":"repeat","background-position":"center center","background-size":"auto","background-attachment":"scroll","background-type":"","background-media":"","overlay-type":"","overlay-color":"","overlay-opacity":"","overlay-gradient":""},"mobile":{"background-color":"","background-image":"","background-repeat":"repeat","background-position":"center center","background-size":"auto","background-attachment":"scroll","background-type":"","background-media":"","overlay-type":"","overlay-color":"","overlay-opacity":"","overlay-gradient":""}},"ast-content-background-meta":{"desktop":{"background-color":"var(--ast-global-color-5)","background-image":"","background-repeat":"repeat","background-position":"center center","background-size":"auto","background-attachment":"scroll","background-type":"","background-media":"","overlay-type":"","overlay-color":"","overlay-opacity":"","overlay-gradient":""},"tablet":{"background-color":"var(--ast-global-color-5)","background-image":"","background-repeat":"repeat","background-position":"center center","background-size":"auto","background-attachment":"scroll","background-type":"","background-media":"","overlay-type":"","overlay-color":"","overlay-opacity":"","overlay-gradient":""},"mobile":{"background-color":"var(--ast-global-color-5)","background-image":"","background-repeat":"repeat","background-position":"center center","background-size":"auto","background-attachment":"scroll","background-type":"","background-media":"","overlay-type":"","overlay-color":"","overlay-opacity":"","overlay-gradient":""}}},"product_brand":[],"product_cat":[235],"product_tag":[],"class_list":{"0":"post-26673","1":"product","2":"type-product","3":"status-publish","4":"has-post-thumbnail","6":"product_cat-pavimentadora-de-bloco-de-vidro","7":"desktop-align-left","8":"tablet-align-left","9":"mobile-align-left","11":"first","12":"instock","13":"shipping-taxable","14":"product-type-simple"},"uagb_featured_image_src":{"full":["https:\/\/d12ipdv30ux650.cloudfront.net\/wp-content\/uploads\/2024\/03\/H936cc3f1ae1145e680732cc76b50d0e6b.avif_.jpg",549,540,false],"thumbnail":["https:\/\/d12ipdv30ux650.cloudfront.net\/wp-content\/uploads\/2024\/03\/H936cc3f1ae1145e680732cc76b50d0e6b.avif_-150x150.jpg",150,150,true],"medium":["https:\/\/d12ipdv30ux650.cloudfront.net\/wp-content\/uploads\/2024\/03\/H936cc3f1ae1145e680732cc76b50d0e6b.avif_-300x295.jpg",300,295,true],"medium_large":["https:\/\/d12ipdv30ux650.cloudfront.net\/wp-content\/uploads\/2024\/03\/H936cc3f1ae1145e680732cc76b50d0e6b.avif_.jpg",549,540,false],"large":["https:\/\/d12ipdv30ux650.cloudfront.net\/wp-content\/uploads\/2024\/03\/H936cc3f1ae1145e680732cc76b50d0e6b.avif_.jpg",549,540,false],"1536x1536":["https:\/\/d12ipdv30ux650.cloudfront.net\/wp-content\/uploads\/2024\/03\/H936cc3f1ae1145e680732cc76b50d0e6b.avif_.jpg",549,540,false],"2048x2048":["https:\/\/d12ipdv30ux650.cloudfront.net\/wp-content\/uploads\/2024\/03\/H936cc3f1ae1145e680732cc76b50d0e6b.avif_.jpg",549,540,false],"woocommerce_thumbnail":["https:\/\/d12ipdv30ux650.cloudfront.net\/wp-content\/uploads\/2024\/03\/H936cc3f1ae1145e680732cc76b50d0e6b.avif_-300x225.jpg",300,225,true],"woocommerce_single":["https:\/\/d12ipdv30ux650.cloudfront.net\/wp-content\/uploads\/2024\/03\/H936cc3f1ae1145e680732cc76b50d0e6b.avif_.jpg",549,540,false],"woocommerce_gallery_thumbnail":["https:\/\/d12ipdv30ux650.cloudfront.net\/wp-content\/uploads\/2024\/03\/H936cc3f1ae1145e680732cc76b50d0e6b.avif_-100x100.jpg",100,100,true]},"uagb_author_info":{"display_name":"lad","author_link":"https:\/\/asiandavinci.com\/pt-br\/author\/"},"uagb_comment_info":0,"uagb_excerpt":"Venda quente 190*190*80mm bloco de vidro \u00e0 prova de fogo oco bloco de vidro gelo sombra n\u00e9voa constru\u00e7\u00e3o decora\u00e7\u00e3o de vidro[wpforms id=\"585\"]","_links":{"self":[{"href":"https:\/\/asiandavinci.com\/pt-br\/wp-json\/wp\/v2\/product\/26673","targetHints":{"allow":["GET"]}}],"collection":[{"href":"https:\/\/asiandavinci.com\/pt-br\/wp-json\/wp\/v2\/product"}],"about":[{"href":"https:\/\/asiandavinci.com\/pt-br\/wp-json\/wp\/v2\/types\/product"}],"wp:featuredmedia":[{"embeddable":true,"href":"https:\/\/asiandavinci.com\/pt-br\/wp-json\/wp\/v2\/media\/26370"}],"wp:attachment":[{"href":"https:\/\/asiandavinci.com\/pt-br\/wp-json\/wp\/v2\/media?parent=26673"}],"wp:term":[{"taxonomy":"product_brand","embeddable":true,"href":"https:\/\/asiandavinci.com\/pt-br\/wp-json\/wp\/v2\/product_brand?post=26673"},{"taxonomy":"product_cat","embeddable":true,"href":"https:\/\/asiandavinci.com\/pt-br\/wp-json\/wp\/v2\/product_cat?post=26673"},{"taxonomy":"product_tag","embeddable":true,"href":"https:\/\/asiandavinci.com\/pt-br\/wp-json\/wp\/v2\/product_tag?post=26673"}],"curies":[{"name":"wp","href":"https:\/\/api.w.org\/{rel}","templated":true}]}}