{"id":27018,"date":"2024-03-21T17:27:47","date_gmt":"2024-03-21T09:27:47","guid":{"rendered":"https:\/\/asiandavinci.com\/product\/linha-decorativa-arquitetonica-da-parede-que-molda-a-linha-branca-da-decoracao-do-pvc-do-rodape-do-mdf\/"},"modified":"2024-03-21T17:27:47","modified_gmt":"2024-03-21T09:27:47","slug":"linha-decorativa-arquitetonica-da-parede-que-molda-a-linha-branca-da-decoracao-do-pvc-do-rodape-do-mdf","status":"publish","type":"product","link":"https:\/\/asiandavinci.com\/pt-br\/produto\/linha-decorativa-arquitetonica-da-parede-que-molda-a-linha-branca-da-decoracao-do-pvc-do-rodape-do-mdf\/","title":{"rendered":"linha decorativa arquitet\u00f4nica da parede que molda a linha branca da decora\u00e7\u00e3o do PVC do rodap\u00e9 do MDF"},"content":{"rendered":"","protected":false},"excerpt":{"rendered":"<div class=\"module_title\">\n<div class=\"product-title-container\" data-aplus-ae=\"x1_575504cc\" data-spm-anchor-id=\"a2700.details.0.i0.482d4ef8WKqItU\" data-aplus-clk=\"x28_202a6def\">\n<p title=\"linha decorativa arquitet\u00f4nica da parede que molda a linha branca da decora\u00e7\u00e3o do PVC do rodap\u00e9 do MDF\" data-spm-anchor-id=\"a2700.details.0.i52.482d4ef8WKqItU\">linha decorativa arquitet\u00f4nica da parede que molda a linha branca da decora\u00e7\u00e3o do PVC do rodap\u00e9 do MDF[wpforms id=\"585\"]<\/p>\n<\/div>\n<\/div>\n<div class=\"module_comment\">\n<div class=\"detail-product-comment\" data-aplus-ae=\"x2_684ba8d4\" data-spm-anchor-id=\"a2700.details.0.i1.482d4ef8WKqItU\" data-aplus-clk=\"x29_1760bd61\"><\/div>\n<\/div>\n","protected":false},"featured_media":25809,"template":"","meta":{"rank_math_lock_modified_date":false,"_uag_custom_page_level_css":"","site-sidebar-layout":"default","site-content-layout":"","ast-site-content-layout":"default","site-content-style":"default","site-sidebar-style":"default","ast-global-header-display":"","ast-banner-title-visibility":"","ast-main-header-display":"","ast-hfb-above-header-display":"","ast-hfb-below-header-display":"","ast-hfb-mobile-header-display":"","site-post-title":"","ast-breadcrumbs-content":"","ast-featured-img":"","footer-sml-layout":"","ast-disable-related-posts":"","theme-transparent-header-meta":"default","adv-header-id-meta":"","stick-header-meta":"default","header-above-stick-meta":"","header-main-stick-meta":"","header-below-stick-meta":"","astra-migrate-meta-layouts":"default","ast-page-background-enabled":"default","ast-page-background-meta":{"desktop":{"background-color":"var(--ast-global-color-4)","background-image":"","background-repeat":"repeat","background-position":"center center","background-size":"auto","background-attachment":"scroll","background-type":"","background-media":"","overlay-type":"","overlay-color":"","overlay-opacity":"","overlay-gradient":""},"tablet":{"background-color":"","background-image":"","background-repeat":"repeat","background-position":"center center","background-size":"auto","background-attachment":"scroll","background-type":"","background-media":"","overlay-type":"","overlay-color":"","overlay-opacity":"","overlay-gradient":""},"mobile":{"background-color":"","background-image":"","background-repeat":"repeat","background-position":"center center","background-size":"auto","background-attachment":"scroll","background-type":"","background-media":"","overlay-type":"","overlay-color":"","overlay-opacity":"","overlay-gradient":""}},"ast-content-background-meta":{"desktop":{"background-color":"var(--ast-global-color-5)","background-image":"","background-repeat":"repeat","background-position":"center center","background-size":"auto","background-attachment":"scroll","background-type":"","background-media":"","overlay-type":"","overlay-color":"","overlay-opacity":"","overlay-gradient":""},"tablet":{"background-color":"var(--ast-global-color-5)","background-image":"","background-repeat":"repeat","background-position":"center center","background-size":"auto","background-attachment":"scroll","background-type":"","background-media":"","overlay-type":"","overlay-color":"","overlay-opacity":"","overlay-gradient":""},"mobile":{"background-color":"var(--ast-global-color-5)","background-image":"","background-repeat":"repeat","background-position":"center center","background-size":"auto","background-attachment":"scroll","background-type":"","background-media":"","overlay-type":"","overlay-color":"","overlay-opacity":"","overlay-gradient":""}}},"product_brand":[],"product_cat":[234],"product_tag":[],"class_list":{"0":"post-27018","1":"product","2":"type-product","3":"status-publish","4":"has-post-thumbnail","6":"product_cat-moldagem-decorativa","7":"desktop-align-left","8":"tablet-align-left","9":"mobile-align-left","11":"first","12":"instock","13":"shipping-taxable","14":"product-type-simple"},"uagb_featured_image_src":{"full":["https:\/\/d12ipdv30ux650.cloudfront.net\/wp-content\/uploads\/2024\/03\/H3093380a04784f979cd34e78a2e25889t.avif_.jpg",800,800,false],"thumbnail":["https:\/\/d12ipdv30ux650.cloudfront.net\/wp-content\/uploads\/2024\/03\/H3093380a04784f979cd34e78a2e25889t.avif_-150x150.jpg",150,150,true],"medium":["https:\/\/d12ipdv30ux650.cloudfront.net\/wp-content\/uploads\/2024\/03\/H3093380a04784f979cd34e78a2e25889t.avif_-300x300.jpg",300,300,true],"medium_large":["https:\/\/d12ipdv30ux650.cloudfront.net\/wp-content\/uploads\/2024\/03\/H3093380a04784f979cd34e78a2e25889t.avif_-768x768.jpg",768,768,true],"large":["https:\/\/d12ipdv30ux650.cloudfront.net\/wp-content\/uploads\/2024\/03\/H3093380a04784f979cd34e78a2e25889t.avif_.jpg",800,800,false],"1536x1536":["https:\/\/d12ipdv30ux650.cloudfront.net\/wp-content\/uploads\/2024\/03\/H3093380a04784f979cd34e78a2e25889t.avif_.jpg",800,800,false],"2048x2048":["https:\/\/d12ipdv30ux650.cloudfront.net\/wp-content\/uploads\/2024\/03\/H3093380a04784f979cd34e78a2e25889t.avif_.jpg",800,800,false],"woocommerce_thumbnail":["https:\/\/d12ipdv30ux650.cloudfront.net\/wp-content\/uploads\/2024\/03\/H3093380a04784f979cd34e78a2e25889t.avif_-300x225.jpg",300,225,true],"woocommerce_single":["https:\/\/d12ipdv30ux650.cloudfront.net\/wp-content\/uploads\/2024\/03\/H3093380a04784f979cd34e78a2e25889t.avif_-600x600.jpg",600,600,true],"woocommerce_gallery_thumbnail":["https:\/\/d12ipdv30ux650.cloudfront.net\/wp-content\/uploads\/2024\/03\/H3093380a04784f979cd34e78a2e25889t.avif_-100x100.jpg",100,100,true]},"uagb_author_info":{"display_name":"lad","author_link":"https:\/\/asiandavinci.com\/pt-br\/author\/"},"uagb_comment_info":0,"uagb_excerpt":"linha decorativa arquitet\u00f4nica da parede que molda a linha branca da decora\u00e7\u00e3o do PVC do rodap\u00e9 do MDF[wpforms id=\"585\"]","_links":{"self":[{"href":"https:\/\/asiandavinci.com\/pt-br\/wp-json\/wp\/v2\/product\/27018","targetHints":{"allow":["GET"]}}],"collection":[{"href":"https:\/\/asiandavinci.com\/pt-br\/wp-json\/wp\/v2\/product"}],"about":[{"href":"https:\/\/asiandavinci.com\/pt-br\/wp-json\/wp\/v2\/types\/product"}],"wp:featuredmedia":[{"embeddable":true,"href":"https:\/\/asiandavinci.com\/pt-br\/wp-json\/wp\/v2\/media\/25809"}],"wp:attachment":[{"href":"https:\/\/asiandavinci.com\/pt-br\/wp-json\/wp\/v2\/media?parent=27018"}],"wp:term":[{"taxonomy":"product_brand","embeddable":true,"href":"https:\/\/asiandavinci.com\/pt-br\/wp-json\/wp\/v2\/product_brand?post=27018"},{"taxonomy":"product_cat","embeddable":true,"href":"https:\/\/asiandavinci.com\/pt-br\/wp-json\/wp\/v2\/product_cat?post=27018"},{"taxonomy":"product_tag","embeddable":true,"href":"https:\/\/asiandavinci.com\/pt-br\/wp-json\/wp\/v2\/product_tag?post=27018"}],"curies":[{"name":"wp","href":"https:\/\/api.w.org\/{rel}","templated":true}]}}