{"id":28460,"date":"2024-03-23T09:10:07","date_gmt":"2024-03-23T01:10:07","guid":{"rendered":"https:\/\/asiandavinci.com\/product\/100-a-prova-de-agua-a-prova-de-fogo-mais-vendido-painel-de-parede-wpc-revestimento-de-parede-servico-personalizado\/"},"modified":"2024-03-23T09:10:07","modified_gmt":"2024-03-23T01:10:07","slug":"100-a-prova-de-agua-a-prova-de-fogo-mais-vendido-painel-de-parede-wpc-revestimento-de-parede-servico-personalizado","status":"publish","type":"product","link":"https:\/\/asiandavinci.com\/pt-br\/produto\/100-a-prova-de-agua-a-prova-de-fogo-mais-vendido-painel-de-parede-wpc-revestimento-de-parede-servico-personalizado\/","title":{"rendered":"100% \u00e0 prova de \u00e1gua \u00e0 prova de fogo mais vendido painel de parede WPC revestimento de parede servi\u00e7o personalizado"},"content":{"rendered":"","protected":false},"excerpt":{"rendered":"<p title=\"100% \u00e0 prova de \u00e1gua \u00e0 prova de fogo mais vendido painel de parede WPC revestimento de parede servi\u00e7o personalizado\" data-spm-anchor-id=\"a2700.details.0.i72.6a8f74dbcqtM0q\">100% \u00e0 prova de \u00e1gua \u00e0 prova de fogo mais vendido painel de parede WPC revestimento de parede servi\u00e7o personalizado[wpforms id=\"585\"]<\/p>\n","protected":false},"featured_media":27970,"template":"","meta":{"rank_math_lock_modified_date":false,"_uag_custom_page_level_css":"","site-sidebar-layout":"default","site-content-layout":"","ast-site-content-layout":"default","site-content-style":"default","site-sidebar-style":"default","ast-global-header-display":"","ast-banner-title-visibility":"","ast-main-header-display":"","ast-hfb-above-header-display":"","ast-hfb-below-header-display":"","ast-hfb-mobile-header-display":"","site-post-title":"","ast-breadcrumbs-content":"","ast-featured-img":"","footer-sml-layout":"","ast-disable-related-posts":"","theme-transparent-header-meta":"default","adv-header-id-meta":"","stick-header-meta":"","header-above-stick-meta":"","header-main-stick-meta":"","header-below-stick-meta":"","astra-migrate-meta-layouts":"default","ast-page-background-enabled":"default","ast-page-background-meta":{"desktop":{"background-color":"var(--ast-global-color-4)","background-image":"","background-repeat":"repeat","background-position":"center center","background-size":"auto","background-attachment":"scroll","background-type":"","background-media":"","overlay-type":"","overlay-color":"","overlay-opacity":"","overlay-gradient":""},"tablet":{"background-color":"","background-image":"","background-repeat":"repeat","background-position":"center center","background-size":"auto","background-attachment":"scroll","background-type":"","background-media":"","overlay-type":"","overlay-color":"","overlay-opacity":"","overlay-gradient":""},"mobile":{"background-color":"","background-image":"","background-repeat":"repeat","background-position":"center center","background-size":"auto","background-attachment":"scroll","background-type":"","background-media":"","overlay-type":"","overlay-color":"","overlay-opacity":"","overlay-gradient":""}},"ast-content-background-meta":{"desktop":{"background-color":"var(--ast-global-color-5)","background-image":"","background-repeat":"repeat","background-position":"center center","background-size":"auto","background-attachment":"scroll","background-type":"","background-media":"","overlay-type":"","overlay-color":"","overlay-opacity":"","overlay-gradient":""},"tablet":{"background-color":"var(--ast-global-color-5)","background-image":"","background-repeat":"repeat","background-position":"center center","background-size":"auto","background-attachment":"scroll","background-type":"","background-media":"","overlay-type":"","overlay-color":"","overlay-opacity":"","overlay-gradient":""},"mobile":{"background-color":"var(--ast-global-color-5)","background-image":"","background-repeat":"repeat","background-position":"center center","background-size":"auto","background-attachment":"scroll","background-type":"","background-media":"","overlay-type":"","overlay-color":"","overlay-opacity":"","overlay-gradient":""}}},"product_brand":[],"product_cat":[216],"product_tag":[],"class_list":{"0":"post-28460","1":"product","2":"type-product","3":"status-publish","4":"has-post-thumbnail","6":"product_cat-painel-de-parede-wpc","7":"desktop-align-left","8":"tablet-align-left","9":"mobile-align-left","11":"first","12":"instock","13":"shipping-taxable","14":"product-type-simple"},"uagb_featured_image_src":{"full":["https:\/\/d12ipdv30ux650.cloudfront.net\/wp-content\/uploads\/2024\/03\/Hhihqih34ilbhi32hbauyagfoa98.jpg",763,754,false],"thumbnail":["https:\/\/d12ipdv30ux650.cloudfront.net\/wp-content\/uploads\/2024\/03\/Hhihqih34ilbhi32hbauyagfoa98-150x150.jpg",150,150,true],"medium":["https:\/\/d12ipdv30ux650.cloudfront.net\/wp-content\/uploads\/2024\/03\/Hhihqih34ilbhi32hbauyagfoa98-300x296.jpg",300,296,true],"medium_large":["https:\/\/d12ipdv30ux650.cloudfront.net\/wp-content\/uploads\/2024\/03\/Hhihqih34ilbhi32hbauyagfoa98.jpg",763,754,false],"large":["https:\/\/d12ipdv30ux650.cloudfront.net\/wp-content\/uploads\/2024\/03\/Hhihqih34ilbhi32hbauyagfoa98.jpg",763,754,false],"1536x1536":["https:\/\/d12ipdv30ux650.cloudfront.net\/wp-content\/uploads\/2024\/03\/Hhihqih34ilbhi32hbauyagfoa98.jpg",763,754,false],"2048x2048":["https:\/\/d12ipdv30ux650.cloudfront.net\/wp-content\/uploads\/2024\/03\/Hhihqih34ilbhi32hbauyagfoa98.jpg",763,754,false],"woocommerce_thumbnail":["https:\/\/d12ipdv30ux650.cloudfront.net\/wp-content\/uploads\/2024\/03\/Hhihqih34ilbhi32hbauyagfoa98-300x225.jpg",300,225,true],"woocommerce_single":["https:\/\/d12ipdv30ux650.cloudfront.net\/wp-content\/uploads\/2024\/03\/Hhihqih34ilbhi32hbauyagfoa98-600x593.jpg",600,593,true],"woocommerce_gallery_thumbnail":["https:\/\/d12ipdv30ux650.cloudfront.net\/wp-content\/uploads\/2024\/03\/Hhihqih34ilbhi32hbauyagfoa98-100x100.jpg",100,100,true]},"uagb_author_info":{"display_name":"Spring","author_link":"https:\/\/asiandavinci.com\/pt-br\/author\/"},"uagb_comment_info":0,"uagb_excerpt":"100% \u00e0 prova de \u00e1gua \u00e0 prova de fogo mais vendido painel de parede WPC revestimento de parede servi\u00e7o personalizado[wpforms id=\"585\"]","_links":{"self":[{"href":"https:\/\/asiandavinci.com\/pt-br\/wp-json\/wp\/v2\/product\/28460","targetHints":{"allow":["GET"]}}],"collection":[{"href":"https:\/\/asiandavinci.com\/pt-br\/wp-json\/wp\/v2\/product"}],"about":[{"href":"https:\/\/asiandavinci.com\/pt-br\/wp-json\/wp\/v2\/types\/product"}],"wp:featuredmedia":[{"embeddable":true,"href":"https:\/\/asiandavinci.com\/pt-br\/wp-json\/wp\/v2\/media\/27970"}],"wp:attachment":[{"href":"https:\/\/asiandavinci.com\/pt-br\/wp-json\/wp\/v2\/media?parent=28460"}],"wp:term":[{"taxonomy":"product_brand","embeddable":true,"href":"https:\/\/asiandavinci.com\/pt-br\/wp-json\/wp\/v2\/product_brand?post=28460"},{"taxonomy":"product_cat","embeddable":true,"href":"https:\/\/asiandavinci.com\/pt-br\/wp-json\/wp\/v2\/product_cat?post=28460"},{"taxonomy":"product_tag","embeddable":true,"href":"https:\/\/asiandavinci.com\/pt-br\/wp-json\/wp\/v2\/product_tag?post=28460"}],"curies":[{"name":"wp","href":"https:\/\/api.w.org\/{rel}","templated":true}]}}