{"id":30051,"date":"2024-03-23T14:02:31","date_gmt":"2024-03-23T06:02:31","guid":{"rendered":"https:\/\/asiandavinci.com\/product\/painel-de-parede-wpc-mais-vendido-revestimentos-de-parede-de-alta-qualidade-painel-de-parede-decorativo-da-moda-servico-personalizado-a-prova-de-agua-a-prova-de-fogo\/"},"modified":"2024-03-23T14:02:31","modified_gmt":"2024-03-23T06:02:31","slug":"painel-de-parede-wpc-mais-vendido-revestimentos-de-parede-de-alta-qualidade-painel-de-parede-decorativo-da-moda-servico-personalizado-a-prova-de-agua-a-prova-de-fogo","status":"publish","type":"product","link":"https:\/\/asiandavinci.com\/pt-br\/produto\/painel-de-parede-wpc-mais-vendido-revestimentos-de-parede-de-alta-qualidade-painel-de-parede-decorativo-da-moda-servico-personalizado-a-prova-de-agua-a-prova-de-fogo\/","title":{"rendered":"Painel de parede wpc mais vendido, revestimentos de parede de alta qualidade, painel de parede decorativo da moda, servi\u00e7o personalizado, \u00e0 prova de \u00e1gua, \u00e0 prova de fogo"},"content":{"rendered":"","protected":false},"excerpt":{"rendered":"<p title=\"Painel de parede wpc mais vendido, revestimentos de parede de alta qualidade, painel de parede decorativo da moda, servi\u00e7o personalizado, \u00e0 prova de \u00e1gua, \u00e0 prova de fogo\" data-spm-anchor-id=\"a2700.details.0.i72.70302979Cxmrj4\">Painel de parede wpc mais vendido, revestimentos de parede de alta qualidade, painel de parede decorativo da moda, servi\u00e7o personalizado, \u00e0 prova de \u00e1gua, \u00e0 prova de fogo[wpforms id=\"585\"]<\/p>\n","protected":false},"featured_media":28298,"template":"","meta":{"rank_math_lock_modified_date":false,"_uag_custom_page_level_css":"","site-sidebar-layout":"default","site-content-layout":"","ast-site-content-layout":"default","site-content-style":"default","site-sidebar-style":"default","ast-global-header-display":"","ast-banner-title-visibility":"","ast-main-header-display":"","ast-hfb-above-header-display":"","ast-hfb-below-header-display":"","ast-hfb-mobile-header-display":"","site-post-title":"","ast-breadcrumbs-content":"","ast-featured-img":"","footer-sml-layout":"","ast-disable-related-posts":"","theme-transparent-header-meta":"default","adv-header-id-meta":"","stick-header-meta":"","header-above-stick-meta":"","header-main-stick-meta":"","header-below-stick-meta":"","astra-migrate-meta-layouts":"default","ast-page-background-enabled":"default","ast-page-background-meta":{"desktop":{"background-color":"var(--ast-global-color-4)","background-image":"","background-repeat":"repeat","background-position":"center center","background-size":"auto","background-attachment":"scroll","background-type":"","background-media":"","overlay-type":"","overlay-color":"","overlay-opacity":"","overlay-gradient":""},"tablet":{"background-color":"","background-image":"","background-repeat":"repeat","background-position":"center center","background-size":"auto","background-attachment":"scroll","background-type":"","background-media":"","overlay-type":"","overlay-color":"","overlay-opacity":"","overlay-gradient":""},"mobile":{"background-color":"","background-image":"","background-repeat":"repeat","background-position":"center center","background-size":"auto","background-attachment":"scroll","background-type":"","background-media":"","overlay-type":"","overlay-color":"","overlay-opacity":"","overlay-gradient":""}},"ast-content-background-meta":{"desktop":{"background-color":"var(--ast-global-color-5)","background-image":"","background-repeat":"repeat","background-position":"center center","background-size":"auto","background-attachment":"scroll","background-type":"","background-media":"","overlay-type":"","overlay-color":"","overlay-opacity":"","overlay-gradient":""},"tablet":{"background-color":"var(--ast-global-color-5)","background-image":"","background-repeat":"repeat","background-position":"center center","background-size":"auto","background-attachment":"scroll","background-type":"","background-media":"","overlay-type":"","overlay-color":"","overlay-opacity":"","overlay-gradient":""},"mobile":{"background-color":"var(--ast-global-color-5)","background-image":"","background-repeat":"repeat","background-position":"center center","background-size":"auto","background-attachment":"scroll","background-type":"","background-media":"","overlay-type":"","overlay-color":"","overlay-opacity":"","overlay-gradient":""}}},"product_brand":[],"product_cat":[216],"product_tag":[],"class_list":{"0":"post-30051","1":"product","2":"type-product","3":"status-publish","4":"has-post-thumbnail","6":"product_cat-painel-de-parede-wpc","7":"desktop-align-left","8":"tablet-align-left","9":"mobile-align-left","11":"first","12":"instock","13":"shipping-taxable","14":"product-type-simple"},"uagb_featured_image_src":{"full":["https:\/\/d12ipdv30ux650.cloudfront.net\/wp-content\/uploads\/2024\/03\/Hc387beb99c1f442ea71553d8e0f0920cj.jpg",800,800,false],"thumbnail":["https:\/\/d12ipdv30ux650.cloudfront.net\/wp-content\/uploads\/2024\/03\/Hc387beb99c1f442ea71553d8e0f0920cj-150x150.jpg",150,150,true],"medium":["https:\/\/d12ipdv30ux650.cloudfront.net\/wp-content\/uploads\/2024\/03\/Hc387beb99c1f442ea71553d8e0f0920cj-300x300.jpg",300,300,true],"medium_large":["https:\/\/d12ipdv30ux650.cloudfront.net\/wp-content\/uploads\/2024\/03\/Hc387beb99c1f442ea71553d8e0f0920cj-768x768.jpg",768,768,true],"large":["https:\/\/d12ipdv30ux650.cloudfront.net\/wp-content\/uploads\/2024\/03\/Hc387beb99c1f442ea71553d8e0f0920cj.jpg",800,800,false],"1536x1536":["https:\/\/d12ipdv30ux650.cloudfront.net\/wp-content\/uploads\/2024\/03\/Hc387beb99c1f442ea71553d8e0f0920cj.jpg",800,800,false],"2048x2048":["https:\/\/d12ipdv30ux650.cloudfront.net\/wp-content\/uploads\/2024\/03\/Hc387beb99c1f442ea71553d8e0f0920cj.jpg",800,800,false],"woocommerce_thumbnail":["https:\/\/d12ipdv30ux650.cloudfront.net\/wp-content\/uploads\/2024\/03\/Hc387beb99c1f442ea71553d8e0f0920cj-300x225.jpg",300,225,true],"woocommerce_single":["https:\/\/d12ipdv30ux650.cloudfront.net\/wp-content\/uploads\/2024\/03\/Hc387beb99c1f442ea71553d8e0f0920cj-600x600.jpg",600,600,true],"woocommerce_gallery_thumbnail":["https:\/\/d12ipdv30ux650.cloudfront.net\/wp-content\/uploads\/2024\/03\/Hc387beb99c1f442ea71553d8e0f0920cj-100x100.jpg",100,100,true]},"uagb_author_info":{"display_name":"Spring","author_link":"https:\/\/asiandavinci.com\/pt-br\/author\/"},"uagb_comment_info":0,"uagb_excerpt":"Painel de parede wpc mais vendido, revestimentos de parede de alta qualidade, painel de parede decorativo da moda, servi\u00e7o personalizado, \u00e0 prova de \u00e1gua, \u00e0 prova de fogo[wpforms id=\"585\"]","_links":{"self":[{"href":"https:\/\/asiandavinci.com\/pt-br\/wp-json\/wp\/v2\/product\/30051","targetHints":{"allow":["GET"]}}],"collection":[{"href":"https:\/\/asiandavinci.com\/pt-br\/wp-json\/wp\/v2\/product"}],"about":[{"href":"https:\/\/asiandavinci.com\/pt-br\/wp-json\/wp\/v2\/types\/product"}],"wp:featuredmedia":[{"embeddable":true,"href":"https:\/\/asiandavinci.com\/pt-br\/wp-json\/wp\/v2\/media\/28298"}],"wp:attachment":[{"href":"https:\/\/asiandavinci.com\/pt-br\/wp-json\/wp\/v2\/media?parent=30051"}],"wp:term":[{"taxonomy":"product_brand","embeddable":true,"href":"https:\/\/asiandavinci.com\/pt-br\/wp-json\/wp\/v2\/product_brand?post=30051"},{"taxonomy":"product_cat","embeddable":true,"href":"https:\/\/asiandavinci.com\/pt-br\/wp-json\/wp\/v2\/product_cat?post=30051"},{"taxonomy":"product_tag","embeddable":true,"href":"https:\/\/asiandavinci.com\/pt-br\/wp-json\/wp\/v2\/product_tag?post=30051"}],"curies":[{"name":"wp","href":"https:\/\/api.w.org\/{rel}","templated":true}]}}