{"id":35673,"date":"2024-08-08T10:01:08","date_gmt":"2024-08-08T02:01:08","guid":{"rendered":"https:\/\/asiandavinci.com\/product\/piso-de-madeira-de-nogueira-clara-solucao-de-piso-elegante-e-duravel\/"},"modified":"2024-08-08T10:01:08","modified_gmt":"2024-08-08T02:01:08","slug":"piso-de-madeira-de-nogueira-clara-solucao-de-piso-elegante-e-duravel","status":"publish","type":"product","link":"https:\/\/asiandavinci.com\/pt-br\/produto\/piso-de-madeira-de-nogueira-clara-solucao-de-piso-elegante-e-duravel\/","title":{"rendered":"Piso de madeira de nogueira clara \u2013 solu\u00e7\u00e3o de piso elegante e dur\u00e1vel"},"content":{"rendered":"<p><strong>Specifications<\/strong><strong>Model<\/strong>: ZW-M007 <strong>Size<\/strong>: 48*8\u2033(1215*198mm) <strong>Board thickness<\/strong>: 8.5mm+IXPE(2.0mm) <strong>Colors<\/strong>: Based on stock or Customized <strong>Mineral Core: Many kinds of inorganic<\/strong> materials and natural plant fibers with water <strong>Warranty<\/strong>: 15years for commercial and 25 years for residenta <\/p>\n<div class=\"ast-oembed-container \" style=\"height: 100%;\"><iframe title=\"MGO floor testing video\" width=\"500\" height=\"281\" src=\"https:\/\/www.youtube.com\/embed\/-mEfvvjWDCI?feature=oembed\" frameborder=\"0\" allow=\"accelerometer; autoplay; clipboard-write; encrypted-media; gyroscope; picture-in-picture; web-share\" referrerpolicy=\"strict-origin-when-cross-origin\" allowfullscreen><\/iframe><\/div>\n","protected":false},"excerpt":{"rendered":"<p><strong>Fireproof Class A(ASTM E84)<\/strong>; No-flame; No-burnt; No Toxic Smoke; No TVOC <strong>Non-formaldehyde<\/strong>; No Fiberglass; No Benzene; No Glue; No PVC <strong>Health safe<\/strong>; Eco-friendly; Degradable; No 19heavy metals <strong>Wear-resistant(AC4-AC5)<\/strong>; Anti-scratch; Pet-friendly <strong>Waterproof<\/strong>; Moristure-Proof; Anti-mildew; Termite proof; Anti-slip Suitable for all kinds of floor heating<\/p>\n","protected":false},"featured_media":34175,"template":"","meta":{"rank_math_lock_modified_date":false,"_uag_custom_page_level_css":"","site-sidebar-layout":"default","site-content-layout":"","ast-site-content-layout":"default","site-content-style":"default","site-sidebar-style":"default","ast-global-header-display":"","ast-banner-title-visibility":"","ast-main-header-display":"","ast-hfb-above-header-display":"","ast-hfb-below-header-display":"","ast-hfb-mobile-header-display":"","site-post-title":"","ast-breadcrumbs-content":"","ast-featured-img":"","footer-sml-layout":"","ast-disable-related-posts":"","theme-transparent-header-meta":"default","adv-header-id-meta":"","stick-header-meta":"","header-above-stick-meta":"","header-main-stick-meta":"","header-below-stick-meta":"","astra-migrate-meta-layouts":"default","ast-page-background-enabled":"default","ast-page-background-meta":{"desktop":{"background-color":"var(--ast-global-color-4)","background-image":"","background-repeat":"repeat","background-position":"center center","background-size":"auto","background-attachment":"scroll","background-type":"","background-media":"","overlay-type":"","overlay-color":"","overlay-opacity":"","overlay-gradient":""},"tablet":{"background-color":"","background-image":"","background-repeat":"repeat","background-position":"center center","background-size":"auto","background-attachment":"scroll","background-type":"","background-media":"","overlay-type":"","overlay-color":"","overlay-opacity":"","overlay-gradient":""},"mobile":{"background-color":"","background-image":"","background-repeat":"repeat","background-position":"center center","background-size":"auto","background-attachment":"scroll","background-type":"","background-media":"","overlay-type":"","overlay-color":"","overlay-opacity":"","overlay-gradient":""}},"ast-content-background-meta":{"desktop":{"background-color":"var(--ast-global-color-5)","background-image":"","background-repeat":"repeat","background-position":"center center","background-size":"auto","background-attachment":"scroll","background-type":"","background-media":"","overlay-type":"","overlay-color":"","overlay-opacity":"","overlay-gradient":""},"tablet":{"background-color":"var(--ast-global-color-5)","background-image":"","background-repeat":"repeat","background-position":"center center","background-size":"auto","background-attachment":"scroll","background-type":"","background-media":"","overlay-type":"","overlay-color":"","overlay-opacity":"","overlay-gradient":""},"mobile":{"background-color":"var(--ast-global-color-5)","background-image":"","background-repeat":"repeat","background-position":"center center","background-size":"auto","background-attachment":"scroll","background-type":"","background-media":"","overlay-type":"","overlay-color":"","overlay-opacity":"","overlay-gradient":""}}},"product_brand":[],"product_cat":[136],"product_tag":[4475,4473,4477,4476,4474],"class_list":{"0":"post-35673","1":"product","2":"type-product","3":"status-publish","4":"has-post-thumbnail","6":"product_cat-chao-de-madeira","7":"product_tag-acabamento-em-madeira-atemporal","8":"product_tag-piso-de-madeira-de-nogueira-clara","9":"product_tag-piso-de-madeira-sofisticado","10":"product_tag-piso-de-nogueira-de-alta-qualidade","11":"product_tag-pisos-de-madeira-duraveis","12":"desktop-align-left","13":"tablet-align-left","14":"mobile-align-left","16":"first","17":"instock","18":"shipping-taxable","19":"product-type-simple"},"uagb_featured_image_src":{"full":["https:\/\/d12ipdv30ux650.cloudfront.net\/wp-content\/uploads\/2024\/08\/002-1chanp-scaled-e1715849804508.jpeg",1757,1757,false],"thumbnail":["https:\/\/d12ipdv30ux650.cloudfront.net\/wp-content\/uploads\/2024\/08\/002-1chanp-scaled-e1715849804508-150x150.jpeg",150,150,true],"medium":["https:\/\/d12ipdv30ux650.cloudfront.net\/wp-content\/uploads\/2024\/08\/002-1chanp-scaled-e1715849804508-300x300.jpeg",300,300,true],"medium_large":["https:\/\/d12ipdv30ux650.cloudfront.net\/wp-content\/uploads\/2024\/08\/002-1chanp-scaled-e1715849804508-768x768.jpeg",768,768,true],"large":["https:\/\/d12ipdv30ux650.cloudfront.net\/wp-content\/uploads\/2024\/08\/002-1chanp-scaled-e1715849804508-1024x1024.jpeg",1024,1024,true],"1536x1536":["https:\/\/d12ipdv30ux650.cloudfront.net\/wp-content\/uploads\/2024\/08\/002-1chanp-scaled-e1715849804508-1536x1536.jpeg",1536,1536,true],"2048x2048":["https:\/\/d12ipdv30ux650.cloudfront.net\/wp-content\/uploads\/2024\/08\/002-1chanp-scaled-e1715849804508.jpeg",1757,1757,false],"woocommerce_thumbnail":["https:\/\/d12ipdv30ux650.cloudfront.net\/wp-content\/uploads\/2024\/08\/002-1chanp-scaled-e1715849804508-300x225.jpeg",300,225,true],"woocommerce_single":["https:\/\/d12ipdv30ux650.cloudfront.net\/wp-content\/uploads\/2024\/08\/002-1chanp-scaled-e1715849804508-600x600.jpeg",600,600,true],"woocommerce_gallery_thumbnail":["https:\/\/d12ipdv30ux650.cloudfront.net\/wp-content\/uploads\/2024\/08\/002-1chanp-scaled-e1715849804508-100x100.jpeg",100,100,true]},"uagb_author_info":{"display_name":"peace","author_link":"https:\/\/asiandavinci.com\/pt-br\/author\/"},"uagb_comment_info":0,"uagb_excerpt":"Fireproof Class A(ASTM E84); No-flame; No-burnt; No Toxic Smoke; No TVOC Non-formaldehyde; No Fiberglass; No Benzene; No Glue; No PVC Health safe; Eco-friendly; Degradable; No 19heavy metals Wear-resistant(AC4-AC5); Anti-scratch; Pet-friendly Waterproof; Moristure-Proof; Anti-mildew; Termite proof; Anti-slip Suitable for all kinds of floor heating","_links":{"self":[{"href":"https:\/\/asiandavinci.com\/pt-br\/wp-json\/wp\/v2\/product\/35673","targetHints":{"allow":["GET"]}}],"collection":[{"href":"https:\/\/asiandavinci.com\/pt-br\/wp-json\/wp\/v2\/product"}],"about":[{"href":"https:\/\/asiandavinci.com\/pt-br\/wp-json\/wp\/v2\/types\/product"}],"wp:featuredmedia":[{"embeddable":true,"href":"https:\/\/asiandavinci.com\/pt-br\/wp-json\/wp\/v2\/media\/34175"}],"wp:attachment":[{"href":"https:\/\/asiandavinci.com\/pt-br\/wp-json\/wp\/v2\/media?parent=35673"}],"wp:term":[{"taxonomy":"product_brand","embeddable":true,"href":"https:\/\/asiandavinci.com\/pt-br\/wp-json\/wp\/v2\/product_brand?post=35673"},{"taxonomy":"product_cat","embeddable":true,"href":"https:\/\/asiandavinci.com\/pt-br\/wp-json\/wp\/v2\/product_cat?post=35673"},{"taxonomy":"product_tag","embeddable":true,"href":"https:\/\/asiandavinci.com\/pt-br\/wp-json\/wp\/v2\/product_tag?post=35673"}],"curies":[{"name":"wp","href":"https:\/\/api.w.org\/{rel}","templated":true}]}}