{"id":39646,"date":"2024-08-31T15:00:30","date_gmt":"2024-08-31T07:00:30","guid":{"rendered":"https:\/\/asiandavinci.com\/product\/armario-quarto-infantil-1\/"},"modified":"2024-10-30T10:15:32","modified_gmt":"2024-10-30T02:15:32","slug":"armario-quarto-infantil-1","status":"publish","type":"product","link":"https:\/\/asiandavinci.com\/pt-br\/produto\/armario-quarto-infantil-1\/","title":{"rendered":"Arm\u00e1rio Quarto Infantil &#8211; 1"},"content":{"rendered":"<p>Este arm\u00e1rio moderno para quarto infantil foi cuidadosamente projetado com uma abordagem de &#8220;layout unificado&#8221;, onde a cama, o guarda-roupa e a escrivaninha s\u00e3o colocados contra as paredes, deixando amplo espa\u00e7o no centro para as atividades do seu filho. Este design incentiva as crian\u00e7as a explorar seu ambiente livremente e gerenciar as tarefas di\u00e1rias de forma independente, promovendo um senso de autossufici\u00eancia. O esquema de cores simples e elegante n\u00e3o apenas aumenta a aprecia\u00e7\u00e3o est\u00e9tica, mas tamb\u00e9m cria uma atmosfera confort\u00e1vel e atemporal que cresce com seu filho, tornando-o adequado para qualquer idade sem parecer muito juvenil.<strong> Estilo:<\/strong> Moderno <strong>Tamanho\/Cor:<\/strong> Personaliz\u00e1vel de acordo com suas especifica\u00e7\u00f5es<strong> Ferragens: <\/strong>BLUM \/ Salice \/ Bastem \/ <strong>KUBO Material da base: <\/strong>Painel de part\u00edculas de madeira maci\u00e7a F4 Star importado <strong>Tratamento de superf\u00edcie da porta:<\/strong> PP \/ PET \/ UV \/ Painel de melamina<strong> Al\u00e7as:<\/strong> Tipo G \/ Tipo T \/ 18 mm de espessura LU \/ Polegar \/ Embutido \/ LEMA1  <\/p>\n","protected":false},"excerpt":{"rendered":"<p>Este arm\u00e1rio moderno para quarto infantil foi cuidadosamente projetado com uma abordagem de &#8220;layout unificado&#8221;, onde a cama, o guarda-roupa e a escrivaninha s\u00e3o colocados contra as paredes, deixando amplo espa\u00e7o no centro para as atividades do seu filho. Este design incentiva as crian\u00e7as a explorar seu ambiente livremente e gerenciar as tarefas di\u00e1rias de [&hellip;]<\/p>\n","protected":false},"featured_media":36781,"template":"","meta":{"rank_math_lock_modified_date":false,"_uag_custom_page_level_css":"","site-sidebar-layout":"default","site-content-layout":"","ast-site-content-layout":"default","site-content-style":"default","site-sidebar-style":"default","ast-global-header-display":"","ast-banner-title-visibility":"","ast-main-header-display":"","ast-hfb-above-header-display":"","ast-hfb-below-header-display":"","ast-hfb-mobile-header-display":"","site-post-title":"","ast-breadcrumbs-content":"","ast-featured-img":"","footer-sml-layout":"","ast-disable-related-posts":"","theme-transparent-header-meta":"default","adv-header-id-meta":"","stick-header-meta":"default","header-above-stick-meta":"","header-main-stick-meta":"","header-below-stick-meta":"","astra-migrate-meta-layouts":"default","ast-page-background-enabled":"default","ast-page-background-meta":{"desktop":{"background-color":"var(--ast-global-color-4)","background-image":"","background-repeat":"repeat","background-position":"center center","background-size":"auto","background-attachment":"scroll","background-type":"","background-media":"","overlay-type":"","overlay-color":"","overlay-opacity":"","overlay-gradient":""},"tablet":{"background-color":"","background-image":"","background-repeat":"repeat","background-position":"center center","background-size":"auto","background-attachment":"scroll","background-type":"","background-media":"","overlay-type":"","overlay-color":"","overlay-opacity":"","overlay-gradient":""},"mobile":{"background-color":"","background-image":"","background-repeat":"repeat","background-position":"center center","background-size":"auto","background-attachment":"scroll","background-type":"","background-media":"","overlay-type":"","overlay-color":"","overlay-opacity":"","overlay-gradient":""}},"ast-content-background-meta":{"desktop":{"background-color":"var(--ast-global-color-5)","background-image":"","background-repeat":"repeat","background-position":"center center","background-size":"auto","background-attachment":"scroll","background-type":"","background-media":"","overlay-type":"","overlay-color":"","overlay-opacity":"","overlay-gradient":""},"tablet":{"background-color":"var(--ast-global-color-5)","background-image":"","background-repeat":"repeat","background-position":"center center","background-size":"auto","background-attachment":"scroll","background-type":"","background-media":"","overlay-type":"","overlay-color":"","overlay-opacity":"","overlay-gradient":""},"mobile":{"background-color":"var(--ast-global-color-5)","background-image":"","background-repeat":"repeat","background-position":"center center","background-size":"auto","background-attachment":"scroll","background-type":"","background-media":"","overlay-type":"","overlay-color":"","overlay-opacity":"","overlay-gradient":""}}},"product_brand":[],"product_cat":[8654],"product_tag":[8655],"class_list":{"0":"post-39646","1":"product","2":"type-product","3":"status-publish","4":"has-post-thumbnail","6":"product_cat-armarios-personalizados","7":"product_tag-armario-de-quarto-infantil","8":"desktop-align-left","9":"tablet-align-left","10":"mobile-align-left","12":"first","13":"instock","14":"shipping-taxable","15":"product-type-simple"},"uagb_featured_image_src":{"full":["https:\/\/d12ipdv30ux650.cloudfront.net\/wp-content\/uploads\/2024\/08\/Childrens-Room-Cabinet-1.jpg",800,600,false],"thumbnail":["https:\/\/d12ipdv30ux650.cloudfront.net\/wp-content\/uploads\/2024\/08\/Childrens-Room-Cabinet-1-150x150.jpg",150,150,true],"medium":["https:\/\/d12ipdv30ux650.cloudfront.net\/wp-content\/uploads\/2024\/08\/Childrens-Room-Cabinet-1-300x225.jpg",300,225,true],"medium_large":["https:\/\/d12ipdv30ux650.cloudfront.net\/wp-content\/uploads\/2024\/08\/Childrens-Room-Cabinet-1-768x576.jpg",768,576,true],"large":["https:\/\/d12ipdv30ux650.cloudfront.net\/wp-content\/uploads\/2024\/08\/Childrens-Room-Cabinet-1.jpg",800,600,false],"1536x1536":["https:\/\/d12ipdv30ux650.cloudfront.net\/wp-content\/uploads\/2024\/08\/Childrens-Room-Cabinet-1.jpg",800,600,false],"2048x2048":["https:\/\/d12ipdv30ux650.cloudfront.net\/wp-content\/uploads\/2024\/08\/Childrens-Room-Cabinet-1.jpg",800,600,false],"woocommerce_thumbnail":["https:\/\/d12ipdv30ux650.cloudfront.net\/wp-content\/uploads\/2024\/08\/Childrens-Room-Cabinet-1-300x225.jpg",300,225,true],"woocommerce_single":["https:\/\/d12ipdv30ux650.cloudfront.net\/wp-content\/uploads\/2024\/08\/Childrens-Room-Cabinet-1-600x450.jpg",600,450,true],"woocommerce_gallery_thumbnail":["https:\/\/d12ipdv30ux650.cloudfront.net\/wp-content\/uploads\/2024\/08\/Childrens-Room-Cabinet-1-100x100.jpg",100,100,true]},"uagb_author_info":{"display_name":"katy","author_link":"https:\/\/asiandavinci.com\/pt-br\/author\/"},"uagb_comment_info":0,"uagb_excerpt":"Este arm\u00e1rio moderno para quarto infantil foi cuidadosamente projetado com uma abordagem de &#8220;layout unificado&#8221;, onde a cama, o guarda-roupa e a escrivaninha s\u00e3o colocados contra as paredes, deixando amplo espa\u00e7o no centro para as atividades do seu filho. Este design incentiva as crian\u00e7as a explorar seu ambiente livremente e gerenciar as tarefas di\u00e1rias de&hellip;","_links":{"self":[{"href":"https:\/\/asiandavinci.com\/pt-br\/wp-json\/wp\/v2\/product\/39646","targetHints":{"allow":["GET"]}}],"collection":[{"href":"https:\/\/asiandavinci.com\/pt-br\/wp-json\/wp\/v2\/product"}],"about":[{"href":"https:\/\/asiandavinci.com\/pt-br\/wp-json\/wp\/v2\/types\/product"}],"wp:featuredmedia":[{"embeddable":true,"href":"https:\/\/asiandavinci.com\/pt-br\/wp-json\/wp\/v2\/media\/36781"}],"wp:attachment":[{"href":"https:\/\/asiandavinci.com\/pt-br\/wp-json\/wp\/v2\/media?parent=39646"}],"wp:term":[{"taxonomy":"product_brand","embeddable":true,"href":"https:\/\/asiandavinci.com\/pt-br\/wp-json\/wp\/v2\/product_brand?post=39646"},{"taxonomy":"product_cat","embeddable":true,"href":"https:\/\/asiandavinci.com\/pt-br\/wp-json\/wp\/v2\/product_cat?post=39646"},{"taxonomy":"product_tag","embeddable":true,"href":"https:\/\/asiandavinci.com\/pt-br\/wp-json\/wp\/v2\/product_tag?post=39646"}],"curies":[{"name":"wp","href":"https:\/\/api.w.org\/{rel}","templated":true}]}}