{"id":39652,"date":"2024-08-31T14:34:01","date_gmt":"2024-08-31T06:34:01","guid":{"rendered":"https:\/\/asiandavinci.com\/product\/gabinete-de-estudo-1\/"},"modified":"2024-10-30T10:23:33","modified_gmt":"2024-10-30T02:23:33","slug":"gabinete-de-estudo-1","status":"publish","type":"product","link":"https:\/\/asiandavinci.com\/pt-br\/produto\/gabinete-de-estudo-1\/","title":{"rendered":"Gabinete de Estudo &#8211; 1"},"content":{"rendered":"<p>Este moderno arm\u00e1rio de estudo \u00e9 criado com foco em estilo e jovialidade, criando um espa\u00e7o de leitura elegante e refinado, repleto do charme da vida. O design minimalista combina perfeitamente a simplicidade com o conforto sofisticado, tornando o escrit\u00f3rio um retiro sereno e uma extens\u00e3o do seu escrit\u00f3rio. \u00c0 medida que os escrit\u00f3rios dom\u00e9sticos continuam a ganhar popularidade, este arm\u00e1rio integra a efici\u00eancia profissional com o calor e o estilo da vida dom\u00e9stica. <strong>Estilo:<\/strong> Moderno <strong>Tamanho\/Cor:<\/strong> Personaliz\u00e1vel de acordo com suas especifica\u00e7\u00f5es<strong> Ferragens: <\/strong>BLUM \/ Salice \/ Bastem \/ KUBO <strong>Material da base:<\/strong> Painel de part\u00edculas de madeira maci\u00e7a F4 Star importado <strong>Tratamento da superf\u00edcie da porta:<\/strong> PP \/ PET \/ UV \/ Painel de melamina <strong>Al\u00e7as: <\/strong>Tipo G \/ Tipo T \/ 18 mm de espessura LU \/ Polegar \/ Embutido \/ LEMA1  <\/p>\n","protected":false},"excerpt":{"rendered":"<p>Este moderno arm\u00e1rio de estudo \u00e9 criado com foco em estilo e jovialidade, criando um espa\u00e7o de leitura elegante e refinado, repleto do charme da vida. O design minimalista combina perfeitamente a simplicidade com o conforto sofisticado, tornando o escrit\u00f3rio um retiro sereno e uma extens\u00e3o do seu escrit\u00f3rio. \u00c0 medida que os escrit\u00f3rios dom\u00e9sticos [&hellip;]<\/p>\n","protected":false},"featured_media":36747,"template":"","meta":{"rank_math_lock_modified_date":false,"_uag_custom_page_level_css":"","site-sidebar-layout":"default","site-content-layout":"","ast-site-content-layout":"default","site-content-style":"default","site-sidebar-style":"default","ast-global-header-display":"","ast-banner-title-visibility":"","ast-main-header-display":"","ast-hfb-above-header-display":"","ast-hfb-below-header-display":"","ast-hfb-mobile-header-display":"","site-post-title":"","ast-breadcrumbs-content":"","ast-featured-img":"","footer-sml-layout":"","ast-disable-related-posts":"","theme-transparent-header-meta":"default","adv-header-id-meta":"","stick-header-meta":"default","header-above-stick-meta":"","header-main-stick-meta":"","header-below-stick-meta":"","astra-migrate-meta-layouts":"default","ast-page-background-enabled":"default","ast-page-background-meta":{"desktop":{"background-color":"var(--ast-global-color-4)","background-image":"","background-repeat":"repeat","background-position":"center center","background-size":"auto","background-attachment":"scroll","background-type":"","background-media":"","overlay-type":"","overlay-color":"","overlay-opacity":"","overlay-gradient":""},"tablet":{"background-color":"","background-image":"","background-repeat":"repeat","background-position":"center center","background-size":"auto","background-attachment":"scroll","background-type":"","background-media":"","overlay-type":"","overlay-color":"","overlay-opacity":"","overlay-gradient":""},"mobile":{"background-color":"","background-image":"","background-repeat":"repeat","background-position":"center center","background-size":"auto","background-attachment":"scroll","background-type":"","background-media":"","overlay-type":"","overlay-color":"","overlay-opacity":"","overlay-gradient":""}},"ast-content-background-meta":{"desktop":{"background-color":"var(--ast-global-color-5)","background-image":"","background-repeat":"repeat","background-position":"center center","background-size":"auto","background-attachment":"scroll","background-type":"","background-media":"","overlay-type":"","overlay-color":"","overlay-opacity":"","overlay-gradient":""},"tablet":{"background-color":"var(--ast-global-color-5)","background-image":"","background-repeat":"repeat","background-position":"center center","background-size":"auto","background-attachment":"scroll","background-type":"","background-media":"","overlay-type":"","overlay-color":"","overlay-opacity":"","overlay-gradient":""},"mobile":{"background-color":"var(--ast-global-color-5)","background-image":"","background-repeat":"repeat","background-position":"center center","background-size":"auto","background-attachment":"scroll","background-type":"","background-media":"","overlay-type":"","overlay-color":"","overlay-opacity":"","overlay-gradient":""}}},"product_brand":[],"product_cat":[8654],"product_tag":[8656],"class_list":{"0":"post-39652","1":"product","2":"type-product","3":"status-publish","4":"has-post-thumbnail","6":"product_cat-armarios-personalizados","7":"product_tag-gabinete-de-estudo","8":"desktop-align-left","9":"tablet-align-left","10":"mobile-align-left","12":"first","13":"instock","14":"shipping-taxable","15":"product-type-simple"},"uagb_featured_image_src":{"full":["https:\/\/d12ipdv30ux650.cloudfront.net\/wp-content\/uploads\/2024\/08\/Study-Cabinet-1.jpg",800,600,false],"thumbnail":["https:\/\/d12ipdv30ux650.cloudfront.net\/wp-content\/uploads\/2024\/08\/Study-Cabinet-1-150x150.jpg",150,150,true],"medium":["https:\/\/d12ipdv30ux650.cloudfront.net\/wp-content\/uploads\/2024\/08\/Study-Cabinet-1-300x225.jpg",300,225,true],"medium_large":["https:\/\/d12ipdv30ux650.cloudfront.net\/wp-content\/uploads\/2024\/08\/Study-Cabinet-1-768x576.jpg",768,576,true],"large":["https:\/\/d12ipdv30ux650.cloudfront.net\/wp-content\/uploads\/2024\/08\/Study-Cabinet-1.jpg",800,600,false],"1536x1536":["https:\/\/d12ipdv30ux650.cloudfront.net\/wp-content\/uploads\/2024\/08\/Study-Cabinet-1.jpg",800,600,false],"2048x2048":["https:\/\/d12ipdv30ux650.cloudfront.net\/wp-content\/uploads\/2024\/08\/Study-Cabinet-1.jpg",800,600,false],"woocommerce_thumbnail":["https:\/\/d12ipdv30ux650.cloudfront.net\/wp-content\/uploads\/2024\/08\/Study-Cabinet-1-300x225.jpg",300,225,true],"woocommerce_single":["https:\/\/d12ipdv30ux650.cloudfront.net\/wp-content\/uploads\/2024\/08\/Study-Cabinet-1-600x450.jpg",600,450,true],"woocommerce_gallery_thumbnail":["https:\/\/d12ipdv30ux650.cloudfront.net\/wp-content\/uploads\/2024\/08\/Study-Cabinet-1-100x100.jpg",100,100,true]},"uagb_author_info":{"display_name":"katy","author_link":"https:\/\/asiandavinci.com\/pt-br\/author\/"},"uagb_comment_info":0,"uagb_excerpt":"Este moderno arm\u00e1rio de estudo \u00e9 criado com foco em estilo e jovialidade, criando um espa\u00e7o de leitura elegante e refinado, repleto do charme da vida. O design minimalista combina perfeitamente a simplicidade com o conforto sofisticado, tornando o escrit\u00f3rio um retiro sereno e uma extens\u00e3o do seu escrit\u00f3rio. \u00c0 medida que os escrit\u00f3rios dom\u00e9sticos&hellip;","_links":{"self":[{"href":"https:\/\/asiandavinci.com\/pt-br\/wp-json\/wp\/v2\/product\/39652","targetHints":{"allow":["GET"]}}],"collection":[{"href":"https:\/\/asiandavinci.com\/pt-br\/wp-json\/wp\/v2\/product"}],"about":[{"href":"https:\/\/asiandavinci.com\/pt-br\/wp-json\/wp\/v2\/types\/product"}],"wp:featuredmedia":[{"embeddable":true,"href":"https:\/\/asiandavinci.com\/pt-br\/wp-json\/wp\/v2\/media\/36747"}],"wp:attachment":[{"href":"https:\/\/asiandavinci.com\/pt-br\/wp-json\/wp\/v2\/media?parent=39652"}],"wp:term":[{"taxonomy":"product_brand","embeddable":true,"href":"https:\/\/asiandavinci.com\/pt-br\/wp-json\/wp\/v2\/product_brand?post=39652"},{"taxonomy":"product_cat","embeddable":true,"href":"https:\/\/asiandavinci.com\/pt-br\/wp-json\/wp\/v2\/product_cat?post=39652"},{"taxonomy":"product_tag","embeddable":true,"href":"https:\/\/asiandavinci.com\/pt-br\/wp-json\/wp\/v2\/product_tag?post=39652"}],"curies":[{"name":"wp","href":"https:\/\/api.w.org\/{rel}","templated":true}]}}