{"id":39808,"date":"2024-08-30T16:08:16","date_gmt":"2024-08-30T08:08:16","guid":{"rendered":"https:\/\/asiandavinci.com\/product\/armario-de-cozinha-12\/"},"modified":"2024-08-30T16:08:16","modified_gmt":"2024-08-30T08:08:16","slug":"armario-de-cozinha-12","status":"publish","type":"product","link":"https:\/\/asiandavinci.com\/pt-br\/produto\/armario-de-cozinha-12\/","title":{"rendered":"Arm\u00e1rio de cozinha &#8211; 12"},"content":{"rendered":"<p>Este arm\u00e1rio de cozinha foi projetado para maximizar a efici\u00eancia em espa\u00e7os limitados, garantindo uma atmosfera natural e confort\u00e1vel. Independentemente do tamanho da cozinha, o foco est\u00e1 em criar um ambiente espa\u00e7oso e organizado que se integre perfeitamente aos eletrodom\u00e9sticos da cozinha, sem a necessidade de decora\u00e7\u00e3o elaborada. O estilo minimalista moderno apresenta novas possibilidades, apresentando formas geom\u00e9tricas e linhas suaves que enfatizam a qualidade e o design. O esquema de cores prim\u00e1rias de &#8220;preto, branco e cinza&#8221; \u00e9 acentuado com bom gosto com cores adicionais, proporcionando um apelo visual refrescante e inesperado. <strong>Estilo:<\/strong> Moderno <strong>Tamanho\/Cor: <\/strong>Personaliz\u00e1vel de acordo com suas especifica\u00e7\u00f5es<strong> Hardware:<\/strong> BLUM \/ Salice \/ Bastem \/ KUBO<strong> Material da base: <\/strong>Painel de part\u00edculas de madeira maci\u00e7a F4 Star importado <strong>Tratamento de superf\u00edcie da porta: <\/strong>PP \/ PET \/ UV \/ Painel de melamina<strong> Al\u00e7as: <\/strong>Tipo G \/ Tipo T \/ 18 mm de espessura LU \/ Polegar \/ Embutido \/ LEMA1   <\/p>\n","protected":false},"excerpt":{"rendered":"<p>Este arm\u00e1rio de cozinha foi projetado para maximizar a efici\u00eancia em espa\u00e7os limitados, garantindo uma atmosfera natural e confort\u00e1vel. Independentemente do tamanho da cozinha, o foco est\u00e1 em criar um ambiente espa\u00e7oso e organizado que se integre perfeitamente aos eletrodom\u00e9sticos da cozinha, sem a necessidade de decora\u00e7\u00e3o elaborada. O estilo minimalista moderno apresenta novas possibilidades, [&hellip;]<\/p>\n","protected":false},"featured_media":36184,"template":"","meta":{"rank_math_lock_modified_date":false,"_uag_custom_page_level_css":"","site-sidebar-layout":"default","site-content-layout":"","ast-site-content-layout":"default","site-content-style":"default","site-sidebar-style":"default","ast-global-header-display":"","ast-banner-title-visibility":"","ast-main-header-display":"","ast-hfb-above-header-display":"","ast-hfb-below-header-display":"","ast-hfb-mobile-header-display":"","site-post-title":"","ast-breadcrumbs-content":"","ast-featured-img":"","footer-sml-layout":"","ast-disable-related-posts":"","theme-transparent-header-meta":"default","adv-header-id-meta":"","stick-header-meta":"default","header-above-stick-meta":"","header-main-stick-meta":"","header-below-stick-meta":"","astra-migrate-meta-layouts":"default","ast-page-background-enabled":"default","ast-page-background-meta":{"desktop":{"background-color":"var(--ast-global-color-4)","background-image":"","background-repeat":"repeat","background-position":"center center","background-size":"auto","background-attachment":"scroll","background-type":"","background-media":"","overlay-type":"","overlay-color":"","overlay-opacity":"","overlay-gradient":""},"tablet":{"background-color":"","background-image":"","background-repeat":"repeat","background-position":"center center","background-size":"auto","background-attachment":"scroll","background-type":"","background-media":"","overlay-type":"","overlay-color":"","overlay-opacity":"","overlay-gradient":""},"mobile":{"background-color":"","background-image":"","background-repeat":"repeat","background-position":"center center","background-size":"auto","background-attachment":"scroll","background-type":"","background-media":"","overlay-type":"","overlay-color":"","overlay-opacity":"","overlay-gradient":""}},"ast-content-background-meta":{"desktop":{"background-color":"var(--ast-global-color-5)","background-image":"","background-repeat":"repeat","background-position":"center center","background-size":"auto","background-attachment":"scroll","background-type":"","background-media":"","overlay-type":"","overlay-color":"","overlay-opacity":"","overlay-gradient":""},"tablet":{"background-color":"var(--ast-global-color-5)","background-image":"","background-repeat":"repeat","background-position":"center center","background-size":"auto","background-attachment":"scroll","background-type":"","background-media":"","overlay-type":"","overlay-color":"","overlay-opacity":"","overlay-gradient":""},"mobile":{"background-color":"var(--ast-global-color-5)","background-image":"","background-repeat":"repeat","background-position":"center center","background-size":"auto","background-attachment":"scroll","background-type":"","background-media":"","overlay-type":"","overlay-color":"","overlay-opacity":"","overlay-gradient":""}}},"product_brand":[],"product_cat":[8654],"product_tag":[8662],"class_list":{"0":"post-39808","1":"product","2":"type-product","3":"status-publish","4":"has-post-thumbnail","6":"product_cat-armarios-personalizados","7":"product_tag-kitchen-cabinet-pt-br","8":"desktop-align-left","9":"tablet-align-left","10":"mobile-align-left","12":"first","13":"instock","14":"shipping-taxable","15":"product-type-simple"},"uagb_featured_image_src":{"full":["https:\/\/d12ipdv30ux650.cloudfront.net\/wp-content\/uploads\/2024\/08\/Kitchen-Cabinet-12.jpg",800,480,false],"thumbnail":["https:\/\/d12ipdv30ux650.cloudfront.net\/wp-content\/uploads\/2024\/08\/Kitchen-Cabinet-12-150x150.jpg",150,150,true],"medium":["https:\/\/d12ipdv30ux650.cloudfront.net\/wp-content\/uploads\/2024\/08\/Kitchen-Cabinet-12-300x180.jpg",300,180,true],"medium_large":["https:\/\/d12ipdv30ux650.cloudfront.net\/wp-content\/uploads\/2024\/08\/Kitchen-Cabinet-12-768x461.jpg",768,461,true],"large":["https:\/\/d12ipdv30ux650.cloudfront.net\/wp-content\/uploads\/2024\/08\/Kitchen-Cabinet-12.jpg",800,480,false],"1536x1536":["https:\/\/d12ipdv30ux650.cloudfront.net\/wp-content\/uploads\/2024\/08\/Kitchen-Cabinet-12.jpg",800,480,false],"2048x2048":["https:\/\/d12ipdv30ux650.cloudfront.net\/wp-content\/uploads\/2024\/08\/Kitchen-Cabinet-12.jpg",800,480,false],"woocommerce_thumbnail":["https:\/\/d12ipdv30ux650.cloudfront.net\/wp-content\/uploads\/2024\/08\/Kitchen-Cabinet-12-300x225.jpg",300,225,true],"woocommerce_single":["https:\/\/d12ipdv30ux650.cloudfront.net\/wp-content\/uploads\/2024\/08\/Kitchen-Cabinet-12-600x360.jpg",600,360,true],"woocommerce_gallery_thumbnail":["https:\/\/d12ipdv30ux650.cloudfront.net\/wp-content\/uploads\/2024\/08\/Kitchen-Cabinet-12-100x100.jpg",100,100,true]},"uagb_author_info":{"display_name":"katy","author_link":"https:\/\/asiandavinci.com\/pt-br\/author\/"},"uagb_comment_info":0,"uagb_excerpt":"Este arm\u00e1rio de cozinha foi projetado para maximizar a efici\u00eancia em espa\u00e7os limitados, garantindo uma atmosfera natural e confort\u00e1vel. Independentemente do tamanho da cozinha, o foco est\u00e1 em criar um ambiente espa\u00e7oso e organizado que se integre perfeitamente aos eletrodom\u00e9sticos da cozinha, sem a necessidade de decora\u00e7\u00e3o elaborada. O estilo minimalista moderno apresenta novas possibilidades,&hellip;","_links":{"self":[{"href":"https:\/\/asiandavinci.com\/pt-br\/wp-json\/wp\/v2\/product\/39808","targetHints":{"allow":["GET"]}}],"collection":[{"href":"https:\/\/asiandavinci.com\/pt-br\/wp-json\/wp\/v2\/product"}],"about":[{"href":"https:\/\/asiandavinci.com\/pt-br\/wp-json\/wp\/v2\/types\/product"}],"wp:featuredmedia":[{"embeddable":true,"href":"https:\/\/asiandavinci.com\/pt-br\/wp-json\/wp\/v2\/media\/36184"}],"wp:attachment":[{"href":"https:\/\/asiandavinci.com\/pt-br\/wp-json\/wp\/v2\/media?parent=39808"}],"wp:term":[{"taxonomy":"product_brand","embeddable":true,"href":"https:\/\/asiandavinci.com\/pt-br\/wp-json\/wp\/v2\/product_brand?post=39808"},{"taxonomy":"product_cat","embeddable":true,"href":"https:\/\/asiandavinci.com\/pt-br\/wp-json\/wp\/v2\/product_cat?post=39808"},{"taxonomy":"product_tag","embeddable":true,"href":"https:\/\/asiandavinci.com\/pt-br\/wp-json\/wp\/v2\/product_tag?post=39808"}],"curies":[{"name":"wp","href":"https:\/\/api.w.org\/{rel}","templated":true}]}}