{"id":39814,"date":"2024-08-30T15:53:38","date_gmt":"2024-08-30T07:53:38","guid":{"rendered":"https:\/\/asiandavinci.com\/product\/armario-de-guarda-roupa-21\/"},"modified":"2024-08-30T15:53:38","modified_gmt":"2024-08-30T07:53:38","slug":"armario-de-guarda-roupa-21","status":"publish","type":"product","link":"https:\/\/asiandavinci.com\/pt-br\/produto\/armario-de-guarda-roupa-21\/","title":{"rendered":"Arm\u00e1rio de guarda-roupa &#8211; 21"},"content":{"rendered":"<p>Um arm\u00e1rio de guarda-roupa \u00e9 um indicador-chave de um estilo de vida de qualidade, refletindo as muitas facetas da vida cotidiana. Este design traz a ess\u00eancia do luxo moderno \u00e0 vida por meio do uso de materiais ricos, cores elegantes e m\u00f3veis estofados cuidadosamente selecionados. A integra\u00e7\u00e3o de elementos de vidro e metal expande o espa\u00e7o visual e aprimora o jogo de luz e sombra, criando uma eleg\u00e2ncia cativante que ressoa profundamente. Esta abordagem elegante e luxuosa transforma o guarda-roupa em um recurso de destaque do espa\u00e7o. <strong>Estilo: <\/strong>Moderno <strong>Tamanho\/cor: <\/strong>Personaliz\u00e1vel de acordo com suas especifica\u00e7\u00f5es <strong>Ferragens: <\/strong>BLUM \/ Salice \/ Bastem \/ KUBO <strong>Material da base: <\/strong>Painel de part\u00edculas de madeira maci\u00e7a F4 Star importado <strong>Tratamento de superf\u00edcie da porta: <\/strong>PP \/ PET \/ UV \/ Painel de melamina <strong>Al\u00e7as: <\/strong>Tipo G \/ Tipo T \/ 18 mm de espessura LU \/ Polegar \/ Embutido \/ LEMA1   <\/p>\n","protected":false},"excerpt":{"rendered":"<p>Um arm\u00e1rio de guarda-roupa \u00e9 um indicador-chave de um estilo de vida de qualidade, refletindo as muitas facetas da vida cotidiana. Este design traz a ess\u00eancia do luxo moderno \u00e0 vida por meio do uso de materiais ricos, cores elegantes e m\u00f3veis estofados cuidadosamente selecionados. A integra\u00e7\u00e3o de elementos de vidro e metal expande o [&hellip;]<\/p>\n","protected":false},"featured_media":36156,"template":"","meta":{"rank_math_lock_modified_date":false,"_uag_custom_page_level_css":"","site-sidebar-layout":"default","site-content-layout":"","ast-site-content-layout":"default","site-content-style":"default","site-sidebar-style":"default","ast-global-header-display":"","ast-banner-title-visibility":"","ast-main-header-display":"","ast-hfb-above-header-display":"","ast-hfb-below-header-display":"","ast-hfb-mobile-header-display":"","site-post-title":"","ast-breadcrumbs-content":"","ast-featured-img":"","footer-sml-layout":"","ast-disable-related-posts":"","theme-transparent-header-meta":"default","adv-header-id-meta":"","stick-header-meta":"default","header-above-stick-meta":"","header-main-stick-meta":"","header-below-stick-meta":"","astra-migrate-meta-layouts":"default","ast-page-background-enabled":"default","ast-page-background-meta":{"desktop":{"background-color":"var(--ast-global-color-4)","background-image":"","background-repeat":"repeat","background-position":"center center","background-size":"auto","background-attachment":"scroll","background-type":"","background-media":"","overlay-type":"","overlay-color":"","overlay-opacity":"","overlay-gradient":""},"tablet":{"background-color":"","background-image":"","background-repeat":"repeat","background-position":"center center","background-size":"auto","background-attachment":"scroll","background-type":"","background-media":"","overlay-type":"","overlay-color":"","overlay-opacity":"","overlay-gradient":""},"mobile":{"background-color":"","background-image":"","background-repeat":"repeat","background-position":"center center","background-size":"auto","background-attachment":"scroll","background-type":"","background-media":"","overlay-type":"","overlay-color":"","overlay-opacity":"","overlay-gradient":""}},"ast-content-background-meta":{"desktop":{"background-color":"var(--ast-global-color-5)","background-image":"","background-repeat":"repeat","background-position":"center center","background-size":"auto","background-attachment":"scroll","background-type":"","background-media":"","overlay-type":"","overlay-color":"","overlay-opacity":"","overlay-gradient":""},"tablet":{"background-color":"var(--ast-global-color-5)","background-image":"","background-repeat":"repeat","background-position":"center center","background-size":"auto","background-attachment":"scroll","background-type":"","background-media":"","overlay-type":"","overlay-color":"","overlay-opacity":"","overlay-gradient":""},"mobile":{"background-color":"var(--ast-global-color-5)","background-image":"","background-repeat":"repeat","background-position":"center center","background-size":"auto","background-attachment":"scroll","background-type":"","background-media":"","overlay-type":"","overlay-color":"","overlay-opacity":"","overlay-gradient":""}}},"product_brand":[],"product_cat":[8654],"product_tag":[8661],"class_list":{"0":"post-39814","1":"product","2":"type-product","3":"status-publish","4":"has-post-thumbnail","6":"product_cat-armarios-personalizados","7":"product_tag-armario-de-guarda-roupa","8":"desktop-align-left","9":"tablet-align-left","10":"mobile-align-left","12":"first","13":"instock","14":"shipping-taxable","15":"product-type-simple"},"uagb_featured_image_src":{"full":["https:\/\/d12ipdv30ux650.cloudfront.net\/wp-content\/uploads\/2024\/08\/Wardrobe-Cabinet-21.jpg",1600,800,false],"thumbnail":["https:\/\/d12ipdv30ux650.cloudfront.net\/wp-content\/uploads\/2024\/08\/Wardrobe-Cabinet-21-150x150.jpg",150,150,true],"medium":["https:\/\/d12ipdv30ux650.cloudfront.net\/wp-content\/uploads\/2024\/08\/Wardrobe-Cabinet-21-300x150.jpg",300,150,true],"medium_large":["https:\/\/d12ipdv30ux650.cloudfront.net\/wp-content\/uploads\/2024\/08\/Wardrobe-Cabinet-21-768x384.jpg",768,384,true],"large":["https:\/\/d12ipdv30ux650.cloudfront.net\/wp-content\/uploads\/2024\/08\/Wardrobe-Cabinet-21-1024x512.jpg",1024,512,true],"1536x1536":["https:\/\/d12ipdv30ux650.cloudfront.net\/wp-content\/uploads\/2024\/08\/Wardrobe-Cabinet-21-1536x768.jpg",1536,768,true],"2048x2048":["https:\/\/d12ipdv30ux650.cloudfront.net\/wp-content\/uploads\/2024\/08\/Wardrobe-Cabinet-21.jpg",1600,800,false],"woocommerce_thumbnail":["https:\/\/d12ipdv30ux650.cloudfront.net\/wp-content\/uploads\/2024\/08\/Wardrobe-Cabinet-21-300x225.jpg",300,225,true],"woocommerce_single":["https:\/\/d12ipdv30ux650.cloudfront.net\/wp-content\/uploads\/2024\/08\/Wardrobe-Cabinet-21-600x300.jpg",600,300,true],"woocommerce_gallery_thumbnail":["https:\/\/d12ipdv30ux650.cloudfront.net\/wp-content\/uploads\/2024\/08\/Wardrobe-Cabinet-21-100x100.jpg",100,100,true]},"uagb_author_info":{"display_name":"Spring","author_link":"https:\/\/asiandavinci.com\/pt-br\/author\/"},"uagb_comment_info":0,"uagb_excerpt":"Um arm\u00e1rio de guarda-roupa \u00e9 um indicador-chave de um estilo de vida de qualidade, refletindo as muitas facetas da vida cotidiana. Este design traz a ess\u00eancia do luxo moderno \u00e0 vida por meio do uso de materiais ricos, cores elegantes e m\u00f3veis estofados cuidadosamente selecionados. A integra\u00e7\u00e3o de elementos de vidro e metal expande o&hellip;","_links":{"self":[{"href":"https:\/\/asiandavinci.com\/pt-br\/wp-json\/wp\/v2\/product\/39814","targetHints":{"allow":["GET"]}}],"collection":[{"href":"https:\/\/asiandavinci.com\/pt-br\/wp-json\/wp\/v2\/product"}],"about":[{"href":"https:\/\/asiandavinci.com\/pt-br\/wp-json\/wp\/v2\/types\/product"}],"wp:featuredmedia":[{"embeddable":true,"href":"https:\/\/asiandavinci.com\/pt-br\/wp-json\/wp\/v2\/media\/36156"}],"wp:attachment":[{"href":"https:\/\/asiandavinci.com\/pt-br\/wp-json\/wp\/v2\/media?parent=39814"}],"wp:term":[{"taxonomy":"product_brand","embeddable":true,"href":"https:\/\/asiandavinci.com\/pt-br\/wp-json\/wp\/v2\/product_brand?post=39814"},{"taxonomy":"product_cat","embeddable":true,"href":"https:\/\/asiandavinci.com\/pt-br\/wp-json\/wp\/v2\/product_cat?post=39814"},{"taxonomy":"product_tag","embeddable":true,"href":"https:\/\/asiandavinci.com\/pt-br\/wp-json\/wp\/v2\/product_tag?post=39814"}],"curies":[{"name":"wp","href":"https:\/\/api.w.org\/{rel}","templated":true}]}}