{"id":39884,"date":"2024-08-30T14:43:32","date_gmt":"2024-08-30T06:43:32","guid":{"rendered":"https:\/\/asiandavinci.com\/product\/armario-closet-33\/"},"modified":"2024-08-30T14:43:32","modified_gmt":"2024-08-30T06:43:32","slug":"armario-closet-33","status":"publish","type":"product","link":"https:\/\/asiandavinci.com\/pt-br\/produto\/armario-closet-33\/","title":{"rendered":"Arm\u00e1rio Closet &#8211; 33"},"content":{"rendered":"<p>Um arm\u00e1rio walk-in closet \u00e9 um marcador-chave de um estilo de vida refinado, incorporando as diversas express\u00f5es da vida cotidiana. Este design captura artisticamente a ess\u00eancia do luxo moderno por meio do uso especializado de materiais, cores e m\u00f3veis macios. A incorpora\u00e7\u00e3o estrat\u00e9gica de elementos de vidro e metal aumenta a profundidade visual e a harmonia, criando uma intera\u00e7\u00e3o elegante de luz e sombra. Esta abordagem refinada torna a moda e o luxo os pontos focais do espa\u00e7o. <strong>Estilo:<\/strong> Moderno <strong>Tamanho\/Cor: <\/strong>Personaliz\u00e1vel de acordo com suas especifica\u00e7\u00f5es <strong>Ferragens:<\/strong> BLUM \/ Salice \/ Bastem \/ KUBO <strong>Material da base: <\/strong>Painel de part\u00edculas de madeira maci\u00e7a F4 Star importado <strong>Tratamento de superf\u00edcie da porta: <\/strong>PP \/ PET \/ UV \/ Painel de melamina <strong>Al\u00e7as: <\/strong>Tipo G \/ Tipo T \/ 18 mm de espessura LU \/ Polegar \/ Embutido \/ LEMA1   <\/p>\n","protected":false},"excerpt":{"rendered":"<p>Um arm\u00e1rio walk-in closet \u00e9 um marcador-chave de um estilo de vida refinado, incorporando as diversas express\u00f5es da vida cotidiana. Este design captura artisticamente a ess\u00eancia do luxo moderno por meio do uso especializado de materiais, cores e m\u00f3veis macios. A incorpora\u00e7\u00e3o estrat\u00e9gica de elementos de vidro e metal aumenta a profundidade visual e a [&hellip;]<\/p>\n","protected":false},"featured_media":36038,"template":"","meta":{"rank_math_lock_modified_date":false,"_uag_custom_page_level_css":"","site-sidebar-layout":"default","site-content-layout":"","ast-site-content-layout":"default","site-content-style":"default","site-sidebar-style":"default","ast-global-header-display":"","ast-banner-title-visibility":"","ast-main-header-display":"","ast-hfb-above-header-display":"","ast-hfb-below-header-display":"","ast-hfb-mobile-header-display":"","site-post-title":"","ast-breadcrumbs-content":"","ast-featured-img":"","footer-sml-layout":"","ast-disable-related-posts":"","theme-transparent-header-meta":"default","adv-header-id-meta":"","stick-header-meta":"default","header-above-stick-meta":"","header-main-stick-meta":"","header-below-stick-meta":"","astra-migrate-meta-layouts":"default","ast-page-background-enabled":"default","ast-page-background-meta":{"desktop":{"background-color":"var(--ast-global-color-4)","background-image":"","background-repeat":"repeat","background-position":"center center","background-size":"auto","background-attachment":"scroll","background-type":"","background-media":"","overlay-type":"","overlay-color":"","overlay-opacity":"","overlay-gradient":""},"tablet":{"background-color":"","background-image":"","background-repeat":"repeat","background-position":"center center","background-size":"auto","background-attachment":"scroll","background-type":"","background-media":"","overlay-type":"","overlay-color":"","overlay-opacity":"","overlay-gradient":""},"mobile":{"background-color":"","background-image":"","background-repeat":"repeat","background-position":"center center","background-size":"auto","background-attachment":"scroll","background-type":"","background-media":"","overlay-type":"","overlay-color":"","overlay-opacity":"","overlay-gradient":""}},"ast-content-background-meta":{"desktop":{"background-color":"var(--ast-global-color-5)","background-image":"","background-repeat":"repeat","background-position":"center center","background-size":"auto","background-attachment":"scroll","background-type":"","background-media":"","overlay-type":"","overlay-color":"","overlay-opacity":"","overlay-gradient":""},"tablet":{"background-color":"var(--ast-global-color-5)","background-image":"","background-repeat":"repeat","background-position":"center center","background-size":"auto","background-attachment":"scroll","background-type":"","background-media":"","overlay-type":"","overlay-color":"","overlay-opacity":"","overlay-gradient":""},"mobile":{"background-color":"var(--ast-global-color-5)","background-image":"","background-repeat":"repeat","background-position":"center center","background-size":"auto","background-attachment":"scroll","background-type":"","background-media":"","overlay-type":"","overlay-color":"","overlay-opacity":"","overlay-gradient":""}}},"product_brand":[],"product_cat":[8654],"product_tag":[8663],"class_list":{"0":"post-39884","1":"product","2":"type-product","3":"status-publish","4":"has-post-thumbnail","6":"product_cat-armarios-personalizados","7":"product_tag-armario-de-closet","8":"desktop-align-left","9":"tablet-align-left","10":"mobile-align-left","12":"first","13":"instock","14":"shipping-taxable","15":"product-type-simple"},"uagb_featured_image_src":{"full":["https:\/\/d12ipdv30ux650.cloudfront.net\/wp-content\/uploads\/2024\/08\/Walk-in-Closet-Cabinet-33.jpg",1600,1000,false],"thumbnail":["https:\/\/d12ipdv30ux650.cloudfront.net\/wp-content\/uploads\/2024\/08\/Walk-in-Closet-Cabinet-33-150x150.jpg",150,150,true],"medium":["https:\/\/d12ipdv30ux650.cloudfront.net\/wp-content\/uploads\/2024\/08\/Walk-in-Closet-Cabinet-33-300x188.jpg",300,188,true],"medium_large":["https:\/\/d12ipdv30ux650.cloudfront.net\/wp-content\/uploads\/2024\/08\/Walk-in-Closet-Cabinet-33-768x480.jpg",768,480,true],"large":["https:\/\/d12ipdv30ux650.cloudfront.net\/wp-content\/uploads\/2024\/08\/Walk-in-Closet-Cabinet-33-1024x640.jpg",1024,640,true],"1536x1536":["https:\/\/d12ipdv30ux650.cloudfront.net\/wp-content\/uploads\/2024\/08\/Walk-in-Closet-Cabinet-33-1536x960.jpg",1536,960,true],"2048x2048":["https:\/\/d12ipdv30ux650.cloudfront.net\/wp-content\/uploads\/2024\/08\/Walk-in-Closet-Cabinet-33.jpg",1600,1000,false],"woocommerce_thumbnail":["https:\/\/d12ipdv30ux650.cloudfront.net\/wp-content\/uploads\/2024\/08\/Walk-in-Closet-Cabinet-33-300x225.jpg",300,225,true],"woocommerce_single":["https:\/\/d12ipdv30ux650.cloudfront.net\/wp-content\/uploads\/2024\/08\/Walk-in-Closet-Cabinet-33-600x375.jpg",600,375,true],"woocommerce_gallery_thumbnail":["https:\/\/d12ipdv30ux650.cloudfront.net\/wp-content\/uploads\/2024\/08\/Walk-in-Closet-Cabinet-33-100x100.jpg",100,100,true]},"uagb_author_info":{"display_name":"Spring","author_link":"https:\/\/asiandavinci.com\/pt-br\/author\/"},"uagb_comment_info":0,"uagb_excerpt":"Um arm\u00e1rio walk-in closet \u00e9 um marcador-chave de um estilo de vida refinado, incorporando as diversas express\u00f5es da vida cotidiana. Este design captura artisticamente a ess\u00eancia do luxo moderno por meio do uso especializado de materiais, cores e m\u00f3veis macios. A incorpora\u00e7\u00e3o estrat\u00e9gica de elementos de vidro e metal aumenta a profundidade visual e a&hellip;","_links":{"self":[{"href":"https:\/\/asiandavinci.com\/pt-br\/wp-json\/wp\/v2\/product\/39884","targetHints":{"allow":["GET"]}}],"collection":[{"href":"https:\/\/asiandavinci.com\/pt-br\/wp-json\/wp\/v2\/product"}],"about":[{"href":"https:\/\/asiandavinci.com\/pt-br\/wp-json\/wp\/v2\/types\/product"}],"wp:featuredmedia":[{"embeddable":true,"href":"https:\/\/asiandavinci.com\/pt-br\/wp-json\/wp\/v2\/media\/36038"}],"wp:attachment":[{"href":"https:\/\/asiandavinci.com\/pt-br\/wp-json\/wp\/v2\/media?parent=39884"}],"wp:term":[{"taxonomy":"product_brand","embeddable":true,"href":"https:\/\/asiandavinci.com\/pt-br\/wp-json\/wp\/v2\/product_brand?post=39884"},{"taxonomy":"product_cat","embeddable":true,"href":"https:\/\/asiandavinci.com\/pt-br\/wp-json\/wp\/v2\/product_cat?post=39884"},{"taxonomy":"product_tag","embeddable":true,"href":"https:\/\/asiandavinci.com\/pt-br\/wp-json\/wp\/v2\/product_tag?post=39884"}],"curies":[{"name":"wp","href":"https:\/\/api.w.org\/{rel}","templated":true}]}}