{"id":39936,"date":"2024-08-30T11:44:15","date_gmt":"2024-08-30T03:44:15","guid":{"rendered":"https:\/\/asiandavinci.com\/product\/armario-de-sala-de-jantar-10\/"},"modified":"2024-08-30T11:44:15","modified_gmt":"2024-08-30T03:44:15","slug":"armario-de-sala-de-jantar-10","status":"publish","type":"product","link":"https:\/\/asiandavinci.com\/pt-br\/produto\/armario-de-sala-de-jantar-10\/","title":{"rendered":"Arm\u00e1rio de Sala de Jantar &#8211; 10"},"content":{"rendered":"<p>Conforto e relaxamento s\u00e3o essenciais para uma experi\u00eancia gastron\u00f4mica perfeita. Este moderno arm\u00e1rio de sala de jantar foi projetado com uma paleta de cores claras como foco principal, ajudando a expandir visualmente o espa\u00e7o e a criar uma atmosfera clara e arejada, livre de qualquer sensa\u00e7\u00e3o de confinamento. No entanto, confiar apenas em cores claras pode desfocar as camadas do ambiente, ent\u00e3o tons mais escuros s\u00e3o cuidadosamente introduzidos em \u00e1reas selecionadas para adicionar contraste e clareza. Este uso cuidadoso da cor garante que os tons claros realmente realcem o espa\u00e7o, tornando-o espa\u00e7oso e visualmente envolvente. <strong>Estilo: <\/strong>Moderno <strong>Tamanho\/Cor:<\/strong> Personaliz\u00e1vel de acordo com suas prefer\u00eancias <strong>Ferragens: <\/strong>BLUM \/ Salice \/ Bastem \/ KUBO <strong>Material da base: <\/strong>Painel de part\u00edculas de madeira maci\u00e7a F4 Star importado <strong>Tratamento de superf\u00edcie da porta: <\/strong>PP \/ PET \/ UV \/ Painel de melamina <strong>Al\u00e7as: <\/strong>Tipo G \/ Tipo T \/ 18 mm de espessura LU \/ Polegar \/ Embutido \/ LEMA1   <\/p>\n","protected":false},"excerpt":{"rendered":"<p>Conforto e relaxamento s\u00e3o essenciais para uma experi\u00eancia gastron\u00f4mica perfeita. Este moderno arm\u00e1rio de sala de jantar foi projetado com uma paleta de cores claras como foco principal, ajudando a expandir visualmente o espa\u00e7o e a criar uma atmosfera clara e arejada, livre de qualquer sensa\u00e7\u00e3o de confinamento. No entanto, confiar apenas em cores claras [&hellip;]<\/p>\n","protected":false},"featured_media":35959,"template":"","meta":{"rank_math_lock_modified_date":false,"_uag_custom_page_level_css":"","site-sidebar-layout":"default","site-content-layout":"","ast-site-content-layout":"default","site-content-style":"default","site-sidebar-style":"default","ast-global-header-display":"","ast-banner-title-visibility":"","ast-main-header-display":"","ast-hfb-above-header-display":"","ast-hfb-below-header-display":"","ast-hfb-mobile-header-display":"","site-post-title":"","ast-breadcrumbs-content":"","ast-featured-img":"","footer-sml-layout":"","ast-disable-related-posts":"","theme-transparent-header-meta":"default","adv-header-id-meta":"","stick-header-meta":"default","header-above-stick-meta":"","header-main-stick-meta":"","header-below-stick-meta":"","astra-migrate-meta-layouts":"default","ast-page-background-enabled":"default","ast-page-background-meta":{"desktop":{"background-color":"var(--ast-global-color-4)","background-image":"","background-repeat":"repeat","background-position":"center center","background-size":"auto","background-attachment":"scroll","background-type":"","background-media":"","overlay-type":"","overlay-color":"","overlay-opacity":"","overlay-gradient":""},"tablet":{"background-color":"","background-image":"","background-repeat":"repeat","background-position":"center center","background-size":"auto","background-attachment":"scroll","background-type":"","background-media":"","overlay-type":"","overlay-color":"","overlay-opacity":"","overlay-gradient":""},"mobile":{"background-color":"","background-image":"","background-repeat":"repeat","background-position":"center center","background-size":"auto","background-attachment":"scroll","background-type":"","background-media":"","overlay-type":"","overlay-color":"","overlay-opacity":"","overlay-gradient":""}},"ast-content-background-meta":{"desktop":{"background-color":"var(--ast-global-color-5)","background-image":"","background-repeat":"repeat","background-position":"center center","background-size":"auto","background-attachment":"scroll","background-type":"","background-media":"","overlay-type":"","overlay-color":"","overlay-opacity":"","overlay-gradient":""},"tablet":{"background-color":"var(--ast-global-color-5)","background-image":"","background-repeat":"repeat","background-position":"center center","background-size":"auto","background-attachment":"scroll","background-type":"","background-media":"","overlay-type":"","overlay-color":"","overlay-opacity":"","overlay-gradient":""},"mobile":{"background-color":"var(--ast-global-color-5)","background-image":"","background-repeat":"repeat","background-position":"center center","background-size":"auto","background-attachment":"scroll","background-type":"","background-media":"","overlay-type":"","overlay-color":"","overlay-opacity":"","overlay-gradient":""}}},"product_brand":[],"product_cat":[8654],"product_tag":[8664],"class_list":{"0":"post-39936","1":"product","2":"type-product","3":"status-publish","4":"has-post-thumbnail","6":"product_cat-armarios-personalizados","7":"product_tag-armario-de-sala-de-jantar","8":"desktop-align-left","9":"tablet-align-left","10":"mobile-align-left","12":"first","13":"instock","14":"shipping-taxable","15":"product-type-simple"},"uagb_featured_image_src":{"full":["https:\/\/d12ipdv30ux650.cloudfront.net\/wp-content\/uploads\/2024\/08\/Dining-Room-Cabinet-10.jpg",800,445,false],"thumbnail":["https:\/\/d12ipdv30ux650.cloudfront.net\/wp-content\/uploads\/2024\/08\/Dining-Room-Cabinet-10-150x150.jpg",150,150,true],"medium":["https:\/\/d12ipdv30ux650.cloudfront.net\/wp-content\/uploads\/2024\/08\/Dining-Room-Cabinet-10-300x167.jpg",300,167,true],"medium_large":["https:\/\/d12ipdv30ux650.cloudfront.net\/wp-content\/uploads\/2024\/08\/Dining-Room-Cabinet-10-768x427.jpg",768,427,true],"large":["https:\/\/d12ipdv30ux650.cloudfront.net\/wp-content\/uploads\/2024\/08\/Dining-Room-Cabinet-10.jpg",800,445,false],"1536x1536":["https:\/\/d12ipdv30ux650.cloudfront.net\/wp-content\/uploads\/2024\/08\/Dining-Room-Cabinet-10.jpg",800,445,false],"2048x2048":["https:\/\/d12ipdv30ux650.cloudfront.net\/wp-content\/uploads\/2024\/08\/Dining-Room-Cabinet-10.jpg",800,445,false],"woocommerce_thumbnail":["https:\/\/d12ipdv30ux650.cloudfront.net\/wp-content\/uploads\/2024\/08\/Dining-Room-Cabinet-10-300x225.jpg",300,225,true],"woocommerce_single":["https:\/\/d12ipdv30ux650.cloudfront.net\/wp-content\/uploads\/2024\/08\/Dining-Room-Cabinet-10-600x334.jpg",600,334,true],"woocommerce_gallery_thumbnail":["https:\/\/d12ipdv30ux650.cloudfront.net\/wp-content\/uploads\/2024\/08\/Dining-Room-Cabinet-10-100x100.jpg",100,100,true]},"uagb_author_info":{"display_name":"katy","author_link":"https:\/\/asiandavinci.com\/pt-br\/author\/"},"uagb_comment_info":0,"uagb_excerpt":"Conforto e relaxamento s\u00e3o essenciais para uma experi\u00eancia gastron\u00f4mica perfeita. Este moderno arm\u00e1rio de sala de jantar foi projetado com uma paleta de cores claras como foco principal, ajudando a expandir visualmente o espa\u00e7o e a criar uma atmosfera clara e arejada, livre de qualquer sensa\u00e7\u00e3o de confinamento. No entanto, confiar apenas em cores claras&hellip;","_links":{"self":[{"href":"https:\/\/asiandavinci.com\/pt-br\/wp-json\/wp\/v2\/product\/39936","targetHints":{"allow":["GET"]}}],"collection":[{"href":"https:\/\/asiandavinci.com\/pt-br\/wp-json\/wp\/v2\/product"}],"about":[{"href":"https:\/\/asiandavinci.com\/pt-br\/wp-json\/wp\/v2\/types\/product"}],"wp:featuredmedia":[{"embeddable":true,"href":"https:\/\/asiandavinci.com\/pt-br\/wp-json\/wp\/v2\/media\/35959"}],"wp:attachment":[{"href":"https:\/\/asiandavinci.com\/pt-br\/wp-json\/wp\/v2\/media?parent=39936"}],"wp:term":[{"taxonomy":"product_brand","embeddable":true,"href":"https:\/\/asiandavinci.com\/pt-br\/wp-json\/wp\/v2\/product_brand?post=39936"},{"taxonomy":"product_cat","embeddable":true,"href":"https:\/\/asiandavinci.com\/pt-br\/wp-json\/wp\/v2\/product_cat?post=39936"},{"taxonomy":"product_tag","embeddable":true,"href":"https:\/\/asiandavinci.com\/pt-br\/wp-json\/wp\/v2\/product_tag?post=39936"}],"curies":[{"name":"wp","href":"https:\/\/api.w.org\/{rel}","templated":true}]}}