{"id":39941,"date":"2024-08-30T11:12:07","date_gmt":"2024-08-30T03:12:07","guid":{"rendered":"https:\/\/asiandavinci.com\/product\/armario-tatami-14\/"},"modified":"2024-08-30T11:12:07","modified_gmt":"2024-08-30T03:12:07","slug":"armario-tatami-14","status":"publish","type":"product","link":"https:\/\/asiandavinci.com\/pt-br\/produto\/armario-tatami-14\/","title":{"rendered":"Arm\u00e1rio Tatami &#8211; 14"},"content":{"rendered":"<p>Incorporar um design de arm\u00e1rio de tatame no quarto cria uma atmosfera relaxada e casual. A plataforma elevada integra-se perfeitamente com uma cama grande, aproveitando ao m\u00e1ximo os pequenos espa\u00e7os e proporcionando amplo armazenamento.<strong> Estilo:<\/strong> Moderno <strong>Tamanho\/Cor:<\/strong> Personaliz\u00e1vel de acordo com suas necessidades <strong>Ferragens: <\/strong>BLUM \/ Salice \/ Bastem \/ KUBO <strong>Material da base: <\/strong>Painel de part\u00edculas de madeira maci\u00e7a F4 Star importado <strong>Tratamento de superf\u00edcie da porta:<\/strong> PP \/ PET \/ UV \/ Painel de melamina<strong> Al\u00e7as: <\/strong>Tipo G \/ Tipo T \/ 18 mm de espessura LU \/ Polegar \/ Embutido \/ LEMA1 <\/p>\n","protected":false},"excerpt":{"rendered":"<p>Incorporar um design de arm\u00e1rio de tatame no quarto cria uma atmosfera relaxada e casual. A plataforma elevada integra-se perfeitamente com uma cama grande, aproveitando ao m\u00e1ximo os pequenos espa\u00e7os e proporcionando amplo armazenamento. Estilo: Moderno Tamanho\/Cor: Personaliz\u00e1vel de acordo com suas necessidades Ferragens: BLUM \/ Salice \/ Bastem \/ KUBO Material da base: Painel [&hellip;]<\/p>\n","protected":false},"featured_media":35930,"template":"","meta":{"rank_math_lock_modified_date":false,"_uag_custom_page_level_css":"","site-sidebar-layout":"default","site-content-layout":"","ast-site-content-layout":"default","site-content-style":"default","site-sidebar-style":"default","ast-global-header-display":"","ast-banner-title-visibility":"","ast-main-header-display":"","ast-hfb-above-header-display":"","ast-hfb-below-header-display":"","ast-hfb-mobile-header-display":"","site-post-title":"","ast-breadcrumbs-content":"","ast-featured-img":"","footer-sml-layout":"","ast-disable-related-posts":"","theme-transparent-header-meta":"default","adv-header-id-meta":"","stick-header-meta":"default","header-above-stick-meta":"","header-main-stick-meta":"","header-below-stick-meta":"","astra-migrate-meta-layouts":"default","ast-page-background-enabled":"default","ast-page-background-meta":{"desktop":{"background-color":"var(--ast-global-color-4)","background-image":"","background-repeat":"repeat","background-position":"center center","background-size":"auto","background-attachment":"scroll","background-type":"","background-media":"","overlay-type":"","overlay-color":"","overlay-opacity":"","overlay-gradient":""},"tablet":{"background-color":"","background-image":"","background-repeat":"repeat","background-position":"center center","background-size":"auto","background-attachment":"scroll","background-type":"","background-media":"","overlay-type":"","overlay-color":"","overlay-opacity":"","overlay-gradient":""},"mobile":{"background-color":"","background-image":"","background-repeat":"repeat","background-position":"center center","background-size":"auto","background-attachment":"scroll","background-type":"","background-media":"","overlay-type":"","overlay-color":"","overlay-opacity":"","overlay-gradient":""}},"ast-content-background-meta":{"desktop":{"background-color":"var(--ast-global-color-5)","background-image":"","background-repeat":"repeat","background-position":"center center","background-size":"auto","background-attachment":"scroll","background-type":"","background-media":"","overlay-type":"","overlay-color":"","overlay-opacity":"","overlay-gradient":""},"tablet":{"background-color":"var(--ast-global-color-5)","background-image":"","background-repeat":"repeat","background-position":"center center","background-size":"auto","background-attachment":"scroll","background-type":"","background-media":"","overlay-type":"","overlay-color":"","overlay-opacity":"","overlay-gradient":""},"mobile":{"background-color":"var(--ast-global-color-5)","background-image":"","background-repeat":"repeat","background-position":"center center","background-size":"auto","background-attachment":"scroll","background-type":"","background-media":"","overlay-type":"","overlay-color":"","overlay-opacity":"","overlay-gradient":""}}},"product_brand":[],"product_cat":[8654,123],"product_tag":[8665],"class_list":{"0":"post-39941","1":"product","2":"type-product","3":"status-publish","4":"has-post-thumbnail","6":"product_cat-armarios-personalizados","7":"product_cat-teto-de-aluminio","8":"product_tag-gabinete-tatami","9":"desktop-align-left","10":"tablet-align-left","11":"mobile-align-left","13":"first","14":"instock","15":"shipping-taxable","16":"product-type-simple"},"uagb_featured_image_src":{"full":["https:\/\/d12ipdv30ux650.cloudfront.net\/wp-content\/uploads\/2024\/08\/Tatami-Cabinet-14.jpg",1600,1200,false],"thumbnail":["https:\/\/d12ipdv30ux650.cloudfront.net\/wp-content\/uploads\/2024\/08\/Tatami-Cabinet-14-150x150.jpg",150,150,true],"medium":["https:\/\/d12ipdv30ux650.cloudfront.net\/wp-content\/uploads\/2024\/08\/Tatami-Cabinet-14-300x225.jpg",300,225,true],"medium_large":["https:\/\/d12ipdv30ux650.cloudfront.net\/wp-content\/uploads\/2024\/08\/Tatami-Cabinet-14-768x576.jpg",768,576,true],"large":["https:\/\/d12ipdv30ux650.cloudfront.net\/wp-content\/uploads\/2024\/08\/Tatami-Cabinet-14-1024x768.jpg",1024,768,true],"1536x1536":["https:\/\/d12ipdv30ux650.cloudfront.net\/wp-content\/uploads\/2024\/08\/Tatami-Cabinet-14-1536x1152.jpg",1536,1152,true],"2048x2048":["https:\/\/d12ipdv30ux650.cloudfront.net\/wp-content\/uploads\/2024\/08\/Tatami-Cabinet-14.jpg",1600,1200,false],"woocommerce_thumbnail":["https:\/\/d12ipdv30ux650.cloudfront.net\/wp-content\/uploads\/2024\/08\/Tatami-Cabinet-14-300x225.jpg",300,225,true],"woocommerce_single":["https:\/\/d12ipdv30ux650.cloudfront.net\/wp-content\/uploads\/2024\/08\/Tatami-Cabinet-14-600x450.jpg",600,450,true],"woocommerce_gallery_thumbnail":["https:\/\/d12ipdv30ux650.cloudfront.net\/wp-content\/uploads\/2024\/08\/Tatami-Cabinet-14-100x100.jpg",100,100,true]},"uagb_author_info":{"display_name":"Spring","author_link":"https:\/\/asiandavinci.com\/pt-br\/author\/"},"uagb_comment_info":0,"uagb_excerpt":"Incorporar um design de arm\u00e1rio de tatame no quarto cria uma atmosfera relaxada e casual. A plataforma elevada integra-se perfeitamente com uma cama grande, aproveitando ao m\u00e1ximo os pequenos espa\u00e7os e proporcionando amplo armazenamento. Estilo: Moderno Tamanho\/Cor: Personaliz\u00e1vel de acordo com suas necessidades Ferragens: BLUM \/ Salice \/ Bastem \/ KUBO Material da base: Painel&hellip;","_links":{"self":[{"href":"https:\/\/asiandavinci.com\/pt-br\/wp-json\/wp\/v2\/product\/39941","targetHints":{"allow":["GET"]}}],"collection":[{"href":"https:\/\/asiandavinci.com\/pt-br\/wp-json\/wp\/v2\/product"}],"about":[{"href":"https:\/\/asiandavinci.com\/pt-br\/wp-json\/wp\/v2\/types\/product"}],"wp:featuredmedia":[{"embeddable":true,"href":"https:\/\/asiandavinci.com\/pt-br\/wp-json\/wp\/v2\/media\/35930"}],"wp:attachment":[{"href":"https:\/\/asiandavinci.com\/pt-br\/wp-json\/wp\/v2\/media?parent=39941"}],"wp:term":[{"taxonomy":"product_brand","embeddable":true,"href":"https:\/\/asiandavinci.com\/pt-br\/wp-json\/wp\/v2\/product_brand?post=39941"},{"taxonomy":"product_cat","embeddable":true,"href":"https:\/\/asiandavinci.com\/pt-br\/wp-json\/wp\/v2\/product_cat?post=39941"},{"taxonomy":"product_tag","embeddable":true,"href":"https:\/\/asiandavinci.com\/pt-br\/wp-json\/wp\/v2\/product_tag?post=39941"}],"curies":[{"name":"wp","href":"https:\/\/api.w.org\/{rel}","templated":true}]}}