{"id":40037,"date":"2024-08-30T10:28:58","date_gmt":"2024-08-30T02:28:58","guid":{"rendered":"https:\/\/asiandavinci.com\/product\/armario-de-sala-21\/"},"modified":"2024-11-02T16:58:39","modified_gmt":"2024-11-02T08:58:39","slug":"armario-de-sala-21","status":"publish","type":"product","link":"https:\/\/asiandavinci.com\/pt-br\/produto\/armario-de-sala-21\/","title":{"rendered":"Arm\u00e1rio de Sala &#8211; 21"},"content":{"rendered":"<p>O arm\u00e1rio da sala de estar \u00e9 o ponto focal do design da casa, com cada detalhe meticulosamente trabalhado para alcan\u00e7ar uma est\u00e9tica poderosa e, ao mesmo tempo, proporcionar um ambiente confort\u00e1vel, moderno e sofisticado.<\/p>\n<p><strong>Estilo: <\/strong>Moderno<br \/>\n<strong>Tamanho\/Cor: <\/strong>Personaliz\u00e1vel de acordo com suas especifica\u00e7\u00f5es<br \/>\n<strong>Hardware:<\/strong> BLUM \/ Salice \/ Bastem \/ KUBO<br \/>\n<strong>Material base:<\/strong>Painel de part\u00edculas de madeira maci\u00e7a importado F4 Star<br \/>\n<strong>Tratamento de superf\u00edcie da porta: <\/strong>PP \/ PET \/ UV \/ Melamine Board<br \/>\n<strong>Al\u00e7as: <\/strong>Tipo G \/ Tipo T \/ LU de 18 mm de espessura \/ Polegar \/ Embutido \/ LEMA1<\/p>\n","protected":false},"excerpt":{"rendered":"<p>O arm\u00e1rio da sala de estar \u00e9 o ponto focal do design da casa, com cada detalhe meticulosamente trabalhado para alcan\u00e7ar uma est\u00e9tica poderosa e, ao mesmo tempo, proporcionar um ambiente confort\u00e1vel, moderno e sofisticado. Estilo: Moderno Tamanho\/Cor: Personaliz\u00e1vel de acordo com suas especifica\u00e7\u00f5es Hardware: BLUM \/ Salice \/ Bastem \/ KUBO Material base:Painel de [&hellip;]<\/p>\n","protected":false},"featured_media":35913,"template":"","meta":{"rank_math_lock_modified_date":false,"_uag_custom_page_level_css":"","site-sidebar-layout":"default","site-content-layout":"","ast-site-content-layout":"default","site-content-style":"default","site-sidebar-style":"default","ast-global-header-display":"","ast-banner-title-visibility":"","ast-main-header-display":"","ast-hfb-above-header-display":"","ast-hfb-below-header-display":"","ast-hfb-mobile-header-display":"","site-post-title":"","ast-breadcrumbs-content":"","ast-featured-img":"","footer-sml-layout":"","ast-disable-related-posts":"","theme-transparent-header-meta":"default","adv-header-id-meta":"","stick-header-meta":"default","header-above-stick-meta":"","header-main-stick-meta":"","header-below-stick-meta":"","astra-migrate-meta-layouts":"default","ast-page-background-enabled":"default","ast-page-background-meta":{"desktop":{"background-color":"var(--ast-global-color-4)","background-image":"","background-repeat":"repeat","background-position":"center center","background-size":"auto","background-attachment":"scroll","background-type":"","background-media":"","overlay-type":"","overlay-color":"","overlay-opacity":"","overlay-gradient":""},"tablet":{"background-color":"","background-image":"","background-repeat":"repeat","background-position":"center center","background-size":"auto","background-attachment":"scroll","background-type":"","background-media":"","overlay-type":"","overlay-color":"","overlay-opacity":"","overlay-gradient":""},"mobile":{"background-color":"","background-image":"","background-repeat":"repeat","background-position":"center center","background-size":"auto","background-attachment":"scroll","background-type":"","background-media":"","overlay-type":"","overlay-color":"","overlay-opacity":"","overlay-gradient":""}},"ast-content-background-meta":{"desktop":{"background-color":"var(--ast-global-color-5)","background-image":"","background-repeat":"repeat","background-position":"center center","background-size":"auto","background-attachment":"scroll","background-type":"","background-media":"","overlay-type":"","overlay-color":"","overlay-opacity":"","overlay-gradient":""},"tablet":{"background-color":"var(--ast-global-color-5)","background-image":"","background-repeat":"repeat","background-position":"center center","background-size":"auto","background-attachment":"scroll","background-type":"","background-media":"","overlay-type":"","overlay-color":"","overlay-opacity":"","overlay-gradient":""},"mobile":{"background-color":"var(--ast-global-color-5)","background-image":"","background-repeat":"repeat","background-position":"center center","background-size":"auto","background-attachment":"scroll","background-type":"","background-media":"","overlay-type":"","overlay-color":"","overlay-opacity":"","overlay-gradient":""}}},"product_brand":[],"product_cat":[8654],"product_tag":[8666],"class_list":{"0":"post-40037","1":"product","2":"type-product","3":"status-publish","4":"has-post-thumbnail","6":"product_cat-armarios-personalizados","7":"product_tag-armario-de-sala-21","8":"desktop-align-left","9":"tablet-align-left","10":"mobile-align-left","12":"first","13":"instock","14":"shipping-taxable","15":"product-type-simple"},"uagb_featured_image_src":{"full":["https:\/\/d12ipdv30ux650.cloudfront.net\/wp-content\/uploads\/2024\/08\/Living-Room-Cabinet-21.jpg",1600,1200,false],"thumbnail":["https:\/\/d12ipdv30ux650.cloudfront.net\/wp-content\/uploads\/2024\/08\/Living-Room-Cabinet-21-150x150.jpg",150,150,true],"medium":["https:\/\/d12ipdv30ux650.cloudfront.net\/wp-content\/uploads\/2024\/08\/Living-Room-Cabinet-21-300x225.jpg",300,225,true],"medium_large":["https:\/\/d12ipdv30ux650.cloudfront.net\/wp-content\/uploads\/2024\/08\/Living-Room-Cabinet-21-768x576.jpg",768,576,true],"large":["https:\/\/d12ipdv30ux650.cloudfront.net\/wp-content\/uploads\/2024\/08\/Living-Room-Cabinet-21-1024x768.jpg",1024,768,true],"1536x1536":["https:\/\/d12ipdv30ux650.cloudfront.net\/wp-content\/uploads\/2024\/08\/Living-Room-Cabinet-21-1536x1152.jpg",1536,1152,true],"2048x2048":["https:\/\/d12ipdv30ux650.cloudfront.net\/wp-content\/uploads\/2024\/08\/Living-Room-Cabinet-21.jpg",1600,1200,false],"woocommerce_thumbnail":["https:\/\/d12ipdv30ux650.cloudfront.net\/wp-content\/uploads\/2024\/08\/Living-Room-Cabinet-21-300x225.jpg",300,225,true],"woocommerce_single":["https:\/\/d12ipdv30ux650.cloudfront.net\/wp-content\/uploads\/2024\/08\/Living-Room-Cabinet-21-600x450.jpg",600,450,true],"woocommerce_gallery_thumbnail":["https:\/\/d12ipdv30ux650.cloudfront.net\/wp-content\/uploads\/2024\/08\/Living-Room-Cabinet-21-100x100.jpg",100,100,true]},"uagb_author_info":{"display_name":"peace","author_link":"https:\/\/asiandavinci.com\/pt-br\/author\/"},"uagb_comment_info":0,"uagb_excerpt":"O arm\u00e1rio da sala de estar \u00e9 o ponto focal do design da casa, com cada detalhe meticulosamente trabalhado para alcan\u00e7ar uma est\u00e9tica poderosa e, ao mesmo tempo, proporcionar um ambiente confort\u00e1vel, moderno e sofisticado. Estilo: Moderno Tamanho\/Cor: Personaliz\u00e1vel de acordo com suas especifica\u00e7\u00f5es Hardware: BLUM \/ Salice \/ Bastem \/ KUBO Material base:Painel de&hellip;","_links":{"self":[{"href":"https:\/\/asiandavinci.com\/pt-br\/wp-json\/wp\/v2\/product\/40037","targetHints":{"allow":["GET"]}}],"collection":[{"href":"https:\/\/asiandavinci.com\/pt-br\/wp-json\/wp\/v2\/product"}],"about":[{"href":"https:\/\/asiandavinci.com\/pt-br\/wp-json\/wp\/v2\/types\/product"}],"wp:featuredmedia":[{"embeddable":true,"href":"https:\/\/asiandavinci.com\/pt-br\/wp-json\/wp\/v2\/media\/35913"}],"wp:attachment":[{"href":"https:\/\/asiandavinci.com\/pt-br\/wp-json\/wp\/v2\/media?parent=40037"}],"wp:term":[{"taxonomy":"product_brand","embeddable":true,"href":"https:\/\/asiandavinci.com\/pt-br\/wp-json\/wp\/v2\/product_brand?post=40037"},{"taxonomy":"product_cat","embeddable":true,"href":"https:\/\/asiandavinci.com\/pt-br\/wp-json\/wp\/v2\/product_cat?post=40037"},{"taxonomy":"product_tag","embeddable":true,"href":"https:\/\/asiandavinci.com\/pt-br\/wp-json\/wp\/v2\/product_tag?post=40037"}],"curies":[{"name":"wp","href":"https:\/\/api.w.org\/{rel}","templated":true}]}}